{"id":1885,"date":"2018-01-28T21:42:30","date_gmt":"2018-01-28T21:42:30","guid":{"rendered":"http:\/\/armonianaturaldietshop.com\/product\/amino-x-bsn-aminoacidos-solubles-efervescentes-30-servicios\/"},"modified":"2026-01-21T14:38:17","modified_gmt":"2026-01-21T14:38:17","slug":"amino-x-aminoacidos","status":"publish","type":"product","link":"https:\/\/armonianaturaldietshop.com\/en\/product\/amino-x-aminoacidos\/","title":{"rendered":"Amino X  BSN Amino\u00e1cidos  30 Servicios"},"content":{"rendered":"<h1 style=\"text-align: center;\"><span style=\"color: #ff0000;\"><span style=\"font-family: 'arial black', sans-serif;\">AMINO X BSN 30<\/span> SERVICIOS<\/span><\/h1>\n<p>&nbsp;<\/p>\n<p><span style=\"font-size: 14pt;\"><span style=\"color: #ff0000;\"><strong>AMINO X<\/strong><\/span> de <span style=\"color: #ff0000;\"><em><strong>BSN<\/strong><\/em> <\/span>es un producto a base de amino\u00e1cidos ramificados a los que se les ha a\u00f1adido alanina, taurina y citrulina. Adem\u00e1s, la f\u00f3rmula de <span style=\"color: #ff0000;\"><strong>AMINO X<\/strong><\/span> proporciona ingredientes destinados a producir mejoras en la resistencia muscular como el \u00e1cido c\u00edtrico, el bicarbonato s\u00f3dico o el \u00e1cido m\u00e1lico.<\/span><\/p>\n<p>&nbsp;<\/p>\n<p>&nbsp;<\/p>\n<p><span style=\"font-size: 14pt;\">Gracias a su formato en polvo, <span style=\"color: #ff0000;\"><strong>AMINO X<\/strong><\/span> es perfecto para cualquier momento del d\u00eda, especialmente durante el entrenamiento, siendo una opci\u00f3n refrescante y deliciosa para combatir el catabolismo y mejorar la resistencia muscular.<\/span><\/p>\n<p>&nbsp;<\/p>\n<h3><span style=\"color: #ff0000; font-size: 14pt;\"><em>AMINO X. Caracter\u00edsticas principales:<\/em><\/span><\/h3>\n<p>&nbsp;<\/p>\n<ul class=\"product-list-unordened\">\n<li><span style=\"font-size: 14pt;\">10 gramos de amino\u00e1cidos por dosis*.<\/span><\/li>\n<li><span style=\"font-size: 14pt;\">Con amino\u00e1cidos ramificados.<\/span><\/li>\n<li><span style=\"font-size: 14pt;\">Menos de 1 g de carbohidratos por servicio.<\/span><\/li>\n<li><span style=\"font-size: 14pt;\">Sin az\u00facares.<\/span><\/li>\n<li><span style=\"font-size: 14pt;\">Enriquecido en Vitamina D (125% del Valor Diario).<\/span><\/li>\n<li><span style=\"font-size: 14pt;\">Sin Cafe\u00edna.<\/span><\/li>\n<li><span style=\"font-size: 14pt;\">Con \u00c1cido C\u00edtrico, \u00c1cido M\u00e1lico y Bicarbonato S\u00f3dico.<\/span><\/li>\n<li><span style=\"font-size: 14pt;\">Efervescente.<\/span><\/li>\n<li><span style=\"font-size: 14pt;\">435 gramos por envase (30 dosis).<\/span><\/li>\n<\/ul>\n<p>&nbsp;<\/p>\n<p><span style=\"font-size: 14pt; color: #0000ff;\"><em>Dosis: 14,5 gramos. La informaci\u00f3n nutricional puede variar ligeramente dependiendo del sabor.<\/em><\/span><\/p>\n<p>&nbsp;<\/p>\n<p>&nbsp;<\/p>\n<p>&nbsp;<\/p>\n<p><span style=\"font-size: 14pt;\">La f\u00f3rmula de <span style=\"color: #ff0000;\"><strong>AMINO X<\/strong><\/span> est\u00e1 compuesta principalmente por una mezcla de amino\u00e1cidos solubles:<\/span><\/p>\n<p>&nbsp;<\/p>\n<div style=\"margin-left: 20px;\">\n<p><span style=\"font-size: 14pt;\"><em><span style=\"text-decoration: underline;\">BCAAs micronizados:<\/span><\/em> amino\u00e1cidos esenciales con gran capacidad anticatab\u00f3lica.<\/span><\/p>\n<p>&nbsp;<\/p>\n<p><span style=\"font-size: 14pt;\"><em><span style=\"text-decoration: underline;\">L-alanina:<\/span><\/em> amino\u00e1cido no esencial, pero con gran capacidad de formar glucosa contribuyendo a frenar el catabolismo y combatir la hipoglucemia.<\/span><\/p>\n<\/div>\n<p>&nbsp;<\/p>\n<div style=\"margin-left: 20px;\">\n<p><span style=\"font-size: 14pt;\"><em><span style=\"text-decoration: underline;\">Taurina micronizada:<\/span><\/em> contribuye al volumen celular e interviene en la transmisi\u00f3n del impulso nervioso. Su consumo se relaciona con la prevenci\u00f3n de lesiones y el aumento de la masa muscular.<\/span><\/p>\n<p>&nbsp;<\/p>\n<p><span style=\"font-size: 14pt;\"><em><span style=\"text-decoration: underline;\">L-citrulina:<\/span><\/em> su consumo puede mejorar la recuperaci\u00f3n entre esfuerzos, reduce el dolor muscular producido por el ejercicio (agujetas) y mejora el rendimiento reduciendo la fatiga.<\/span><\/p>\n<\/div>\n<p>&nbsp;<\/p>\n<p><span style=\"font-size: 14pt;\">Adem\u00e1s, la f\u00f3rmula <em>Effosorb\u2122 EnDura Composite<\/em> proporciona compuestos que combaten la fatiga como el \u00e1cido c\u00edtrico, \u00e1cido m\u00e1lico o el bicarbonato s\u00f3dico, que neutralizan la acidez y mejoran la resistencia muscular.<\/span><\/p>\n<p>&nbsp;<\/p>\n<p>&nbsp;<\/p>\n<p><span style=\"font-size: 14pt;\">La vitamina D es una vitamina implicada en la funci\u00f3n muscular con un alto \u00edndice de carencia en las personas deportistas. La suplementaci\u00f3n en deportistas con d\u00e9ficit de vitamina D puede mejorar el rendimiento y reducir el dolor muscular.<\/span><\/p>\n<p>&nbsp;<\/p>\n<p><strong><span style=\"color: #ff0000; font-size: 14pt;\">AMINO X. Objetivos principales:<\/span><\/strong><\/p>\n<p><span style=\"font-size: 12pt; color: #3366ff;\">1)Desarrollo muscular.<\/span><\/p>\n<p><span style=\"font-size: 12pt; color: #3366ff;\">2)Mejora del entrenamiento.<\/span><\/p>\n<p><span style=\"color: #3366ff;\"><span style=\"font-size: 10pt;\">2.1<\/span> <span style=\"font-size: 12pt;\">Entrenamientos m\u00e1s intensos.<\/span><\/span><\/p>\n<p><span style=\"color: #3366ff;\"><span style=\"font-size: 10pt;\">2.2<\/span> <span style=\"font-size: 12pt;\">Combatir la fatiga.<\/span><\/span><\/p>\n<p><span style=\"color: #3366ff;\"><span style=\"font-size: 10pt;\"><span style=\"font-size: 12pt;\">3)<\/span><\/span><span style=\"font-size: 12pt;\">Recuperaci\u00f3n y mantenimiento muscular.<\/span><\/span><\/p>\n<p>&nbsp;<\/p>\n<p><strong><span style=\"color: #ff0000; font-size: 14pt;\">\u00bfQui\u00e9n puede beneficiarse de AMINO X?<\/span><\/strong><\/p>\n<p><span style=\"font-size: 12pt;\">*<span style=\"color: #ff0000;\">AMINO X<\/span> est\u00e1 dise\u00f1ado para deportistas y personas activas que deseen incrementar su rendimiento f\u00edsico o aumentar masa muscular.<\/span><\/p>\n<p><span style=\"font-size: 12pt;\">*<span style=\"color: #ff0000;\">AMINO X<\/span> es especialmente interesante para deportistas de resistencia o practicantes de fitness con alto nivel e intensidad, que busquen prevenir el catabolismo, proteger la masa muscular y potenciar la recuperaci\u00f3n posterior.<\/span><\/p>\n<p>&nbsp;<\/p>\n<div class=\"wrapp-info\" style=\"color: #454545; font-family: 'Archivo Narrow', Helvetica, Arial, sans-serif; font-size: 13px; line-height: 16px; text-align: justify; background-color: #fcfcfc;\"><\/div>\n","protected":false},"excerpt":{"rendered":"<p>AMINO X (435g)de BSN es un producto a base de amino\u00e1cidos ramificados a los que se les ha a\u00f1adido alanina, taurina y citrulina. Adem\u00e1s, la f\u00f3rmula de AMINO X proporciona ingredientes destinados a producir mejoras en la resistencia muscular como el \u00e1cido c\u00edtrico, el bicarbonato s\u00f3dico o el \u00e1cido m\u00e1lico.<\/p>\n<p>Gracias a su formato en polvo, AMINO X es perfecto para cualquier momento del d\u00eda, especialmente durante el entrenamiento, siendo una opci\u00f3n refrescante y deliciosa para combatir el catabolismo y mejorar la resistencia muscular.<\/p>\n","protected":false},"featured_media":3217,"comment_status":"open","ping_status":"closed","template":"","meta":[],"product_cat":[43,29],"product_tag":[],"acf":[],"yoast_head":"<!-- This site is optimized with the Yoast SEO plugin v18.5.1 - https:\/\/yoast.com\/wordpress\/plugins\/seo\/ -->\n<title>Amino X BSN Amino\u00e1cidos 30 Servicios - Armonia Natural Diet Shop<\/title>\n<meta name=\"description\" content=\"AMINO X est\u00e1 dise\u00f1ado para deportistas y personas activas que deseen incrementar su rendimiento f\u00edsico o aumentar masa muscular, prevenir el catabolismo.\" \/>\n<meta name=\"robots\" content=\"index, follow, max-snippet:-1, max-image-preview:large, max-video-preview:-1\" \/>\n<link rel=\"canonical\" href=\"https:\/\/armonianaturaldietshop.com\/product\/amino-x-aminoacidos\/\" \/>\n<meta property=\"og:locale\" content=\"en_US\" \/>\n<meta property=\"og:type\" content=\"article\" \/>\n<meta property=\"og:title\" content=\"Amino X BSN Amino\u00e1cidos 30 Servicios - Armonia Natural Diet Shop\" \/>\n<meta property=\"og:description\" content=\"AMINO X est\u00e1 dise\u00f1ado para deportistas y personas activas que deseen incrementar su rendimiento f\u00edsico o aumentar masa muscular, prevenir el catabolismo.\" \/>\n<meta property=\"og:url\" content=\"https:\/\/armonianaturaldietshop.com\/product\/amino-x-aminoacidos\/\" \/>\n<meta property=\"og:site_name\" content=\"Armonia Natural Diet Shop\" \/>\n<meta property=\"article:publisher\" content=\"https:\/\/www.facebook.com\/ArmoniaNaturalDietShop\/\" \/>\n<meta property=\"article:modified_time\" content=\"2026-01-21T14:38:17+00:00\" \/>\n<meta property=\"og:image\" content=\"https:\/\/armonianaturaldietshop.com\/wp-content\/uploads\/2018\/01\/aminox_bsn.png\" \/>\n\t<meta property=\"og:image:width\" content=\"1000\" \/>\n\t<meta property=\"og:image:height\" content=\"1066\" \/>\n\t<meta property=\"og:image:type\" content=\"image\/png\" \/>\n<meta name=\"twitter:card\" content=\"summary_large_image\" \/>\n<meta name=\"twitter:label1\" content=\"Est. reading time\" \/>\n\t<meta name=\"twitter:data1\" content=\"2 minutes\" \/>\n<script type=\"application\/ld+json\" class=\"yoast-schema-graph\">{\"@context\":\"https:\/\/schema.org\",\"@graph\":[{\"@type\":\"Organization\",\"@id\":\"https:\/\/armonianaturaldietshop.com\/#organization\",\"name\":\"Armonia Natural Diet Shop\",\"url\":\"https:\/\/armonianaturaldietshop.com\/\",\"sameAs\":[\"https:\/\/www.facebook.com\/ArmoniaNaturalDietShop\/\",\"https:\/\/www.instagram.com\/armonia.natural\/?hl=en\"],\"logo\":{\"@type\":\"ImageObject\",\"@id\":\"https:\/\/armonianaturaldietshop.com\/#logo\",\"inLanguage\":\"en-US\",\"url\":\"https:\/\/armonianaturaldietshop.com\/wp-content\/uploads\/2018\/01\/top-banner-1.png\",\"contentUrl\":\"https:\/\/armonianaturaldietshop.com\/wp-content\/uploads\/2018\/01\/top-banner-1.png\",\"width\":369,\"height\":116,\"caption\":\"Armonia Natural Diet Shop\"},\"image\":{\"@id\":\"https:\/\/armonianaturaldietshop.com\/#logo\"}},{\"@type\":\"WebSite\",\"@id\":\"https:\/\/armonianaturaldietshop.com\/#website\",\"url\":\"https:\/\/armonianaturaldietshop.com\/\",\"name\":\"Armonia Natural Diet Shop\",\"description\":\"Otro sitio realizado con WordPress\",\"publisher\":{\"@id\":\"https:\/\/armonianaturaldietshop.com\/#organization\"},\"potentialAction\":[{\"@type\":\"SearchAction\",\"target\":{\"@type\":\"EntryPoint\",\"urlTemplate\":\"https:\/\/armonianaturaldietshop.com\/?s={search_term_string}\"},\"query-input\":\"required name=search_term_string\"}],\"inLanguage\":\"en-US\"},{\"@type\":\"ImageObject\",\"@id\":\"https:\/\/armonianaturaldietshop.com\/product\/amino-x-aminoacidos\/#primaryimage\",\"inLanguage\":\"en-US\",\"url\":\"https:\/\/armonianaturaldietshop.com\/wp-content\/uploads\/2018\/01\/aminox_bsn.png\",\"contentUrl\":\"https:\/\/armonianaturaldietshop.com\/wp-content\/uploads\/2018\/01\/aminox_bsn.png\",\"width\":1000,\"height\":1066,\"caption\":\"amino x bsn\"},{\"@type\":\"WebPage\",\"@id\":\"https:\/\/armonianaturaldietshop.com\/product\/amino-x-aminoacidos\/#webpage\",\"url\":\"https:\/\/armonianaturaldietshop.com\/product\/amino-x-aminoacidos\/\",\"name\":\"Amino X BSN Amino\u00e1cidos 30 Servicios - Armonia Natural Diet Shop\",\"isPartOf\":{\"@id\":\"https:\/\/armonianaturaldietshop.com\/#website\"},\"primaryImageOfPage\":{\"@id\":\"https:\/\/armonianaturaldietshop.com\/product\/amino-x-aminoacidos\/#primaryimage\"},\"datePublished\":\"2018-01-28T21:42:30+00:00\",\"dateModified\":\"2026-01-21T14:38:17+00:00\",\"description\":\"AMINO X est\u00e1 dise\u00f1ado para deportistas y personas activas que deseen incrementar su rendimiento f\u00edsico o aumentar masa muscular, prevenir el catabolismo.\",\"breadcrumb\":{\"@id\":\"https:\/\/armonianaturaldietshop.com\/product\/amino-x-aminoacidos\/#breadcrumb\"},\"inLanguage\":\"en-US\",\"potentialAction\":[{\"@type\":\"ReadAction\",\"target\":[\"https:\/\/armonianaturaldietshop.com\/product\/amino-x-aminoacidos\/\"]}]},{\"@type\":\"BreadcrumbList\",\"@id\":\"https:\/\/armonianaturaldietshop.com\/product\/amino-x-aminoacidos\/#breadcrumb\",\"itemListElement\":[{\"@type\":\"ListItem\",\"position\":1,\"name\":\"Home\",\"item\":\"https:\/\/armonianaturaldietshop.com\/en\/\"},{\"@type\":\"ListItem\",\"position\":2,\"name\":\"Shop\",\"item\":\"https:\/\/armonianaturaldietshop.com\/en\/shop\/\"},{\"@type\":\"ListItem\",\"position\":3,\"name\":\"Amino X BSN Amino\u00e1cidos 30 Servicios\"}]}]}<\/script>\n<!-- \/ Yoast SEO plugin. -->","yoast_head_json":{"title":"Amino X BSN Amino\u00e1cidos 30 Servicios - Armonia Natural Diet Shop","description":"AMINO X est\u00e1 dise\u00f1ado para deportistas y personas activas que deseen incrementar su rendimiento f\u00edsico o aumentar masa muscular, prevenir el catabolismo.","robots":{"index":"index","follow":"follow","max-snippet":"max-snippet:-1","max-image-preview":"max-image-preview:large","max-video-preview":"max-video-preview:-1"},"canonical":"https:\/\/armonianaturaldietshop.com\/product\/amino-x-aminoacidos\/","og_locale":"en_US","og_type":"article","og_title":"Amino X BSN Amino\u00e1cidos 30 Servicios - Armonia Natural Diet Shop","og_description":"AMINO X est\u00e1 dise\u00f1ado para deportistas y personas activas que deseen incrementar su rendimiento f\u00edsico o aumentar masa muscular, prevenir el catabolismo.","og_url":"https:\/\/armonianaturaldietshop.com\/product\/amino-x-aminoacidos\/","og_site_name":"Armonia Natural Diet Shop","article_publisher":"https:\/\/www.facebook.com\/ArmoniaNaturalDietShop\/","article_modified_time":"2026-01-21T14:38:17+00:00","og_image":[{"width":1000,"height":1066,"url":"https:\/\/armonianaturaldietshop.com\/wp-content\/uploads\/2018\/01\/aminox_bsn.png","type":"image\/png"}],"twitter_card":"summary_large_image","twitter_misc":{"Est. reading time":"2 minutes"},"schema":{"@context":"https:\/\/schema.org","@graph":[{"@type":"Organization","@id":"https:\/\/armonianaturaldietshop.com\/#organization","name":"Armonia Natural Diet Shop","url":"https:\/\/armonianaturaldietshop.com\/","sameAs":["https:\/\/www.facebook.com\/ArmoniaNaturalDietShop\/","https:\/\/www.instagram.com\/armonia.natural\/?hl=en"],"logo":{"@type":"ImageObject","@id":"https:\/\/armonianaturaldietshop.com\/#logo","inLanguage":"en-US","url":"https:\/\/armonianaturaldietshop.com\/wp-content\/uploads\/2018\/01\/top-banner-1.png","contentUrl":"https:\/\/armonianaturaldietshop.com\/wp-content\/uploads\/2018\/01\/top-banner-1.png","width":369,"height":116,"caption":"Armonia Natural Diet Shop"},"image":{"@id":"https:\/\/armonianaturaldietshop.com\/#logo"}},{"@type":"WebSite","@id":"https:\/\/armonianaturaldietshop.com\/#website","url":"https:\/\/armonianaturaldietshop.com\/","name":"Armonia Natural Diet Shop","description":"Otro sitio realizado con WordPress","publisher":{"@id":"https:\/\/armonianaturaldietshop.com\/#organization"},"potentialAction":[{"@type":"SearchAction","target":{"@type":"EntryPoint","urlTemplate":"https:\/\/armonianaturaldietshop.com\/?s={search_term_string}"},"query-input":"required name=search_term_string"}],"inLanguage":"en-US"},{"@type":"ImageObject","@id":"https:\/\/armonianaturaldietshop.com\/product\/amino-x-aminoacidos\/#primaryimage","inLanguage":"en-US","url":"https:\/\/armonianaturaldietshop.com\/wp-content\/uploads\/2018\/01\/aminox_bsn.png","contentUrl":"https:\/\/armonianaturaldietshop.com\/wp-content\/uploads\/2018\/01\/aminox_bsn.png","width":1000,"height":1066,"caption":"amino x bsn"},{"@type":"WebPage","@id":"https:\/\/armonianaturaldietshop.com\/product\/amino-x-aminoacidos\/#webpage","url":"https:\/\/armonianaturaldietshop.com\/product\/amino-x-aminoacidos\/","name":"Amino X BSN Amino\u00e1cidos 30 Servicios - Armonia Natural Diet Shop","isPartOf":{"@id":"https:\/\/armonianaturaldietshop.com\/#website"},"primaryImageOfPage":{"@id":"https:\/\/armonianaturaldietshop.com\/product\/amino-x-aminoacidos\/#primaryimage"},"datePublished":"2018-01-28T21:42:30+00:00","dateModified":"2026-01-21T14:38:17+00:00","description":"AMINO X est\u00e1 dise\u00f1ado para deportistas y personas activas que deseen incrementar su rendimiento f\u00edsico o aumentar masa muscular, prevenir el catabolismo.","breadcrumb":{"@id":"https:\/\/armonianaturaldietshop.com\/product\/amino-x-aminoacidos\/#breadcrumb"},"inLanguage":"en-US","potentialAction":[{"@type":"ReadAction","target":["https:\/\/armonianaturaldietshop.com\/product\/amino-x-aminoacidos\/"]}]},{"@type":"BreadcrumbList","@id":"https:\/\/armonianaturaldietshop.com\/product\/amino-x-aminoacidos\/#breadcrumb","itemListElement":[{"@type":"ListItem","position":1,"name":"Home","item":"https:\/\/armonianaturaldietshop.com\/en\/"},{"@type":"ListItem","position":2,"name":"Shop","item":"https:\/\/armonianaturaldietshop.com\/en\/shop\/"},{"@type":"ListItem","position":3,"name":"Amino X BSN Amino\u00e1cidos 30 Servicios"}]}]}},"_links":{"self":[{"href":"https:\/\/armonianaturaldietshop.com\/en\/wp-json\/wp\/v2\/product\/1885"}],"collection":[{"href":"https:\/\/armonianaturaldietshop.com\/en\/wp-json\/wp\/v2\/product"}],"about":[{"href":"https:\/\/armonianaturaldietshop.com\/en\/wp-json\/wp\/v2\/types\/product"}],"replies":[{"embeddable":true,"href":"https:\/\/armonianaturaldietshop.com\/en\/wp-json\/wp\/v2\/comments?post=1885"}],"wp:featuredmedia":[{"embeddable":true,"href":"https:\/\/armonianaturaldietshop.com\/en\/wp-json\/wp\/v2\/media\/3217"}],"wp:attachment":[{"href":"https:\/\/armonianaturaldietshop.com\/en\/wp-json\/wp\/v2\/media?parent=1885"}],"wp:term":[{"taxonomy":"product_cat","embeddable":true,"href":"https:\/\/armonianaturaldietshop.com\/en\/wp-json\/wp\/v2\/product_cat?post=1885"},{"taxonomy":"product_tag","embeddable":true,"href":"https:\/\/armonianaturaldietshop.com\/en\/wp-json\/wp\/v2\/product_tag?post=1885"}],"curies":[{"name":"wp","href":"https:\/\/api.w.org\/{rel}","templated":true}]}}