{"id":1887,"date":"2018-01-28T21:42:29","date_gmt":"2018-01-28T21:42:29","guid":{"rendered":"http:\/\/armonianaturaldietshop.com\/product\/amino-pro-dymatize-30-servings\/"},"modified":"2024-05-08T21:30:19","modified_gmt":"2024-05-08T21:30:19","slug":"amino-pro-dymatize-30-servings","status":"publish","type":"product","link":"https:\/\/armonianaturaldietshop.com\/en\/product\/amino-pro-dymatize-30-servings\/","title":{"rendered":"Amino Pro Dymatize 30 Servicios"},"content":{"rendered":"<h1 style=\"margin: 0px 0px 8px; font-family: Ubuntu, 'Helvetica Neue', Helvetica, Arial, sans-serif; font-weight: 500; line-height: 19px; color: #444444; font-size: 16px; text-transform: uppercase;\"><\/h1>\n<h1 style=\"margin: 0px 0px 8px; font-family: Ubuntu, 'Helvetica Neue', Helvetica, Arial, sans-serif; font-weight: 500; line-height: 19px; color: #444444; font-size: 16px; text-transform: uppercase; text-align: center;\"><span style=\"font-size: 36pt; color: #ff0000;\">AMINO PRO DYMATIZE<\/span><\/h1>\n<p>&nbsp;<\/p>\n<h2 style=\"margin: 0px 0px 11px; font-family: 'Helvetica Neue', Helvetica, Arial, sans-serif; line-height: 20px; color: #444444; font-size: 15px;\">Dise\u00f1ado para incrementar tu resistencia durante los entrenamientos.<\/h2>\n<p style=\"margin: 0px 0px 9px; color: #5a5a5a; font-family: 'Helvetica Neue', Helvetica, Arial, sans-serif; font-size: 12px; line-height: 19px; text-align: justify;\"><span style=\"font-size: 12pt;\"><strong>Amino Pro<\/strong>\u00a0es un producto intra-entrenamiento dise\u00f1ado dentro de la l\u00ednea\u00a0<strong>Performance Driven<\/strong>, una nueva l\u00ednea desarrollada por\u00a0<strong><em>Dymatize<\/em><\/strong>\u00a0para ayudarte a conseguir tus objetivos de una forma m\u00e1s r\u00e1pida y satisfactoria.<\/span><\/p>\n<p style=\"margin: 0px 0px 9px; color: #5a5a5a; font-family: 'Helvetica Neue', Helvetica, Arial, sans-serif; font-size: 12px; line-height: 19px; text-align: justify;\"><span style=\"font-size: 12pt;\"><strong>Amino Pro<\/strong>\u00a0est\u00e1 pensado para ayudar a mantener la resistencia durante los entrenamientos o competiciones. Ayuda a proteger la musculatura y reponer los nutrientes esenciales que se pierden durante la actividad f\u00edsica.<\/span><\/p>\n<p><span style=\"color: #ff00ff; font-size: 18pt;\">Amino Pro. Caracter\u00edsticas principales:<\/span><\/p>\n<p><span style=\"color: #ff00ff; font-size: 12pt;\">*2,5 g de BCAAs solubles por dosis*.<\/span><br \/>\n<span style=\"color: #ff00ff; font-size: 12pt;\">*2 g de L-Taurina por dosis.<\/span><br \/>\n<span style=\"color: #ff00ff; font-size: 12pt;\">*1 g de L-Citrulina por dosis.<\/span><br \/>\n<span style=\"color: #ff00ff; font-size: 12pt;\">*Con Sodio, Potasio, Calcio y Magnesio.<\/span><br \/>\n<span style=\"color: #ff00ff; font-size: 12pt;\">*Libre de sustancias dopantes.<\/span><br \/>\n<span style=\"color: #ff00ff; font-size: 12pt;\">*270 g de producto por envase (30 dosis).<\/span><\/p>\n<p>&nbsp;<\/p>\n<p><span style=\"font-size: 12pt;\">* Dosis: 9 g. La informaci\u00f3n nutricional puede variar ligeramente dependiendo del sabor.<\/span><\/p>\n<p><span style=\"color: #ff00ff; font-size: 18pt;\">Amino Pro. Efectos principales:<\/span><\/p>\n<p><span style=\"color: #ff00ff; font-size: 12pt;\">*Ayuda mantener la masa muscular y retrasa la aparici\u00f3n de fatiga durante los entrenamientos o competiciones.<\/span><br \/>\n<span style=\"color: #ff00ff; font-size: 12pt;\">*Contribuye a reponer las p\u00e9rdidas y mantener la hidrataci\u00f3n durante los entrenamientos.<\/span><br \/>\n<span style=\"color: #ff00ff; font-size: 12pt;\">*Sirve como fuente de energ\u00eda.<\/span><\/p>\n<p style=\"margin: 0px 0px 9px; color: #5a5a5a; font-family: 'Helvetica Neue', Helvetica, Arial, sans-serif; font-size: 12px; line-height: 19px; text-align: justify;\"><span style=\"font-size: 12pt;\">\u00a0<\/span><\/p>\n<h3 style=\"margin: 17px 0px 12px; font-family: Ubuntu, 'Helvetica Neue', Helvetica, Arial, sans-serif; font-weight: 400; line-height: 18px; color: #444444; font-size: 14.5px;\"><span style=\"font-size: 14pt;\"><strong>Amino Pro Endurance Amplifier. La ciencia detr\u00e1s:<\/strong><\/span><\/h3>\n<p style=\"margin: 0px 0px 9px; color: #5a5a5a; font-family: 'Helvetica Neue', Helvetica, Arial, sans-serif; font-size: 12px; line-height: 19px; text-align: justify;\"><span style=\"font-size: 12pt;\"><strong>Amino Pro<\/strong>\u00a0pertenece a la nueva l\u00ednea\u00a0<strong>Performance Driven<\/strong>\u00a0de\u00a0<strong><em>Dymatize<\/em><\/strong>, una l\u00ednea pensada para favorecer la consecuci\u00f3n de tus metas y objetivos de forma r\u00e1pida y satisfactoria. En concreto,\u00a0<strong>Amino Pro<\/strong>\u00a0es producto que tiene como objetivo reponer las p\u00e9rdidas sufridas durante el entrenamiento y ayudar a mantener la resistencia.<\/span><\/p>\n<div style=\"color: #5a5a5a; font-family: 'Helvetica Neue', Helvetica, Arial, sans-serif; font-size: 12px; line-height: 19px; text-align: justify; margin-left: 20px;\">\n<p style=\"margin: 0px 0px 9px;\"><span style=\"font-size: 12pt;\"><strong><em><span style=\"text-decoration: underline;\">Amino\u00e1cidos ramificados (Chain-Sol 2:1:1):<\/span><\/em><\/strong>\u00a0Cada dosis aporta 2,5 gramos de amino\u00e1cidos ramificados que ayudan a proteger a los m\u00fasculos del catabolismo proteico durante la realizaci\u00f3n de ejercicio f\u00edsico.<\/span><\/p>\n<p style=\"margin: 0px 0px 9px;\"><span style=\"font-size: 12pt;\"><strong><em><span style=\"text-decoration: underline;\">L-Taurina:<\/span><\/em><\/strong>\u00a0Interviene en la transmisi\u00f3n del impulso nervioso. Su consumo se relaciona con la prevenci\u00f3n de lesiones y con el aumento de la masa muscular.<\/span><\/p>\n<p style=\"margin: 0px 0px 9px;\"><span style=\"font-size: 12pt;\"><strong><em><span style=\"text-decoration: underline;\">L-Citrulina:<\/span><\/em><\/strong>\u00a0su consumo puede mejorar la recuperaci\u00f3n entre esfuerzos, reduce el dolor muscular producido por el ejercicio (agujetas) y mejora el rendimiento reduciendo la fatiga.<\/span><\/p>\n<p style=\"margin: 0px 0px 9px;\"><span style=\"font-size: 12pt;\"><strong><em><span style=\"text-decoration: underline;\">Calcio:<\/span><\/em><\/strong>\u00a0Mineral necesario para el normal funcionamiento de los m\u00fasculos, para que se produzcan las contracciones musculares y el latido del coraz\u00f3n.<\/span><\/p>\n<p style=\"margin: 0px 0px 9px;\"><span style=\"font-size: 12pt;\"><strong><em><span style=\"text-decoration: underline;\">Magnesio:<\/span><\/em><\/strong>\u00a0El magnesio ayuda a prevenir calambres musculares, mejorar el funcionamiento de los m\u00fasculos, aliviar la tensi\u00f3n y el dolor muscular, y para mejorar la densidad mineral \u00f3sea.<\/span><\/p>\n<p style=\"margin: 0px 0px 9px;\"><span style=\"font-size: 12pt;\"><strong><em><span style=\"text-decoration: underline;\">Potasio:<\/span><\/em><\/strong>\u00a0El potasio es un electrolito, que junto con el sodio, interviene en el mantenimiento del equilibrio h\u00eddrico.<\/span><\/p>\n<p style=\"margin: 0px 0px 9px;\"><span style=\"font-size: 12pt;\"><strong><em><span style=\"text-decoration: underline;\">Sodio:<\/span><\/em>\u00a0<\/strong>Ayuda a mantener el equilibrio h\u00eddrico.<\/span><\/p>\n<\/div>\n<p style=\"margin: 0px 0px 9px; color: #5a5a5a; font-family: 'Helvetica Neue', Helvetica, Arial, sans-serif; font-size: 12px; line-height: 19px; text-align: justify;\"><span style=\"font-size: 12pt;\">Todas estas caracter\u00edsticas, junto a su sabor agradable y refrescante, hacen de este producto el intra-entrenamiento perfecto para maximizar tu rendimiento mientras entrenas.<\/span><\/p>\n<p style=\"margin: 0px 0px 9px; color: #5a5a5a; font-family: 'Helvetica Neue', Helvetica, Arial, sans-serif; font-size: 12px; line-height: 19px; text-align: justify;\"><span style=\"font-size: 12pt;\">\u00a0<\/span><\/p>\n<p><span style=\"font-size: 18pt; color: #ff00ff;\">Amino Pro. Objetivos principales:<\/span><\/p>\n<p><span style=\"font-size: 12pt;\">1)Mejora del entrenamiento.<\/span><\/p>\n<p><span style=\"font-size: 12pt;\">2)Entrenamientos m\u00e1s intensos.<\/span><\/p>\n<p><span style=\"font-size: 12pt;\">3)Combatir la fatiga.<\/span><\/p>\n<p>&nbsp;<\/p>\n<p><span style=\"color: #ff00ff; font-size: 18pt;\">\u00bfQui\u00e9n puede beneficiarse de Amino Pro?<\/span><\/p>\n<p><span style=\"color: #ff00ff; font-size: 14pt;\">Atletas de fuerza y potencia, aficionados a las artes marciales, deportes de contacto, deportes de alta intensidad, deportes de equipo, velocistas, media distancia, salto, lanzamientos, halterofilia\u2026<\/span><br \/>\n<span style=\"color: #ff00ff; font-size: 14pt;\">Usuarios fitness y endurance que deseen proteger su musculatura durante el entrenamiento y favorecer la recuperaci\u00f3n.<\/span><br \/>\n<span style=\"color: #ff00ff; font-size: 14pt;\">Amino Pro. C\u00f3mo combinar:<\/span><\/p>\n<p><span style=\"font-size: 14pt;\"><strong>Amino Pro<\/strong> ha sido especialmente dise\u00f1ado para ser combinado con los productos de la l\u00ednea <strong>Performance Driven<\/strong> de <strong>Dymatize<\/strong>, pero tambi\u00e9n puede ser combinado con una amplia variedad de productos e ingredientes acorde a las necesidades de cada deportista, por ejemplo puede ser muy aconsejable combinarlo con un post-entrenamiento con un porcentaje adecuado de prote\u00ednas y carbohidratos, creatina, HMB, \u00e1cido alfa lipoico, multivitam\u00ednicos y un amplio etc.<\/span><\/p>\n<h3 style=\"margin: 17px 0px 12px; font-family: Ubuntu, 'Helvetica Neue', Helvetica, Arial, sans-serif; font-weight: 400; line-height: 18px; color: #444444; font-size: 14.5px;\"><span style=\"font-family: 'Helvetica Neue', Helvetica, Arial, sans-serif; line-height: 20px; font-size: 14pt;\">\u00a0<\/span><\/h3>\n<h2 style=\"border: 0px; margin: 15px 0px 5px; padding: 0px 0px 2px; font-size: 1.667em; font-family: 'Archivo Narrow', sans-serif; font-weight: normal; color: #555555;\"><img loading=\"lazy\" style=\"margin: 0px; padding: 0px; font-size: 0px; color: transparent; vertical-align: middle; max-width: 100%; height: auto;\" src=\"https:\/\/www.masmusculo.com.es\/images\/data\/aminopro-2.jpg\" alt=\"Amino PRO de Dymatize\" width=\"580\" height=\"479\" \/><\/h2>\n","protected":false},"excerpt":{"rendered":"<p>Amino Pro est\u00e1 dise\u00f1ado para ayudar a mantener la resistencia durante los entrenamientos o competiciones. Ayuda a proteger los musculos y reponer los nutrientes esenciales que se pierden durante la actividad f\u00edsica.<\/p>\n","protected":false},"featured_media":1523,"comment_status":"open","ping_status":"closed","template":"","meta":[],"product_cat":[43,29],"product_tag":[],"acf":[],"yoast_head":"<!-- This site is optimized with the Yoast SEO plugin v18.5.1 - https:\/\/yoast.com\/wordpress\/plugins\/seo\/ -->\n<title>Amino Pro Dymatize 30 Servicios - Armonia Natural Diet Shop<\/title>\n<meta name=\"description\" content=\"Amino Pro Ayuda mantener la mAmino Pro. Efectos principales:*Ayuda mantener la masa muscular y retrasa la aparici\u00f3n de fatiga durante los entrenamientos.\" \/>\n<meta name=\"robots\" content=\"index, follow, max-snippet:-1, max-image-preview:large, max-video-preview:-1\" \/>\n<link rel=\"canonical\" href=\"https:\/\/armonianaturaldietshop.com\/product\/amino-pro-dymatize-30-servings\/\" \/>\n<meta property=\"og:locale\" content=\"en_US\" \/>\n<meta property=\"og:type\" content=\"article\" \/>\n<meta property=\"og:title\" content=\"Amino Pro Dymatize 30 Servicios - Armonia Natural Diet Shop\" \/>\n<meta property=\"og:description\" content=\"Amino Pro Ayuda mantener la mAmino Pro. Efectos principales:*Ayuda mantener la masa muscular y retrasa la aparici\u00f3n de fatiga durante los entrenamientos.\" \/>\n<meta property=\"og:url\" content=\"https:\/\/armonianaturaldietshop.com\/product\/amino-pro-dymatize-30-servings\/\" \/>\n<meta property=\"og:site_name\" content=\"Armonia Natural Diet Shop\" \/>\n<meta property=\"article:publisher\" content=\"https:\/\/www.facebook.com\/ArmoniaNaturalDietShop\/\" \/>\n<meta property=\"article:modified_time\" content=\"2024-05-08T21:30:19+00:00\" \/>\n<meta property=\"og:image\" content=\"https:\/\/armonianaturaldietshop.com\/wp-content\/uploads\/2018\/02\/amino-pro-dymatize-30-servings_952.jpg\" \/>\n\t<meta property=\"og:image:width\" content=\"696\" \/>\n\t<meta property=\"og:image:height\" content=\"449\" \/>\n\t<meta property=\"og:image:type\" content=\"image\/jpeg\" \/>\n<meta name=\"twitter:card\" content=\"summary_large_image\" \/>\n<meta name=\"twitter:label1\" content=\"Est. reading time\" \/>\n\t<meta name=\"twitter:data1\" content=\"3 minutes\" \/>\n<script type=\"application\/ld+json\" class=\"yoast-schema-graph\">{\"@context\":\"https:\/\/schema.org\",\"@graph\":[{\"@type\":\"Organization\",\"@id\":\"https:\/\/armonianaturaldietshop.com\/#organization\",\"name\":\"Armonia Natural Diet Shop\",\"url\":\"https:\/\/armonianaturaldietshop.com\/\",\"sameAs\":[\"https:\/\/www.facebook.com\/ArmoniaNaturalDietShop\/\",\"https:\/\/www.instagram.com\/armonia.natural\/?hl=en\"],\"logo\":{\"@type\":\"ImageObject\",\"@id\":\"https:\/\/armonianaturaldietshop.com\/#logo\",\"inLanguage\":\"en-US\",\"url\":\"https:\/\/armonianaturaldietshop.com\/wp-content\/uploads\/2018\/01\/top-banner-1.png\",\"contentUrl\":\"https:\/\/armonianaturaldietshop.com\/wp-content\/uploads\/2018\/01\/top-banner-1.png\",\"width\":369,\"height\":116,\"caption\":\"Armonia Natural Diet Shop\"},\"image\":{\"@id\":\"https:\/\/armonianaturaldietshop.com\/#logo\"}},{\"@type\":\"WebSite\",\"@id\":\"https:\/\/armonianaturaldietshop.com\/#website\",\"url\":\"https:\/\/armonianaturaldietshop.com\/\",\"name\":\"Armonia Natural Diet Shop\",\"description\":\"Otro sitio realizado con WordPress\",\"publisher\":{\"@id\":\"https:\/\/armonianaturaldietshop.com\/#organization\"},\"potentialAction\":[{\"@type\":\"SearchAction\",\"target\":{\"@type\":\"EntryPoint\",\"urlTemplate\":\"https:\/\/armonianaturaldietshop.com\/?s={search_term_string}\"},\"query-input\":\"required name=search_term_string\"}],\"inLanguage\":\"en-US\"},{\"@type\":\"ImageObject\",\"@id\":\"https:\/\/armonianaturaldietshop.com\/product\/amino-pro-dymatize-30-servings\/#primaryimage\",\"inLanguage\":\"en-US\",\"url\":\"https:\/\/armonianaturaldietshop.com\/wp-content\/uploads\/2018\/02\/amino-pro-dymatize-30-servings_952.jpg\",\"contentUrl\":\"https:\/\/armonianaturaldietshop.com\/wp-content\/uploads\/2018\/02\/amino-pro-dymatize-30-servings_952.jpg\",\"width\":696,\"height\":449},{\"@type\":\"WebPage\",\"@id\":\"https:\/\/armonianaturaldietshop.com\/product\/amino-pro-dymatize-30-servings\/#webpage\",\"url\":\"https:\/\/armonianaturaldietshop.com\/product\/amino-pro-dymatize-30-servings\/\",\"name\":\"Amino Pro Dymatize 30 Servicios - Armonia Natural Diet Shop\",\"isPartOf\":{\"@id\":\"https:\/\/armonianaturaldietshop.com\/#website\"},\"primaryImageOfPage\":{\"@id\":\"https:\/\/armonianaturaldietshop.com\/product\/amino-pro-dymatize-30-servings\/#primaryimage\"},\"datePublished\":\"2018-01-28T21:42:29+00:00\",\"dateModified\":\"2024-05-08T21:30:19+00:00\",\"description\":\"Amino Pro Ayuda mantener la mAmino Pro. Efectos principales:*Ayuda mantener la masa muscular y retrasa la aparici\u00f3n de fatiga durante los entrenamientos.\",\"breadcrumb\":{\"@id\":\"https:\/\/armonianaturaldietshop.com\/product\/amino-pro-dymatize-30-servings\/#breadcrumb\"},\"inLanguage\":\"en-US\",\"potentialAction\":[{\"@type\":\"ReadAction\",\"target\":[\"https:\/\/armonianaturaldietshop.com\/product\/amino-pro-dymatize-30-servings\/\"]}]},{\"@type\":\"BreadcrumbList\",\"@id\":\"https:\/\/armonianaturaldietshop.com\/product\/amino-pro-dymatize-30-servings\/#breadcrumb\",\"itemListElement\":[{\"@type\":\"ListItem\",\"position\":1,\"name\":\"Home\",\"item\":\"https:\/\/armonianaturaldietshop.com\/en\/\"},{\"@type\":\"ListItem\",\"position\":2,\"name\":\"Shop\",\"item\":\"https:\/\/armonianaturaldietshop.com\/en\/shop\/\"},{\"@type\":\"ListItem\",\"position\":3,\"name\":\"Amino Pro Dymatize 30 Servicios\"}]}]}<\/script>\n<!-- \/ Yoast SEO plugin. -->","yoast_head_json":{"title":"Amino Pro Dymatize 30 Servicios - Armonia Natural Diet Shop","description":"Amino Pro Ayuda mantener la mAmino Pro. Efectos principales:*Ayuda mantener la masa muscular y retrasa la aparici\u00f3n de fatiga durante los entrenamientos.","robots":{"index":"index","follow":"follow","max-snippet":"max-snippet:-1","max-image-preview":"max-image-preview:large","max-video-preview":"max-video-preview:-1"},"canonical":"https:\/\/armonianaturaldietshop.com\/product\/amino-pro-dymatize-30-servings\/","og_locale":"en_US","og_type":"article","og_title":"Amino Pro Dymatize 30 Servicios - Armonia Natural Diet Shop","og_description":"Amino Pro Ayuda mantener la mAmino Pro. Efectos principales:*Ayuda mantener la masa muscular y retrasa la aparici\u00f3n de fatiga durante los entrenamientos.","og_url":"https:\/\/armonianaturaldietshop.com\/product\/amino-pro-dymatize-30-servings\/","og_site_name":"Armonia Natural Diet Shop","article_publisher":"https:\/\/www.facebook.com\/ArmoniaNaturalDietShop\/","article_modified_time":"2024-05-08T21:30:19+00:00","og_image":[{"width":696,"height":449,"url":"https:\/\/armonianaturaldietshop.com\/wp-content\/uploads\/2018\/02\/amino-pro-dymatize-30-servings_952.jpg","type":"image\/jpeg"}],"twitter_card":"summary_large_image","twitter_misc":{"Est. reading time":"3 minutes"},"schema":{"@context":"https:\/\/schema.org","@graph":[{"@type":"Organization","@id":"https:\/\/armonianaturaldietshop.com\/#organization","name":"Armonia Natural Diet Shop","url":"https:\/\/armonianaturaldietshop.com\/","sameAs":["https:\/\/www.facebook.com\/ArmoniaNaturalDietShop\/","https:\/\/www.instagram.com\/armonia.natural\/?hl=en"],"logo":{"@type":"ImageObject","@id":"https:\/\/armonianaturaldietshop.com\/#logo","inLanguage":"en-US","url":"https:\/\/armonianaturaldietshop.com\/wp-content\/uploads\/2018\/01\/top-banner-1.png","contentUrl":"https:\/\/armonianaturaldietshop.com\/wp-content\/uploads\/2018\/01\/top-banner-1.png","width":369,"height":116,"caption":"Armonia Natural Diet Shop"},"image":{"@id":"https:\/\/armonianaturaldietshop.com\/#logo"}},{"@type":"WebSite","@id":"https:\/\/armonianaturaldietshop.com\/#website","url":"https:\/\/armonianaturaldietshop.com\/","name":"Armonia Natural Diet Shop","description":"Otro sitio realizado con WordPress","publisher":{"@id":"https:\/\/armonianaturaldietshop.com\/#organization"},"potentialAction":[{"@type":"SearchAction","target":{"@type":"EntryPoint","urlTemplate":"https:\/\/armonianaturaldietshop.com\/?s={search_term_string}"},"query-input":"required name=search_term_string"}],"inLanguage":"en-US"},{"@type":"ImageObject","@id":"https:\/\/armonianaturaldietshop.com\/product\/amino-pro-dymatize-30-servings\/#primaryimage","inLanguage":"en-US","url":"https:\/\/armonianaturaldietshop.com\/wp-content\/uploads\/2018\/02\/amino-pro-dymatize-30-servings_952.jpg","contentUrl":"https:\/\/armonianaturaldietshop.com\/wp-content\/uploads\/2018\/02\/amino-pro-dymatize-30-servings_952.jpg","width":696,"height":449},{"@type":"WebPage","@id":"https:\/\/armonianaturaldietshop.com\/product\/amino-pro-dymatize-30-servings\/#webpage","url":"https:\/\/armonianaturaldietshop.com\/product\/amino-pro-dymatize-30-servings\/","name":"Amino Pro Dymatize 30 Servicios - Armonia Natural Diet Shop","isPartOf":{"@id":"https:\/\/armonianaturaldietshop.com\/#website"},"primaryImageOfPage":{"@id":"https:\/\/armonianaturaldietshop.com\/product\/amino-pro-dymatize-30-servings\/#primaryimage"},"datePublished":"2018-01-28T21:42:29+00:00","dateModified":"2024-05-08T21:30:19+00:00","description":"Amino Pro Ayuda mantener la mAmino Pro. Efectos principales:*Ayuda mantener la masa muscular y retrasa la aparici\u00f3n de fatiga durante los entrenamientos.","breadcrumb":{"@id":"https:\/\/armonianaturaldietshop.com\/product\/amino-pro-dymatize-30-servings\/#breadcrumb"},"inLanguage":"en-US","potentialAction":[{"@type":"ReadAction","target":["https:\/\/armonianaturaldietshop.com\/product\/amino-pro-dymatize-30-servings\/"]}]},{"@type":"BreadcrumbList","@id":"https:\/\/armonianaturaldietshop.com\/product\/amino-pro-dymatize-30-servings\/#breadcrumb","itemListElement":[{"@type":"ListItem","position":1,"name":"Home","item":"https:\/\/armonianaturaldietshop.com\/en\/"},{"@type":"ListItem","position":2,"name":"Shop","item":"https:\/\/armonianaturaldietshop.com\/en\/shop\/"},{"@type":"ListItem","position":3,"name":"Amino Pro Dymatize 30 Servicios"}]}]}},"_links":{"self":[{"href":"https:\/\/armonianaturaldietshop.com\/en\/wp-json\/wp\/v2\/product\/1887"}],"collection":[{"href":"https:\/\/armonianaturaldietshop.com\/en\/wp-json\/wp\/v2\/product"}],"about":[{"href":"https:\/\/armonianaturaldietshop.com\/en\/wp-json\/wp\/v2\/types\/product"}],"replies":[{"embeddable":true,"href":"https:\/\/armonianaturaldietshop.com\/en\/wp-json\/wp\/v2\/comments?post=1887"}],"wp:featuredmedia":[{"embeddable":true,"href":"https:\/\/armonianaturaldietshop.com\/en\/wp-json\/wp\/v2\/media\/1523"}],"wp:attachment":[{"href":"https:\/\/armonianaturaldietshop.com\/en\/wp-json\/wp\/v2\/media?parent=1887"}],"wp:term":[{"taxonomy":"product_cat","embeddable":true,"href":"https:\/\/armonianaturaldietshop.com\/en\/wp-json\/wp\/v2\/product_cat?post=1887"},{"taxonomy":"product_tag","embeddable":true,"href":"https:\/\/armonianaturaldietshop.com\/en\/wp-json\/wp\/v2\/product_tag?post=1887"}],"curies":[{"name":"wp","href":"https:\/\/api.w.org\/{rel}","templated":true}]}}