{"id":1895,"date":"2018-01-28T21:42:25","date_gmt":"2018-01-28T21:42:25","guid":{"rendered":"http:\/\/armonianaturaldietshop.com\/product\/magnesium-500ml-100-tabletas\/"},"modified":"2018-07-13T23:46:30","modified_gmt":"2018-07-13T23:46:30","slug":"magnesium-500ml-100-tabletas","status":"publish","type":"product","link":"https:\/\/armonianaturaldietshop.com\/en\/product\/magnesium-500ml-100-tabletas\/","title":{"rendered":"Magnesium 500ml 100 tabletas"},"content":{"rendered":"<p style=\"text-align: justify;\"><strong>Beneficios:<\/strong><\/p>\n<p style=\"text-align: justify;\">\u00b7 Ayuda a controlar el sistema nervioso, irritabilidad e hiperactividad.<br \/>\u00b7 Previene los espasmos musculares y los calambres en las piernas.<br \/>\u00b7 Previene la depresi\u00f3n, los vah\u00eddos, la debilidad y el s\u00edndrome premenstrual.<br \/>\u00b7 Facilita la absorci\u00f3n del calcio necesario para evitar la calcificaci\u00f3n del tejido blando.<\/p>\n<p style=\"text-align: justify;\">*El magnesio ofrece otra opci\u00f3n, aparte del calcio, para respaldar la salud \u00f3sea.<\/p>\n<p style=\"text-align: justify;\">** El magnesio tiene un papel fundamental en la mineralizaci\u00f3n de los huesos y tambi\u00e9n participa en las contracciones musculares e impulsos nerviosos.<\/p>\n<p style=\"text-align: justify;\">** Los adultos pueden tomar un comprimido por d\u00eda con una comida.<\/p>\n<p style=\"text-align: justify;\">No contiene saborizantes o colorantes artificiales, No conservantes, az\u00facar, almid\u00f3n, leche, lactosa, soja, gluten, trigo, levadura, pescado ni sodio.<\/p>\n<table style=\"color: #2e2e2e; font-family: Arial, Helvetica, Verdana, sans-serif; border: none; font-size: 11px; width: 600px;\">\n<tbody style=\"border: none;\">\n<tr style=\"border: none;\">\n<td style=\"font-family: arial, sans-serif; margin: 0px; border: none;\" colspan=\"2\">\n<h2 style=\"border: none; list-style-type: none; list-style-position: initial; display: inline; padding: 0px; font-size: 15px; color: #1a1a1a;\">Informaci\u00f3n del suplemento<\/h2>\n<\/td>\n<\/tr>\n<tr style=\"border: none;\">\n<td style=\"font-family: arial, sans-serif; margin: 0px; border: none;\" colspan=\"2\">Toma: 1 tableta<\/td>\n<\/tr>\n<tr style=\"border: none;\">\n<td style=\"font-family: arial, sans-serif; margin: 0px; border: none; background-color: #1a1a1a; min-height: 3px;\" colspan=\"2\">&nbsp;<\/td>\n<\/tr>\n<tr style=\"border: none; font-weight: bold;\">\n<td style=\"font-family: arial, sans-serif; margin: 0px; border: none;\">Cantidad por toma<\/td>\n<td style=\"font-family: arial, sans-serif; margin: 0px; border: none;\" align=\"right\">% Valor diario<\/td>\n<\/tr>\n<tr style=\"border: none;\">\n<td style=\"font-family: arial, sans-serif; margin: 0px; border: none; background-color: #1a1a1a; min-height: 1px;\" colspan=\"2\">&nbsp;<\/td>\n<\/tr>\n<tr style=\"border: none;\">\n<td style=\"font-family: arial, sans-serif; margin: 0px; border: none;\">Magnesio<\/td>\n<td style=\"font-family: arial, sans-serif; margin: 0px; border: none;\" align=\"right\">500 mg 125%<\/td>\n<\/tr>\n<tr style=\"border: none;\" valign=\"top\">\n<td style=\"font-family: arial, sans-serif; margin: 0px; border: none;\" colspan=\"2\">&nbsp;&nbsp;(como \u00f3xido de magnesio)<\/td>\n<\/tr>\n<\/tbody>\n<\/table>\n<p><strong>Indicaciones:<\/strong> Adultos, tomar una (1) tableta por d\u00eda, preferiblemente con las comidas. Le recordamos que consulte con su proveedor de servicios m\u00e9dicos sobre los suplementos y medicamentos que toma. Las tabletas est\u00e1n revestidas para que sea m\u00e1s f\u00e1cil tragarlas<\/p>\n<p>Otros ingredientes: fosfato dic\u00e1lcico, celulosa (de origen vegetal), \u00e1cido c\u00edtrico, estearato de magnesio vegetal, revestimiento de celulosa, color de di\u00f3xido de titanio, croscarmelosa.<\/p>\n<p><strong>ADVERTENCIA:<\/strong> Si est\u00e1 embarazada, en per\u00edodo de lactancia o tomando alg\u00fan medicamento, consulte con su m\u00e9dico antes de usar este producto. Suspenda su uso y consulte a su m\u00e9dico si se produce alguna reacci\u00f3n adversa.<\/p>\n","protected":false},"excerpt":{"rendered":"<p style=\"text-align: justify;\"><strong>Beneficios:<\/strong><\/p>\n<p style=\"text-align: justify;\">\u00b7 Ayuda a controlar el sistema nervioso, irritabilidad e hiperactividad.<br \/>\u00b7 Previene los espasmos musculares y los calambres en las piernas.<br \/>\u00b7 Previene la depresi\u00f3n, los vah\u00eddos, la debilidad y el s\u00edndrome premenstrual.<br \/>\u00b7 Facilita la absorci\u00f3n del calcio necesario para evitar la calcificaci\u00f3n del tejido blando.<\/p>\n<p style=\"text-align: justify;\">*El magnesio ofrece [&#8230;]<\/p>\n","protected":false},"featured_media":1577,"comment_status":"open","ping_status":"closed","template":"","meta":[],"product_cat":[34],"product_tag":[],"acf":[],"yoast_head":"<!-- This site is optimized with the Yoast SEO plugin v18.5.1 - https:\/\/yoast.com\/wordpress\/plugins\/seo\/ -->\n<title>Magnesium 500ml 100 tabletas - Armonia Natural Diet Shop<\/title>\n<meta name=\"robots\" content=\"index, follow, max-snippet:-1, max-image-preview:large, max-video-preview:-1\" \/>\n<link rel=\"canonical\" href=\"https:\/\/armonianaturaldietshop.com\/en\/product\/magnesium-500ml-100-tabletas\/\" \/>\n<meta property=\"og:locale\" content=\"en_US\" \/>\n<meta property=\"og:type\" content=\"article\" \/>\n<meta property=\"og:title\" content=\"Magnesium 500ml 100 tabletas - Armonia Natural Diet Shop\" \/>\n<meta property=\"og:description\" content=\"Beneficios: \u00b7 Ayuda a controlar el sistema nervioso, irritabilidad e hiperactividad.\u00b7 Previene los espasmos musculares y los calambres en las piernas.\u00b7 Previene la depresi\u00f3n, los vah\u00eddos, la debilidad y el s\u00edndrome premenstrual.\u00b7 Facilita la absorci\u00f3n del calcio necesario para evitar la calcificaci\u00f3n del tejido blando. *El magnesio ofrece [...]\" \/>\n<meta property=\"og:url\" content=\"https:\/\/armonianaturaldietshop.com\/en\/product\/magnesium-500ml-100-tabletas\/\" \/>\n<meta property=\"og:site_name\" content=\"Armonia Natural Diet Shop\" \/>\n<meta property=\"article:publisher\" content=\"https:\/\/www.facebook.com\/ArmoniaNaturalDietShop\/\" \/>\n<meta property=\"article:modified_time\" content=\"2018-07-13T23:46:30+00:00\" \/>\n<meta property=\"og:image\" content=\"https:\/\/armonianaturaldietshop.com\/wp-content\/uploads\/2018\/02\/magnesium-500ml-100-tabletas_108.jpg\" \/>\n\t<meta property=\"og:image:width\" content=\"256\" \/>\n\t<meta property=\"og:image:height\" content=\"286\" \/>\n\t<meta property=\"og:image:type\" content=\"image\/jpeg\" \/>\n<meta name=\"twitter:card\" content=\"summary_large_image\" \/>\n<meta name=\"twitter:label1\" content=\"Est. reading time\" \/>\n\t<meta name=\"twitter:data1\" content=\"1 minute\" \/>\n<script type=\"application\/ld+json\" class=\"yoast-schema-graph\">{\"@context\":\"https:\/\/schema.org\",\"@graph\":[{\"@type\":\"Organization\",\"@id\":\"https:\/\/armonianaturaldietshop.com\/#organization\",\"name\":\"Armonia Natural Diet Shop\",\"url\":\"https:\/\/armonianaturaldietshop.com\/\",\"sameAs\":[\"https:\/\/www.facebook.com\/ArmoniaNaturalDietShop\/\",\"https:\/\/www.instagram.com\/armonia.natural\/?hl=en\"],\"logo\":{\"@type\":\"ImageObject\",\"@id\":\"https:\/\/armonianaturaldietshop.com\/#logo\",\"inLanguage\":\"en-US\",\"url\":\"https:\/\/armonianaturaldietshop.com\/wp-content\/uploads\/2018\/01\/top-banner-1.png\",\"contentUrl\":\"https:\/\/armonianaturaldietshop.com\/wp-content\/uploads\/2018\/01\/top-banner-1.png\",\"width\":369,\"height\":116,\"caption\":\"Armonia Natural Diet Shop\"},\"image\":{\"@id\":\"https:\/\/armonianaturaldietshop.com\/#logo\"}},{\"@type\":\"WebSite\",\"@id\":\"https:\/\/armonianaturaldietshop.com\/#website\",\"url\":\"https:\/\/armonianaturaldietshop.com\/\",\"name\":\"Armonia Natural Diet Shop\",\"description\":\"Otro sitio realizado con WordPress\",\"publisher\":{\"@id\":\"https:\/\/armonianaturaldietshop.com\/#organization\"},\"potentialAction\":[{\"@type\":\"SearchAction\",\"target\":{\"@type\":\"EntryPoint\",\"urlTemplate\":\"https:\/\/armonianaturaldietshop.com\/?s={search_term_string}\"},\"query-input\":\"required name=search_term_string\"}],\"inLanguage\":\"en-US\"},{\"@type\":\"ImageObject\",\"@id\":\"https:\/\/armonianaturaldietshop.com\/en\/product\/magnesium-500ml-100-tabletas\/#primaryimage\",\"inLanguage\":\"en-US\",\"url\":\"https:\/\/armonianaturaldietshop.com\/wp-content\/uploads\/2018\/02\/magnesium-500ml-100-tabletas_108.jpg\",\"contentUrl\":\"https:\/\/armonianaturaldietshop.com\/wp-content\/uploads\/2018\/02\/magnesium-500ml-100-tabletas_108.jpg\",\"width\":256,\"height\":286},{\"@type\":\"WebPage\",\"@id\":\"https:\/\/armonianaturaldietshop.com\/en\/product\/magnesium-500ml-100-tabletas\/#webpage\",\"url\":\"https:\/\/armonianaturaldietshop.com\/en\/product\/magnesium-500ml-100-tabletas\/\",\"name\":\"Magnesium 500ml 100 tabletas - Armonia Natural Diet Shop\",\"isPartOf\":{\"@id\":\"https:\/\/armonianaturaldietshop.com\/#website\"},\"primaryImageOfPage\":{\"@id\":\"https:\/\/armonianaturaldietshop.com\/en\/product\/magnesium-500ml-100-tabletas\/#primaryimage\"},\"datePublished\":\"2018-01-28T21:42:25+00:00\",\"dateModified\":\"2018-07-13T23:46:30+00:00\",\"breadcrumb\":{\"@id\":\"https:\/\/armonianaturaldietshop.com\/en\/product\/magnesium-500ml-100-tabletas\/#breadcrumb\"},\"inLanguage\":\"en-US\",\"potentialAction\":[{\"@type\":\"ReadAction\",\"target\":[\"https:\/\/armonianaturaldietshop.com\/en\/product\/magnesium-500ml-100-tabletas\/\"]}]},{\"@type\":\"BreadcrumbList\",\"@id\":\"https:\/\/armonianaturaldietshop.com\/en\/product\/magnesium-500ml-100-tabletas\/#breadcrumb\",\"itemListElement\":[{\"@type\":\"ListItem\",\"position\":1,\"name\":\"Home\",\"item\":\"https:\/\/armonianaturaldietshop.com\/en\/\"},{\"@type\":\"ListItem\",\"position\":2,\"name\":\"Shop\",\"item\":\"https:\/\/armonianaturaldietshop.com\/en\/shop\/\"},{\"@type\":\"ListItem\",\"position\":3,\"name\":\"Magnesium 500ml 100 tabletas\"}]}]}<\/script>\n<!-- \/ Yoast SEO plugin. -->","yoast_head_json":{"title":"Magnesium 500ml 100 tabletas - Armonia Natural Diet Shop","robots":{"index":"index","follow":"follow","max-snippet":"max-snippet:-1","max-image-preview":"max-image-preview:large","max-video-preview":"max-video-preview:-1"},"canonical":"https:\/\/armonianaturaldietshop.com\/en\/product\/magnesium-500ml-100-tabletas\/","og_locale":"en_US","og_type":"article","og_title":"Magnesium 500ml 100 tabletas - Armonia Natural Diet Shop","og_description":"Beneficios: \u00b7 Ayuda a controlar el sistema nervioso, irritabilidad e hiperactividad.\u00b7 Previene los espasmos musculares y los calambres en las piernas.\u00b7 Previene la depresi\u00f3n, los vah\u00eddos, la debilidad y el s\u00edndrome premenstrual.\u00b7 Facilita la absorci\u00f3n del calcio necesario para evitar la calcificaci\u00f3n del tejido blando. *El magnesio ofrece [...]","og_url":"https:\/\/armonianaturaldietshop.com\/en\/product\/magnesium-500ml-100-tabletas\/","og_site_name":"Armonia Natural Diet Shop","article_publisher":"https:\/\/www.facebook.com\/ArmoniaNaturalDietShop\/","article_modified_time":"2018-07-13T23:46:30+00:00","og_image":[{"width":256,"height":286,"url":"https:\/\/armonianaturaldietshop.com\/wp-content\/uploads\/2018\/02\/magnesium-500ml-100-tabletas_108.jpg","type":"image\/jpeg"}],"twitter_card":"summary_large_image","twitter_misc":{"Est. reading time":"1 minute"},"schema":{"@context":"https:\/\/schema.org","@graph":[{"@type":"Organization","@id":"https:\/\/armonianaturaldietshop.com\/#organization","name":"Armonia Natural Diet Shop","url":"https:\/\/armonianaturaldietshop.com\/","sameAs":["https:\/\/www.facebook.com\/ArmoniaNaturalDietShop\/","https:\/\/www.instagram.com\/armonia.natural\/?hl=en"],"logo":{"@type":"ImageObject","@id":"https:\/\/armonianaturaldietshop.com\/#logo","inLanguage":"en-US","url":"https:\/\/armonianaturaldietshop.com\/wp-content\/uploads\/2018\/01\/top-banner-1.png","contentUrl":"https:\/\/armonianaturaldietshop.com\/wp-content\/uploads\/2018\/01\/top-banner-1.png","width":369,"height":116,"caption":"Armonia Natural Diet Shop"},"image":{"@id":"https:\/\/armonianaturaldietshop.com\/#logo"}},{"@type":"WebSite","@id":"https:\/\/armonianaturaldietshop.com\/#website","url":"https:\/\/armonianaturaldietshop.com\/","name":"Armonia Natural Diet Shop","description":"Otro sitio realizado con WordPress","publisher":{"@id":"https:\/\/armonianaturaldietshop.com\/#organization"},"potentialAction":[{"@type":"SearchAction","target":{"@type":"EntryPoint","urlTemplate":"https:\/\/armonianaturaldietshop.com\/?s={search_term_string}"},"query-input":"required name=search_term_string"}],"inLanguage":"en-US"},{"@type":"ImageObject","@id":"https:\/\/armonianaturaldietshop.com\/en\/product\/magnesium-500ml-100-tabletas\/#primaryimage","inLanguage":"en-US","url":"https:\/\/armonianaturaldietshop.com\/wp-content\/uploads\/2018\/02\/magnesium-500ml-100-tabletas_108.jpg","contentUrl":"https:\/\/armonianaturaldietshop.com\/wp-content\/uploads\/2018\/02\/magnesium-500ml-100-tabletas_108.jpg","width":256,"height":286},{"@type":"WebPage","@id":"https:\/\/armonianaturaldietshop.com\/en\/product\/magnesium-500ml-100-tabletas\/#webpage","url":"https:\/\/armonianaturaldietshop.com\/en\/product\/magnesium-500ml-100-tabletas\/","name":"Magnesium 500ml 100 tabletas - Armonia Natural Diet Shop","isPartOf":{"@id":"https:\/\/armonianaturaldietshop.com\/#website"},"primaryImageOfPage":{"@id":"https:\/\/armonianaturaldietshop.com\/en\/product\/magnesium-500ml-100-tabletas\/#primaryimage"},"datePublished":"2018-01-28T21:42:25+00:00","dateModified":"2018-07-13T23:46:30+00:00","breadcrumb":{"@id":"https:\/\/armonianaturaldietshop.com\/en\/product\/magnesium-500ml-100-tabletas\/#breadcrumb"},"inLanguage":"en-US","potentialAction":[{"@type":"ReadAction","target":["https:\/\/armonianaturaldietshop.com\/en\/product\/magnesium-500ml-100-tabletas\/"]}]},{"@type":"BreadcrumbList","@id":"https:\/\/armonianaturaldietshop.com\/en\/product\/magnesium-500ml-100-tabletas\/#breadcrumb","itemListElement":[{"@type":"ListItem","position":1,"name":"Home","item":"https:\/\/armonianaturaldietshop.com\/en\/"},{"@type":"ListItem","position":2,"name":"Shop","item":"https:\/\/armonianaturaldietshop.com\/en\/shop\/"},{"@type":"ListItem","position":3,"name":"Magnesium 500ml 100 tabletas"}]}]}},"_links":{"self":[{"href":"https:\/\/armonianaturaldietshop.com\/en\/wp-json\/wp\/v2\/product\/1895"}],"collection":[{"href":"https:\/\/armonianaturaldietshop.com\/en\/wp-json\/wp\/v2\/product"}],"about":[{"href":"https:\/\/armonianaturaldietshop.com\/en\/wp-json\/wp\/v2\/types\/product"}],"replies":[{"embeddable":true,"href":"https:\/\/armonianaturaldietshop.com\/en\/wp-json\/wp\/v2\/comments?post=1895"}],"wp:featuredmedia":[{"embeddable":true,"href":"https:\/\/armonianaturaldietshop.com\/en\/wp-json\/wp\/v2\/media\/1577"}],"wp:attachment":[{"href":"https:\/\/armonianaturaldietshop.com\/en\/wp-json\/wp\/v2\/media?parent=1895"}],"wp:term":[{"taxonomy":"product_cat","embeddable":true,"href":"https:\/\/armonianaturaldietshop.com\/en\/wp-json\/wp\/v2\/product_cat?post=1895"},{"taxonomy":"product_tag","embeddable":true,"href":"https:\/\/armonianaturaldietshop.com\/en\/wp-json\/wp\/v2\/product_tag?post=1895"}],"curies":[{"name":"wp","href":"https:\/\/api.w.org\/{rel}","templated":true}]}}