{"id":1896,"date":"2018-01-28T21:42:23","date_gmt":"2018-01-28T21:42:23","guid":{"rendered":"http:\/\/armonianaturaldietshop.com\/product\/ginkgo-biloba-60mg-120-tabletas\/"},"modified":"2021-04-26T19:36:46","modified_gmt":"2021-04-26T19:36:46","slug":"ginkgo-biloba-60mg-120-tabletas","status":"publish","type":"product","link":"https:\/\/armonianaturaldietshop.com\/en\/product\/ginkgo-biloba-60mg-120-tabletas\/","title":{"rendered":"Ginkgo Biloba 60mg \u00a0120 tabletas"},"content":{"rendered":"<p style=\"text-align: justify;\">Es el nombre de un \u00e1rbol de hace 200 millones de a\u00f1os que todav\u00eda florece en diferentes climas alrededor del mundo.<\/p>\n<p style=\"text-align: justify;\">Sus hojas, est\u00e1n divididas en dos l\u00f3bulos, de ah\u00ed su nombre BILOBA. El extracto que se obtiene de sus hojas (conocido como Egb 761), ha sido utilizado por sus acciones terap\u00e9uticas desde hace siglos, sobre todo por la farmacopea tradicional china.<br \/>Se necesitan aproximadamente 18 kilos de hojas secas, para obtener medio kilo de extracto de GINKGO BILOBA. Este extract\u00f3 es uno de los productos ANTIENVEJECIMIENTO m\u00e1s importantes y efectivos debido a tres razones:<\/p>\n<p style=\"text-align: justify;\">1. La principal y m\u00e1s conocida caracter\u00edstica del GINKGO BILOBA es su capacidad de MEJORAR LA CIRCULACION SANGUINEA. Con la edad, el organismo va perdiendo su habilidad para irrigar los tejidos, sobre todo del cerebro, llegando a producir isquemias cerebrales.<br \/>Las consecuencias son bien conocidas: perdida de memoria, confusi\u00f3n, cansancio, depresi\u00f3n, ansiedad, etc. GINKGO BILOBA puede aminorar los s\u00edntomas de insuficiencia cerebral, estimulando la sangre mediante la contracci\u00f3n de los vasos para irrigar los tejidos \u00e1vidos de oxigeno del cerebro, coraz\u00f3n y extremidades.<br \/>Esto consigue, entre otras cosas, revertir la FALTA DE MEMORIA y disminuir el dolor muscular. Hay estudios que demuestran que el GINKGO BILOBA inhibe tambi\u00e9n la formaci\u00f3n de COAGULOS SANGUINEOS que causan ataques cardiacos o apoplej\u00edas.www.farmadina.com<\/p>\n<p style=\"text-align: justify;\">&nbsp;<br \/>2. GINKGO BILOBA es, adem\u00e1s, un ANTIOXIDANTE tanto o m\u00e1s potente incluso que la vitamina E. La lucha contra los radicales libres la realiza bloqueando la destructiva oxidaci\u00f3n de las membranas celulares y restaurando la integridad de las membranas tras el ataque de los radicales. Los principios activos que realizan la funci\u00f3n de antioxidantes son dos flavonoides: Miricetina y quercetina.<\/p>\n<p style=\"text-align: justify;\">&nbsp;<br \/>3. Otra funci\u00f3n del GINKGO BILOBA es mejorar la habilidad para RECIBIR SE\u00d1ALES DE LOS NEURO-TRANSMISORES, sobre todo de la serotonina, que se va perdiendo con la edad, con lo que se consigue mejorar la transmisi\u00f3n nerviosa.<br \/>Al mejorar la transmisi\u00f3n nerviosa se favorece tambi\u00e9n la RESPUESTA MUSCULAR. Adem\u00e1s de su acci\u00f3n antienvejecimiento, el GINKGO BILOBA se utiliza generalmente como T\u00f3nico, sobre todo en casos de fatiga o de cansancio; es muy \u00fatil en \u00e9pocas de intensa actividad en las que tenemos la sensaci\u00f3n t\u00edpica de agotamiento.<\/p>\n<p style=\"text-align: justify;\">&nbsp;<br \/>Otros usos dignos de mencionar son su efectividad en el tratamiento del asma, alergias, Resfriados y dolores de cabeza. Los efectos del GINKGO BILOBA se producen por sus principios activos: los Flavonoides y los Terpenoides. <br \/>Los resultados se observan a partir de las seis semanas de comenzar el tratamiento. Su uso a largo plazo no tiene efectos secundarios, de hecho es una sustancia totalmente segura.<\/p>\n<p style=\"text-align: justify;\"><img src=\"images\/SUPLEMENTO_Gingo.jpg\" alt=\"SUPLEMENTO Gingo\" \/><\/p>\n<p><strong>Indicaciones:<\/strong> Adultos, tomar una (1) tableta dos veces por d\u00eda, preferiblemente con alimentos. Le recordamos que consulte con su proveedor de servicios m\u00e9dicos sobre los suplementos y medicamentos que toma.<\/p>\n<p><strong>Otros ingredientes<\/strong>: Vegetable Cellulose, Dicalcium Phosphate. Contains &lt;2% of: Silica, Vegetable Magnesium Stearate, Vegetable Stearic Acid. No Artificial Color, Flavor or Sweetener, No Preservatives, No Sugar, No Starch, No Milk, No Lactose, No Soy, No Gluten, No Wheat, No Yeast, No Fish. Sodium Free. Coated for ease of swallowing<\/p>\n<p><strong>ADVERTENCIA<\/strong>: Consulte a su m\u00e9dico antes de usar en caso de embarazo, lactancia o de estar tomando alg\u00fan medicamento o si planea someterse a alg\u00fan procedimiento m\u00e9dico. Suspenda su uso y consulte a su m\u00e9dico si se produce alguna reacci\u00f3n adversa. No se recomienda para menores de 18 a\u00f1os. Las tabletas est\u00e1n revestidas para que sea m\u00e1s f\u00e1cil tragarlas. Apto para vegetarianos.<\/p>\n<p style=\"text-align: justify;\">&nbsp;<\/p>\n","protected":false},"excerpt":{"rendered":"<p>Es el nombre de un \u00e1rbol de hace 200 millones de a\u00f1os que todav\u00eda florece en diferentes climas alrededor del mundo.<\/p>\n","protected":false},"featured_media":1579,"comment_status":"open","ping_status":"closed","template":"","meta":[],"product_cat":[34],"product_tag":[],"acf":[],"yoast_head":"<!-- This site is optimized with the Yoast SEO plugin v18.5.1 - https:\/\/yoast.com\/wordpress\/plugins\/seo\/ -->\n<title>Ginkgo Biloba 60mg \u00a0120 tabletas - Armonia Natural Diet Shop<\/title>\n<meta name=\"robots\" content=\"index, follow, max-snippet:-1, max-image-preview:large, max-video-preview:-1\" \/>\n<link rel=\"canonical\" href=\"https:\/\/armonianaturaldietshop.com\/en\/product\/ginkgo-biloba-60mg-120-tabletas\/\" \/>\n<meta property=\"og:locale\" content=\"en_US\" \/>\n<meta property=\"og:type\" content=\"article\" \/>\n<meta property=\"og:title\" content=\"Ginkgo Biloba 60mg \u00a0120 tabletas - Armonia Natural Diet Shop\" \/>\n<meta property=\"og:description\" content=\"Es el nombre de un \u00e1rbol de hace 200 millones de a\u00f1os que todav\u00eda florece en diferentes climas alrededor del mundo.\" \/>\n<meta property=\"og:url\" content=\"https:\/\/armonianaturaldietshop.com\/en\/product\/ginkgo-biloba-60mg-120-tabletas\/\" \/>\n<meta property=\"og:site_name\" content=\"Armonia Natural Diet Shop\" \/>\n<meta property=\"article:publisher\" content=\"https:\/\/www.facebook.com\/ArmoniaNaturalDietShop\/\" \/>\n<meta property=\"article:modified_time\" content=\"2021-04-26T19:36:46+00:00\" \/>\n<meta property=\"og:image\" content=\"https:\/\/armonianaturaldietshop.com\/wp-content\/uploads\/2018\/02\/ginkgo-biloba-60mg-c2a0120-tabletas_169.jpg\" \/>\n\t<meta property=\"og:image:width\" content=\"256\" \/>\n\t<meta property=\"og:image:height\" content=\"286\" \/>\n\t<meta property=\"og:image:type\" content=\"image\/jpeg\" \/>\n<meta name=\"twitter:card\" content=\"summary_large_image\" \/>\n<meta name=\"twitter:label1\" content=\"Est. reading time\" \/>\n\t<meta name=\"twitter:data1\" content=\"3 minutes\" \/>\n<script type=\"application\/ld+json\" class=\"yoast-schema-graph\">{\"@context\":\"https:\/\/schema.org\",\"@graph\":[{\"@type\":\"Organization\",\"@id\":\"https:\/\/armonianaturaldietshop.com\/#organization\",\"name\":\"Armonia Natural Diet Shop\",\"url\":\"https:\/\/armonianaturaldietshop.com\/\",\"sameAs\":[\"https:\/\/www.facebook.com\/ArmoniaNaturalDietShop\/\",\"https:\/\/www.instagram.com\/armonia.natural\/?hl=en\"],\"logo\":{\"@type\":\"ImageObject\",\"@id\":\"https:\/\/armonianaturaldietshop.com\/#logo\",\"inLanguage\":\"en-US\",\"url\":\"https:\/\/armonianaturaldietshop.com\/wp-content\/uploads\/2018\/01\/top-banner-1.png\",\"contentUrl\":\"https:\/\/armonianaturaldietshop.com\/wp-content\/uploads\/2018\/01\/top-banner-1.png\",\"width\":369,\"height\":116,\"caption\":\"Armonia Natural Diet Shop\"},\"image\":{\"@id\":\"https:\/\/armonianaturaldietshop.com\/#logo\"}},{\"@type\":\"WebSite\",\"@id\":\"https:\/\/armonianaturaldietshop.com\/#website\",\"url\":\"https:\/\/armonianaturaldietshop.com\/\",\"name\":\"Armonia Natural Diet Shop\",\"description\":\"Otro sitio realizado con WordPress\",\"publisher\":{\"@id\":\"https:\/\/armonianaturaldietshop.com\/#organization\"},\"potentialAction\":[{\"@type\":\"SearchAction\",\"target\":{\"@type\":\"EntryPoint\",\"urlTemplate\":\"https:\/\/armonianaturaldietshop.com\/?s={search_term_string}\"},\"query-input\":\"required name=search_term_string\"}],\"inLanguage\":\"en-US\"},{\"@type\":\"ImageObject\",\"@id\":\"https:\/\/armonianaturaldietshop.com\/en\/product\/ginkgo-biloba-60mg-120-tabletas\/#primaryimage\",\"inLanguage\":\"en-US\",\"url\":\"https:\/\/armonianaturaldietshop.com\/wp-content\/uploads\/2018\/02\/ginkgo-biloba-60mg-c2a0120-tabletas_169.jpg\",\"contentUrl\":\"https:\/\/armonianaturaldietshop.com\/wp-content\/uploads\/2018\/02\/ginkgo-biloba-60mg-c2a0120-tabletas_169.jpg\",\"width\":256,\"height\":286},{\"@type\":\"WebPage\",\"@id\":\"https:\/\/armonianaturaldietshop.com\/en\/product\/ginkgo-biloba-60mg-120-tabletas\/#webpage\",\"url\":\"https:\/\/armonianaturaldietshop.com\/en\/product\/ginkgo-biloba-60mg-120-tabletas\/\",\"name\":\"Ginkgo Biloba 60mg \u00a0120 tabletas - Armonia Natural Diet Shop\",\"isPartOf\":{\"@id\":\"https:\/\/armonianaturaldietshop.com\/#website\"},\"primaryImageOfPage\":{\"@id\":\"https:\/\/armonianaturaldietshop.com\/en\/product\/ginkgo-biloba-60mg-120-tabletas\/#primaryimage\"},\"datePublished\":\"2018-01-28T21:42:23+00:00\",\"dateModified\":\"2021-04-26T19:36:46+00:00\",\"breadcrumb\":{\"@id\":\"https:\/\/armonianaturaldietshop.com\/en\/product\/ginkgo-biloba-60mg-120-tabletas\/#breadcrumb\"},\"inLanguage\":\"en-US\",\"potentialAction\":[{\"@type\":\"ReadAction\",\"target\":[\"https:\/\/armonianaturaldietshop.com\/en\/product\/ginkgo-biloba-60mg-120-tabletas\/\"]}]},{\"@type\":\"BreadcrumbList\",\"@id\":\"https:\/\/armonianaturaldietshop.com\/en\/product\/ginkgo-biloba-60mg-120-tabletas\/#breadcrumb\",\"itemListElement\":[{\"@type\":\"ListItem\",\"position\":1,\"name\":\"Home\",\"item\":\"https:\/\/armonianaturaldietshop.com\/en\/\"},{\"@type\":\"ListItem\",\"position\":2,\"name\":\"Shop\",\"item\":\"https:\/\/armonianaturaldietshop.com\/en\/shop\/\"},{\"@type\":\"ListItem\",\"position\":3,\"name\":\"Ginkgo Biloba 60mg \u00a0120 tabletas\"}]}]}<\/script>\n<!-- \/ Yoast SEO plugin. -->","yoast_head_json":{"title":"Ginkgo Biloba 60mg \u00a0120 tabletas - Armonia Natural Diet Shop","robots":{"index":"index","follow":"follow","max-snippet":"max-snippet:-1","max-image-preview":"max-image-preview:large","max-video-preview":"max-video-preview:-1"},"canonical":"https:\/\/armonianaturaldietshop.com\/en\/product\/ginkgo-biloba-60mg-120-tabletas\/","og_locale":"en_US","og_type":"article","og_title":"Ginkgo Biloba 60mg \u00a0120 tabletas - Armonia Natural Diet Shop","og_description":"Es el nombre de un \u00e1rbol de hace 200 millones de a\u00f1os que todav\u00eda florece en diferentes climas alrededor del mundo.","og_url":"https:\/\/armonianaturaldietshop.com\/en\/product\/ginkgo-biloba-60mg-120-tabletas\/","og_site_name":"Armonia Natural Diet Shop","article_publisher":"https:\/\/www.facebook.com\/ArmoniaNaturalDietShop\/","article_modified_time":"2021-04-26T19:36:46+00:00","og_image":[{"width":256,"height":286,"url":"https:\/\/armonianaturaldietshop.com\/wp-content\/uploads\/2018\/02\/ginkgo-biloba-60mg-c2a0120-tabletas_169.jpg","type":"image\/jpeg"}],"twitter_card":"summary_large_image","twitter_misc":{"Est. reading time":"3 minutes"},"schema":{"@context":"https:\/\/schema.org","@graph":[{"@type":"Organization","@id":"https:\/\/armonianaturaldietshop.com\/#organization","name":"Armonia Natural Diet Shop","url":"https:\/\/armonianaturaldietshop.com\/","sameAs":["https:\/\/www.facebook.com\/ArmoniaNaturalDietShop\/","https:\/\/www.instagram.com\/armonia.natural\/?hl=en"],"logo":{"@type":"ImageObject","@id":"https:\/\/armonianaturaldietshop.com\/#logo","inLanguage":"en-US","url":"https:\/\/armonianaturaldietshop.com\/wp-content\/uploads\/2018\/01\/top-banner-1.png","contentUrl":"https:\/\/armonianaturaldietshop.com\/wp-content\/uploads\/2018\/01\/top-banner-1.png","width":369,"height":116,"caption":"Armonia Natural Diet Shop"},"image":{"@id":"https:\/\/armonianaturaldietshop.com\/#logo"}},{"@type":"WebSite","@id":"https:\/\/armonianaturaldietshop.com\/#website","url":"https:\/\/armonianaturaldietshop.com\/","name":"Armonia Natural Diet Shop","description":"Otro sitio realizado con WordPress","publisher":{"@id":"https:\/\/armonianaturaldietshop.com\/#organization"},"potentialAction":[{"@type":"SearchAction","target":{"@type":"EntryPoint","urlTemplate":"https:\/\/armonianaturaldietshop.com\/?s={search_term_string}"},"query-input":"required name=search_term_string"}],"inLanguage":"en-US"},{"@type":"ImageObject","@id":"https:\/\/armonianaturaldietshop.com\/en\/product\/ginkgo-biloba-60mg-120-tabletas\/#primaryimage","inLanguage":"en-US","url":"https:\/\/armonianaturaldietshop.com\/wp-content\/uploads\/2018\/02\/ginkgo-biloba-60mg-c2a0120-tabletas_169.jpg","contentUrl":"https:\/\/armonianaturaldietshop.com\/wp-content\/uploads\/2018\/02\/ginkgo-biloba-60mg-c2a0120-tabletas_169.jpg","width":256,"height":286},{"@type":"WebPage","@id":"https:\/\/armonianaturaldietshop.com\/en\/product\/ginkgo-biloba-60mg-120-tabletas\/#webpage","url":"https:\/\/armonianaturaldietshop.com\/en\/product\/ginkgo-biloba-60mg-120-tabletas\/","name":"Ginkgo Biloba 60mg \u00a0120 tabletas - Armonia Natural Diet Shop","isPartOf":{"@id":"https:\/\/armonianaturaldietshop.com\/#website"},"primaryImageOfPage":{"@id":"https:\/\/armonianaturaldietshop.com\/en\/product\/ginkgo-biloba-60mg-120-tabletas\/#primaryimage"},"datePublished":"2018-01-28T21:42:23+00:00","dateModified":"2021-04-26T19:36:46+00:00","breadcrumb":{"@id":"https:\/\/armonianaturaldietshop.com\/en\/product\/ginkgo-biloba-60mg-120-tabletas\/#breadcrumb"},"inLanguage":"en-US","potentialAction":[{"@type":"ReadAction","target":["https:\/\/armonianaturaldietshop.com\/en\/product\/ginkgo-biloba-60mg-120-tabletas\/"]}]},{"@type":"BreadcrumbList","@id":"https:\/\/armonianaturaldietshop.com\/en\/product\/ginkgo-biloba-60mg-120-tabletas\/#breadcrumb","itemListElement":[{"@type":"ListItem","position":1,"name":"Home","item":"https:\/\/armonianaturaldietshop.com\/en\/"},{"@type":"ListItem","position":2,"name":"Shop","item":"https:\/\/armonianaturaldietshop.com\/en\/shop\/"},{"@type":"ListItem","position":3,"name":"Ginkgo Biloba 60mg \u00a0120 tabletas"}]}]}},"_links":{"self":[{"href":"https:\/\/armonianaturaldietshop.com\/en\/wp-json\/wp\/v2\/product\/1896"}],"collection":[{"href":"https:\/\/armonianaturaldietshop.com\/en\/wp-json\/wp\/v2\/product"}],"about":[{"href":"https:\/\/armonianaturaldietshop.com\/en\/wp-json\/wp\/v2\/types\/product"}],"replies":[{"embeddable":true,"href":"https:\/\/armonianaturaldietshop.com\/en\/wp-json\/wp\/v2\/comments?post=1896"}],"wp:featuredmedia":[{"embeddable":true,"href":"https:\/\/armonianaturaldietshop.com\/en\/wp-json\/wp\/v2\/media\/1579"}],"wp:attachment":[{"href":"https:\/\/armonianaturaldietshop.com\/en\/wp-json\/wp\/v2\/media?parent=1896"}],"wp:term":[{"taxonomy":"product_cat","embeddable":true,"href":"https:\/\/armonianaturaldietshop.com\/en\/wp-json\/wp\/v2\/product_cat?post=1896"},{"taxonomy":"product_tag","embeddable":true,"href":"https:\/\/armonianaturaldietshop.com\/en\/wp-json\/wp\/v2\/product_tag?post=1896"}],"curies":[{"name":"wp","href":"https:\/\/api.w.org\/{rel}","templated":true}]}}