{"id":2401,"date":"2018-07-13T22:56:54","date_gmt":"2018-07-13T22:56:54","guid":{"rendered":"http:\/\/armonianaturaldietshop.com\/product\/calcium-magnesium-zinc-100-caps\/"},"modified":"2021-03-29T19:42:22","modified_gmt":"2021-03-29T19:42:22","slug":"calcium-magnesium-zinc-100-caps","status":"publish","type":"product","link":"https:\/\/armonianaturaldietshop.com\/en\/product\/calcium-magnesium-zinc-100-caps\/","title":{"rendered":"Calcium Magnesium zinc100 Caps"},"content":{"rendered":"<h1><\/h1>\n<h1><span style=\"font-size: 14pt; font-family: helvetica;\">Calcium Magnesium zinc100 Caps Es una combinaci\u00f3n de nutrientes necesaria para el organismo, ya que en primera instancia el magnesio es el elemento que permite la <a href=\"https:\/\/saludsinmas.com\/nutricion\/asimilacion-de-los-alimentos\/\">asimilaci\u00f3n<\/a> del calcio, fosforo y vitaminas en los seres humanos. Sin un contenido de magnesio en nuestra dieta, es muy probable que enfermedades como la osteoporosis o diversos tipos de c\u00e1ncer invadan y afecten nuestro organismo.<\/span><\/h1>\n<h2><span style=\"font-size: 14pt; font-family: helvetica;\"><span style=\"font-family: helvetica; font-size: 18.6667px;\">El magnesio,\u00a0es un electrolito que se encuentra en abundancia en las c\u00e9lulas, y juega un rol importante en varias funciones celulares como la transferencia de energ\u00eda y el metabolismo de las <a href=\"https:\/\/armonianaturaldietshop.com\/en\/product\/biotin-900-mcg\/\">prote\u00ednas<\/a>, los carbohidratos y las grasas. El magnesio tambi\u00e9n ayuda a mantener una funci\u00f3n de membrana celular normal, una presi\u00f3n sangu\u00ednea baja y a alterar la resistencia vascular perif\u00e9rica. Seg\u00fan la University of Maryland Medical Center, cualquier anomal\u00eda en los niveles de magnesio de tu cuerpo puede causar disturbios en casi cualquier sistema org\u00e1nico, incluyendo el coraz\u00f3n, lo cual puede llevar a complicaciones fatales potenciales.<\/span><\/span><\/h2>\n<p><span style=\"font-size: 14pt; font-family: helvetica;\">El\u00a0calcio,\u00a0por otro lado,\u00a0es el mineral m\u00e1s abundante en el organismo humano.\u00a0Si bien el 99% de \u00e9ste se encuentra en huesos y dientes, el resto se halla en los tejidos corporales, las neuronas y la sangre, participando en los procesos m\u00e1s importantes de nuestra vida.<\/span><\/p>\n<p><span style=\"font-size: 14pt; font-family: helvetica;\">El zinc,\u00a0tambi\u00e9n se encuentra en cada c\u00e9lula de tu cuerpo y es un mineral importante para un sistema inmunol\u00f3gico saludable. El zinc es un antioxidante, y como tal, ayuda a proteger tus c\u00e9lulas corporales de radicales libres. Los radicales libres son sustancias da\u00f1inas que pueden contribuir a los procesos de avejentamiento y de enfermedades. Como lo declarado por la University of Maryland Medical Center, las deficiencias de zinc no son poco comunes y pueden ser m\u00e1s frecuentes en ancianos, alcoh\u00f3licos, anor\u00e9xicos y en personas con dietas restrictivas o con ciertas enfermedades que perjudican la absorci\u00f3n de nutrientes. Los bajos niveles de zinc pueden manifestarse con p\u00e9rdida del apetito, un crecimiento pobre, p\u00e9rdida de peso, un pobre saneamiento de heridas, p\u00e9rdida de pelo y depresi\u00f3n.<\/span><\/p>\n<p><strong><span style=\"font-size: 14pt; font-family: helvetica;\">Calcium Magnesium zinc100 Caps Principales Beneficios:<\/span><\/strong><\/p>\n<ul style=\"margin-top: 0cm;\">\n<li><span style=\"font-size: 14pt; font-family: helvetica;\">Previene las fracturas.<\/span><\/li>\n<li><span style=\"font-size: 14pt; font-family: helvetica;\">Ayuda a prevenir la artrosis y osteoporosis y enfermedades.<\/span><\/li>\n<li><span style=\"font-size: 14pt; font-family: helvetica;\">Mejora el sistema muscular, ya que el Calcio interviene en las contracciones musculares, y adem\u00e1s en conjunto con el magnesio interviene en la prevenci\u00f3n de calambres.<\/span><\/li>\n<li><span style=\"font-size: 14pt; font-family: helvetica;\">Interviene en el normal funcionamiento de los nervios, en la coagulaci\u00f3n sangu\u00ednea y en el sistema inmunol\u00f3gico.<\/span><\/li>\n<li><span style=\"font-size: 14pt; font-family: helvetica;\">El 97 al 99% del Calcio de nuestro organismo se utiliza para la construcci\u00f3n de nuestros huesos, mientras que el 1% se utiliza para el resto de las funciones descriptas precedentemente.<\/span><\/li>\n<li><span style=\"font-size: 14pt; font-family: helvetica;\">Ayuda a mantener huesos fuertes y dientes sanos.<\/span><\/li>\n<li><span style=\"font-size: 14pt; font-family: helvetica;\">Ayuda en las contracciones musculares y los impulsos nerviosos.<\/span><\/li>\n<li><span style=\"font-size: 14pt; font-family: helvetica;\">Para quienes deben prevenir osteoporosis; las mujeres entre 35 a \u00a050 a\u00f1os necesitar\u00edan m\u00ednimo 2 tabletas de Calcio y Magnesio por d\u00eda, y las mayores de 50 a\u00f1os: tres tabletas por d\u00eda. Por supuesto que cada caso es particular y\u00a0la suplementaci\u00f3n depende tambi\u00e9n de la evaluaci\u00f3n cl\u00ednica y densitometr\u00eda \u00f3sea, entre otros factores.<\/span><\/li>\n<\/ul>\n","protected":false},"excerpt":{"rendered":"<p>Calcium Magnesium &amp; Zinc son minerales esenciales que el cuerpo requiere para funcionar apropiadamente y para una buena salud. Estos tres nutrientes suelen combinarse en suplementos para sus roles interrelacionados. Una dieta saludable y bien balanceada deber\u00eda proveer todos tus requerimientos minerales y vitam\u00ednicos. Sin embargo, tomar suplementos es a a veces necesario y puede proveer los nutrientes que faltan en una dieta deficiente.<\/p>\n","protected":false},"featured_media":2337,"comment_status":"open","ping_status":"closed","template":"","meta":[],"product_cat":[34],"product_tag":[],"acf":[],"yoast_head":"<!-- This site is optimized with the Yoast SEO plugin v18.5.1 - https:\/\/yoast.com\/wordpress\/plugins\/seo\/ -->\n<title>Calcium Magnesium zinc100 Caps - Armonia Natural Diet Shop<\/title>\n<meta name=\"description\" content=\"Calcium Magnesium zinc100 Caps Es una combinaci\u00f3n de nutrientes necesaria para el organismo, que permite buena asimilaci\u00f3n.\" \/>\n<meta name=\"robots\" content=\"index, follow, max-snippet:-1, max-image-preview:large, max-video-preview:-1\" \/>\n<link rel=\"canonical\" href=\"https:\/\/armonianaturaldietshop.com\/en\/product\/calcium-magnesium-zinc-100-caps\/\" \/>\n<meta property=\"og:locale\" content=\"en_US\" \/>\n<meta property=\"og:type\" content=\"article\" \/>\n<meta property=\"og:title\" content=\"Calcium Magnesium zinc100 Caps - Armonia Natural Diet Shop\" \/>\n<meta property=\"og:description\" content=\"Calcium Magnesium zinc100 Caps Es una combinaci\u00f3n de nutrientes necesaria para el organismo, que permite buena asimilaci\u00f3n.\" \/>\n<meta property=\"og:url\" content=\"https:\/\/armonianaturaldietshop.com\/en\/product\/calcium-magnesium-zinc-100-caps\/\" \/>\n<meta property=\"og:site_name\" content=\"Armonia Natural Diet Shop\" \/>\n<meta property=\"article:publisher\" content=\"https:\/\/www.facebook.com\/ArmoniaNaturalDietShop\/\" \/>\n<meta property=\"article:modified_time\" content=\"2021-03-29T19:42:22+00:00\" \/>\n<meta property=\"og:image\" content=\"https:\/\/armonianaturaldietshop.com\/wp-content\/uploads\/2018\/07\/1158.jpg\" \/>\n\t<meta property=\"og:image:width\" content=\"768\" \/>\n\t<meta property=\"og:image:height\" content=\"768\" \/>\n\t<meta property=\"og:image:type\" content=\"image\/jpeg\" \/>\n<meta name=\"twitter:card\" content=\"summary_large_image\" \/>\n<meta name=\"twitter:label1\" content=\"Est. reading time\" \/>\n\t<meta name=\"twitter:data1\" content=\"3 minutes\" \/>\n<script type=\"application\/ld+json\" class=\"yoast-schema-graph\">{\"@context\":\"https:\/\/schema.org\",\"@graph\":[{\"@type\":\"Organization\",\"@id\":\"https:\/\/armonianaturaldietshop.com\/#organization\",\"name\":\"Armonia Natural Diet Shop\",\"url\":\"https:\/\/armonianaturaldietshop.com\/\",\"sameAs\":[\"https:\/\/www.facebook.com\/ArmoniaNaturalDietShop\/\",\"https:\/\/www.instagram.com\/armonia.natural\/?hl=en\"],\"logo\":{\"@type\":\"ImageObject\",\"@id\":\"https:\/\/armonianaturaldietshop.com\/#logo\",\"inLanguage\":\"en-US\",\"url\":\"https:\/\/armonianaturaldietshop.com\/wp-content\/uploads\/2018\/01\/top-banner-1.png\",\"contentUrl\":\"https:\/\/armonianaturaldietshop.com\/wp-content\/uploads\/2018\/01\/top-banner-1.png\",\"width\":369,\"height\":116,\"caption\":\"Armonia Natural Diet Shop\"},\"image\":{\"@id\":\"https:\/\/armonianaturaldietshop.com\/#logo\"}},{\"@type\":\"WebSite\",\"@id\":\"https:\/\/armonianaturaldietshop.com\/#website\",\"url\":\"https:\/\/armonianaturaldietshop.com\/\",\"name\":\"Armonia Natural Diet Shop\",\"description\":\"Otro sitio realizado con WordPress\",\"publisher\":{\"@id\":\"https:\/\/armonianaturaldietshop.com\/#organization\"},\"potentialAction\":[{\"@type\":\"SearchAction\",\"target\":{\"@type\":\"EntryPoint\",\"urlTemplate\":\"https:\/\/armonianaturaldietshop.com\/?s={search_term_string}\"},\"query-input\":\"required name=search_term_string\"}],\"inLanguage\":\"en-US\"},{\"@type\":\"ImageObject\",\"@id\":\"https:\/\/armonianaturaldietshop.com\/en\/product\/calcium-magnesium-zinc-100-caps\/#primaryimage\",\"inLanguage\":\"en-US\",\"url\":\"https:\/\/armonianaturaldietshop.com\/wp-content\/uploads\/2018\/07\/1158.jpg\",\"contentUrl\":\"https:\/\/armonianaturaldietshop.com\/wp-content\/uploads\/2018\/07\/1158.jpg\",\"width\":768,\"height\":768},{\"@type\":\"WebPage\",\"@id\":\"https:\/\/armonianaturaldietshop.com\/en\/product\/calcium-magnesium-zinc-100-caps\/#webpage\",\"url\":\"https:\/\/armonianaturaldietshop.com\/en\/product\/calcium-magnesium-zinc-100-caps\/\",\"name\":\"Calcium Magnesium zinc100 Caps - Armonia Natural Diet Shop\",\"isPartOf\":{\"@id\":\"https:\/\/armonianaturaldietshop.com\/#website\"},\"primaryImageOfPage\":{\"@id\":\"https:\/\/armonianaturaldietshop.com\/en\/product\/calcium-magnesium-zinc-100-caps\/#primaryimage\"},\"datePublished\":\"2018-07-13T22:56:54+00:00\",\"dateModified\":\"2021-03-29T19:42:22+00:00\",\"description\":\"Calcium Magnesium zinc100 Caps Es una combinaci\u00f3n de nutrientes necesaria para el organismo, que permite buena asimilaci\u00f3n.\",\"breadcrumb\":{\"@id\":\"https:\/\/armonianaturaldietshop.com\/en\/product\/calcium-magnesium-zinc-100-caps\/#breadcrumb\"},\"inLanguage\":\"en-US\",\"potentialAction\":[{\"@type\":\"ReadAction\",\"target\":[\"https:\/\/armonianaturaldietshop.com\/en\/product\/calcium-magnesium-zinc-100-caps\/\"]}]},{\"@type\":\"BreadcrumbList\",\"@id\":\"https:\/\/armonianaturaldietshop.com\/en\/product\/calcium-magnesium-zinc-100-caps\/#breadcrumb\",\"itemListElement\":[{\"@type\":\"ListItem\",\"position\":1,\"name\":\"Home\",\"item\":\"https:\/\/armonianaturaldietshop.com\/en\/\"},{\"@type\":\"ListItem\",\"position\":2,\"name\":\"Shop\",\"item\":\"https:\/\/armonianaturaldietshop.com\/en\/shop\/\"},{\"@type\":\"ListItem\",\"position\":3,\"name\":\"Calcium Magnesium zinc100 Caps\"}]}]}<\/script>\n<!-- \/ Yoast SEO plugin. -->","yoast_head_json":{"title":"Calcium Magnesium zinc100 Caps - Armonia Natural Diet Shop","description":"Calcium Magnesium zinc100 Caps Es una combinaci\u00f3n de nutrientes necesaria para el organismo, que permite buena asimilaci\u00f3n.","robots":{"index":"index","follow":"follow","max-snippet":"max-snippet:-1","max-image-preview":"max-image-preview:large","max-video-preview":"max-video-preview:-1"},"canonical":"https:\/\/armonianaturaldietshop.com\/en\/product\/calcium-magnesium-zinc-100-caps\/","og_locale":"en_US","og_type":"article","og_title":"Calcium Magnesium zinc100 Caps - Armonia Natural Diet Shop","og_description":"Calcium Magnesium zinc100 Caps Es una combinaci\u00f3n de nutrientes necesaria para el organismo, que permite buena asimilaci\u00f3n.","og_url":"https:\/\/armonianaturaldietshop.com\/en\/product\/calcium-magnesium-zinc-100-caps\/","og_site_name":"Armonia Natural Diet Shop","article_publisher":"https:\/\/www.facebook.com\/ArmoniaNaturalDietShop\/","article_modified_time":"2021-03-29T19:42:22+00:00","og_image":[{"width":768,"height":768,"url":"https:\/\/armonianaturaldietshop.com\/wp-content\/uploads\/2018\/07\/1158.jpg","type":"image\/jpeg"}],"twitter_card":"summary_large_image","twitter_misc":{"Est. reading time":"3 minutes"},"schema":{"@context":"https:\/\/schema.org","@graph":[{"@type":"Organization","@id":"https:\/\/armonianaturaldietshop.com\/#organization","name":"Armonia Natural Diet Shop","url":"https:\/\/armonianaturaldietshop.com\/","sameAs":["https:\/\/www.facebook.com\/ArmoniaNaturalDietShop\/","https:\/\/www.instagram.com\/armonia.natural\/?hl=en"],"logo":{"@type":"ImageObject","@id":"https:\/\/armonianaturaldietshop.com\/#logo","inLanguage":"en-US","url":"https:\/\/armonianaturaldietshop.com\/wp-content\/uploads\/2018\/01\/top-banner-1.png","contentUrl":"https:\/\/armonianaturaldietshop.com\/wp-content\/uploads\/2018\/01\/top-banner-1.png","width":369,"height":116,"caption":"Armonia Natural Diet Shop"},"image":{"@id":"https:\/\/armonianaturaldietshop.com\/#logo"}},{"@type":"WebSite","@id":"https:\/\/armonianaturaldietshop.com\/#website","url":"https:\/\/armonianaturaldietshop.com\/","name":"Armonia Natural Diet Shop","description":"Otro sitio realizado con WordPress","publisher":{"@id":"https:\/\/armonianaturaldietshop.com\/#organization"},"potentialAction":[{"@type":"SearchAction","target":{"@type":"EntryPoint","urlTemplate":"https:\/\/armonianaturaldietshop.com\/?s={search_term_string}"},"query-input":"required name=search_term_string"}],"inLanguage":"en-US"},{"@type":"ImageObject","@id":"https:\/\/armonianaturaldietshop.com\/en\/product\/calcium-magnesium-zinc-100-caps\/#primaryimage","inLanguage":"en-US","url":"https:\/\/armonianaturaldietshop.com\/wp-content\/uploads\/2018\/07\/1158.jpg","contentUrl":"https:\/\/armonianaturaldietshop.com\/wp-content\/uploads\/2018\/07\/1158.jpg","width":768,"height":768},{"@type":"WebPage","@id":"https:\/\/armonianaturaldietshop.com\/en\/product\/calcium-magnesium-zinc-100-caps\/#webpage","url":"https:\/\/armonianaturaldietshop.com\/en\/product\/calcium-magnesium-zinc-100-caps\/","name":"Calcium Magnesium zinc100 Caps - Armonia Natural Diet Shop","isPartOf":{"@id":"https:\/\/armonianaturaldietshop.com\/#website"},"primaryImageOfPage":{"@id":"https:\/\/armonianaturaldietshop.com\/en\/product\/calcium-magnesium-zinc-100-caps\/#primaryimage"},"datePublished":"2018-07-13T22:56:54+00:00","dateModified":"2021-03-29T19:42:22+00:00","description":"Calcium Magnesium zinc100 Caps Es una combinaci\u00f3n de nutrientes necesaria para el organismo, que permite buena asimilaci\u00f3n.","breadcrumb":{"@id":"https:\/\/armonianaturaldietshop.com\/en\/product\/calcium-magnesium-zinc-100-caps\/#breadcrumb"},"inLanguage":"en-US","potentialAction":[{"@type":"ReadAction","target":["https:\/\/armonianaturaldietshop.com\/en\/product\/calcium-magnesium-zinc-100-caps\/"]}]},{"@type":"BreadcrumbList","@id":"https:\/\/armonianaturaldietshop.com\/en\/product\/calcium-magnesium-zinc-100-caps\/#breadcrumb","itemListElement":[{"@type":"ListItem","position":1,"name":"Home","item":"https:\/\/armonianaturaldietshop.com\/en\/"},{"@type":"ListItem","position":2,"name":"Shop","item":"https:\/\/armonianaturaldietshop.com\/en\/shop\/"},{"@type":"ListItem","position":3,"name":"Calcium Magnesium zinc100 Caps"}]}]}},"_links":{"self":[{"href":"https:\/\/armonianaturaldietshop.com\/en\/wp-json\/wp\/v2\/product\/2401"}],"collection":[{"href":"https:\/\/armonianaturaldietshop.com\/en\/wp-json\/wp\/v2\/product"}],"about":[{"href":"https:\/\/armonianaturaldietshop.com\/en\/wp-json\/wp\/v2\/types\/product"}],"replies":[{"embeddable":true,"href":"https:\/\/armonianaturaldietshop.com\/en\/wp-json\/wp\/v2\/comments?post=2401"}],"wp:featuredmedia":[{"embeddable":true,"href":"https:\/\/armonianaturaldietshop.com\/en\/wp-json\/wp\/v2\/media\/2337"}],"wp:attachment":[{"href":"https:\/\/armonianaturaldietshop.com\/en\/wp-json\/wp\/v2\/media?parent=2401"}],"wp:term":[{"taxonomy":"product_cat","embeddable":true,"href":"https:\/\/armonianaturaldietshop.com\/en\/wp-json\/wp\/v2\/product_cat?post=2401"},{"taxonomy":"product_tag","embeddable":true,"href":"https:\/\/armonianaturaldietshop.com\/en\/wp-json\/wp\/v2\/product_tag?post=2401"}],"curies":[{"name":"wp","href":"https:\/\/api.w.org\/{rel}","templated":true}]}}