{"id":2402,"date":"2018-07-13T22:56:54","date_gmt":"2018-07-13T22:56:54","guid":{"rendered":"http:\/\/armonianaturaldietshop.com\/product\/calcium-gel-60-softgels\/"},"modified":"2021-03-29T21:36:40","modified_gmt":"2021-03-29T21:36:40","slug":"calcium-gel-60-softgels","status":"publish","type":"product","link":"https:\/\/armonianaturaldietshop.com\/en\/product\/calcium-gel-60-softgels\/","title":{"rendered":"Calcium Gel 60 softgels"},"content":{"rendered":"<p>&nbsp;<\/p>\n<h1><span style=\"font-family: helvetica; font-size: 14pt;\">Calcium Gel 60 softgels, El calcio tiene una funci\u00f3n indispensable, para que el cuerpo humano estabilice la homeostasis, que son los fen\u00f3menos de regulaci\u00f3n que equilibran los l\u00edquidos y sustancias diversas en el cuerpo. Junto con el fosforo y potasio, el calcio constituye el material de los <a href=\"https:\/\/medlineplus.gov\/spanish\/ency\/article\/002412.htm\">huesos<\/a> contribuyendo directamente en el buen funcionamiento del organismo.<\/span><\/h1>\n<h2><span style=\"font-family: helvetica; font-size: 14pt;\">Calcium Gel 60 softgels ,Este suplemento, aporta el mineral con mayor presencia en el organismo y el cuarto componente del cuerpo despu\u00e9s del agua, las prote\u00ednas y grasas. Tambi\u00e9n participa en la coagulaci\u00f3n, en la correcta permeabilidad de las membranas y muy importante como regulador nervioso y neuromuscular, modulando la contracci\u00f3n muscular (incluida la frecuencia card\u00edaca), la absorci\u00f3n y secreci\u00f3n intestinal y la liberaci\u00f3n de hormonas. El Calcio es esencial para el crecimiento y la formaci\u00f3n de hueso nuevo y para mantener la <a href=\"https:\/\/armonianaturaldietshop.com\/en\/product\/biotin-10-000mcg\/\">fortaleza<\/a> y la densidad de los huesos. Ayuda en el tratamiento y la prevenci\u00f3n de la osteopenia y la osteoporosis.<\/span><\/h2>\n<p><strong><span style=\"font-family: helvetica; font-size: 14pt;\">Principales Beneficios:<\/span><\/strong><\/p>\n<ul style=\"margin-top: 0cm;\">\n<li><span style=\"font-family: helvetica; font-size: 14pt;\">LA administraci\u00f3n de calcio, disminuye las probabilidades de contraer c\u00e1ncer de colon.<\/span><\/li>\n<li><span style=\"font-family: helvetica; font-size: 14pt;\">Una ingesta apropiada de calcio, ayuda a controlar las enfermedades circulatorias.<\/span><\/li>\n<li><span style=\"font-family: helvetica; font-size: 14pt;\">Nos protege de la osteoporosis (formaci\u00f3n anormal dentro del hueso) y es \u00fatil en su tratamiento.<\/span><\/li>\n<li><span style=\"font-family: helvetica; font-size: 14pt;\">Ayuda a disminuir el colesterol previniendo las enfermedades cardiovasculares.<\/span><\/li>\n<li><span style=\"font-family: helvetica; font-size: 14pt;\">Participa en la transmisi\u00f3n y regulaci\u00f3n del impulso nervioso e interviene en la permeabilidad de la membrana. Resulta tambi\u00e9n efectiva en la esquizofrenia histad\u00e9lica.<\/span><\/li>\n<li><span style=\"font-family: helvetica; font-size: 14pt;\">El calcio es necesario para la formaci\u00f3n de co\u00e1gulos sangu\u00edneos, y mantiene la piel en buen estado y salud.<\/span><\/li>\n<li><span style=\"font-family: helvetica; font-size: 14pt;\">Contiene vitamina D3 para mejorar la absorci\u00f3n del Calcio.<\/span><\/li>\n<li><span style=\"font-family: helvetica; font-size: 14pt;\">Mejora la salud \u00f3sea.<\/span><\/li>\n<li><span style=\"font-family: helvetica; font-size: 14pt;\">Fuente natural de calcio.<\/span><\/li>\n<li><span style=\"font-family: helvetica; font-size: 14pt;\">Participan en la coagulaci\u00f3n de la sangre.<\/span><\/li>\n<li><span style=\"font-family: helvetica; font-size: 14pt;\">Necesario para la permeabilidad de las membranas celulares.<\/span><\/li>\n<li><span style=\"font-family: helvetica; font-size: 14pt;\">Preservar la salud de los huesos.<\/span><\/li>\n<li><span style=\"font-family: helvetica; font-size: 14pt;\">El calcio contribuye a que las heridas puedan cicatrizar mucho mejor.<\/span><\/li>\n<li><span style=\"font-family: helvetica; font-size: 14pt;\">La administraci\u00f3n de calcio todos los d\u00edas, ayuda a manejar los niveles altos de hipertensi\u00f3n arterial.<\/span><\/li>\n<\/ul>\n","protected":false},"excerpt":{"rendered":"<p>El calcio tiene una funci\u00f3n indispensable, para que el cuerpo humano estabilice la homeostasis, que son los fen\u00f3menos de regulaci\u00f3n que equilibran los l\u00edquidos y sustancias diversas en el cuerpo. Junto con el fosforo y potasio, el calcio constituye el material de los huesos contribuyendo directamente en el buen funcionamiento del organismo.<\/p>\n","protected":false},"featured_media":2339,"comment_status":"open","ping_status":"closed","template":"","meta":[],"product_cat":[34],"product_tag":[],"acf":[],"yoast_head":"<!-- This site is optimized with the Yoast SEO plugin v18.5.1 - https:\/\/yoast.com\/wordpress\/plugins\/seo\/ -->\n<title>Calcium Gel 60 softgels - Armonia Natural Diet Shop<\/title>\n<meta name=\"description\" content=\"Calcium Gel 60 softgels El calcio es un mineral presente en muchos alimentos. El cuerpo necesita el calcio para mantener los huesos fuertes.\" \/>\n<meta name=\"robots\" content=\"index, follow, max-snippet:-1, max-image-preview:large, max-video-preview:-1\" \/>\n<link rel=\"canonical\" href=\"https:\/\/armonianaturaldietshop.com\/en\/product\/calcium-gel-60-softgels\/\" \/>\n<meta property=\"og:locale\" content=\"en_US\" \/>\n<meta property=\"og:type\" content=\"article\" \/>\n<meta property=\"og:title\" content=\"Calcium Gel 60 softgels - Armonia Natural Diet Shop\" \/>\n<meta property=\"og:description\" content=\"Calcium Gel 60 softgels El calcio es un mineral presente en muchos alimentos. El cuerpo necesita el calcio para mantener los huesos fuertes.\" \/>\n<meta property=\"og:url\" content=\"https:\/\/armonianaturaldietshop.com\/en\/product\/calcium-gel-60-softgels\/\" \/>\n<meta property=\"og:site_name\" content=\"Armonia Natural Diet Shop\" \/>\n<meta property=\"article:publisher\" content=\"https:\/\/www.facebook.com\/ArmoniaNaturalDietShop\/\" \/>\n<meta property=\"article:modified_time\" content=\"2021-03-29T21:36:40+00:00\" \/>\n<meta property=\"og:image\" content=\"https:\/\/armonianaturaldietshop.com\/wp-content\/uploads\/2018\/07\/1156.png\" \/>\n\t<meta property=\"og:image:width\" content=\"768\" \/>\n\t<meta property=\"og:image:height\" content=\"768\" \/>\n\t<meta property=\"og:image:type\" content=\"image\/png\" \/>\n<meta name=\"twitter:card\" content=\"summary_large_image\" \/>\n<meta name=\"twitter:label1\" content=\"Est. reading time\" \/>\n\t<meta name=\"twitter:data1\" content=\"2 minutes\" \/>\n<script type=\"application\/ld+json\" class=\"yoast-schema-graph\">{\"@context\":\"https:\/\/schema.org\",\"@graph\":[{\"@type\":\"Organization\",\"@id\":\"https:\/\/armonianaturaldietshop.com\/#organization\",\"name\":\"Armonia Natural Diet Shop\",\"url\":\"https:\/\/armonianaturaldietshop.com\/\",\"sameAs\":[\"https:\/\/www.facebook.com\/ArmoniaNaturalDietShop\/\",\"https:\/\/www.instagram.com\/armonia.natural\/?hl=en\"],\"logo\":{\"@type\":\"ImageObject\",\"@id\":\"https:\/\/armonianaturaldietshop.com\/#logo\",\"inLanguage\":\"en-US\",\"url\":\"https:\/\/armonianaturaldietshop.com\/wp-content\/uploads\/2018\/01\/top-banner-1.png\",\"contentUrl\":\"https:\/\/armonianaturaldietshop.com\/wp-content\/uploads\/2018\/01\/top-banner-1.png\",\"width\":369,\"height\":116,\"caption\":\"Armonia Natural Diet Shop\"},\"image\":{\"@id\":\"https:\/\/armonianaturaldietshop.com\/#logo\"}},{\"@type\":\"WebSite\",\"@id\":\"https:\/\/armonianaturaldietshop.com\/#website\",\"url\":\"https:\/\/armonianaturaldietshop.com\/\",\"name\":\"Armonia Natural Diet Shop\",\"description\":\"Otro sitio realizado con WordPress\",\"publisher\":{\"@id\":\"https:\/\/armonianaturaldietshop.com\/#organization\"},\"potentialAction\":[{\"@type\":\"SearchAction\",\"target\":{\"@type\":\"EntryPoint\",\"urlTemplate\":\"https:\/\/armonianaturaldietshop.com\/?s={search_term_string}\"},\"query-input\":\"required name=search_term_string\"}],\"inLanguage\":\"en-US\"},{\"@type\":\"ImageObject\",\"@id\":\"https:\/\/armonianaturaldietshop.com\/en\/product\/calcium-gel-60-softgels\/#primaryimage\",\"inLanguage\":\"en-US\",\"url\":\"https:\/\/armonianaturaldietshop.com\/wp-content\/uploads\/2018\/07\/1156.png\",\"contentUrl\":\"https:\/\/armonianaturaldietshop.com\/wp-content\/uploads\/2018\/07\/1156.png\",\"width\":768,\"height\":768,\"caption\":\"Calcium Gel 60 softgels\"},{\"@type\":\"WebPage\",\"@id\":\"https:\/\/armonianaturaldietshop.com\/en\/product\/calcium-gel-60-softgels\/#webpage\",\"url\":\"https:\/\/armonianaturaldietshop.com\/en\/product\/calcium-gel-60-softgels\/\",\"name\":\"Calcium Gel 60 softgels - Armonia Natural Diet Shop\",\"isPartOf\":{\"@id\":\"https:\/\/armonianaturaldietshop.com\/#website\"},\"primaryImageOfPage\":{\"@id\":\"https:\/\/armonianaturaldietshop.com\/en\/product\/calcium-gel-60-softgels\/#primaryimage\"},\"datePublished\":\"2018-07-13T22:56:54+00:00\",\"dateModified\":\"2021-03-29T21:36:40+00:00\",\"description\":\"Calcium Gel 60 softgels El calcio es un mineral presente en muchos alimentos. El cuerpo necesita el calcio para mantener los huesos fuertes.\",\"breadcrumb\":{\"@id\":\"https:\/\/armonianaturaldietshop.com\/en\/product\/calcium-gel-60-softgels\/#breadcrumb\"},\"inLanguage\":\"en-US\",\"potentialAction\":[{\"@type\":\"ReadAction\",\"target\":[\"https:\/\/armonianaturaldietshop.com\/en\/product\/calcium-gel-60-softgels\/\"]}]},{\"@type\":\"BreadcrumbList\",\"@id\":\"https:\/\/armonianaturaldietshop.com\/en\/product\/calcium-gel-60-softgels\/#breadcrumb\",\"itemListElement\":[{\"@type\":\"ListItem\",\"position\":1,\"name\":\"Home\",\"item\":\"https:\/\/armonianaturaldietshop.com\/en\/\"},{\"@type\":\"ListItem\",\"position\":2,\"name\":\"Shop\",\"item\":\"https:\/\/armonianaturaldietshop.com\/en\/shop\/\"},{\"@type\":\"ListItem\",\"position\":3,\"name\":\"Calcium Gel 60 softgels\"}]}]}<\/script>\n<!-- \/ Yoast SEO plugin. -->","yoast_head_json":{"title":"Calcium Gel 60 softgels - Armonia Natural Diet Shop","description":"Calcium Gel 60 softgels El calcio es un mineral presente en muchos alimentos. El cuerpo necesita el calcio para mantener los huesos fuertes.","robots":{"index":"index","follow":"follow","max-snippet":"max-snippet:-1","max-image-preview":"max-image-preview:large","max-video-preview":"max-video-preview:-1"},"canonical":"https:\/\/armonianaturaldietshop.com\/en\/product\/calcium-gel-60-softgels\/","og_locale":"en_US","og_type":"article","og_title":"Calcium Gel 60 softgels - Armonia Natural Diet Shop","og_description":"Calcium Gel 60 softgels El calcio es un mineral presente en muchos alimentos. El cuerpo necesita el calcio para mantener los huesos fuertes.","og_url":"https:\/\/armonianaturaldietshop.com\/en\/product\/calcium-gel-60-softgels\/","og_site_name":"Armonia Natural Diet Shop","article_publisher":"https:\/\/www.facebook.com\/ArmoniaNaturalDietShop\/","article_modified_time":"2021-03-29T21:36:40+00:00","og_image":[{"width":768,"height":768,"url":"https:\/\/armonianaturaldietshop.com\/wp-content\/uploads\/2018\/07\/1156.png","type":"image\/png"}],"twitter_card":"summary_large_image","twitter_misc":{"Est. reading time":"2 minutes"},"schema":{"@context":"https:\/\/schema.org","@graph":[{"@type":"Organization","@id":"https:\/\/armonianaturaldietshop.com\/#organization","name":"Armonia Natural Diet Shop","url":"https:\/\/armonianaturaldietshop.com\/","sameAs":["https:\/\/www.facebook.com\/ArmoniaNaturalDietShop\/","https:\/\/www.instagram.com\/armonia.natural\/?hl=en"],"logo":{"@type":"ImageObject","@id":"https:\/\/armonianaturaldietshop.com\/#logo","inLanguage":"en-US","url":"https:\/\/armonianaturaldietshop.com\/wp-content\/uploads\/2018\/01\/top-banner-1.png","contentUrl":"https:\/\/armonianaturaldietshop.com\/wp-content\/uploads\/2018\/01\/top-banner-1.png","width":369,"height":116,"caption":"Armonia Natural Diet Shop"},"image":{"@id":"https:\/\/armonianaturaldietshop.com\/#logo"}},{"@type":"WebSite","@id":"https:\/\/armonianaturaldietshop.com\/#website","url":"https:\/\/armonianaturaldietshop.com\/","name":"Armonia Natural Diet Shop","description":"Otro sitio realizado con WordPress","publisher":{"@id":"https:\/\/armonianaturaldietshop.com\/#organization"},"potentialAction":[{"@type":"SearchAction","target":{"@type":"EntryPoint","urlTemplate":"https:\/\/armonianaturaldietshop.com\/?s={search_term_string}"},"query-input":"required name=search_term_string"}],"inLanguage":"en-US"},{"@type":"ImageObject","@id":"https:\/\/armonianaturaldietshop.com\/en\/product\/calcium-gel-60-softgels\/#primaryimage","inLanguage":"en-US","url":"https:\/\/armonianaturaldietshop.com\/wp-content\/uploads\/2018\/07\/1156.png","contentUrl":"https:\/\/armonianaturaldietshop.com\/wp-content\/uploads\/2018\/07\/1156.png","width":768,"height":768,"caption":"Calcium Gel 60 softgels"},{"@type":"WebPage","@id":"https:\/\/armonianaturaldietshop.com\/en\/product\/calcium-gel-60-softgels\/#webpage","url":"https:\/\/armonianaturaldietshop.com\/en\/product\/calcium-gel-60-softgels\/","name":"Calcium Gel 60 softgels - Armonia Natural Diet Shop","isPartOf":{"@id":"https:\/\/armonianaturaldietshop.com\/#website"},"primaryImageOfPage":{"@id":"https:\/\/armonianaturaldietshop.com\/en\/product\/calcium-gel-60-softgels\/#primaryimage"},"datePublished":"2018-07-13T22:56:54+00:00","dateModified":"2021-03-29T21:36:40+00:00","description":"Calcium Gel 60 softgels El calcio es un mineral presente en muchos alimentos. El cuerpo necesita el calcio para mantener los huesos fuertes.","breadcrumb":{"@id":"https:\/\/armonianaturaldietshop.com\/en\/product\/calcium-gel-60-softgels\/#breadcrumb"},"inLanguage":"en-US","potentialAction":[{"@type":"ReadAction","target":["https:\/\/armonianaturaldietshop.com\/en\/product\/calcium-gel-60-softgels\/"]}]},{"@type":"BreadcrumbList","@id":"https:\/\/armonianaturaldietshop.com\/en\/product\/calcium-gel-60-softgels\/#breadcrumb","itemListElement":[{"@type":"ListItem","position":1,"name":"Home","item":"https:\/\/armonianaturaldietshop.com\/en\/"},{"@type":"ListItem","position":2,"name":"Shop","item":"https:\/\/armonianaturaldietshop.com\/en\/shop\/"},{"@type":"ListItem","position":3,"name":"Calcium Gel 60 softgels"}]}]}},"_links":{"self":[{"href":"https:\/\/armonianaturaldietshop.com\/en\/wp-json\/wp\/v2\/product\/2402"}],"collection":[{"href":"https:\/\/armonianaturaldietshop.com\/en\/wp-json\/wp\/v2\/product"}],"about":[{"href":"https:\/\/armonianaturaldietshop.com\/en\/wp-json\/wp\/v2\/types\/product"}],"replies":[{"embeddable":true,"href":"https:\/\/armonianaturaldietshop.com\/en\/wp-json\/wp\/v2\/comments?post=2402"}],"wp:featuredmedia":[{"embeddable":true,"href":"https:\/\/armonianaturaldietshop.com\/en\/wp-json\/wp\/v2\/media\/2339"}],"wp:attachment":[{"href":"https:\/\/armonianaturaldietshop.com\/en\/wp-json\/wp\/v2\/media?parent=2402"}],"wp:term":[{"taxonomy":"product_cat","embeddable":true,"href":"https:\/\/armonianaturaldietshop.com\/en\/wp-json\/wp\/v2\/product_cat?post=2402"},{"taxonomy":"product_tag","embeddable":true,"href":"https:\/\/armonianaturaldietshop.com\/en\/wp-json\/wp\/v2\/product_tag?post=2402"}],"curies":[{"name":"wp","href":"https:\/\/api.w.org\/{rel}","templated":true}]}}