{"id":2404,"date":"2018-07-13T22:56:47","date_gmt":"2018-07-13T22:56:47","guid":{"rendered":"http:\/\/armonianaturaldietshop.com\/product\/cranberry-plus-500-mg-x-100-caps\/"},"modified":"2021-03-29T22:01:20","modified_gmt":"2021-03-29T22:01:20","slug":"cranberry-plus-500-mg-x-100-caps","status":"publish","type":"product","link":"https:\/\/armonianaturaldietshop.com\/en\/product\/cranberry-plus-500-mg-x-100-caps\/","title":{"rendered":"Cranberry Plus 500 MG"},"content":{"rendered":"<h1 style=\"margin-bottom: 11.25pt; line-height: normal; background-image: initial; background-position: initial; background-repeat: initial; background-attachment: initial;\"><span style=\"font-family: helvetica; font-size: 14pt;\">Cranberry Plus 500 MG, se ha usado en la medicina alternativa como una ayuda posiblemente eficaz para prevenir s\u00edntomas como dolor o <a href=\"https:\/\/www.healthline.com\/health\/es\/ardor-al-orinar\">ardor<\/a> al orinar. Cranberry no trata las bacterias que causan una infecci\u00f3n de la vejiga.<\/span><\/h1>\n<h2 style=\"margin-bottom: 11.25pt; line-height: normal; background-image: initial; background-position: initial; background-repeat: initial; background-attachment: initial;\"><span style=\"font-family: helvetica; font-size: 14pt;\">Cranberry Plus 500 MG, se produce de la fruta de un arbusto de Am\u00e9rica del Norte que se mantiene verde durante todo el a\u00f1o. Cranberry es \u00e1cido y puede interferir con bacterias no deseadas en la v\u00eda urinaria. Cranberry tambi\u00e9n se cree que act\u00faa como un diur\u00e9tico.<\/span><\/h2>\n<p style=\"margin-bottom: 11.25pt; line-height: 22.5pt; background-image: initial; background-position: initial; background-repeat: initial; background-attachment: initial;\"><span style=\"font-family: helvetica; font-size: 14pt;\"><strong>Cranberry Beneficios:<\/strong><\/span><\/p>\n<p style=\"margin: 0cm 0cm 0.0001pt 18.75pt; text-indent: -18pt; line-height: 15pt; background-image: initial; background-position: initial; background-repeat: initial; background-attachment: initial;\"><span style=\"font-family: helvetica; font-size: 14pt;\">\u00b7<span style=\"line-height: normal;\">\u00a0\u00a0\u00a0\u00a0\u00a0\u00a0\u00a0\u00a0 <\/span>Uno de los principales beneficios de las p\u00edldoras de ar\u00e1ndano es la prevenci\u00f3n de la infecci\u00f3n del <a href=\"https:\/\/armonianaturaldietshop.com\/en\/product\/garcinia-cambogia-extracto-1300mg-w-potasio-calcio-y-hca-60-perdida-de-peso-y-grasa-60-capsulas\/\">tracto<\/a> urinario (UTI, seg\u00fan sus siglas en ingl\u00e9s), que es un problema de salud cr\u00f3nico frecuente entre las mujeres.<\/span><\/p>\n<p style=\"margin: 0cm 0cm 0.0001pt 18.75pt; text-indent: -18pt; line-height: 15pt; background-image: initial; background-position: initial; background-repeat: initial; background-attachment: initial;\"><span style=\"font-family: helvetica; font-size: 14pt;\">\u00b7<span style=\"line-height: normal;\">\u00a0\u00a0\u00a0\u00a0\u00a0\u00a0\u00a0\u00a0 <\/span>Es una buena fuente de Vitamina C.<\/span><\/p>\n<p style=\"margin: 0cm 0cm 0.0001pt 18.75pt; text-indent: -18pt; line-height: 15pt; background-image: initial; background-position: initial; background-repeat: initial; background-attachment: initial;\"><span style=\"font-family: helvetica; font-size: 14pt;\">\u00b7<span style=\"line-height: normal;\">\u00a0\u00a0\u00a0\u00a0\u00a0\u00a0\u00a0\u00a0 <\/span>La ti\u00f1a inguinal, una erupci\u00f3n de la ingle que resulta de una infecci\u00f3n mic\u00f3tica superficial de la piel, es un problema inc\u00f3modo com\u00fan causado por el calor, la humedad, los pliegues h\u00famedos de la piel o la ropa apretada. Las pastillas de<\/span><\/p>\n<p style=\"margin: 0cm 0cm 0.0001pt 18.75pt; text-indent: -18pt; line-height: 15pt; background-image: initial; background-position: initial; background-repeat: initial; background-attachment: initial;\"><span style=\"font-family: helvetica; font-size: 14pt;\">\u00b7<span style=\"line-height: normal;\">\u00a0\u00a0\u00a0\u00a0\u00a0\u00a0\u00a0\u00a0 <\/span>Acidifica la orina para evitar la proliferaci\u00f3n de bacterias.<\/span><\/p>\n<p style=\"margin: 0cm 0cm 0.0001pt 18.75pt; text-indent: -18pt; line-height: 15pt; background-image: initial; background-position: initial; background-repeat: initial; background-attachment: initial;\"><span style=\"font-family: helvetica; font-size: 14pt;\">\u00b7<span style=\"line-height: normal;\">\u00a0\u00a0\u00a0\u00a0\u00a0\u00a0\u00a0\u00a0 <\/span>Los componentes del cranberry pueden evitar que las bacterias aniden en el est\u00f3mago. De tal forma que su consumo protege el est\u00f3mago y los intestinos.<\/span><\/p>\n<p style=\"margin: 0cm 0cm 0.0001pt 18.75pt; text-indent: -18pt; line-height: 15pt; background-image: initial; background-position: initial; background-repeat: initial; background-attachment: initial;\"><span style=\"font-family: helvetica; font-size: 14pt;\">\u00b7<span style=\"line-height: normal;\">\u00a0\u00a0\u00a0\u00a0\u00a0\u00a0\u00a0\u00a0 <\/span>Protege las c\u00e9lulas de los radicales libres, que no solo hacen envejecer, sino que afectan la salud. El envejecimiento prematuro de la piel y otras afecciones como el c\u00e1ncer y las enfermedades cardiacas son consecuencia del da\u00f1o causado por los radicales libres.<\/span><\/p>\n<p style=\"margin: 0cm 0cm 0.0001pt 18.75pt; text-indent: -18pt; line-height: 15pt; background-image: initial; background-position: initial; background-repeat: initial; background-attachment: initial;\"><span style=\"font-family: helvetica; font-size: 14pt;\">\u00b7<span style=\"line-height: normal;\">\u00a0\u00a0\u00a0\u00a0\u00a0\u00a0\u00a0\u00a0 <\/span>Para aumentar los niveles de colesterol bueno (HDL) en la sangre, aportando cantidades de antioxidantes.<\/span><\/p>\n<p style=\"margin: 0cm 0cm 0.0001pt 18.75pt; text-indent: -18pt; line-height: 15pt; background-image: initial; background-position: initial; background-repeat: initial; background-attachment: initial;\"><span style=\"font-family: helvetica; font-size: 14pt;\">\u00b7<span style=\"line-height: normal;\">\u00a0\u00a0\u00a0\u00a0\u00a0\u00a0\u00a0\u00a0 <\/span>Las p\u00edldoras del ar\u00e1ndano son beneficiosas para el lavado de los ri\u00f1ones, lo que reduce el riesgo de c\u00e1lculos renales.<\/span><\/p>\n<p style=\"margin: 0cm 0cm 0.0001pt 18.75pt; text-indent: -18pt; line-height: 15pt; background-image: initial; background-position: initial; background-repeat: initial; background-attachment: initial;\"><span style=\"font-family: helvetica; font-size: 14pt;\">\u00b7<span style=\"line-height: normal;\">\u00a0\u00a0\u00a0\u00a0\u00a0\u00a0\u00a0\u00a0 <\/span>Las p\u00edldoras de ar\u00e1ndano contienen propiedades que inhiben que las bacterias se adhieran a los dientes y las enc\u00edas, lo que reduce el riesgo de la acumulaci\u00f3n de placa y la enfermedad periodontal, de acuerdo con el Nutritional Supplement Educational Centre.<\/span><\/p>\n<p style=\"margin: 0cm 0cm 0.0001pt 18.75pt; text-indent: -18pt; line-height: 15pt; background-image: initial; background-position: initial; background-repeat: initial; background-attachment: initial;\"><span style=\"font-family: helvetica; font-size: 14pt;\">\u00b7<span style=\"line-height: normal;\">\u00a0\u00a0\u00a0\u00a0\u00a0\u00a0\u00a0\u00a0 <\/span>Coadyuvante en el tratamiento de la cistitis.<\/span><\/p>\n<p style=\"margin: 0cm 0cm 0.0001pt 18.75pt; text-indent: -18pt; line-height: 15pt; background-image: initial; background-position: initial; background-repeat: initial; background-attachment: initial;\"><span style=\"font-family: helvetica; font-size: 14pt;\">\u00b7<span style=\"line-height: normal;\">\u00a0\u00a0\u00a0\u00a0\u00a0\u00a0\u00a0\u00a0 <\/span>Reduce el riesgo de sufrir ca\u00eddas de infecciones urinarias. (uretritis, cistitis).<\/span><\/p>\n<p style=\"margin: 0cm 0cm 0.0001pt 18.75pt; text-indent: -18pt; line-height: 15pt; background-image: initial; background-position: initial; background-repeat: initial; background-attachment: initial;\"><span style=\"font-family: helvetica; font-size: 14pt;\">\u00b7<span style=\"line-height: normal;\">\u00a0\u00a0\u00a0\u00a0\u00a0\u00a0\u00a0\u00a0 <\/span>El ar\u00e1ndano (cranberry) tiene propiedades anti-bacterianas, anti-oxidantes y anti-inflamatorias, seg\u00fan Memorial Sloan-Kettering C\u00e1ncer Center. El ar\u00e1ndano contiene compuestos llamados proantocianidinas que evitan que el E. coli y otras bacterias se unan a las c\u00e9lulas del tracto circulatorio, lo que puede prevenir infecciones. El ar\u00e1ndano tambi\u00e9n es beneficiosos para el c\u00e1ncer de pr\u00f3stata y la prostatitis, una infecci\u00f3n de la gl\u00e1ndula de la pr\u00f3stata m\u00e1s com\u00fan en hombres con pr\u00f3statas grandes.<\/span><\/p>\n<p style=\"margin: 0cm 0cm 0.0001pt 18.75pt; text-indent: -18pt; line-height: 15pt; background-image: initial; background-position: initial; background-repeat: initial; background-attachment: initial;\"><span style=\"font-family: helvetica; font-size: 14pt;\">\u00b7<span style=\"line-height: normal;\">\u00a0\u00a0\u00a0\u00a0\u00a0\u00a0\u00a0\u00a0 <\/span>ar\u00e1ndano podr\u00edan ayudar a aliviar la comez\u00f3n discretamente. Dichas pastillas contienen vitaminas y nutrientes.<\/span><\/p>\n<p style=\"margin: 0cm 0cm 0.0001pt 18.75pt; text-indent: -18pt; line-height: 15pt; background-image: initial; background-position: initial; background-repeat: initial; background-attachment: initial;\"><span style=\"font-family: helvetica; font-size: 14pt;\">\u00b7<span style=\"line-height: normal;\">\u00a0\u00a0\u00a0\u00a0\u00a0\u00a0\u00a0\u00a0 <\/span>Las pastillas de ar\u00e1ndano pueden ser beneficiosas para la desintoxicaci\u00f3n del cuerpo contra los organismos nocivos que lo sobrecargan y evitan que el sistema de limpieza natural trabaje de manera eficiente. Los ar\u00e1ndanos contienen propiedades de anti-adherencia bacteriana que mantienen al cuerpo limpio de toxinas.<\/span><\/p>\n<p style=\"margin-bottom: 11.25pt; line-height: 22.5pt; background-image: initial; background-position: initial; background-repeat: initial; background-attachment: initial;\"><span style=\"font-family: helvetica; font-size: 14pt;\"><strong>Cranberry Contraindicaciones<\/strong><\/span><\/p>\n<p style=\"margin-bottom: 11.25pt; line-height: normal; background-image: initial; background-position: initial; background-repeat: initial; background-attachment: initial;\"><span style=\"font-family: helvetica; font-size: 14pt;\">Usted no deber\u00eda usar este producto si es al\u00e9rgico a Cranberry.<\/span><\/p>\n<p style=\"margin-bottom: 11.25pt; line-height: normal; background-image: initial; background-position: initial; background-repeat: initial; background-attachment: initial;\"><span style=\"font-family: helvetica; font-size: 14pt;\">Preg\u00fantele a su m\u00e9dico, farmac\u00e9utico, u otro proveedor de la salud si usted puede usar con seguridad este producto si usted tiene:<\/span><\/p>\n<p style=\"margin: 0cm 0cm 0.0001pt 18.75pt; text-indent: -18pt; line-height: 15pt; background-image: initial; background-position: initial; background-repeat: initial; background-attachment: initial;\"><span style=\"font-family: helvetica; font-size: 14pt;\">\u00b7<span style=\"line-height: normal;\">\u00a0\u00a0\u00a0\u00a0\u00a0\u00a0\u00a0\u00a0 <\/span>historial de c\u00e1lculos renales.<\/span><\/p>\n<p style=\"margin: 0cm 0cm 0.0001pt 18.75pt; text-indent: -18pt; line-height: 15pt; background-image: initial; background-position: initial; background-repeat: initial; background-attachment: initial;\"><span style=\"font-family: helvetica; font-size: 14pt;\">\u00b7<span style=\"line-height: normal;\">\u00a0\u00a0\u00a0\u00a0\u00a0\u00a0\u00a0\u00a0 <\/span>cirrosis u otra enfermedad del h\u00edgado (algunos productos de cranberry pueden contener alcohol).<\/span><\/p>\n<p style=\"margin: 0cm 0cm 0.0001pt 18.75pt; text-indent: -18pt; line-height: 15pt; background-image: initial; background-position: initial; background-repeat: initial; background-attachment: initial;\"><span style=\"font-family: helvetica; font-size: 14pt;\">\u00b7<span style=\"line-height: normal;\">\u00a0\u00a0\u00a0\u00a0\u00a0\u00a0\u00a0\u00a0 <\/span>diabetes (algunos productos de cranberry pueden contener cantidades altas de az\u00facar).<\/span><\/p>\n<p style=\"margin: 0cm 0cm 0.0001pt 18.75pt; text-indent: -18pt; line-height: 15pt; background-image: initial; background-position: initial; background-repeat: initial; background-attachment: initial;\"><span style=\"font-family: helvetica; font-size: 14pt;\">\u00b7<span style=\"line-height: normal;\">\u00a0\u00a0\u00a0\u00a0\u00a0\u00a0\u00a0\u00a0 <\/span>un trastorno del est\u00f3mago.<\/span><\/p>\n<p style=\"margin: 0cm 0cm 0.0001pt 18.75pt; text-indent: -18pt; line-height: 15pt; background-image: initial; background-position: initial; background-repeat: initial; background-attachment: initial;\"><span style=\"font-family: helvetica; font-size: 14pt;\">\u00b7<span style=\"line-height: normal;\">\u00a0\u00a0\u00a0\u00a0\u00a0\u00a0\u00a0\u00a0 <\/span>si usted es al\u00e9rgico a la aspirina.<\/span><\/p>\n<p style=\"margin-bottom: 11.25pt; line-height: normal; background-image: initial; background-position: initial; background-repeat: initial; background-attachment: initial;\"><span style=\"font-family: helvetica; font-size: 14pt;\">No se conoce si cranberry causar\u00e1 da\u00f1o al beb\u00e9 nonato.\u00a0<strong>No use este producto sin consejo m\u00e9dico si usted est\u00e1 embarazada.<\/strong><\/span><\/p>\n<p style=\"margin-bottom: 11.25pt; line-height: normal; background-image: initial; background-position: initial; background-repeat: initial; background-attachment: initial;\"><span style=\"font-family: helvetica; font-size: 14pt;\">Cranberry puede pasar a la leche materna y causarle da\u00f1o al beb\u00e9 lactante.\u00a0<strong>No use este producto sin consejo m\u00e9dico si est\u00e1 dando de amamantar a un beb\u00e9.<\/strong><\/span><\/p>\n","protected":false},"excerpt":{"rendered":"<p>Cranberry se ha usado en la medicina alternativa como una ayuda posiblemente eficaz para prevenir s\u00edntomas como dolor o ardor al orinar. Cranberry no trata las bacterias que causan una infecci\u00f3n de la vejiga.<\/p>\n","protected":false},"featured_media":2333,"comment_status":"open","ping_status":"closed","template":"","meta":[],"product_cat":[47,34],"product_tag":[],"acf":[],"yoast_head":"<!-- This site is optimized with the Yoast SEO plugin v18.5.1 - https:\/\/yoast.com\/wordpress\/plugins\/seo\/ -->\n<title>Cranberry Plus 500 MG - Armonia Natural Diet Shop<\/title>\n<meta name=\"description\" content=\"Cranberry Plus 500 MG El Cranberry posee poder antibacteriano, alta concentraci\u00f3n de vitamina C, y antioxidantes, que lo hacen muy efectivo.\" \/>\n<meta name=\"robots\" content=\"index, follow, max-snippet:-1, max-image-preview:large, max-video-preview:-1\" \/>\n<link rel=\"canonical\" href=\"https:\/\/armonianaturaldietshop.com\/en\/product\/cranberry-plus-500-mg-x-100-caps\/\" \/>\n<meta property=\"og:locale\" content=\"en_US\" \/>\n<meta property=\"og:type\" content=\"article\" \/>\n<meta property=\"og:title\" content=\"Cranberry Plus 500 MG - Armonia Natural Diet Shop\" \/>\n<meta property=\"og:description\" content=\"Cranberry Plus 500 MG El Cranberry posee poder antibacteriano, alta concentraci\u00f3n de vitamina C, y antioxidantes, que lo hacen muy efectivo.\" \/>\n<meta property=\"og:url\" content=\"https:\/\/armonianaturaldietshop.com\/en\/product\/cranberry-plus-500-mg-x-100-caps\/\" \/>\n<meta property=\"og:site_name\" content=\"Armonia Natural Diet Shop\" \/>\n<meta property=\"article:publisher\" content=\"https:\/\/www.facebook.com\/ArmoniaNaturalDietShop\/\" \/>\n<meta property=\"article:modified_time\" content=\"2021-03-29T22:01:20+00:00\" \/>\n<meta property=\"og:image\" content=\"https:\/\/armonianaturaldietshop.com\/wp-content\/uploads\/2018\/07\/1236.jpg\" \/>\n\t<meta property=\"og:image:width\" content=\"768\" \/>\n\t<meta property=\"og:image:height\" content=\"768\" \/>\n\t<meta property=\"og:image:type\" content=\"image\/jpeg\" \/>\n<meta name=\"twitter:card\" content=\"summary_large_image\" \/>\n<meta name=\"twitter:label1\" content=\"Est. reading time\" \/>\n\t<meta name=\"twitter:data1\" content=\"3 minutes\" \/>\n<script type=\"application\/ld+json\" class=\"yoast-schema-graph\">{\"@context\":\"https:\/\/schema.org\",\"@graph\":[{\"@type\":\"Organization\",\"@id\":\"https:\/\/armonianaturaldietshop.com\/#organization\",\"name\":\"Armonia Natural Diet Shop\",\"url\":\"https:\/\/armonianaturaldietshop.com\/\",\"sameAs\":[\"https:\/\/www.facebook.com\/ArmoniaNaturalDietShop\/\",\"https:\/\/www.instagram.com\/armonia.natural\/?hl=en\"],\"logo\":{\"@type\":\"ImageObject\",\"@id\":\"https:\/\/armonianaturaldietshop.com\/#logo\",\"inLanguage\":\"en-US\",\"url\":\"https:\/\/armonianaturaldietshop.com\/wp-content\/uploads\/2018\/01\/top-banner-1.png\",\"contentUrl\":\"https:\/\/armonianaturaldietshop.com\/wp-content\/uploads\/2018\/01\/top-banner-1.png\",\"width\":369,\"height\":116,\"caption\":\"Armonia Natural Diet Shop\"},\"image\":{\"@id\":\"https:\/\/armonianaturaldietshop.com\/#logo\"}},{\"@type\":\"WebSite\",\"@id\":\"https:\/\/armonianaturaldietshop.com\/#website\",\"url\":\"https:\/\/armonianaturaldietshop.com\/\",\"name\":\"Armonia Natural Diet Shop\",\"description\":\"Otro sitio realizado con WordPress\",\"publisher\":{\"@id\":\"https:\/\/armonianaturaldietshop.com\/#organization\"},\"potentialAction\":[{\"@type\":\"SearchAction\",\"target\":{\"@type\":\"EntryPoint\",\"urlTemplate\":\"https:\/\/armonianaturaldietshop.com\/?s={search_term_string}\"},\"query-input\":\"required name=search_term_string\"}],\"inLanguage\":\"en-US\"},{\"@type\":\"ImageObject\",\"@id\":\"https:\/\/armonianaturaldietshop.com\/en\/product\/cranberry-plus-500-mg-x-100-caps\/#primaryimage\",\"inLanguage\":\"en-US\",\"url\":\"https:\/\/armonianaturaldietshop.com\/wp-content\/uploads\/2018\/07\/1236.jpg\",\"contentUrl\":\"https:\/\/armonianaturaldietshop.com\/wp-content\/uploads\/2018\/07\/1236.jpg\",\"width\":768,\"height\":768,\"caption\":\"Cranberry plus 500\"},{\"@type\":\"WebPage\",\"@id\":\"https:\/\/armonianaturaldietshop.com\/en\/product\/cranberry-plus-500-mg-x-100-caps\/#webpage\",\"url\":\"https:\/\/armonianaturaldietshop.com\/en\/product\/cranberry-plus-500-mg-x-100-caps\/\",\"name\":\"Cranberry Plus 500 MG - Armonia Natural Diet Shop\",\"isPartOf\":{\"@id\":\"https:\/\/armonianaturaldietshop.com\/#website\"},\"primaryImageOfPage\":{\"@id\":\"https:\/\/armonianaturaldietshop.com\/en\/product\/cranberry-plus-500-mg-x-100-caps\/#primaryimage\"},\"datePublished\":\"2018-07-13T22:56:47+00:00\",\"dateModified\":\"2021-03-29T22:01:20+00:00\",\"description\":\"Cranberry Plus 500 MG El Cranberry posee poder antibacteriano, alta concentraci\u00f3n de vitamina C, y antioxidantes, que lo hacen muy efectivo.\",\"breadcrumb\":{\"@id\":\"https:\/\/armonianaturaldietshop.com\/en\/product\/cranberry-plus-500-mg-x-100-caps\/#breadcrumb\"},\"inLanguage\":\"en-US\",\"potentialAction\":[{\"@type\":\"ReadAction\",\"target\":[\"https:\/\/armonianaturaldietshop.com\/en\/product\/cranberry-plus-500-mg-x-100-caps\/\"]}]},{\"@type\":\"BreadcrumbList\",\"@id\":\"https:\/\/armonianaturaldietshop.com\/en\/product\/cranberry-plus-500-mg-x-100-caps\/#breadcrumb\",\"itemListElement\":[{\"@type\":\"ListItem\",\"position\":1,\"name\":\"Home\",\"item\":\"https:\/\/armonianaturaldietshop.com\/en\/\"},{\"@type\":\"ListItem\",\"position\":2,\"name\":\"Shop\",\"item\":\"https:\/\/armonianaturaldietshop.com\/en\/shop\/\"},{\"@type\":\"ListItem\",\"position\":3,\"name\":\"Cranberry Plus 500 MG\"}]}]}<\/script>\n<!-- \/ Yoast SEO plugin. -->","yoast_head_json":{"title":"Cranberry Plus 500 MG - Armonia Natural Diet Shop","description":"Cranberry Plus 500 MG El Cranberry posee poder antibacteriano, alta concentraci\u00f3n de vitamina C, y antioxidantes, que lo hacen muy efectivo.","robots":{"index":"index","follow":"follow","max-snippet":"max-snippet:-1","max-image-preview":"max-image-preview:large","max-video-preview":"max-video-preview:-1"},"canonical":"https:\/\/armonianaturaldietshop.com\/en\/product\/cranberry-plus-500-mg-x-100-caps\/","og_locale":"en_US","og_type":"article","og_title":"Cranberry Plus 500 MG - Armonia Natural Diet Shop","og_description":"Cranberry Plus 500 MG El Cranberry posee poder antibacteriano, alta concentraci\u00f3n de vitamina C, y antioxidantes, que lo hacen muy efectivo.","og_url":"https:\/\/armonianaturaldietshop.com\/en\/product\/cranberry-plus-500-mg-x-100-caps\/","og_site_name":"Armonia Natural Diet Shop","article_publisher":"https:\/\/www.facebook.com\/ArmoniaNaturalDietShop\/","article_modified_time":"2021-03-29T22:01:20+00:00","og_image":[{"width":768,"height":768,"url":"https:\/\/armonianaturaldietshop.com\/wp-content\/uploads\/2018\/07\/1236.jpg","type":"image\/jpeg"}],"twitter_card":"summary_large_image","twitter_misc":{"Est. reading time":"3 minutes"},"schema":{"@context":"https:\/\/schema.org","@graph":[{"@type":"Organization","@id":"https:\/\/armonianaturaldietshop.com\/#organization","name":"Armonia Natural Diet Shop","url":"https:\/\/armonianaturaldietshop.com\/","sameAs":["https:\/\/www.facebook.com\/ArmoniaNaturalDietShop\/","https:\/\/www.instagram.com\/armonia.natural\/?hl=en"],"logo":{"@type":"ImageObject","@id":"https:\/\/armonianaturaldietshop.com\/#logo","inLanguage":"en-US","url":"https:\/\/armonianaturaldietshop.com\/wp-content\/uploads\/2018\/01\/top-banner-1.png","contentUrl":"https:\/\/armonianaturaldietshop.com\/wp-content\/uploads\/2018\/01\/top-banner-1.png","width":369,"height":116,"caption":"Armonia Natural Diet Shop"},"image":{"@id":"https:\/\/armonianaturaldietshop.com\/#logo"}},{"@type":"WebSite","@id":"https:\/\/armonianaturaldietshop.com\/#website","url":"https:\/\/armonianaturaldietshop.com\/","name":"Armonia Natural Diet Shop","description":"Otro sitio realizado con WordPress","publisher":{"@id":"https:\/\/armonianaturaldietshop.com\/#organization"},"potentialAction":[{"@type":"SearchAction","target":{"@type":"EntryPoint","urlTemplate":"https:\/\/armonianaturaldietshop.com\/?s={search_term_string}"},"query-input":"required name=search_term_string"}],"inLanguage":"en-US"},{"@type":"ImageObject","@id":"https:\/\/armonianaturaldietshop.com\/en\/product\/cranberry-plus-500-mg-x-100-caps\/#primaryimage","inLanguage":"en-US","url":"https:\/\/armonianaturaldietshop.com\/wp-content\/uploads\/2018\/07\/1236.jpg","contentUrl":"https:\/\/armonianaturaldietshop.com\/wp-content\/uploads\/2018\/07\/1236.jpg","width":768,"height":768,"caption":"Cranberry plus 500"},{"@type":"WebPage","@id":"https:\/\/armonianaturaldietshop.com\/en\/product\/cranberry-plus-500-mg-x-100-caps\/#webpage","url":"https:\/\/armonianaturaldietshop.com\/en\/product\/cranberry-plus-500-mg-x-100-caps\/","name":"Cranberry Plus 500 MG - Armonia Natural Diet Shop","isPartOf":{"@id":"https:\/\/armonianaturaldietshop.com\/#website"},"primaryImageOfPage":{"@id":"https:\/\/armonianaturaldietshop.com\/en\/product\/cranberry-plus-500-mg-x-100-caps\/#primaryimage"},"datePublished":"2018-07-13T22:56:47+00:00","dateModified":"2021-03-29T22:01:20+00:00","description":"Cranberry Plus 500 MG El Cranberry posee poder antibacteriano, alta concentraci\u00f3n de vitamina C, y antioxidantes, que lo hacen muy efectivo.","breadcrumb":{"@id":"https:\/\/armonianaturaldietshop.com\/en\/product\/cranberry-plus-500-mg-x-100-caps\/#breadcrumb"},"inLanguage":"en-US","potentialAction":[{"@type":"ReadAction","target":["https:\/\/armonianaturaldietshop.com\/en\/product\/cranberry-plus-500-mg-x-100-caps\/"]}]},{"@type":"BreadcrumbList","@id":"https:\/\/armonianaturaldietshop.com\/en\/product\/cranberry-plus-500-mg-x-100-caps\/#breadcrumb","itemListElement":[{"@type":"ListItem","position":1,"name":"Home","item":"https:\/\/armonianaturaldietshop.com\/en\/"},{"@type":"ListItem","position":2,"name":"Shop","item":"https:\/\/armonianaturaldietshop.com\/en\/shop\/"},{"@type":"ListItem","position":3,"name":"Cranberry Plus 500 MG"}]}]}},"_links":{"self":[{"href":"https:\/\/armonianaturaldietshop.com\/en\/wp-json\/wp\/v2\/product\/2404"}],"collection":[{"href":"https:\/\/armonianaturaldietshop.com\/en\/wp-json\/wp\/v2\/product"}],"about":[{"href":"https:\/\/armonianaturaldietshop.com\/en\/wp-json\/wp\/v2\/types\/product"}],"replies":[{"embeddable":true,"href":"https:\/\/armonianaturaldietshop.com\/en\/wp-json\/wp\/v2\/comments?post=2404"}],"wp:featuredmedia":[{"embeddable":true,"href":"https:\/\/armonianaturaldietshop.com\/en\/wp-json\/wp\/v2\/media\/2333"}],"wp:attachment":[{"href":"https:\/\/armonianaturaldietshop.com\/en\/wp-json\/wp\/v2\/media?parent=2404"}],"wp:term":[{"taxonomy":"product_cat","embeddable":true,"href":"https:\/\/armonianaturaldietshop.com\/en\/wp-json\/wp\/v2\/product_cat?post=2404"},{"taxonomy":"product_tag","embeddable":true,"href":"https:\/\/armonianaturaldietshop.com\/en\/wp-json\/wp\/v2\/product_tag?post=2404"}],"curies":[{"name":"wp","href":"https:\/\/api.w.org\/{rel}","templated":true}]}}