{"id":2405,"date":"2018-07-13T22:56:51","date_gmt":"2018-07-13T22:56:51","guid":{"rendered":"http:\/\/armonianaturaldietshop.com\/product\/cromium-picolinato-200-mcg\/"},"modified":"2018-08-16T15:47:42","modified_gmt":"2018-08-16T15:47:42","slug":"cromium-picolinato-200-mcg","status":"publish","type":"product","link":"https:\/\/armonianaturaldietshop.com\/en\/product\/cromium-picolinato-200-mcg\/","title":{"rendered":"Cromium Picolinato 200 MCG"},"content":{"rendered":"<h1><span style=\"font-family: helvetica; font-size: 14pt;\">El\u00a0picolinate de\u00a0cromo\u00a0es un suplemento diet\u00e9tico que sirve como ayuda para suprimir el apetito, y\u00a0 los antojos. Adicionalmente, el\u00a0cromo ha sido una ayuda para desarrollar m\u00fasculo y quemar grasa simult\u00e1neamente.Si es\u00a0tomado junto con el ejercicio, y como parte de una dieta controlada en calor\u00edas, los resultados son excelentes.<\/span><\/h1>\n<h2><span style=\"font-family: helvetica; font-size: 14pt;\">Cromo\u00a0picolinate es la mejor fuente del\u00a0cromo. El cromio es un rastro del mineral que es esencial para la\u00a0producci\u00f3n de insulina en el cuerpo.\u00a0Investigaciones muestran que el cromo es una parte esencial de nuestra dieta. Picolinate de\u00a0cromo puede tener\u00a0muchos resultados beneficiosos cuando se toma como suplemento. Este suplemento aumenta el efecto de la\u00a0insulina en el cuerpo, mejorando el recibimiento de la glucosa en el cuerpo, y por lo tanto causa una mejor\u00a0circulaci\u00f3n sangu\u00ednea y un mantenimiento normal de los niveles de az\u00facar.\u00a0Evidencia tambi\u00e9n apoya la habilidad del cromo de combatir el colesterol y la aterosclerosis. Este provee m\u00e1s energ\u00eda para el cuerpo, quema grasas y desarrolla el m\u00fasculo con una mayor facilidad.\u00a0Asiste al cuerpo en la\u00a0p\u00e9rdida de peso reemplazando grasa por m\u00fasculo.<\/span><\/h2>\n<p><span style=\"font-family: helvetica; font-size: 14pt;\">Chromium picolinate se usa en medicina alternativa para tratar la deficiencia de cromo, y como una ayuda para controlar el az\u00facar en la sangre en personas con diabetes o prediabetes, para bajar el colesterol, y como un suplemento para bajar de peso.<\/span><\/p>\n<p><strong><span style=\"font-family: helvetica; font-size: 14pt;\">Principales Beneficios:<\/span><\/strong><\/p>\n<ul style=\"margin-top: 0cm;\">\n<li><span style=\"font-family: helvetica; font-size: 14pt;\">Colabora en el metabolismo de las grasas y ayuda a perder peso.<\/span><\/li>\n<li><span style=\"font-family: helvetica; font-size: 14pt;\">Coadyuvante en el tratamiento del s\u00edndrome de resistencia a la insulina.<\/span><\/li>\n<li><span style=\"font-family: helvetica; font-size: 14pt;\">Picolinato de cromo trabaja con la insulina en el cuerpo para metabolizar los carbohidratos. Se hace combinando \u00a0con \u00e1cido picol\u00ednico. El \u00e1cido ayuda al cuerpo a absorber cromo.<\/span><\/li>\n<li><span style=\"font-family: helvetica; font-size: 14pt;\">Ayuda a quemar las grasas y aumentar la masa muscular<\/span><\/li>\n<li><span style=\"font-family: helvetica; font-size: 14pt;\">Reduce el colesterol LDL (malo) y aumenta el colesterol HDL (bueno).<\/span><\/li>\n<li><span style=\"font-family: helvetica; font-size: 14pt;\">90% de la poblaci\u00f3n no tiene\u00a0el suficiente\u00a0cromo en la alimentaci\u00f3n<\/span><\/li>\n<li><span style=\"font-family: helvetica; font-size: 14pt;\">Funciona en la prevenci\u00f3n de diabetes tipo II.<\/span><\/li>\n<li><span style=\"font-family: helvetica; font-size: 14pt;\">Tratar la deficiencia de cromo, controlar el az\u00facar en la sangre.<\/span><\/li>\n<li><span style=\"font-family: helvetica; font-size: 14pt;\">Mejorar la depresi\u00f3n en personas con s\u00edndrome de ovario poliqu\u00edstico (PCOS).<\/span><\/li>\n<li><span style=\"font-family: helvetica; font-size: 14pt;\">Reducir el colesterol, o para ayudar en la p\u00e9rdida de peso.<\/span><\/li>\n<\/ul>\n<p>&nbsp;<\/p>\n","protected":false},"excerpt":{"rendered":"<p>Cromium Picolinato es un suplemento diet\u00e9tico que sirve como ayuda para suprimir el apetito, y los antojos. Adicionalmente, el cromo ha sido una ayuda para desarrollar m\u00fasculo y quemar grasa simult\u00e1neamente.Si es tomado junto con el ejercicio, y como parte de una dieta controlada en calor\u00edas, los resultados son excelentes.<\/p>\n","protected":false},"featured_media":2331,"comment_status":"open","ping_status":"closed","template":"","meta":[],"product_cat":[34],"product_tag":[],"acf":[],"yoast_head":"<!-- This site is optimized with the Yoast SEO plugin v18.5.1 - https:\/\/yoast.com\/wordpress\/plugins\/seo\/ -->\n<title>Cromium Picolinato 200 MCG - Armonia Natural Diet Shop<\/title>\n<meta name=\"robots\" content=\"index, follow, max-snippet:-1, max-image-preview:large, max-video-preview:-1\" \/>\n<link rel=\"canonical\" href=\"https:\/\/armonianaturaldietshop.com\/en\/product\/cromium-picolinato-200-mcg\/\" \/>\n<meta property=\"og:locale\" content=\"en_US\" \/>\n<meta property=\"og:type\" content=\"article\" \/>\n<meta property=\"og:title\" content=\"Cromium Picolinato 200 MCG - Armonia Natural Diet Shop\" \/>\n<meta property=\"og:description\" content=\"Cromium Picolinato es un suplemento diet\u00e9tico que sirve como ayuda para suprimir el apetito, y los antojos. Adicionalmente, el cromo ha sido una ayuda para desarrollar m\u00fasculo y quemar grasa simult\u00e1neamente.Si es tomado junto con el ejercicio, y como parte de una dieta controlada en calor\u00edas, los resultados son excelentes.\" \/>\n<meta property=\"og:url\" content=\"https:\/\/armonianaturaldietshop.com\/en\/product\/cromium-picolinato-200-mcg\/\" \/>\n<meta property=\"og:site_name\" content=\"Armonia Natural Diet Shop\" \/>\n<meta property=\"article:publisher\" content=\"https:\/\/www.facebook.com\/ArmoniaNaturalDietShop\/\" \/>\n<meta property=\"article:modified_time\" content=\"2018-08-16T15:47:42+00:00\" \/>\n<meta property=\"og:image\" content=\"https:\/\/armonianaturaldietshop.com\/wp-content\/uploads\/2018\/07\/1160.jpg\" \/>\n\t<meta property=\"og:image:width\" content=\"768\" \/>\n\t<meta property=\"og:image:height\" content=\"767\" \/>\n\t<meta property=\"og:image:type\" content=\"image\/jpeg\" \/>\n<meta name=\"twitter:card\" content=\"summary_large_image\" \/>\n<meta name=\"twitter:label1\" content=\"Est. reading time\" \/>\n\t<meta name=\"twitter:data1\" content=\"2 minutes\" \/>\n<script type=\"application\/ld+json\" class=\"yoast-schema-graph\">{\"@context\":\"https:\/\/schema.org\",\"@graph\":[{\"@type\":\"Organization\",\"@id\":\"https:\/\/armonianaturaldietshop.com\/#organization\",\"name\":\"Armonia Natural Diet Shop\",\"url\":\"https:\/\/armonianaturaldietshop.com\/\",\"sameAs\":[\"https:\/\/www.facebook.com\/ArmoniaNaturalDietShop\/\",\"https:\/\/www.instagram.com\/armonia.natural\/?hl=en\"],\"logo\":{\"@type\":\"ImageObject\",\"@id\":\"https:\/\/armonianaturaldietshop.com\/#logo\",\"inLanguage\":\"en-US\",\"url\":\"https:\/\/armonianaturaldietshop.com\/wp-content\/uploads\/2018\/01\/top-banner-1.png\",\"contentUrl\":\"https:\/\/armonianaturaldietshop.com\/wp-content\/uploads\/2018\/01\/top-banner-1.png\",\"width\":369,\"height\":116,\"caption\":\"Armonia Natural Diet Shop\"},\"image\":{\"@id\":\"https:\/\/armonianaturaldietshop.com\/#logo\"}},{\"@type\":\"WebSite\",\"@id\":\"https:\/\/armonianaturaldietshop.com\/#website\",\"url\":\"https:\/\/armonianaturaldietshop.com\/\",\"name\":\"Armonia Natural Diet Shop\",\"description\":\"Otro sitio realizado con WordPress\",\"publisher\":{\"@id\":\"https:\/\/armonianaturaldietshop.com\/#organization\"},\"potentialAction\":[{\"@type\":\"SearchAction\",\"target\":{\"@type\":\"EntryPoint\",\"urlTemplate\":\"https:\/\/armonianaturaldietshop.com\/?s={search_term_string}\"},\"query-input\":\"required name=search_term_string\"}],\"inLanguage\":\"en-US\"},{\"@type\":\"ImageObject\",\"@id\":\"https:\/\/armonianaturaldietshop.com\/en\/product\/cromium-picolinato-200-mcg\/#primaryimage\",\"inLanguage\":\"en-US\",\"url\":\"https:\/\/armonianaturaldietshop.com\/wp-content\/uploads\/2018\/07\/1160.jpg\",\"contentUrl\":\"https:\/\/armonianaturaldietshop.com\/wp-content\/uploads\/2018\/07\/1160.jpg\",\"width\":768,\"height\":767},{\"@type\":\"WebPage\",\"@id\":\"https:\/\/armonianaturaldietshop.com\/en\/product\/cromium-picolinato-200-mcg\/#webpage\",\"url\":\"https:\/\/armonianaturaldietshop.com\/en\/product\/cromium-picolinato-200-mcg\/\",\"name\":\"Cromium Picolinato 200 MCG - Armonia Natural Diet Shop\",\"isPartOf\":{\"@id\":\"https:\/\/armonianaturaldietshop.com\/#website\"},\"primaryImageOfPage\":{\"@id\":\"https:\/\/armonianaturaldietshop.com\/en\/product\/cromium-picolinato-200-mcg\/#primaryimage\"},\"datePublished\":\"2018-07-13T22:56:51+00:00\",\"dateModified\":\"2018-08-16T15:47:42+00:00\",\"breadcrumb\":{\"@id\":\"https:\/\/armonianaturaldietshop.com\/en\/product\/cromium-picolinato-200-mcg\/#breadcrumb\"},\"inLanguage\":\"en-US\",\"potentialAction\":[{\"@type\":\"ReadAction\",\"target\":[\"https:\/\/armonianaturaldietshop.com\/en\/product\/cromium-picolinato-200-mcg\/\"]}]},{\"@type\":\"BreadcrumbList\",\"@id\":\"https:\/\/armonianaturaldietshop.com\/en\/product\/cromium-picolinato-200-mcg\/#breadcrumb\",\"itemListElement\":[{\"@type\":\"ListItem\",\"position\":1,\"name\":\"Home\",\"item\":\"https:\/\/armonianaturaldietshop.com\/en\/\"},{\"@type\":\"ListItem\",\"position\":2,\"name\":\"Shop\",\"item\":\"https:\/\/armonianaturaldietshop.com\/en\/shop\/\"},{\"@type\":\"ListItem\",\"position\":3,\"name\":\"Cromium Picolinato 200 MCG\"}]}]}<\/script>\n<!-- \/ Yoast SEO plugin. -->","yoast_head_json":{"title":"Cromium Picolinato 200 MCG - Armonia Natural Diet Shop","robots":{"index":"index","follow":"follow","max-snippet":"max-snippet:-1","max-image-preview":"max-image-preview:large","max-video-preview":"max-video-preview:-1"},"canonical":"https:\/\/armonianaturaldietshop.com\/en\/product\/cromium-picolinato-200-mcg\/","og_locale":"en_US","og_type":"article","og_title":"Cromium Picolinato 200 MCG - Armonia Natural Diet Shop","og_description":"Cromium Picolinato es un suplemento diet\u00e9tico que sirve como ayuda para suprimir el apetito, y los antojos. Adicionalmente, el cromo ha sido una ayuda para desarrollar m\u00fasculo y quemar grasa simult\u00e1neamente.Si es tomado junto con el ejercicio, y como parte de una dieta controlada en calor\u00edas, los resultados son excelentes.","og_url":"https:\/\/armonianaturaldietshop.com\/en\/product\/cromium-picolinato-200-mcg\/","og_site_name":"Armonia Natural Diet Shop","article_publisher":"https:\/\/www.facebook.com\/ArmoniaNaturalDietShop\/","article_modified_time":"2018-08-16T15:47:42+00:00","og_image":[{"width":768,"height":767,"url":"https:\/\/armonianaturaldietshop.com\/wp-content\/uploads\/2018\/07\/1160.jpg","type":"image\/jpeg"}],"twitter_card":"summary_large_image","twitter_misc":{"Est. reading time":"2 minutes"},"schema":{"@context":"https:\/\/schema.org","@graph":[{"@type":"Organization","@id":"https:\/\/armonianaturaldietshop.com\/#organization","name":"Armonia Natural Diet Shop","url":"https:\/\/armonianaturaldietshop.com\/","sameAs":["https:\/\/www.facebook.com\/ArmoniaNaturalDietShop\/","https:\/\/www.instagram.com\/armonia.natural\/?hl=en"],"logo":{"@type":"ImageObject","@id":"https:\/\/armonianaturaldietshop.com\/#logo","inLanguage":"en-US","url":"https:\/\/armonianaturaldietshop.com\/wp-content\/uploads\/2018\/01\/top-banner-1.png","contentUrl":"https:\/\/armonianaturaldietshop.com\/wp-content\/uploads\/2018\/01\/top-banner-1.png","width":369,"height":116,"caption":"Armonia Natural Diet Shop"},"image":{"@id":"https:\/\/armonianaturaldietshop.com\/#logo"}},{"@type":"WebSite","@id":"https:\/\/armonianaturaldietshop.com\/#website","url":"https:\/\/armonianaturaldietshop.com\/","name":"Armonia Natural Diet Shop","description":"Otro sitio realizado con WordPress","publisher":{"@id":"https:\/\/armonianaturaldietshop.com\/#organization"},"potentialAction":[{"@type":"SearchAction","target":{"@type":"EntryPoint","urlTemplate":"https:\/\/armonianaturaldietshop.com\/?s={search_term_string}"},"query-input":"required name=search_term_string"}],"inLanguage":"en-US"},{"@type":"ImageObject","@id":"https:\/\/armonianaturaldietshop.com\/en\/product\/cromium-picolinato-200-mcg\/#primaryimage","inLanguage":"en-US","url":"https:\/\/armonianaturaldietshop.com\/wp-content\/uploads\/2018\/07\/1160.jpg","contentUrl":"https:\/\/armonianaturaldietshop.com\/wp-content\/uploads\/2018\/07\/1160.jpg","width":768,"height":767},{"@type":"WebPage","@id":"https:\/\/armonianaturaldietshop.com\/en\/product\/cromium-picolinato-200-mcg\/#webpage","url":"https:\/\/armonianaturaldietshop.com\/en\/product\/cromium-picolinato-200-mcg\/","name":"Cromium Picolinato 200 MCG - Armonia Natural Diet Shop","isPartOf":{"@id":"https:\/\/armonianaturaldietshop.com\/#website"},"primaryImageOfPage":{"@id":"https:\/\/armonianaturaldietshop.com\/en\/product\/cromium-picolinato-200-mcg\/#primaryimage"},"datePublished":"2018-07-13T22:56:51+00:00","dateModified":"2018-08-16T15:47:42+00:00","breadcrumb":{"@id":"https:\/\/armonianaturaldietshop.com\/en\/product\/cromium-picolinato-200-mcg\/#breadcrumb"},"inLanguage":"en-US","potentialAction":[{"@type":"ReadAction","target":["https:\/\/armonianaturaldietshop.com\/en\/product\/cromium-picolinato-200-mcg\/"]}]},{"@type":"BreadcrumbList","@id":"https:\/\/armonianaturaldietshop.com\/en\/product\/cromium-picolinato-200-mcg\/#breadcrumb","itemListElement":[{"@type":"ListItem","position":1,"name":"Home","item":"https:\/\/armonianaturaldietshop.com\/en\/"},{"@type":"ListItem","position":2,"name":"Shop","item":"https:\/\/armonianaturaldietshop.com\/en\/shop\/"},{"@type":"ListItem","position":3,"name":"Cromium Picolinato 200 MCG"}]}]}},"_links":{"self":[{"href":"https:\/\/armonianaturaldietshop.com\/en\/wp-json\/wp\/v2\/product\/2405"}],"collection":[{"href":"https:\/\/armonianaturaldietshop.com\/en\/wp-json\/wp\/v2\/product"}],"about":[{"href":"https:\/\/armonianaturaldietshop.com\/en\/wp-json\/wp\/v2\/types\/product"}],"replies":[{"embeddable":true,"href":"https:\/\/armonianaturaldietshop.com\/en\/wp-json\/wp\/v2\/comments?post=2405"}],"wp:featuredmedia":[{"embeddable":true,"href":"https:\/\/armonianaturaldietshop.com\/en\/wp-json\/wp\/v2\/media\/2331"}],"wp:attachment":[{"href":"https:\/\/armonianaturaldietshop.com\/en\/wp-json\/wp\/v2\/media?parent=2405"}],"wp:term":[{"taxonomy":"product_cat","embeddable":true,"href":"https:\/\/armonianaturaldietshop.com\/en\/wp-json\/wp\/v2\/product_cat?post=2405"},{"taxonomy":"product_tag","embeddable":true,"href":"https:\/\/armonianaturaldietshop.com\/en\/wp-json\/wp\/v2\/product_tag?post=2405"}],"curies":[{"name":"wp","href":"https:\/\/api.w.org\/{rel}","templated":true}]}}