{"id":2406,"date":"2018-07-13T22:56:46","date_gmt":"2018-07-13T22:56:46","guid":{"rendered":"http:\/\/armonianaturaldietshop.com\/product\/colostrum-factor-60-caps\/"},"modified":"2018-10-10T14:40:49","modified_gmt":"2018-10-10T14:40:49","slug":"colostrum-factor-60-caps","status":"publish","type":"product","link":"https:\/\/armonianaturaldietshop.com\/en\/product\/colostrum-factor-60-caps\/","title":{"rendered":"Colostrum Factor 60 caps"},"content":{"rendered":"<p><span style=\"font-family: helvetica; font-size: 14pt;\">Colostrum Factor es un fluido lechoso que proviene de los senos de los humanos, las vacas y otros mam\u00edferos los primeros d\u00edas despu\u00e9s de dar a luz, antes de que aparezca la verdadera leche. Contiene prote\u00ednas, carbohidratos, grasas, vitaminas, minerales y prote\u00ednas (anticuerpos) que combaten agentes causantes de enfermedades tales como bacterias y virus. Los niveles de anticuerpos en calostro pueden ser 100 veces mayores que los niveles en la leche de vaca regular.<\/span><\/p>\n<p><span style=\"font-family: helvetica; font-size: 14pt;\">Algunos atletas utilizan calostro bovino para quemar grasa, construir m\u00fasculo magro, aumentar la resistencia y vitalidad, y mejorar el rendimiento atl\u00e9tico. El calostro bovino no figura en la lista de medicamentos prohibidos del Comit\u00e9 Ol\u00edmpico Internacional.<\/span><\/p>\n<p><span style=\"font-family: helvetica; font-size: 14pt;\">El calostro bovino se utiliza en el recto para tratar la inflamaci\u00f3n del colon (colitis).<\/span><\/p>\n<p><span style=\"font-family: helvetica; font-size: 14pt;\">Colostrum Factor hiperinmune se ha utilizado en ensayos cl\u00ednicos para tratar la diarrea relacionada con el SIDA, la diarrea asociada con la enfermedad del injerto contra el hu\u00e9sped despu\u00e9s del trasplante de m\u00e9dula \u00f3sea y la diarrea por rotavirus en ni\u00f1os.<\/span><\/p>\n<p>&nbsp;<\/p>\n<p><strong><span style=\"font-family: helvetica; font-size: 14pt;\"><br \/>\nPrincipales Beneficios:<\/span><\/strong><\/p>\n<p>&nbsp;<\/p>\n<ul style=\"margin-top: 0cm;\">\n<li><span style=\"font-family: helvetica; font-size: 14pt;\">F\u00f3rmula dise\u00f1ada con Calostro Bovino, Inositol Hexafosfato<br \/>\n<\/span><\/li>\n<li><span style=\"font-family: helvetica; font-size: 14pt;\"><span style=\"font-family: helvetica; font-size: 14pt;\">Apoya la funci\u00f3n del sistema inmunol\u00f3gico<\/span><\/span>&nbsp;<\/li>\n<li><span style=\"font-family: helvetica; font-size: 14pt;\"><span style=\"font-family: helvetica; font-size: 14pt;\">Contiene 3 especies de hongos usados con \u00e9xito en la medicina tradicional china<\/span><\/span>&nbsp;<\/li>\n<li><span style=\"font-family: helvetica; font-size: 14pt;\"><span style=\"font-family: helvetica; font-size: 14pt;\">Quema de grasa<\/span><\/span>&nbsp;<\/li>\n<li><span style=\"font-family: helvetica; font-size: 14pt;\"><span style=\"font-family: helvetica; font-size: 14pt;\">Construir m\u00fasculo magro.<\/span><\/span>&nbsp;<\/li>\n<li><span style=\"font-family: helvetica; font-size: 14pt;\"><span style=\"font-family: helvetica; font-size: 14pt;\">Aumento de la resistencia y la vitalidad.<\/span><\/span>&nbsp;<\/li>\n<li><span style=\"font-family: helvetica; font-size: 14pt;\"><span style=\"font-family: helvetica; font-size: 14pt;\">Elevando el estado de \u00e1nimo y la sensaci\u00f3n de bienestar.<\/span><\/span>&nbsp;<\/li>\n<li><span style=\"font-family: helvetica; font-size: 14pt;\"><span style=\"font-family: helvetica; font-size: 14pt;\">Infecciones bacterianas y f\u00fangicas.<\/span><\/span>&nbsp;<\/li>\n<li><span style=\"font-family: helvetica; font-size: 14pt;\"><span style=\"font-family: helvetica; font-size: 14pt;\">Otras condiciones.<\/span><\/span>&nbsp;<\/li>\n<li><span style=\"font-family: helvetica; font-size: 14pt;\"><span style=\"font-family: helvetica; font-size: 14pt;\">El calostro bovino tambi\u00e9n se utiliza para estimular el sistema inmunol\u00f3gico.<\/span><\/span>&nbsp;<\/li>\n<li><span style=\"font-family: helvetica; font-size: 14pt;\"><span style=\"font-family: helvetica; font-size: 14pt;\">Curar lesiones, reparar el da\u00f1o del sistema nervioso, mejorar el estado de \u00e1nimo y el sentido del bienestar.<\/span><\/span>&nbsp;<\/li>\n<li><span style=\"font-family: helvetica; font-size: 14pt;\"><span style=\"font-family: helvetica; font-size: 14pt;\">Retardar y revertir el envejecimiento y como agente para matar bacterias y hongos.<\/span><\/span>&nbsp;<\/li>\n<li><span style=\"font-family: helvetica; font-size: 14pt;\"><span style=\"font-family: helvetica; font-size: 14pt;\">Desempe\u00f1o atl\u00e9tico. Investigaciones en desarrollo sugieren que el calostro bovino podr\u00eda aumentar el rendimiento atl\u00e9tico para muchas, pero no para todas, las actividades atl\u00e9ticas.<\/span><\/span>&nbsp;<\/li>\n<li><span style=\"font-family: helvetica; font-size: 14pt;\"><span style=\"font-family: helvetica; font-size: 14pt;\">Inflamaci\u00f3n del colon (colitis). Hay algunas pruebas tempranas de que un enema rectal que contiene 10% de calostro bovino podr\u00eda ser \u00fatil para el tratamiento de la colitis.<\/span><\/span>&nbsp;<\/li>\n<li><span style=\"font-family: helvetica; font-size: 14pt;\"><span style=\"font-family: helvetica; font-size: 14pt;\">Esclerosis m\u00faltiple (EM). Algunas pruebas tempranas demuestran que tomar el calostro bovino hiperinmune por v\u00eda oral durante 4 semanas no alivia los s\u00edntomas de EM. Sin embargo, otra evidencia temprana demuestra que tomar el calostro bovino anti-sarampi\u00f3n por v\u00eda oral durante 30 d\u00edas puede mejorar los s\u00edntomas de EM.<\/span><\/span>&nbsp;<\/li>\n<li><span style=\"font-family: helvetica; font-size: 14pt;\">Infecci\u00f3n de las v\u00edas respiratorias superiores, incluyendo el resfriado com\u00fan y la gripe (influenza). Las primeras investigaciones sugieren que el tomar calostro bovino durante 8 semanas puede reducir el riesgo de infecciones del tracto respiratorio superior en varones j\u00f3venes y f\u00edsicamente activos.<\/span><\/li>\n<\/ul>\n","protected":false},"excerpt":{"rendered":"<p>Colostrum es un fluido lechoso que proviene de los senos de los humanos, las vacas y otros mam\u00edferos los primeros d\u00edas despu\u00e9s de dar a luz, antes de que aparezca la verdadera leche. Contiene prote\u00ednas, carbohidratos, grasas, vitaminas, minerales y prote\u00ednas (anticuerpos) que combaten agentes causantes de enfermedades tales como bacterias y virus. Los niveles de anticuerpos en calostro pueden ser 100 veces mayores que los niveles en la leche de vaca regular.<\/p>\n","protected":false},"featured_media":2335,"comment_status":"open","ping_status":"closed","template":"","meta":[],"product_cat":[34],"product_tag":[],"acf":[],"yoast_head":"<!-- This site is optimized with the Yoast SEO plugin v18.5.1 - https:\/\/yoast.com\/wordpress\/plugins\/seo\/ -->\n<title>Colostrum Factor x 60 cap. Medical Green - ARMONIA NATURAL<\/title>\n<meta name=\"description\" content=\"Colostrum Factor Combate agentes causantes de enfermedades como bacterias y virus. Apoya la funci\u00f3n del sistema inmunol\u00f3gico\" \/>\n<meta name=\"robots\" content=\"index, follow, max-snippet:-1, max-image-preview:large, max-video-preview:-1\" \/>\n<link rel=\"canonical\" href=\"https:\/\/armonianaturaldietshop.com\/en\/product\/colostrum-factor-60-caps\/\" \/>\n<meta property=\"og:locale\" content=\"en_US\" \/>\n<meta property=\"og:type\" content=\"article\" \/>\n<meta property=\"og:title\" content=\"Colostrum Factor x 60 cap. Medical Green - ARMONIA NATURAL\" \/>\n<meta property=\"og:description\" content=\"Colostrum Factor Combate agentes causantes de enfermedades como bacterias y virus. Apoya la funci\u00f3n del sistema inmunol\u00f3gico\" \/>\n<meta property=\"og:url\" content=\"https:\/\/armonianaturaldietshop.com\/en\/product\/colostrum-factor-60-caps\/\" \/>\n<meta property=\"og:site_name\" content=\"Armonia Natural Diet Shop\" \/>\n<meta property=\"article:publisher\" content=\"https:\/\/www.facebook.com\/ArmoniaNaturalDietShop\/\" \/>\n<meta property=\"article:modified_time\" content=\"2018-10-10T14:40:49+00:00\" \/>\n<meta property=\"og:image\" content=\"https:\/\/armonianaturaldietshop.com\/wp-content\/uploads\/2018\/07\/1164.jpg\" \/>\n\t<meta property=\"og:image:width\" content=\"768\" \/>\n\t<meta property=\"og:image:height\" content=\"768\" \/>\n\t<meta property=\"og:image:type\" content=\"image\/jpeg\" \/>\n<meta name=\"twitter:card\" content=\"summary_large_image\" \/>\n<meta name=\"twitter:label1\" content=\"Est. reading time\" \/>\n\t<meta name=\"twitter:data1\" content=\"2 minutes\" \/>\n<script type=\"application\/ld+json\" class=\"yoast-schema-graph\">{\"@context\":\"https:\/\/schema.org\",\"@graph\":[{\"@type\":\"Organization\",\"@id\":\"https:\/\/armonianaturaldietshop.com\/#organization\",\"name\":\"Armonia Natural Diet Shop\",\"url\":\"https:\/\/armonianaturaldietshop.com\/\",\"sameAs\":[\"https:\/\/www.facebook.com\/ArmoniaNaturalDietShop\/\",\"https:\/\/www.instagram.com\/armonia.natural\/?hl=en\"],\"logo\":{\"@type\":\"ImageObject\",\"@id\":\"https:\/\/armonianaturaldietshop.com\/#logo\",\"inLanguage\":\"en-US\",\"url\":\"https:\/\/armonianaturaldietshop.com\/wp-content\/uploads\/2018\/01\/top-banner-1.png\",\"contentUrl\":\"https:\/\/armonianaturaldietshop.com\/wp-content\/uploads\/2018\/01\/top-banner-1.png\",\"width\":369,\"height\":116,\"caption\":\"Armonia Natural Diet Shop\"},\"image\":{\"@id\":\"https:\/\/armonianaturaldietshop.com\/#logo\"}},{\"@type\":\"WebSite\",\"@id\":\"https:\/\/armonianaturaldietshop.com\/#website\",\"url\":\"https:\/\/armonianaturaldietshop.com\/\",\"name\":\"Armonia Natural Diet Shop\",\"description\":\"Otro sitio realizado con WordPress\",\"publisher\":{\"@id\":\"https:\/\/armonianaturaldietshop.com\/#organization\"},\"potentialAction\":[{\"@type\":\"SearchAction\",\"target\":{\"@type\":\"EntryPoint\",\"urlTemplate\":\"https:\/\/armonianaturaldietshop.com\/?s={search_term_string}\"},\"query-input\":\"required name=search_term_string\"}],\"inLanguage\":\"en-US\"},{\"@type\":\"ImageObject\",\"@id\":\"https:\/\/armonianaturaldietshop.com\/en\/product\/colostrum-factor-60-caps\/#primaryimage\",\"inLanguage\":\"en-US\",\"url\":\"https:\/\/armonianaturaldietshop.com\/wp-content\/uploads\/2018\/07\/1164.jpg\",\"contentUrl\":\"https:\/\/armonianaturaldietshop.com\/wp-content\/uploads\/2018\/07\/1164.jpg\",\"width\":768,\"height\":768},{\"@type\":\"WebPage\",\"@id\":\"https:\/\/armonianaturaldietshop.com\/en\/product\/colostrum-factor-60-caps\/#webpage\",\"url\":\"https:\/\/armonianaturaldietshop.com\/en\/product\/colostrum-factor-60-caps\/\",\"name\":\"Colostrum Factor x 60 cap. Medical Green - ARMONIA NATURAL\",\"isPartOf\":{\"@id\":\"https:\/\/armonianaturaldietshop.com\/#website\"},\"primaryImageOfPage\":{\"@id\":\"https:\/\/armonianaturaldietshop.com\/en\/product\/colostrum-factor-60-caps\/#primaryimage\"},\"datePublished\":\"2018-07-13T22:56:46+00:00\",\"dateModified\":\"2018-10-10T14:40:49+00:00\",\"description\":\"Colostrum Factor Combate agentes causantes de enfermedades como bacterias y virus. Apoya la funci\u00f3n del sistema inmunol\u00f3gico\",\"breadcrumb\":{\"@id\":\"https:\/\/armonianaturaldietshop.com\/en\/product\/colostrum-factor-60-caps\/#breadcrumb\"},\"inLanguage\":\"en-US\",\"potentialAction\":[{\"@type\":\"ReadAction\",\"target\":[\"https:\/\/armonianaturaldietshop.com\/en\/product\/colostrum-factor-60-caps\/\"]}]},{\"@type\":\"BreadcrumbList\",\"@id\":\"https:\/\/armonianaturaldietshop.com\/en\/product\/colostrum-factor-60-caps\/#breadcrumb\",\"itemListElement\":[{\"@type\":\"ListItem\",\"position\":1,\"name\":\"Home\",\"item\":\"https:\/\/armonianaturaldietshop.com\/en\/\"},{\"@type\":\"ListItem\",\"position\":2,\"name\":\"Shop\",\"item\":\"https:\/\/armonianaturaldietshop.com\/en\/shop\/\"},{\"@type\":\"ListItem\",\"position\":3,\"name\":\"Colostrum Factor 60 caps\"}]}]}<\/script>\n<!-- \/ Yoast SEO plugin. -->","yoast_head_json":{"title":"Colostrum Factor x 60 cap. Medical Green - ARMONIA NATURAL","description":"Colostrum Factor Combate agentes causantes de enfermedades como bacterias y virus. Apoya la funci\u00f3n del sistema inmunol\u00f3gico","robots":{"index":"index","follow":"follow","max-snippet":"max-snippet:-1","max-image-preview":"max-image-preview:large","max-video-preview":"max-video-preview:-1"},"canonical":"https:\/\/armonianaturaldietshop.com\/en\/product\/colostrum-factor-60-caps\/","og_locale":"en_US","og_type":"article","og_title":"Colostrum Factor x 60 cap. Medical Green - ARMONIA NATURAL","og_description":"Colostrum Factor Combate agentes causantes de enfermedades como bacterias y virus. Apoya la funci\u00f3n del sistema inmunol\u00f3gico","og_url":"https:\/\/armonianaturaldietshop.com\/en\/product\/colostrum-factor-60-caps\/","og_site_name":"Armonia Natural Diet Shop","article_publisher":"https:\/\/www.facebook.com\/ArmoniaNaturalDietShop\/","article_modified_time":"2018-10-10T14:40:49+00:00","og_image":[{"width":768,"height":768,"url":"https:\/\/armonianaturaldietshop.com\/wp-content\/uploads\/2018\/07\/1164.jpg","type":"image\/jpeg"}],"twitter_card":"summary_large_image","twitter_misc":{"Est. reading time":"2 minutes"},"schema":{"@context":"https:\/\/schema.org","@graph":[{"@type":"Organization","@id":"https:\/\/armonianaturaldietshop.com\/#organization","name":"Armonia Natural Diet Shop","url":"https:\/\/armonianaturaldietshop.com\/","sameAs":["https:\/\/www.facebook.com\/ArmoniaNaturalDietShop\/","https:\/\/www.instagram.com\/armonia.natural\/?hl=en"],"logo":{"@type":"ImageObject","@id":"https:\/\/armonianaturaldietshop.com\/#logo","inLanguage":"en-US","url":"https:\/\/armonianaturaldietshop.com\/wp-content\/uploads\/2018\/01\/top-banner-1.png","contentUrl":"https:\/\/armonianaturaldietshop.com\/wp-content\/uploads\/2018\/01\/top-banner-1.png","width":369,"height":116,"caption":"Armonia Natural Diet Shop"},"image":{"@id":"https:\/\/armonianaturaldietshop.com\/#logo"}},{"@type":"WebSite","@id":"https:\/\/armonianaturaldietshop.com\/#website","url":"https:\/\/armonianaturaldietshop.com\/","name":"Armonia Natural Diet Shop","description":"Otro sitio realizado con WordPress","publisher":{"@id":"https:\/\/armonianaturaldietshop.com\/#organization"},"potentialAction":[{"@type":"SearchAction","target":{"@type":"EntryPoint","urlTemplate":"https:\/\/armonianaturaldietshop.com\/?s={search_term_string}"},"query-input":"required name=search_term_string"}],"inLanguage":"en-US"},{"@type":"ImageObject","@id":"https:\/\/armonianaturaldietshop.com\/en\/product\/colostrum-factor-60-caps\/#primaryimage","inLanguage":"en-US","url":"https:\/\/armonianaturaldietshop.com\/wp-content\/uploads\/2018\/07\/1164.jpg","contentUrl":"https:\/\/armonianaturaldietshop.com\/wp-content\/uploads\/2018\/07\/1164.jpg","width":768,"height":768},{"@type":"WebPage","@id":"https:\/\/armonianaturaldietshop.com\/en\/product\/colostrum-factor-60-caps\/#webpage","url":"https:\/\/armonianaturaldietshop.com\/en\/product\/colostrum-factor-60-caps\/","name":"Colostrum Factor x 60 cap. Medical Green - ARMONIA NATURAL","isPartOf":{"@id":"https:\/\/armonianaturaldietshop.com\/#website"},"primaryImageOfPage":{"@id":"https:\/\/armonianaturaldietshop.com\/en\/product\/colostrum-factor-60-caps\/#primaryimage"},"datePublished":"2018-07-13T22:56:46+00:00","dateModified":"2018-10-10T14:40:49+00:00","description":"Colostrum Factor Combate agentes causantes de enfermedades como bacterias y virus. Apoya la funci\u00f3n del sistema inmunol\u00f3gico","breadcrumb":{"@id":"https:\/\/armonianaturaldietshop.com\/en\/product\/colostrum-factor-60-caps\/#breadcrumb"},"inLanguage":"en-US","potentialAction":[{"@type":"ReadAction","target":["https:\/\/armonianaturaldietshop.com\/en\/product\/colostrum-factor-60-caps\/"]}]},{"@type":"BreadcrumbList","@id":"https:\/\/armonianaturaldietshop.com\/en\/product\/colostrum-factor-60-caps\/#breadcrumb","itemListElement":[{"@type":"ListItem","position":1,"name":"Home","item":"https:\/\/armonianaturaldietshop.com\/en\/"},{"@type":"ListItem","position":2,"name":"Shop","item":"https:\/\/armonianaturaldietshop.com\/en\/shop\/"},{"@type":"ListItem","position":3,"name":"Colostrum Factor 60 caps"}]}]}},"_links":{"self":[{"href":"https:\/\/armonianaturaldietshop.com\/en\/wp-json\/wp\/v2\/product\/2406"}],"collection":[{"href":"https:\/\/armonianaturaldietshop.com\/en\/wp-json\/wp\/v2\/product"}],"about":[{"href":"https:\/\/armonianaturaldietshop.com\/en\/wp-json\/wp\/v2\/types\/product"}],"replies":[{"embeddable":true,"href":"https:\/\/armonianaturaldietshop.com\/en\/wp-json\/wp\/v2\/comments?post=2406"}],"wp:featuredmedia":[{"embeddable":true,"href":"https:\/\/armonianaturaldietshop.com\/en\/wp-json\/wp\/v2\/media\/2335"}],"wp:attachment":[{"href":"https:\/\/armonianaturaldietshop.com\/en\/wp-json\/wp\/v2\/media?parent=2406"}],"wp:term":[{"taxonomy":"product_cat","embeddable":true,"href":"https:\/\/armonianaturaldietshop.com\/en\/wp-json\/wp\/v2\/product_cat?post=2406"},{"taxonomy":"product_tag","embeddable":true,"href":"https:\/\/armonianaturaldietshop.com\/en\/wp-json\/wp\/v2\/product_tag?post=2406"}],"curies":[{"name":"wp","href":"https:\/\/api.w.org\/{rel}","templated":true}]}}