{"id":2409,"date":"2018-07-13T22:56:45","date_gmt":"2018-07-13T22:56:45","guid":{"rendered":"http:\/\/armonianaturaldietshop.com\/?post_type=product&#038;p=2409"},"modified":"2018-08-16T16:29:19","modified_gmt":"2018-08-16T16:29:19","slug":"mega-whey-low-calorie-x-3lb","status":"publish","type":"product","link":"https:\/\/armonianaturaldietshop.com\/en\/product\/mega-whey-low-calorie-x-3lb\/","title":{"rendered":"MEGA WHEY LOW CALORIE X 3lb"},"content":{"rendered":"<h1><strong><span style=\"font-family: helvetica; font-size: 18pt;\">MEGA WHEY LOW CALORIE&nbsp;<\/span><\/strong><br \/><strong><span style=\"font-family: helvetica; font-size: 18pt;\"> Es una f\u00f3rmula nutricional cient\u00edficamente desarrollada para aumentar la asimilaci\u00f3n de la prote\u00edna. Este producto contiene el \u00edndice justo de carbohidratos que se convierten en energ\u00eda al momento de hacer digesti\u00f3n y la prote\u00edna contenida queda libre para ser absorbida por los m\u00fasculos<\/span><\/strong><\/h1>\n<h1>&nbsp;<\/h1>\n<h2><strong><span style=\"font-family: helvetica; font-size: 18pt;\">El inter\u00e9s en nutrici\u00f3n deportiva nunca ha sido mayor. Todos sabemos que la dieta afecta el rendimiento deportivo y que un plan nutricional acertado permite que un atleta sea el mejor en una competencia. Sin embargo, la nutrici\u00f3n tambi\u00e9n juega un gran papel en el entrenamiento, en la adaptaci\u00f3n y en la preparaci\u00f3n para las competencias y en la recuperaci\u00f3n del entrenamiento y las competencias. Qu\u00e9 tan bien nos adaptamos a, o nos recuperamos, de una sesi\u00f3n de entrenamiento o competencia frecuentemente establece qu\u00e9 tan bien rendimos en la siguiente sesi\u00f3n de ejercicio. Las metas de las sesiones de entrenamiento tambi\u00e9n variar\u00e1n en la preparaci\u00f3n para las competencias. Por lo tanto, la nutrici\u00f3n deportiva es un esfuerzo de tiempo completo en la vida de un atleta.<\/span><\/strong><\/h2>\n<p>&nbsp;<\/p>\n<p>&nbsp;<\/p>\n<h3><strong><span style=\"font-family: helvetica; font-size: 18pt;\">Investigaciones en nutrici\u00f3n deportiva confirman que la Prote\u00edna de Suero es la mejor fuente de prote\u00edna, especial para fisicoculturistas y dem\u00e1s deportistas ya que MEGA WHEY LOW CALORIE contiene la prote\u00edna de mayor valor biol\u00f3gico, produciendo mayor retenci\u00f3n de nitr\u00f3geno y aumentando la s\u00edntesis de prote\u00ednas musculares.<\/span><\/strong><\/h3>\n<p><strong><span style=\"font-family: helvetica; font-size: 18pt;\">&nbsp;<\/span><\/strong><\/p>\n<p><strong><span style=\"font-family: helvetica; font-size: 18pt;\">MEGA WHEY LOW CALORIE es Prote\u00edna de Suero altamente bioasimilable adicionada con: Chromium Picolinate, y un excelente balance de vitaminas; de esta manera los deportistas obtienen una mejor tecnolog\u00eda para la obtenci\u00f3n de mayores resultados en comparaci\u00f3n con otras f\u00f3rmulas comunes de Prote\u00edna de Suero.<\/span><\/strong><\/p>\n<p><strong><span style=\"font-family: helvetica; font-size: 18pt;\">&nbsp;<\/span><\/strong><\/p>\n<p><strong><span style=\"font-family: helvetica; font-size: 18pt;\">USO SUGERIDO: Consumase inmediatamente despu\u00e9s del entrenamiento y entre comidas (de 1 a 3 servicios de MEGA WHEY LOW CALORIE dependiendo de su nivel de prote\u00edna requerida).<\/span><\/strong><\/p>\n<p>&nbsp;<\/p>\n<p><strong><span style=\"font-family: helvetica; font-size: 18pt;\">MODO DE USO: Adicione a 300ml de agua o leche baja en grasa, 2 medidas de MEGA WHEY LOW CALORIE y mezcle o licue. Dosificador incluido. Consulte su nutricionista o entrenador personal.<\/span><\/strong><\/p>\n<p>&nbsp;<\/p>\n<p><strong><span style=\"font-family: helvetica; font-size: 18pt;\">MEGA WHEY LOW CALORIE es recomendado para deportistas que quieran mantenerse en forma y complementar una alimentaci\u00f3n balanceada.<\/span><\/strong><\/p>\n<p>&nbsp;<\/p>\n<p><strong><span style=\"font-family: helvetica; font-size: 18pt;\">MEGA WHEY LOW CALORIE es Prote\u00edna de Suero altamente asimilable ya que contiene:<\/span><\/strong><\/p>\n<ul>\n<li><strong><span style=\"font-family: helvetica; font-size: 18pt;\"> &nbsp;39g de prote\u00edna de suero por servicio.<\/span><\/strong><\/li>\n<li><strong><span style=\"font-family: helvetica; font-size: 18pt;\">&nbsp;6g de BCAA&#8217;s (Amino\u00e1cidos de cadena ramificada) por servicio.<\/span><\/strong><\/li>\n<li><strong><span style=\"font-family: helvetica; font-size: 18pt;\">5g de Glutamina por servicio.<\/span><\/strong><\/li>\n<li><strong><span style=\"font-family: helvetica; font-size: 18pt;\"> &nbsp;Contiene Fibra Probi\u00f3tica.<\/span><\/strong><\/li>\n<\/ul>\n","protected":false},"excerpt":{"rendered":"<p>MEGA WHEY LOW CALORIE<br \/>\nEs una f\u00f3rmula nutricional cient\u00edficamente desarrollada para aumentar la asimilaci\u00f3n de la prote\u00edna. Este producto contiene el \u00edndice justo de carbohidratos que se convierten en energ\u00eda al momento de hacer digesti\u00f3n y la prote\u00edna contenida queda libre para ser absorbida por los m\u00fasculos<\/p>\n","protected":false},"featured_media":2323,"comment_status":"open","ping_status":"closed","template":"","meta":[],"product_cat":[40,29],"product_tag":[],"acf":[],"yoast_head":"<!-- This site is optimized with the Yoast SEO plugin v18.5.1 - https:\/\/yoast.com\/wordpress\/plugins\/seo\/ -->\n<title>MEGA WHEY LOW CALORIE X 3lb - Armonia Natural Diet Shop<\/title>\n<meta name=\"robots\" content=\"index, follow, max-snippet:-1, max-image-preview:large, max-video-preview:-1\" \/>\n<link rel=\"canonical\" href=\"https:\/\/armonianaturaldietshop.com\/en\/product\/mega-whey-low-calorie-x-3lb\/\" \/>\n<meta property=\"og:locale\" content=\"en_US\" \/>\n<meta property=\"og:type\" content=\"article\" \/>\n<meta property=\"og:title\" content=\"MEGA WHEY LOW CALORIE X 3lb - Armonia Natural Diet Shop\" \/>\n<meta property=\"og:description\" content=\"MEGA WHEY LOW CALORIE  Es una f\u00f3rmula nutricional cient\u00edficamente desarrollada para aumentar la asimilaci\u00f3n de la prote\u00edna. Este producto contiene el \u00edndice justo de carbohidratos que se convierten en energ\u00eda al momento de hacer digesti\u00f3n y la prote\u00edna contenida queda libre para ser absorbida por los m\u00fasculos\" \/>\n<meta property=\"og:url\" content=\"https:\/\/armonianaturaldietshop.com\/en\/product\/mega-whey-low-calorie-x-3lb\/\" \/>\n<meta property=\"og:site_name\" content=\"Armonia Natural Diet Shop\" \/>\n<meta property=\"article:publisher\" content=\"https:\/\/www.facebook.com\/ArmoniaNaturalDietShop\/\" \/>\n<meta property=\"article:modified_time\" content=\"2018-08-16T16:29:19+00:00\" \/>\n<meta property=\"og:image\" content=\"https:\/\/armonianaturaldietshop.com\/wp-content\/uploads\/2018\/07\/1118.png\" \/>\n\t<meta property=\"og:image:width\" content=\"600\" \/>\n\t<meta property=\"og:image:height\" content=\"650\" \/>\n\t<meta property=\"og:image:type\" content=\"image\/png\" \/>\n<meta name=\"twitter:card\" content=\"summary_large_image\" \/>\n<meta name=\"twitter:label1\" content=\"Est. reading time\" \/>\n\t<meta name=\"twitter:data1\" content=\"2 minutes\" \/>\n<script type=\"application\/ld+json\" class=\"yoast-schema-graph\">{\"@context\":\"https:\/\/schema.org\",\"@graph\":[{\"@type\":\"Organization\",\"@id\":\"https:\/\/armonianaturaldietshop.com\/#organization\",\"name\":\"Armonia Natural Diet Shop\",\"url\":\"https:\/\/armonianaturaldietshop.com\/\",\"sameAs\":[\"https:\/\/www.facebook.com\/ArmoniaNaturalDietShop\/\",\"https:\/\/www.instagram.com\/armonia.natural\/?hl=en\"],\"logo\":{\"@type\":\"ImageObject\",\"@id\":\"https:\/\/armonianaturaldietshop.com\/#logo\",\"inLanguage\":\"en-US\",\"url\":\"https:\/\/armonianaturaldietshop.com\/wp-content\/uploads\/2018\/01\/top-banner-1.png\",\"contentUrl\":\"https:\/\/armonianaturaldietshop.com\/wp-content\/uploads\/2018\/01\/top-banner-1.png\",\"width\":369,\"height\":116,\"caption\":\"Armonia Natural Diet Shop\"},\"image\":{\"@id\":\"https:\/\/armonianaturaldietshop.com\/#logo\"}},{\"@type\":\"WebSite\",\"@id\":\"https:\/\/armonianaturaldietshop.com\/#website\",\"url\":\"https:\/\/armonianaturaldietshop.com\/\",\"name\":\"Armonia Natural Diet Shop\",\"description\":\"Otro sitio realizado con WordPress\",\"publisher\":{\"@id\":\"https:\/\/armonianaturaldietshop.com\/#organization\"},\"potentialAction\":[{\"@type\":\"SearchAction\",\"target\":{\"@type\":\"EntryPoint\",\"urlTemplate\":\"https:\/\/armonianaturaldietshop.com\/?s={search_term_string}\"},\"query-input\":\"required name=search_term_string\"}],\"inLanguage\":\"en-US\"},{\"@type\":\"ImageObject\",\"@id\":\"https:\/\/armonianaturaldietshop.com\/en\/product\/mega-whey-low-calorie-x-3lb\/#primaryimage\",\"inLanguage\":\"en-US\",\"url\":\"https:\/\/armonianaturaldietshop.com\/wp-content\/uploads\/2018\/07\/1118.png\",\"contentUrl\":\"https:\/\/armonianaturaldietshop.com\/wp-content\/uploads\/2018\/07\/1118.png\",\"width\":600,\"height\":650},{\"@type\":\"WebPage\",\"@id\":\"https:\/\/armonianaturaldietshop.com\/en\/product\/mega-whey-low-calorie-x-3lb\/#webpage\",\"url\":\"https:\/\/armonianaturaldietshop.com\/en\/product\/mega-whey-low-calorie-x-3lb\/\",\"name\":\"MEGA WHEY LOW CALORIE X 3lb - Armonia Natural Diet Shop\",\"isPartOf\":{\"@id\":\"https:\/\/armonianaturaldietshop.com\/#website\"},\"primaryImageOfPage\":{\"@id\":\"https:\/\/armonianaturaldietshop.com\/en\/product\/mega-whey-low-calorie-x-3lb\/#primaryimage\"},\"datePublished\":\"2018-07-13T22:56:45+00:00\",\"dateModified\":\"2018-08-16T16:29:19+00:00\",\"breadcrumb\":{\"@id\":\"https:\/\/armonianaturaldietshop.com\/en\/product\/mega-whey-low-calorie-x-3lb\/#breadcrumb\"},\"inLanguage\":\"en-US\",\"potentialAction\":[{\"@type\":\"ReadAction\",\"target\":[\"https:\/\/armonianaturaldietshop.com\/en\/product\/mega-whey-low-calorie-x-3lb\/\"]}]},{\"@type\":\"BreadcrumbList\",\"@id\":\"https:\/\/armonianaturaldietshop.com\/en\/product\/mega-whey-low-calorie-x-3lb\/#breadcrumb\",\"itemListElement\":[{\"@type\":\"ListItem\",\"position\":1,\"name\":\"Home\",\"item\":\"https:\/\/armonianaturaldietshop.com\/en\/\"},{\"@type\":\"ListItem\",\"position\":2,\"name\":\"Shop\",\"item\":\"https:\/\/armonianaturaldietshop.com\/en\/shop\/\"},{\"@type\":\"ListItem\",\"position\":3,\"name\":\"MEGA WHEY LOW CALORIE X 3lb\"}]}]}<\/script>\n<!-- \/ Yoast SEO plugin. -->","yoast_head_json":{"title":"MEGA WHEY LOW CALORIE X 3lb - Armonia Natural Diet Shop","robots":{"index":"index","follow":"follow","max-snippet":"max-snippet:-1","max-image-preview":"max-image-preview:large","max-video-preview":"max-video-preview:-1"},"canonical":"https:\/\/armonianaturaldietshop.com\/en\/product\/mega-whey-low-calorie-x-3lb\/","og_locale":"en_US","og_type":"article","og_title":"MEGA WHEY LOW CALORIE X 3lb - Armonia Natural Diet Shop","og_description":"MEGA WHEY LOW CALORIE  Es una f\u00f3rmula nutricional cient\u00edficamente desarrollada para aumentar la asimilaci\u00f3n de la prote\u00edna. Este producto contiene el \u00edndice justo de carbohidratos que se convierten en energ\u00eda al momento de hacer digesti\u00f3n y la prote\u00edna contenida queda libre para ser absorbida por los m\u00fasculos","og_url":"https:\/\/armonianaturaldietshop.com\/en\/product\/mega-whey-low-calorie-x-3lb\/","og_site_name":"Armonia Natural Diet Shop","article_publisher":"https:\/\/www.facebook.com\/ArmoniaNaturalDietShop\/","article_modified_time":"2018-08-16T16:29:19+00:00","og_image":[{"width":600,"height":650,"url":"https:\/\/armonianaturaldietshop.com\/wp-content\/uploads\/2018\/07\/1118.png","type":"image\/png"}],"twitter_card":"summary_large_image","twitter_misc":{"Est. reading time":"2 minutes"},"schema":{"@context":"https:\/\/schema.org","@graph":[{"@type":"Organization","@id":"https:\/\/armonianaturaldietshop.com\/#organization","name":"Armonia Natural Diet Shop","url":"https:\/\/armonianaturaldietshop.com\/","sameAs":["https:\/\/www.facebook.com\/ArmoniaNaturalDietShop\/","https:\/\/www.instagram.com\/armonia.natural\/?hl=en"],"logo":{"@type":"ImageObject","@id":"https:\/\/armonianaturaldietshop.com\/#logo","inLanguage":"en-US","url":"https:\/\/armonianaturaldietshop.com\/wp-content\/uploads\/2018\/01\/top-banner-1.png","contentUrl":"https:\/\/armonianaturaldietshop.com\/wp-content\/uploads\/2018\/01\/top-banner-1.png","width":369,"height":116,"caption":"Armonia Natural Diet Shop"},"image":{"@id":"https:\/\/armonianaturaldietshop.com\/#logo"}},{"@type":"WebSite","@id":"https:\/\/armonianaturaldietshop.com\/#website","url":"https:\/\/armonianaturaldietshop.com\/","name":"Armonia Natural Diet Shop","description":"Otro sitio realizado con WordPress","publisher":{"@id":"https:\/\/armonianaturaldietshop.com\/#organization"},"potentialAction":[{"@type":"SearchAction","target":{"@type":"EntryPoint","urlTemplate":"https:\/\/armonianaturaldietshop.com\/?s={search_term_string}"},"query-input":"required name=search_term_string"}],"inLanguage":"en-US"},{"@type":"ImageObject","@id":"https:\/\/armonianaturaldietshop.com\/en\/product\/mega-whey-low-calorie-x-3lb\/#primaryimage","inLanguage":"en-US","url":"https:\/\/armonianaturaldietshop.com\/wp-content\/uploads\/2018\/07\/1118.png","contentUrl":"https:\/\/armonianaturaldietshop.com\/wp-content\/uploads\/2018\/07\/1118.png","width":600,"height":650},{"@type":"WebPage","@id":"https:\/\/armonianaturaldietshop.com\/en\/product\/mega-whey-low-calorie-x-3lb\/#webpage","url":"https:\/\/armonianaturaldietshop.com\/en\/product\/mega-whey-low-calorie-x-3lb\/","name":"MEGA WHEY LOW CALORIE X 3lb - Armonia Natural Diet Shop","isPartOf":{"@id":"https:\/\/armonianaturaldietshop.com\/#website"},"primaryImageOfPage":{"@id":"https:\/\/armonianaturaldietshop.com\/en\/product\/mega-whey-low-calorie-x-3lb\/#primaryimage"},"datePublished":"2018-07-13T22:56:45+00:00","dateModified":"2018-08-16T16:29:19+00:00","breadcrumb":{"@id":"https:\/\/armonianaturaldietshop.com\/en\/product\/mega-whey-low-calorie-x-3lb\/#breadcrumb"},"inLanguage":"en-US","potentialAction":[{"@type":"ReadAction","target":["https:\/\/armonianaturaldietshop.com\/en\/product\/mega-whey-low-calorie-x-3lb\/"]}]},{"@type":"BreadcrumbList","@id":"https:\/\/armonianaturaldietshop.com\/en\/product\/mega-whey-low-calorie-x-3lb\/#breadcrumb","itemListElement":[{"@type":"ListItem","position":1,"name":"Home","item":"https:\/\/armonianaturaldietshop.com\/en\/"},{"@type":"ListItem","position":2,"name":"Shop","item":"https:\/\/armonianaturaldietshop.com\/en\/shop\/"},{"@type":"ListItem","position":3,"name":"MEGA WHEY LOW CALORIE X 3lb"}]}]}},"_links":{"self":[{"href":"https:\/\/armonianaturaldietshop.com\/en\/wp-json\/wp\/v2\/product\/2409"}],"collection":[{"href":"https:\/\/armonianaturaldietshop.com\/en\/wp-json\/wp\/v2\/product"}],"about":[{"href":"https:\/\/armonianaturaldietshop.com\/en\/wp-json\/wp\/v2\/types\/product"}],"replies":[{"embeddable":true,"href":"https:\/\/armonianaturaldietshop.com\/en\/wp-json\/wp\/v2\/comments?post=2409"}],"wp:featuredmedia":[{"embeddable":true,"href":"https:\/\/armonianaturaldietshop.com\/en\/wp-json\/wp\/v2\/media\/2323"}],"wp:attachment":[{"href":"https:\/\/armonianaturaldietshop.com\/en\/wp-json\/wp\/v2\/media?parent=2409"}],"wp:term":[{"taxonomy":"product_cat","embeddable":true,"href":"https:\/\/armonianaturaldietshop.com\/en\/wp-json\/wp\/v2\/product_cat?post=2409"},{"taxonomy":"product_tag","embeddable":true,"href":"https:\/\/armonianaturaldietshop.com\/en\/wp-json\/wp\/v2\/product_tag?post=2409"}],"curies":[{"name":"wp","href":"https:\/\/api.w.org\/{rel}","templated":true}]}}