{"id":2411,"date":"2018-07-13T22:56:38","date_gmt":"2018-07-13T22:56:38","guid":{"rendered":"http:\/\/armonianaturaldietshop.com\/?post_type=product&#038;p=2411"},"modified":"2018-08-16T16:50:35","modified_gmt":"2018-08-16T16:50:35","slug":"megaplex-lite-x-3-lb","status":"publish","type":"product","link":"https:\/\/armonianaturaldietshop.com\/en\/product\/megaplex-lite-x-3-lb\/","title":{"rendered":"MEGAPLEX LITE X 3 lb"},"content":{"rendered":"<p><span style=\"font-family: helvetica; font-size: 18pt;\"> <\/span><\/p>\n<h1><strong><span style=\"font-family: arial, helvetica, sans-serif; font-size: 14pt;\">MEGAPLEX LITE, combina en su f\u00f3rmula por toma, el 50% de la recomendaci\u00f3n diaria de prote\u00edna, obtenida de tres fuentes, con diferentes velocidades de absorci\u00f3n, buscando as\u00ed lograr un mayor tiempo de saciedad y un balance positivo de nitr\u00f3geno por m\u00e1s tiempo. Su f\u00f3rmula aporta tan solo el 10 % del total diario de calor\u00edas, lo cual hace de MEGAPLEX LITE el mejor producto para un programa de baja ingesta cal\u00f3rica con un alto nivel de prote\u00edna<\/span><\/strong><\/h1>\n<p><span style=\"font-family: arial, helvetica, sans-serif; font-size: 14pt;\"><strong>Adelgazar significa disminuir el porcentaje de grasa, no perder peso a partir de masa muscular\u201d. Teniendo en cuenta que la grasa es energ\u00eda acumulada, un programa nutricional para adelgazar, debe tener en cuenta dos aspectos importantes: el control de las calor\u00edas para estar en d\u00e9ficit cal\u00f3rico (gastar m\u00e1s energ\u00eda que la consumida) y un consumo elevado de prote\u00edna para no desnutrirse y mantener la masa muscular. Existen en el mercado dos nutrientes sin efectos secundarios ni estimulantes ampliamente utilizados: la L-Carnitina, un poderoso convertidor de la grasa en energ\u00eda y el Picolinato de Cromo, el m\u00e1s comprobado ingrediente, para que personas con mucha ansiedad puedan disminuir su ingesta de alimentos sin ning\u00fan esfuerzo.<\/strong><\/span><\/p>\n<p>\u00a0<\/p>\n<p><span style=\"font-family: arial, helvetica, sans-serif; font-size: 14pt;\"><strong>MEGAPLEX LITE principales beneficios:<\/strong><\/span><\/p>\n<p><span style=\"font-family: arial, helvetica, sans-serif; font-size: 14pt;\"><strong>&#8211; 25 gramos de prote\u00ednas de diferentes fuentes para mantener balance de nitrogeno positivo por m\u00e1s tiempo.<\/strong><\/span><\/p>\n<p><span style=\"font-family: arial, helvetica, sans-serif; font-size: 14pt;\"><strong> &#8211; 1000 mg de carnitina por porci\u00f3n.<\/strong><\/span><br \/><span style=\"font-family: arial, helvetica, sans-serif; font-size: 14pt;\"><strong> &#8211; Integra picolinato de cromo para controlar la ansiedad de comer<\/strong><\/span><\/p>\n<p>\u00a0<\/p>\n<p><span style=\"font-family: arial, helvetica, sans-serif; font-size: 14pt;\"><strong>Modo de empleo: Mezcle o licue 54g (2 medidas\/cucharadas) con 300ml de leche baja en grasa o agua. Consuma un servicio inmediatamente despu\u00e9s del entrenamiento o entre comidas (1 o 2 servicios por d\u00eda), disfrute as\u00ed, el mas delicioso y nutritivo batido. Consulte su nutricionista o entrenador personal. Incluye medidor (cuchara dosificadora)<\/strong><\/span><\/p>\n","protected":false},"excerpt":{"rendered":"<p>MEGAPLEX LITE, combina en su f\u00f3rmula por toma, el 50% de la recomendaci\u00f3n diaria de prote\u00edna, obtenida de tres fuentes, con diferentes velocidades de absorci\u00f3n, buscando as\u00ed lograr un mayor tiempo de saciedad y un balance positivo de nitr\u00f3geno por m\u00e1s tiempo. Su f\u00f3rmula aporta tan solo el 10 % del total diario de calor\u00edas, lo cual hace de MEGAPLEX LITE el mejor producto para un programa de baja ingesta cal\u00f3rica con un alto nivel de prote\u00edna<\/p>\n","protected":false},"featured_media":2315,"comment_status":"open","ping_status":"closed","template":"","meta":[],"product_cat":[40,29],"product_tag":[],"acf":[],"yoast_head":"<!-- This site is optimized with the Yoast SEO plugin v18.5.1 - https:\/\/yoast.com\/wordpress\/plugins\/seo\/ -->\n<title>MEGAPLEX LITE X 3 lb - Armonia Natural Diet Shop<\/title>\n<meta name=\"robots\" content=\"index, follow, max-snippet:-1, max-image-preview:large, max-video-preview:-1\" \/>\n<link rel=\"canonical\" href=\"https:\/\/armonianaturaldietshop.com\/en\/product\/megaplex-lite-x-3-lb\/\" \/>\n<meta property=\"og:locale\" content=\"en_US\" \/>\n<meta property=\"og:type\" content=\"article\" \/>\n<meta property=\"og:title\" content=\"MEGAPLEX LITE X 3 lb - Armonia Natural Diet Shop\" \/>\n<meta property=\"og:description\" content=\"MEGAPLEX LITE, combina en su f\u00f3rmula por toma, el 50% de la recomendaci\u00f3n diaria de prote\u00edna, obtenida de tres fuentes, con diferentes velocidades de absorci\u00f3n, buscando as\u00ed lograr un mayor tiempo de saciedad y un balance positivo de nitr\u00f3geno por m\u00e1s tiempo. Su f\u00f3rmula aporta tan solo el 10 % del total diario de calor\u00edas, lo cual hace de MEGAPLEX LITE el mejor producto para un programa de baja ingesta cal\u00f3rica con un alto nivel de prote\u00edna\" \/>\n<meta property=\"og:url\" content=\"https:\/\/armonianaturaldietshop.com\/en\/product\/megaplex-lite-x-3-lb\/\" \/>\n<meta property=\"og:site_name\" content=\"Armonia Natural Diet Shop\" \/>\n<meta property=\"article:publisher\" content=\"https:\/\/www.facebook.com\/ArmoniaNaturalDietShop\/\" \/>\n<meta property=\"article:modified_time\" content=\"2018-08-16T16:50:35+00:00\" \/>\n<meta property=\"og:image\" content=\"https:\/\/armonianaturaldietshop.com\/wp-content\/uploads\/2018\/07\/1126.png\" \/>\n\t<meta property=\"og:image:width\" content=\"600\" \/>\n\t<meta property=\"og:image:height\" content=\"650\" \/>\n\t<meta property=\"og:image:type\" content=\"image\/png\" \/>\n<meta name=\"twitter:card\" content=\"summary_large_image\" \/>\n<meta name=\"twitter:label1\" content=\"Est. reading time\" \/>\n\t<meta name=\"twitter:data1\" content=\"1 minute\" \/>\n<script type=\"application\/ld+json\" class=\"yoast-schema-graph\">{\"@context\":\"https:\/\/schema.org\",\"@graph\":[{\"@type\":\"Organization\",\"@id\":\"https:\/\/armonianaturaldietshop.com\/#organization\",\"name\":\"Armonia Natural Diet Shop\",\"url\":\"https:\/\/armonianaturaldietshop.com\/\",\"sameAs\":[\"https:\/\/www.facebook.com\/ArmoniaNaturalDietShop\/\",\"https:\/\/www.instagram.com\/armonia.natural\/?hl=en\"],\"logo\":{\"@type\":\"ImageObject\",\"@id\":\"https:\/\/armonianaturaldietshop.com\/#logo\",\"inLanguage\":\"en-US\",\"url\":\"https:\/\/armonianaturaldietshop.com\/wp-content\/uploads\/2018\/01\/top-banner-1.png\",\"contentUrl\":\"https:\/\/armonianaturaldietshop.com\/wp-content\/uploads\/2018\/01\/top-banner-1.png\",\"width\":369,\"height\":116,\"caption\":\"Armonia Natural Diet Shop\"},\"image\":{\"@id\":\"https:\/\/armonianaturaldietshop.com\/#logo\"}},{\"@type\":\"WebSite\",\"@id\":\"https:\/\/armonianaturaldietshop.com\/#website\",\"url\":\"https:\/\/armonianaturaldietshop.com\/\",\"name\":\"Armonia Natural Diet Shop\",\"description\":\"Otro sitio realizado con WordPress\",\"publisher\":{\"@id\":\"https:\/\/armonianaturaldietshop.com\/#organization\"},\"potentialAction\":[{\"@type\":\"SearchAction\",\"target\":{\"@type\":\"EntryPoint\",\"urlTemplate\":\"https:\/\/armonianaturaldietshop.com\/?s={search_term_string}\"},\"query-input\":\"required name=search_term_string\"}],\"inLanguage\":\"en-US\"},{\"@type\":\"ImageObject\",\"@id\":\"https:\/\/armonianaturaldietshop.com\/en\/product\/megaplex-lite-x-3-lb\/#primaryimage\",\"inLanguage\":\"en-US\",\"url\":\"https:\/\/armonianaturaldietshop.com\/wp-content\/uploads\/2018\/07\/1126.png\",\"contentUrl\":\"https:\/\/armonianaturaldietshop.com\/wp-content\/uploads\/2018\/07\/1126.png\",\"width\":600,\"height\":650},{\"@type\":\"WebPage\",\"@id\":\"https:\/\/armonianaturaldietshop.com\/en\/product\/megaplex-lite-x-3-lb\/#webpage\",\"url\":\"https:\/\/armonianaturaldietshop.com\/en\/product\/megaplex-lite-x-3-lb\/\",\"name\":\"MEGAPLEX LITE X 3 lb - Armonia Natural Diet Shop\",\"isPartOf\":{\"@id\":\"https:\/\/armonianaturaldietshop.com\/#website\"},\"primaryImageOfPage\":{\"@id\":\"https:\/\/armonianaturaldietshop.com\/en\/product\/megaplex-lite-x-3-lb\/#primaryimage\"},\"datePublished\":\"2018-07-13T22:56:38+00:00\",\"dateModified\":\"2018-08-16T16:50:35+00:00\",\"breadcrumb\":{\"@id\":\"https:\/\/armonianaturaldietshop.com\/en\/product\/megaplex-lite-x-3-lb\/#breadcrumb\"},\"inLanguage\":\"en-US\",\"potentialAction\":[{\"@type\":\"ReadAction\",\"target\":[\"https:\/\/armonianaturaldietshop.com\/en\/product\/megaplex-lite-x-3-lb\/\"]}]},{\"@type\":\"BreadcrumbList\",\"@id\":\"https:\/\/armonianaturaldietshop.com\/en\/product\/megaplex-lite-x-3-lb\/#breadcrumb\",\"itemListElement\":[{\"@type\":\"ListItem\",\"position\":1,\"name\":\"Home\",\"item\":\"https:\/\/armonianaturaldietshop.com\/en\/\"},{\"@type\":\"ListItem\",\"position\":2,\"name\":\"Shop\",\"item\":\"https:\/\/armonianaturaldietshop.com\/en\/shop\/\"},{\"@type\":\"ListItem\",\"position\":3,\"name\":\"MEGAPLEX LITE X 3 lb\"}]}]}<\/script>\n<!-- \/ Yoast SEO plugin. -->","yoast_head_json":{"title":"MEGAPLEX LITE X 3 lb - Armonia Natural Diet Shop","robots":{"index":"index","follow":"follow","max-snippet":"max-snippet:-1","max-image-preview":"max-image-preview:large","max-video-preview":"max-video-preview:-1"},"canonical":"https:\/\/armonianaturaldietshop.com\/en\/product\/megaplex-lite-x-3-lb\/","og_locale":"en_US","og_type":"article","og_title":"MEGAPLEX LITE X 3 lb - Armonia Natural Diet Shop","og_description":"MEGAPLEX LITE, combina en su f\u00f3rmula por toma, el 50% de la recomendaci\u00f3n diaria de prote\u00edna, obtenida de tres fuentes, con diferentes velocidades de absorci\u00f3n, buscando as\u00ed lograr un mayor tiempo de saciedad y un balance positivo de nitr\u00f3geno por m\u00e1s tiempo. Su f\u00f3rmula aporta tan solo el 10 % del total diario de calor\u00edas, lo cual hace de MEGAPLEX LITE el mejor producto para un programa de baja ingesta cal\u00f3rica con un alto nivel de prote\u00edna","og_url":"https:\/\/armonianaturaldietshop.com\/en\/product\/megaplex-lite-x-3-lb\/","og_site_name":"Armonia Natural Diet Shop","article_publisher":"https:\/\/www.facebook.com\/ArmoniaNaturalDietShop\/","article_modified_time":"2018-08-16T16:50:35+00:00","og_image":[{"width":600,"height":650,"url":"https:\/\/armonianaturaldietshop.com\/wp-content\/uploads\/2018\/07\/1126.png","type":"image\/png"}],"twitter_card":"summary_large_image","twitter_misc":{"Est. reading time":"1 minute"},"schema":{"@context":"https:\/\/schema.org","@graph":[{"@type":"Organization","@id":"https:\/\/armonianaturaldietshop.com\/#organization","name":"Armonia Natural Diet Shop","url":"https:\/\/armonianaturaldietshop.com\/","sameAs":["https:\/\/www.facebook.com\/ArmoniaNaturalDietShop\/","https:\/\/www.instagram.com\/armonia.natural\/?hl=en"],"logo":{"@type":"ImageObject","@id":"https:\/\/armonianaturaldietshop.com\/#logo","inLanguage":"en-US","url":"https:\/\/armonianaturaldietshop.com\/wp-content\/uploads\/2018\/01\/top-banner-1.png","contentUrl":"https:\/\/armonianaturaldietshop.com\/wp-content\/uploads\/2018\/01\/top-banner-1.png","width":369,"height":116,"caption":"Armonia Natural Diet Shop"},"image":{"@id":"https:\/\/armonianaturaldietshop.com\/#logo"}},{"@type":"WebSite","@id":"https:\/\/armonianaturaldietshop.com\/#website","url":"https:\/\/armonianaturaldietshop.com\/","name":"Armonia Natural Diet Shop","description":"Otro sitio realizado con WordPress","publisher":{"@id":"https:\/\/armonianaturaldietshop.com\/#organization"},"potentialAction":[{"@type":"SearchAction","target":{"@type":"EntryPoint","urlTemplate":"https:\/\/armonianaturaldietshop.com\/?s={search_term_string}"},"query-input":"required name=search_term_string"}],"inLanguage":"en-US"},{"@type":"ImageObject","@id":"https:\/\/armonianaturaldietshop.com\/en\/product\/megaplex-lite-x-3-lb\/#primaryimage","inLanguage":"en-US","url":"https:\/\/armonianaturaldietshop.com\/wp-content\/uploads\/2018\/07\/1126.png","contentUrl":"https:\/\/armonianaturaldietshop.com\/wp-content\/uploads\/2018\/07\/1126.png","width":600,"height":650},{"@type":"WebPage","@id":"https:\/\/armonianaturaldietshop.com\/en\/product\/megaplex-lite-x-3-lb\/#webpage","url":"https:\/\/armonianaturaldietshop.com\/en\/product\/megaplex-lite-x-3-lb\/","name":"MEGAPLEX LITE X 3 lb - Armonia Natural Diet Shop","isPartOf":{"@id":"https:\/\/armonianaturaldietshop.com\/#website"},"primaryImageOfPage":{"@id":"https:\/\/armonianaturaldietshop.com\/en\/product\/megaplex-lite-x-3-lb\/#primaryimage"},"datePublished":"2018-07-13T22:56:38+00:00","dateModified":"2018-08-16T16:50:35+00:00","breadcrumb":{"@id":"https:\/\/armonianaturaldietshop.com\/en\/product\/megaplex-lite-x-3-lb\/#breadcrumb"},"inLanguage":"en-US","potentialAction":[{"@type":"ReadAction","target":["https:\/\/armonianaturaldietshop.com\/en\/product\/megaplex-lite-x-3-lb\/"]}]},{"@type":"BreadcrumbList","@id":"https:\/\/armonianaturaldietshop.com\/en\/product\/megaplex-lite-x-3-lb\/#breadcrumb","itemListElement":[{"@type":"ListItem","position":1,"name":"Home","item":"https:\/\/armonianaturaldietshop.com\/en\/"},{"@type":"ListItem","position":2,"name":"Shop","item":"https:\/\/armonianaturaldietshop.com\/en\/shop\/"},{"@type":"ListItem","position":3,"name":"MEGAPLEX LITE X 3 lb"}]}]}},"_links":{"self":[{"href":"https:\/\/armonianaturaldietshop.com\/en\/wp-json\/wp\/v2\/product\/2411"}],"collection":[{"href":"https:\/\/armonianaturaldietshop.com\/en\/wp-json\/wp\/v2\/product"}],"about":[{"href":"https:\/\/armonianaturaldietshop.com\/en\/wp-json\/wp\/v2\/types\/product"}],"replies":[{"embeddable":true,"href":"https:\/\/armonianaturaldietshop.com\/en\/wp-json\/wp\/v2\/comments?post=2411"}],"wp:featuredmedia":[{"embeddable":true,"href":"https:\/\/armonianaturaldietshop.com\/en\/wp-json\/wp\/v2\/media\/2315"}],"wp:attachment":[{"href":"https:\/\/armonianaturaldietshop.com\/en\/wp-json\/wp\/v2\/media?parent=2411"}],"wp:term":[{"taxonomy":"product_cat","embeddable":true,"href":"https:\/\/armonianaturaldietshop.com\/en\/wp-json\/wp\/v2\/product_cat?post=2411"},{"taxonomy":"product_tag","embeddable":true,"href":"https:\/\/armonianaturaldietshop.com\/en\/wp-json\/wp\/v2\/product_tag?post=2411"}],"curies":[{"name":"wp","href":"https:\/\/api.w.org\/{rel}","templated":true}]}}