{"id":2453,"date":"2018-07-13T22:56:33","date_gmt":"2018-07-13T22:56:33","guid":{"rendered":"http:\/\/armonianaturaldietshop.com\/product\/minoxidil-5-tramiento-para-el-crecimiento-del-cabello\/"},"modified":"2020-07-08T23:57:41","modified_gmt":"2020-07-08T23:57:41","slug":"minoxidil-5-tramiento-para-el-crecimiento-del-cabello","status":"publish","type":"product","link":"https:\/\/armonianaturaldietshop.com\/en\/product\/minoxidil-5-tramiento-para-el-crecimiento-del-cabello\/","title":{"rendered":"Minoxidil 5% Tramiento Para El Crecimiento Del Cabello"},"content":{"rendered":"<h2 style=\"color: #00538e; margin: 0px 0px 20px; font-family: Raleway; font-weight: 400; line-height: 1.5; font-size: 22px;\" data-fontsize=\"22\" data-lineheight=\"33\"><span style=\"color: #000080;\">ACERCA DE MINOXIDIL \u00a0 \u00a0\u00a0<\/span><\/h2>\n<ol style=\"color: #7c7c7c; font-family: Oxygen; font-size: 16px;\">\n<li>El minoxidil gracias a su efecto vasodilatador, favorece la vascularizaci\u00f3n de la ra\u00edz folicular y por tanto su aporte de ox\u00edgeno.<\/li>\n<li>Hace que los cabellos en fase de envejecimiento (fase tel\u00f3gena) se desprendan, aumentando el n\u00famero de fol\u00edculos en fase de crecimiento (fase an\u00e1gena). Gracias a este efecto, aparecer\u00e1n fol\u00edculos de mayor grosor, mejorando la densidad folicular.<\/li>\n<\/ol>\n<h2 style=\"color: #00538e; margin: 0px 0px 20px; font-family: Raleway; font-weight: 400; line-height: 1.5; font-size: 22px;\" data-fontsize=\"22\" data-lineheight=\"33\"><span style=\"color: #000080;\">ASPECTOS PR\u00c1CTICOS DEL MECANISMO DE ACCI\u00d3N DE MINOXIDIL<\/span><\/h2>\n<ul style=\"color: #7c7c7c; font-family: Oxygen; font-size: 16px;\">\n<li>Se ha demostrado que el minoxidil act\u00faa sobre las c\u00e9lulas foliculares haciendo que en 6 meses se produzca un aumento del grosor de los cabellos del 30%, aproximadamente. El efecto cl\u00ednico comienza a percibirse a los 2-5 meses de iniciar el tratamiento, y suele ser m\u00e1ximo a los 12 meses.<\/li>\n<li>\u00a0Este efecto desaparece si se deja de aplicar minoxidil durante 3 meses, por lo que es fundamental que el tratamiento de una alopecia androg\u00e9nica con minoxidil sea continuo. Si se suspende minoxidil, se pierde el efecto beneficioso acumulado durante el tiempo que se haya hecho tratamiento.<\/li>\n<li>Al estimular que los cabellos en fase de envejecimiento se desprendan, es normal que las primeras semanas de tratamiento el paciente pueda notar un aumento de la ca\u00edda capilar (\u201cefecto shedding\u201d). Este efecto cesar\u00e1 a los 2-3 meses no requiriendo dejar el tratamiento. Estos cabellos en fase de envejecimiento se sustituir\u00e1n por otros cabellos en fase de crecimiento, de mayor grosor, mejorando la densidad capilar.<\/li>\n<\/ul>\n<ul style=\"color: #7c7c7c; font-family: Oxygen; font-size: 16px;\">\n<li>Para que minoxidil ejerza correctamente su funci\u00f3n, es muy importante una correcta aplicaci\u00f3n por parte del paciente:<\/li>\n<\/ul>\n<h2 style=\"font-size: 22px; color: #00538e; margin: 0px 0px 20px; font-family: Raleway; font-weight: 400; line-height: 1.5;\" data-fontsize=\"22\" data-lineheight=\"33\"><span style=\"color: #000080;\">\u00a0CONTIENE TRATAMIENTO PARA (6) MESES\u00a0<\/span><\/h2>\n<p style=\"margin: 0px 0px 20px; color: #7c7c7c; font-family: Oxygen; font-size: 16px;\"><img loading=\"lazy\" class=\"wp-image-190 size-full alignleft\" src=\"https:\/\/minoxidilcolombia.co\/wp-content\/uploads\/2017\/06\/minoxi.jpg\" alt=\"\" width=\"595\" height=\"555\" \/>https:\/\/minoxidilcolombia.co\/wp-content\/uploads\/2017\/06\/minoxi-200&#215;187.jpg 200x, <a href=\"https:\/\/minoxidilcolombia.co\/wp-content\/uploads\/2017\/06\/minoxi-300x280.jpg\">https:\/\/minoxidilcolombia.co\/wp-content\/uploads\/2017\/06\/minoxi-300&#215;280.jpg<\/a> 300x, <a href=\"https:\/\/minoxidilcolombia.co\/wp-content\/uploads\/2017\/06\/minoxi-400x373.jpg\">https:\/\/minoxidilcolombia.co\/wp-content\/uploads\/2017\/06\/minoxi-400&#215;373.jpg<\/a> 400x, <a href=\"https:\/\/minoxidilcolombia.co\/wp-content\/uploads\/2017\/06\/minoxi-500x466.jpg\">https:\/\/minoxidilcolombia.co\/wp-content\/uploads\/2017\/06\/minoxi-500&#215;466.jpg<\/a> 500x, <a href=\"https:\/\/minoxidilcolombia.co\/wp-content\/uploads\/2017\/06\/minoxi.jpg\">https:\/\/minoxidilcolombia.co\/wp-content\/uploads\/2017\/06\/minoxi.jpg<\/a> 595x&#8221; sizes=&#8221;(max-width: 595px) 100vw, 595px&#8221; style=&#8221;box-sizing:border-box;border-style:none;vertical-align:top;max-width:100%;height:auto;display:inline;float:left;margin-right:15px&#8221;&gt;<\/p>\n<div><\/div>\n","protected":false},"excerpt":{"rendered":"<p>MINOXIDIL 5% &#8211; TRATAMIENTO PARA LA CALVICIE 6 FRASCOS<\/p>\n<p>Minoxidil es un excelente tratamiento ideal para los problemas de calvicie con efecto de 6 meses. Este producto se aprob\u00f3 por la FDA en 1979, y desde entonces su \u00e9xito ha sido positivo que se ha vuelto uno de los tratamientos m\u00e1s conocidos para tratar y prevenir la ca\u00edda del cabello. Gracias a los estrictos estudios cient\u00edficos que se han realizado han logrado obtener resultados positivos que var\u00edan seg\u00fan la persona y el estado de calvicie en el que se encuentre.<\/p>\n<p>BENEFICIOS<\/p>\n<p>Apartir del mes 3 se empiezan a verse los resultados.<br \/>\nA los 12 meses se ve el 100% de los resultados.<br \/>\nbeneficia la fibra capilar.<br \/>\nResultado totalmente garantizado.<\/p>\n","protected":false},"featured_media":2307,"comment_status":"open","ping_status":"closed","template":"","meta":[],"product_cat":[32,47],"product_tag":[],"acf":[],"yoast_head":"<!-- This site is optimized with the Yoast SEO plugin v18.5.1 - https:\/\/yoast.com\/wordpress\/plugins\/seo\/ -->\n<title>Minoxidil 5% Tramiento Para El Crecimiento Del Cabello - Armonia Natural Diet Shop<\/title>\n<meta name=\"robots\" content=\"index, follow, max-snippet:-1, max-image-preview:large, max-video-preview:-1\" \/>\n<link rel=\"canonical\" href=\"https:\/\/armonianaturaldietshop.com\/en\/product\/minoxidil-5-tramiento-para-el-crecimiento-del-cabello\/\" \/>\n<meta property=\"og:locale\" content=\"en_US\" \/>\n<meta property=\"og:type\" content=\"article\" \/>\n<meta property=\"og:title\" content=\"Minoxidil 5% Tramiento Para El Crecimiento Del Cabello - Armonia Natural Diet Shop\" \/>\n<meta property=\"og:description\" content=\"MINOXIDIL 5% - TRATAMIENTO PARA LA CALVICIE 6 FRASCOS  Minoxidil es un excelente tratamiento ideal para los problemas de calvicie con efecto de 6 meses. Este producto se aprob\u00f3 por la FDA en 1979, y desde entonces su \u00e9xito ha sido positivo que se ha vuelto uno de los tratamientos m\u00e1s conocidos para tratar y prevenir la ca\u00edda del cabello. Gracias a los estrictos estudios cient\u00edficos que se han realizado han logrado obtener resultados positivos que var\u00edan seg\u00fan la persona y el estado de calvicie en el que se encuentre.  BENEFICIOS  Apartir del mes 3 se empiezan a verse los resultados. A los 12 meses se ve el 100% de los resultados. beneficia la fibra capilar. Resultado totalmente garantizado.\" \/>\n<meta property=\"og:url\" content=\"https:\/\/armonianaturaldietshop.com\/en\/product\/minoxidil-5-tramiento-para-el-crecimiento-del-cabello\/\" \/>\n<meta property=\"og:site_name\" content=\"Armonia Natural Diet Shop\" \/>\n<meta property=\"article:publisher\" content=\"https:\/\/www.facebook.com\/ArmoniaNaturalDietShop\/\" \/>\n<meta property=\"article:modified_time\" content=\"2020-07-08T23:57:41+00:00\" \/>\n<meta property=\"og:image\" content=\"https:\/\/armonianaturaldietshop.com\/wp-content\/uploads\/2018\/07\/1037.jpg\" \/>\n\t<meta property=\"og:image:width\" content=\"1200\" \/>\n\t<meta property=\"og:image:height\" content=\"990\" \/>\n\t<meta property=\"og:image:type\" content=\"image\/jpeg\" \/>\n<meta name=\"twitter:card\" content=\"summary_large_image\" \/>\n<meta name=\"twitter:label1\" content=\"Est. reading time\" \/>\n\t<meta name=\"twitter:data1\" content=\"2 minutes\" \/>\n<script type=\"application\/ld+json\" class=\"yoast-schema-graph\">{\"@context\":\"https:\/\/schema.org\",\"@graph\":[{\"@type\":\"Organization\",\"@id\":\"https:\/\/armonianaturaldietshop.com\/#organization\",\"name\":\"Armonia Natural Diet Shop\",\"url\":\"https:\/\/armonianaturaldietshop.com\/\",\"sameAs\":[\"https:\/\/www.facebook.com\/ArmoniaNaturalDietShop\/\",\"https:\/\/www.instagram.com\/armonia.natural\/?hl=en\"],\"logo\":{\"@type\":\"ImageObject\",\"@id\":\"https:\/\/armonianaturaldietshop.com\/#logo\",\"inLanguage\":\"en-US\",\"url\":\"https:\/\/armonianaturaldietshop.com\/wp-content\/uploads\/2018\/01\/top-banner-1.png\",\"contentUrl\":\"https:\/\/armonianaturaldietshop.com\/wp-content\/uploads\/2018\/01\/top-banner-1.png\",\"width\":369,\"height\":116,\"caption\":\"Armonia Natural Diet Shop\"},\"image\":{\"@id\":\"https:\/\/armonianaturaldietshop.com\/#logo\"}},{\"@type\":\"WebSite\",\"@id\":\"https:\/\/armonianaturaldietshop.com\/#website\",\"url\":\"https:\/\/armonianaturaldietshop.com\/\",\"name\":\"Armonia Natural Diet Shop\",\"description\":\"Otro sitio realizado con WordPress\",\"publisher\":{\"@id\":\"https:\/\/armonianaturaldietshop.com\/#organization\"},\"potentialAction\":[{\"@type\":\"SearchAction\",\"target\":{\"@type\":\"EntryPoint\",\"urlTemplate\":\"https:\/\/armonianaturaldietshop.com\/?s={search_term_string}\"},\"query-input\":\"required name=search_term_string\"}],\"inLanguage\":\"en-US\"},{\"@type\":\"ImageObject\",\"@id\":\"https:\/\/armonianaturaldietshop.com\/en\/product\/minoxidil-5-tramiento-para-el-crecimiento-del-cabello\/#primaryimage\",\"inLanguage\":\"en-US\",\"url\":\"https:\/\/armonianaturaldietshop.com\/wp-content\/uploads\/2018\/07\/1037.jpg\",\"contentUrl\":\"https:\/\/armonianaturaldietshop.com\/wp-content\/uploads\/2018\/07\/1037.jpg\",\"width\":1200,\"height\":990},{\"@type\":\"WebPage\",\"@id\":\"https:\/\/armonianaturaldietshop.com\/en\/product\/minoxidil-5-tramiento-para-el-crecimiento-del-cabello\/#webpage\",\"url\":\"https:\/\/armonianaturaldietshop.com\/en\/product\/minoxidil-5-tramiento-para-el-crecimiento-del-cabello\/\",\"name\":\"Minoxidil 5% Tramiento Para El Crecimiento Del Cabello - Armonia Natural Diet Shop\",\"isPartOf\":{\"@id\":\"https:\/\/armonianaturaldietshop.com\/#website\"},\"primaryImageOfPage\":{\"@id\":\"https:\/\/armonianaturaldietshop.com\/en\/product\/minoxidil-5-tramiento-para-el-crecimiento-del-cabello\/#primaryimage\"},\"datePublished\":\"2018-07-13T22:56:33+00:00\",\"dateModified\":\"2020-07-08T23:57:41+00:00\",\"breadcrumb\":{\"@id\":\"https:\/\/armonianaturaldietshop.com\/en\/product\/minoxidil-5-tramiento-para-el-crecimiento-del-cabello\/#breadcrumb\"},\"inLanguage\":\"en-US\",\"potentialAction\":[{\"@type\":\"ReadAction\",\"target\":[\"https:\/\/armonianaturaldietshop.com\/en\/product\/minoxidil-5-tramiento-para-el-crecimiento-del-cabello\/\"]}]},{\"@type\":\"BreadcrumbList\",\"@id\":\"https:\/\/armonianaturaldietshop.com\/en\/product\/minoxidil-5-tramiento-para-el-crecimiento-del-cabello\/#breadcrumb\",\"itemListElement\":[{\"@type\":\"ListItem\",\"position\":1,\"name\":\"Home\",\"item\":\"https:\/\/armonianaturaldietshop.com\/en\/\"},{\"@type\":\"ListItem\",\"position\":2,\"name\":\"Shop\",\"item\":\"https:\/\/armonianaturaldietshop.com\/en\/shop\/\"},{\"@type\":\"ListItem\",\"position\":3,\"name\":\"Minoxidil 5% Tramiento Para El Crecimiento Del Cabello\"}]}]}<\/script>\n<!-- \/ Yoast SEO plugin. -->","yoast_head_json":{"title":"Minoxidil 5% Tramiento Para El Crecimiento Del Cabello - Armonia Natural Diet Shop","robots":{"index":"index","follow":"follow","max-snippet":"max-snippet:-1","max-image-preview":"max-image-preview:large","max-video-preview":"max-video-preview:-1"},"canonical":"https:\/\/armonianaturaldietshop.com\/en\/product\/minoxidil-5-tramiento-para-el-crecimiento-del-cabello\/","og_locale":"en_US","og_type":"article","og_title":"Minoxidil 5% Tramiento Para El Crecimiento Del Cabello - Armonia Natural Diet Shop","og_description":"MINOXIDIL 5% - TRATAMIENTO PARA LA CALVICIE 6 FRASCOS  Minoxidil es un excelente tratamiento ideal para los problemas de calvicie con efecto de 6 meses. Este producto se aprob\u00f3 por la FDA en 1979, y desde entonces su \u00e9xito ha sido positivo que se ha vuelto uno de los tratamientos m\u00e1s conocidos para tratar y prevenir la ca\u00edda del cabello. Gracias a los estrictos estudios cient\u00edficos que se han realizado han logrado obtener resultados positivos que var\u00edan seg\u00fan la persona y el estado de calvicie en el que se encuentre.  BENEFICIOS  Apartir del mes 3 se empiezan a verse los resultados. A los 12 meses se ve el 100% de los resultados. beneficia la fibra capilar. Resultado totalmente garantizado.","og_url":"https:\/\/armonianaturaldietshop.com\/en\/product\/minoxidil-5-tramiento-para-el-crecimiento-del-cabello\/","og_site_name":"Armonia Natural Diet Shop","article_publisher":"https:\/\/www.facebook.com\/ArmoniaNaturalDietShop\/","article_modified_time":"2020-07-08T23:57:41+00:00","og_image":[{"width":1200,"height":990,"url":"https:\/\/armonianaturaldietshop.com\/wp-content\/uploads\/2018\/07\/1037.jpg","type":"image\/jpeg"}],"twitter_card":"summary_large_image","twitter_misc":{"Est. reading time":"2 minutes"},"schema":{"@context":"https:\/\/schema.org","@graph":[{"@type":"Organization","@id":"https:\/\/armonianaturaldietshop.com\/#organization","name":"Armonia Natural Diet Shop","url":"https:\/\/armonianaturaldietshop.com\/","sameAs":["https:\/\/www.facebook.com\/ArmoniaNaturalDietShop\/","https:\/\/www.instagram.com\/armonia.natural\/?hl=en"],"logo":{"@type":"ImageObject","@id":"https:\/\/armonianaturaldietshop.com\/#logo","inLanguage":"en-US","url":"https:\/\/armonianaturaldietshop.com\/wp-content\/uploads\/2018\/01\/top-banner-1.png","contentUrl":"https:\/\/armonianaturaldietshop.com\/wp-content\/uploads\/2018\/01\/top-banner-1.png","width":369,"height":116,"caption":"Armonia Natural Diet Shop"},"image":{"@id":"https:\/\/armonianaturaldietshop.com\/#logo"}},{"@type":"WebSite","@id":"https:\/\/armonianaturaldietshop.com\/#website","url":"https:\/\/armonianaturaldietshop.com\/","name":"Armonia Natural Diet Shop","description":"Otro sitio realizado con WordPress","publisher":{"@id":"https:\/\/armonianaturaldietshop.com\/#organization"},"potentialAction":[{"@type":"SearchAction","target":{"@type":"EntryPoint","urlTemplate":"https:\/\/armonianaturaldietshop.com\/?s={search_term_string}"},"query-input":"required name=search_term_string"}],"inLanguage":"en-US"},{"@type":"ImageObject","@id":"https:\/\/armonianaturaldietshop.com\/en\/product\/minoxidil-5-tramiento-para-el-crecimiento-del-cabello\/#primaryimage","inLanguage":"en-US","url":"https:\/\/armonianaturaldietshop.com\/wp-content\/uploads\/2018\/07\/1037.jpg","contentUrl":"https:\/\/armonianaturaldietshop.com\/wp-content\/uploads\/2018\/07\/1037.jpg","width":1200,"height":990},{"@type":"WebPage","@id":"https:\/\/armonianaturaldietshop.com\/en\/product\/minoxidil-5-tramiento-para-el-crecimiento-del-cabello\/#webpage","url":"https:\/\/armonianaturaldietshop.com\/en\/product\/minoxidil-5-tramiento-para-el-crecimiento-del-cabello\/","name":"Minoxidil 5% Tramiento Para El Crecimiento Del Cabello - Armonia Natural Diet Shop","isPartOf":{"@id":"https:\/\/armonianaturaldietshop.com\/#website"},"primaryImageOfPage":{"@id":"https:\/\/armonianaturaldietshop.com\/en\/product\/minoxidil-5-tramiento-para-el-crecimiento-del-cabello\/#primaryimage"},"datePublished":"2018-07-13T22:56:33+00:00","dateModified":"2020-07-08T23:57:41+00:00","breadcrumb":{"@id":"https:\/\/armonianaturaldietshop.com\/en\/product\/minoxidil-5-tramiento-para-el-crecimiento-del-cabello\/#breadcrumb"},"inLanguage":"en-US","potentialAction":[{"@type":"ReadAction","target":["https:\/\/armonianaturaldietshop.com\/en\/product\/minoxidil-5-tramiento-para-el-crecimiento-del-cabello\/"]}]},{"@type":"BreadcrumbList","@id":"https:\/\/armonianaturaldietshop.com\/en\/product\/minoxidil-5-tramiento-para-el-crecimiento-del-cabello\/#breadcrumb","itemListElement":[{"@type":"ListItem","position":1,"name":"Home","item":"https:\/\/armonianaturaldietshop.com\/en\/"},{"@type":"ListItem","position":2,"name":"Shop","item":"https:\/\/armonianaturaldietshop.com\/en\/shop\/"},{"@type":"ListItem","position":3,"name":"Minoxidil 5% Tramiento Para El Crecimiento Del Cabello"}]}]}},"_links":{"self":[{"href":"https:\/\/armonianaturaldietshop.com\/en\/wp-json\/wp\/v2\/product\/2453"}],"collection":[{"href":"https:\/\/armonianaturaldietshop.com\/en\/wp-json\/wp\/v2\/product"}],"about":[{"href":"https:\/\/armonianaturaldietshop.com\/en\/wp-json\/wp\/v2\/types\/product"}],"replies":[{"embeddable":true,"href":"https:\/\/armonianaturaldietshop.com\/en\/wp-json\/wp\/v2\/comments?post=2453"}],"wp:featuredmedia":[{"embeddable":true,"href":"https:\/\/armonianaturaldietshop.com\/en\/wp-json\/wp\/v2\/media\/2307"}],"wp:attachment":[{"href":"https:\/\/armonianaturaldietshop.com\/en\/wp-json\/wp\/v2\/media?parent=2453"}],"wp:term":[{"taxonomy":"product_cat","embeddable":true,"href":"https:\/\/armonianaturaldietshop.com\/en\/wp-json\/wp\/v2\/product_cat?post=2453"},{"taxonomy":"product_tag","embeddable":true,"href":"https:\/\/armonianaturaldietshop.com\/en\/wp-json\/wp\/v2\/product_tag?post=2453"}],"curies":[{"name":"wp","href":"https:\/\/api.w.org\/{rel}","templated":true}]}}