{"id":2457,"date":"2018-07-13T22:53:45","date_gmt":"2018-07-13T22:53:45","guid":{"rendered":"http:\/\/armonianaturaldietshop.com\/product\/monster-test-pm-60-caps\/"},"modified":"2021-03-27T15:47:32","modified_gmt":"2021-03-27T15:47:32","slug":"monster-test-pm-60-caps","status":"publish","type":"product","link":"https:\/\/armonianaturaldietshop.com\/en\/product\/monster-test-pm-60-caps\/","title":{"rendered":"MONSTER TEST PM 60 CAPS"},"content":{"rendered":"<p id=\"docs-internal-guid-98d0cf0a-fda7-0616-9aeb-9a66daacd9ae\" dir=\"ltr\" style=\"line-height: 1.38; margin-top: 0pt; margin-bottom: 0pt; text-align: left;\"><span style=\"font-size: 11pt; font-family: Arial; color: #000000; background-color: transparent; font-weight: 400; font-style: normal; font-variant: normal; text-decoration: none; vertical-align: baseline; white-space: pre-wrap;\"><img loading=\"lazy\" style=\"display: block; margin-left: auto; margin-right: auto;\" src=\"images\/MONSTERTEST3.png\" alt=\"MONSTERTEST3.png\" width=\"234\" height=\"234\" \/><br \/>\nMONSTER TEST PM 60 CAPS, AUMENTA LA ENERGIA \/ MEJORA EL SUE\u00d1O \/ INCREMENTA TU RENDIMIENTO FISICO &#8211; \u00a1Obt\u00e9n el Monster Test PM Edge! Esta rara f\u00f3rmula incluye refuerzos din\u00e1micos dise\u00f1ados para maximizar los niveles de <a href=\"https:\/\/medlineplus.gov\/spanish\/ency\/patientinstructions\/000722.htm\">Testosterona<\/a>, combatir las sensaciones de lentitud y la reducci\u00f3n de la masa muscular, y darle la vitalidad personal que han querido sus seres queridos.<\/span><span style=\"font-size: 11pt; font-family: Arial; color: #000000; background-color: transparent; font-weight: 400; font-style: normal; font-variant: normal; text-decoration: none; vertical-align: baseline; white-space: pre-wrap;\"><br class=\"kix-line-break\" \/><\/span><span style=\"font-size: 11pt; font-family: Arial; color: #000000; background-color: transparent; font-weight: 400; font-style: normal; font-variant: normal; text-decoration: none; vertical-align: baseline; white-space: pre-wrap;\"><br class=\"kix-line-break\" \/><\/span><span style=\"font-size: 11pt; font-family: Arial; color: #000000; background-color: transparent; font-weight: 400; font-style: normal; font-variant: normal; text-decoration: none; vertical-align: baseline; white-space: pre-wrap;\">\u25baFORMULA LIMPIA &#8211; No todas las pruebas son iguales. Para obtener los m\u00e1ximos resultados, desarrollamos una formulaci\u00f3n de hierbas limpias en los Estados Unidos que contiene cero rellenos, no contiene gluten, no tiene conservantes, no se ha probado en animales y no es transg\u00e9nico. 500 mg de Tribulus Terrestris almacenados en cada una de estas c\u00e1psulas vegetales le devuelve su vitalidad y su juventud.<\/span><span style=\"font-size: 11pt; font-family: Arial; color: #000000; background-color: transparent; font-weight: 400; font-style: normal; font-variant: normal; text-decoration: none; vertical-align: baseline; white-space: pre-wrap;\"><br class=\"kix-line-break\" \/><\/span><span style=\"font-size: 11pt; font-family: Arial; color: #000000; background-color: transparent; font-weight: 400; font-style: normal; font-variant: normal; text-decoration: none; vertical-align: baseline; white-space: pre-wrap;\"><br class=\"kix-line-break\" \/><\/span><span style=\"font-size: 11pt; font-family: Arial; color: #000000; background-color: transparent; font-weight: 400; font-style: normal; font-variant: normal; text-decoration: none; vertical-align: baseline; white-space: pre-wrap;\">\u25baMONSTER UP &#8211; MONSTER TEST PM 60 CAPS no es solo un nombre &#8230; es un sentimiento. Dise\u00f1ado para aumentar tus sets, maximizando los niveles de <a href=\"https:\/\/armonianaturaldietshop.com\/product\/gorilla-potencializador\/\">energ\u00eda<\/a> y resistencia. \u00a1Todos ver\u00e1n los beneficios y captar\u00e1n la sensaci\u00f3n, no solo las personas que van frecuentemente al gimnasio! Todo el mundo sabe que la masa muscular crece en RECUPERACI\u00d3N. \u00a1Monster Test PM est\u00e1 formulado para respaldar tu tiempo de recuperaci\u00f3n m\u00e1s importante, CUANDO DUERMES, para que tus entrenamientos no se desperdicien!<\/span><span style=\"font-size: 11pt; font-family: Arial; color: #000000; background-color: transparent; font-weight: 400; font-style: normal; font-variant: normal; text-decoration: none; vertical-align: baseline; white-space: pre-wrap;\"><br class=\"kix-line-break\" \/><\/span><span style=\"font-size: 11pt; font-family: Arial; color: #000000; background-color: transparent; font-weight: 400; font-style: normal; font-variant: normal; text-decoration: none; vertical-align: baseline; white-space: pre-wrap;\"><br class=\"kix-line-break\" \/><\/span><span style=\"font-size: 11pt; font-family: Arial; color: #000000; background-color: transparent; font-weight: 400; font-style: normal; font-variant: normal; text-decoration: none; vertical-align: baseline; white-space: pre-wrap;\">\u25baEL SENTIRLO TAMBI\u00c9N &#8211; Recuperar ese sentimiento de 18 a\u00f1os. Cuando no pod\u00edas mantenerlo abajo, y ella no pod\u00eda mantener tus manos lejos de ti. Monster Test PM y nuestro regulador \u00a0Monster Test parece retrasar el reloj en esta \u00e1rea.<\/span><span style=\"font-size: 11pt; font-family: Arial; color: #000000; background-color: transparent; font-weight: 400; font-style: normal; font-variant: normal; text-decoration: none; vertical-align: baseline; white-space: pre-wrap;\"><br class=\"kix-line-break\" \/><\/span><span style=\"font-size: 11pt; font-family: Arial; color: #000000; background-color: transparent; font-weight: 400; font-style: normal; font-variant: normal; text-decoration: none; vertical-align: baseline; white-space: pre-wrap;\"><br class=\"kix-line-break\" \/><\/span><span style=\"font-size: 11pt; font-family: Arial; color: #000000; background-color: transparent; font-weight: 400; font-style: normal; font-variant: normal; text-decoration: none; vertical-align: baseline; white-space: pre-wrap;\">Tome una porci\u00f3n (2) c\u00e1psulas con el est\u00f3mago vac\u00edo 30-60 min. antes de la hora de dormir. Para obtener mejores resultados, evite tomar alimentos l\u00e1cteos u otros alimentos o suplementos que contengan calcio. NO EXCEDER 2 C\u00c1PSULAS POR D\u00cdA.<\/span><span style=\"font-size: 11pt; font-family: Arial; color: #000000; background-color: transparent; font-weight: 400; font-style: normal; font-variant: normal; text-decoration: none; vertical-align: baseline; white-space: pre-wrap;\"><br class=\"kix-line-break\" \/><\/span><span style=\"font-size: 11pt; font-family: Arial; color: #000000; background-color: transparent; font-weight: 400; font-style: normal; font-variant: normal; text-decoration: none; vertical-align: baseline; white-space: pre-wrap;\"><br class=\"kix-line-break\" \/><\/span><span style=\"font-size: 11pt; font-family: Arial; color: #000000; background-color: transparent; font-weight: 400; font-style: normal; font-variant: normal; text-decoration: none; vertical-align: baseline; white-space: pre-wrap;\">Precauci\u00f3n: no exceda la dosis recomendada. No apto para menores de 18 a\u00f1os y las personas con una condici\u00f3n m\u00e9dica conocida deben consultar a un m\u00e9dico antes de usar este o cualquier suplemento diet\u00e9tico.<\/span><\/p>\n","protected":false},"excerpt":{"rendered":"<p id=\"docs-internal-guid-98d0cf0a-fda7-0616-9aeb-9a66daacd9ae\" dir=\"ltr\" style=\"line-height: 1.38; margin-top: 0pt; margin-bottom: 0pt; text-align: left;\">\nMONSTER TEST PM 60 CAPS, AUMENTA LA ENERGIA \/ MEJORA EL SUE\u00d1O \/ INCREMENTA TU RENDIMIENTO FISICO &#8211; \u00a1Obt\u00e9n el Monster Test PM Edge! Esta rara f\u00f3rmula incluye refuerzos din\u00e1micos dise\u00f1ados para maximizar los niveles de <a href=\"https:\/\/medlineplus.gov\/spanish\/ency\/patientinstructions\/000722.htm\">Testosterona<\/a>, combatir las sensaciones de lentitud y [&#8230;]<\/p>\n","protected":false},"featured_media":2305,"comment_status":"open","ping_status":"closed","template":"","meta":[],"product_cat":[29,34],"product_tag":[],"acf":[],"yoast_head":"<!-- This site is optimized with the Yoast SEO plugin v18.5.1 - https:\/\/yoast.com\/wordpress\/plugins\/seo\/ -->\n<title>MONSTER TEST PM 60 CAPS - Armonia Natural Diet Shop<\/title>\n<meta name=\"description\" content=\"MONSTER TEST PM 60 CAPS AUMENTA LA ENERGIA, MEJORA EL SUE\u00d1O,INCREMENTA TU RENDIMIENTO FISICO, maximiza la Testosterona.\" \/>\n<meta name=\"robots\" content=\"index, follow, max-snippet:-1, max-image-preview:large, max-video-preview:-1\" \/>\n<link rel=\"canonical\" href=\"https:\/\/armonianaturaldietshop.com\/en\/product\/monster-test-pm-60-caps\/\" \/>\n<meta property=\"og:locale\" content=\"en_US\" \/>\n<meta property=\"og:type\" content=\"article\" \/>\n<meta property=\"og:title\" content=\"MONSTER TEST PM 60 CAPS - Armonia Natural Diet Shop\" \/>\n<meta property=\"og:description\" content=\"MONSTER TEST PM 60 CAPS AUMENTA LA ENERGIA, MEJORA EL SUE\u00d1O,INCREMENTA TU RENDIMIENTO FISICO, maximiza la Testosterona.\" \/>\n<meta property=\"og:url\" content=\"https:\/\/armonianaturaldietshop.com\/en\/product\/monster-test-pm-60-caps\/\" \/>\n<meta property=\"og:site_name\" content=\"Armonia Natural Diet Shop\" \/>\n<meta property=\"article:publisher\" content=\"https:\/\/www.facebook.com\/ArmoniaNaturalDietShop\/\" \/>\n<meta property=\"article:modified_time\" content=\"2021-03-27T15:47:32+00:00\" \/>\n<meta property=\"og:image\" content=\"https:\/\/armonianaturaldietshop.com\/wp-content\/uploads\/2018\/07\/1040.png\" \/>\n\t<meta property=\"og:image:width\" content=\"480\" \/>\n\t<meta property=\"og:image:height\" content=\"480\" \/>\n\t<meta property=\"og:image:type\" content=\"image\/png\" \/>\n<meta name=\"twitter:card\" content=\"summary_large_image\" \/>\n<meta name=\"twitter:label1\" content=\"Est. reading time\" \/>\n\t<meta name=\"twitter:data1\" content=\"2 minutes\" \/>\n<script type=\"application\/ld+json\" class=\"yoast-schema-graph\">{\"@context\":\"https:\/\/schema.org\",\"@graph\":[{\"@type\":\"Organization\",\"@id\":\"https:\/\/armonianaturaldietshop.com\/#organization\",\"name\":\"Armonia Natural Diet Shop\",\"url\":\"https:\/\/armonianaturaldietshop.com\/\",\"sameAs\":[\"https:\/\/www.facebook.com\/ArmoniaNaturalDietShop\/\",\"https:\/\/www.instagram.com\/armonia.natural\/?hl=en\"],\"logo\":{\"@type\":\"ImageObject\",\"@id\":\"https:\/\/armonianaturaldietshop.com\/#logo\",\"inLanguage\":\"en-US\",\"url\":\"https:\/\/armonianaturaldietshop.com\/wp-content\/uploads\/2018\/01\/top-banner-1.png\",\"contentUrl\":\"https:\/\/armonianaturaldietshop.com\/wp-content\/uploads\/2018\/01\/top-banner-1.png\",\"width\":369,\"height\":116,\"caption\":\"Armonia Natural Diet Shop\"},\"image\":{\"@id\":\"https:\/\/armonianaturaldietshop.com\/#logo\"}},{\"@type\":\"WebSite\",\"@id\":\"https:\/\/armonianaturaldietshop.com\/#website\",\"url\":\"https:\/\/armonianaturaldietshop.com\/\",\"name\":\"Armonia Natural Diet Shop\",\"description\":\"Otro sitio realizado con WordPress\",\"publisher\":{\"@id\":\"https:\/\/armonianaturaldietshop.com\/#organization\"},\"potentialAction\":[{\"@type\":\"SearchAction\",\"target\":{\"@type\":\"EntryPoint\",\"urlTemplate\":\"https:\/\/armonianaturaldietshop.com\/?s={search_term_string}\"},\"query-input\":\"required name=search_term_string\"}],\"inLanguage\":\"en-US\"},{\"@type\":\"ImageObject\",\"@id\":\"https:\/\/armonianaturaldietshop.com\/en\/product\/monster-test-pm-60-caps\/#primaryimage\",\"inLanguage\":\"en-US\",\"url\":\"https:\/\/armonianaturaldietshop.com\/wp-content\/uploads\/2018\/07\/1040.png\",\"contentUrl\":\"https:\/\/armonianaturaldietshop.com\/wp-content\/uploads\/2018\/07\/1040.png\",\"width\":480,\"height\":480,\"caption\":\"MONSTER TEST PM 60 CAPS\"},{\"@type\":\"WebPage\",\"@id\":\"https:\/\/armonianaturaldietshop.com\/en\/product\/monster-test-pm-60-caps\/#webpage\",\"url\":\"https:\/\/armonianaturaldietshop.com\/en\/product\/monster-test-pm-60-caps\/\",\"name\":\"MONSTER TEST PM 60 CAPS - Armonia Natural Diet Shop\",\"isPartOf\":{\"@id\":\"https:\/\/armonianaturaldietshop.com\/#website\"},\"primaryImageOfPage\":{\"@id\":\"https:\/\/armonianaturaldietshop.com\/en\/product\/monster-test-pm-60-caps\/#primaryimage\"},\"datePublished\":\"2018-07-13T22:53:45+00:00\",\"dateModified\":\"2021-03-27T15:47:32+00:00\",\"description\":\"MONSTER TEST PM 60 CAPS AUMENTA LA ENERGIA, MEJORA EL SUE\u00d1O,INCREMENTA TU RENDIMIENTO FISICO, maximiza la Testosterona.\",\"breadcrumb\":{\"@id\":\"https:\/\/armonianaturaldietshop.com\/en\/product\/monster-test-pm-60-caps\/#breadcrumb\"},\"inLanguage\":\"en-US\",\"potentialAction\":[{\"@type\":\"ReadAction\",\"target\":[\"https:\/\/armonianaturaldietshop.com\/en\/product\/monster-test-pm-60-caps\/\"]}]},{\"@type\":\"BreadcrumbList\",\"@id\":\"https:\/\/armonianaturaldietshop.com\/en\/product\/monster-test-pm-60-caps\/#breadcrumb\",\"itemListElement\":[{\"@type\":\"ListItem\",\"position\":1,\"name\":\"Home\",\"item\":\"https:\/\/armonianaturaldietshop.com\/en\/\"},{\"@type\":\"ListItem\",\"position\":2,\"name\":\"Shop\",\"item\":\"https:\/\/armonianaturaldietshop.com\/en\/shop\/\"},{\"@type\":\"ListItem\",\"position\":3,\"name\":\"MONSTER TEST PM 60 CAPS\"}]}]}<\/script>\n<!-- \/ Yoast SEO plugin. -->","yoast_head_json":{"title":"MONSTER TEST PM 60 CAPS - Armonia Natural Diet Shop","description":"MONSTER TEST PM 60 CAPS AUMENTA LA ENERGIA, MEJORA EL SUE\u00d1O,INCREMENTA TU RENDIMIENTO FISICO, maximiza la Testosterona.","robots":{"index":"index","follow":"follow","max-snippet":"max-snippet:-1","max-image-preview":"max-image-preview:large","max-video-preview":"max-video-preview:-1"},"canonical":"https:\/\/armonianaturaldietshop.com\/en\/product\/monster-test-pm-60-caps\/","og_locale":"en_US","og_type":"article","og_title":"MONSTER TEST PM 60 CAPS - Armonia Natural Diet Shop","og_description":"MONSTER TEST PM 60 CAPS AUMENTA LA ENERGIA, MEJORA EL SUE\u00d1O,INCREMENTA TU RENDIMIENTO FISICO, maximiza la Testosterona.","og_url":"https:\/\/armonianaturaldietshop.com\/en\/product\/monster-test-pm-60-caps\/","og_site_name":"Armonia Natural Diet Shop","article_publisher":"https:\/\/www.facebook.com\/ArmoniaNaturalDietShop\/","article_modified_time":"2021-03-27T15:47:32+00:00","og_image":[{"width":480,"height":480,"url":"https:\/\/armonianaturaldietshop.com\/wp-content\/uploads\/2018\/07\/1040.png","type":"image\/png"}],"twitter_card":"summary_large_image","twitter_misc":{"Est. reading time":"2 minutes"},"schema":{"@context":"https:\/\/schema.org","@graph":[{"@type":"Organization","@id":"https:\/\/armonianaturaldietshop.com\/#organization","name":"Armonia Natural Diet Shop","url":"https:\/\/armonianaturaldietshop.com\/","sameAs":["https:\/\/www.facebook.com\/ArmoniaNaturalDietShop\/","https:\/\/www.instagram.com\/armonia.natural\/?hl=en"],"logo":{"@type":"ImageObject","@id":"https:\/\/armonianaturaldietshop.com\/#logo","inLanguage":"en-US","url":"https:\/\/armonianaturaldietshop.com\/wp-content\/uploads\/2018\/01\/top-banner-1.png","contentUrl":"https:\/\/armonianaturaldietshop.com\/wp-content\/uploads\/2018\/01\/top-banner-1.png","width":369,"height":116,"caption":"Armonia Natural Diet Shop"},"image":{"@id":"https:\/\/armonianaturaldietshop.com\/#logo"}},{"@type":"WebSite","@id":"https:\/\/armonianaturaldietshop.com\/#website","url":"https:\/\/armonianaturaldietshop.com\/","name":"Armonia Natural Diet Shop","description":"Otro sitio realizado con WordPress","publisher":{"@id":"https:\/\/armonianaturaldietshop.com\/#organization"},"potentialAction":[{"@type":"SearchAction","target":{"@type":"EntryPoint","urlTemplate":"https:\/\/armonianaturaldietshop.com\/?s={search_term_string}"},"query-input":"required name=search_term_string"}],"inLanguage":"en-US"},{"@type":"ImageObject","@id":"https:\/\/armonianaturaldietshop.com\/en\/product\/monster-test-pm-60-caps\/#primaryimage","inLanguage":"en-US","url":"https:\/\/armonianaturaldietshop.com\/wp-content\/uploads\/2018\/07\/1040.png","contentUrl":"https:\/\/armonianaturaldietshop.com\/wp-content\/uploads\/2018\/07\/1040.png","width":480,"height":480,"caption":"MONSTER TEST PM 60 CAPS"},{"@type":"WebPage","@id":"https:\/\/armonianaturaldietshop.com\/en\/product\/monster-test-pm-60-caps\/#webpage","url":"https:\/\/armonianaturaldietshop.com\/en\/product\/monster-test-pm-60-caps\/","name":"MONSTER TEST PM 60 CAPS - Armonia Natural Diet Shop","isPartOf":{"@id":"https:\/\/armonianaturaldietshop.com\/#website"},"primaryImageOfPage":{"@id":"https:\/\/armonianaturaldietshop.com\/en\/product\/monster-test-pm-60-caps\/#primaryimage"},"datePublished":"2018-07-13T22:53:45+00:00","dateModified":"2021-03-27T15:47:32+00:00","description":"MONSTER TEST PM 60 CAPS AUMENTA LA ENERGIA, MEJORA EL SUE\u00d1O,INCREMENTA TU RENDIMIENTO FISICO, maximiza la Testosterona.","breadcrumb":{"@id":"https:\/\/armonianaturaldietshop.com\/en\/product\/monster-test-pm-60-caps\/#breadcrumb"},"inLanguage":"en-US","potentialAction":[{"@type":"ReadAction","target":["https:\/\/armonianaturaldietshop.com\/en\/product\/monster-test-pm-60-caps\/"]}]},{"@type":"BreadcrumbList","@id":"https:\/\/armonianaturaldietshop.com\/en\/product\/monster-test-pm-60-caps\/#breadcrumb","itemListElement":[{"@type":"ListItem","position":1,"name":"Home","item":"https:\/\/armonianaturaldietshop.com\/en\/"},{"@type":"ListItem","position":2,"name":"Shop","item":"https:\/\/armonianaturaldietshop.com\/en\/shop\/"},{"@type":"ListItem","position":3,"name":"MONSTER TEST PM 60 CAPS"}]}]}},"_links":{"self":[{"href":"https:\/\/armonianaturaldietshop.com\/en\/wp-json\/wp\/v2\/product\/2457"}],"collection":[{"href":"https:\/\/armonianaturaldietshop.com\/en\/wp-json\/wp\/v2\/product"}],"about":[{"href":"https:\/\/armonianaturaldietshop.com\/en\/wp-json\/wp\/v2\/types\/product"}],"replies":[{"embeddable":true,"href":"https:\/\/armonianaturaldietshop.com\/en\/wp-json\/wp\/v2\/comments?post=2457"}],"wp:featuredmedia":[{"embeddable":true,"href":"https:\/\/armonianaturaldietshop.com\/en\/wp-json\/wp\/v2\/media\/2305"}],"wp:attachment":[{"href":"https:\/\/armonianaturaldietshop.com\/en\/wp-json\/wp\/v2\/media?parent=2457"}],"wp:term":[{"taxonomy":"product_cat","embeddable":true,"href":"https:\/\/armonianaturaldietshop.com\/en\/wp-json\/wp\/v2\/product_cat?post=2457"},{"taxonomy":"product_tag","embeddable":true,"href":"https:\/\/armonianaturaldietshop.com\/en\/wp-json\/wp\/v2\/product_tag?post=2457"}],"curies":[{"name":"wp","href":"https:\/\/api.w.org\/{rel}","templated":true}]}}