{"id":2461,"date":"2018-07-13T22:53:39","date_gmt":"2018-07-13T22:53:39","guid":{"rendered":"http:\/\/armonianaturaldietshop.com\/product\/nitro-shock-x-405-gr\/"},"modified":"2018-08-17T15:49:43","modified_gmt":"2018-08-17T15:49:43","slug":"nitro-shock-x-405-gr","status":"publish","type":"product","link":"https:\/\/armonianaturaldietshop.com\/en\/product\/nitro-shock-x-405-gr\/","title":{"rendered":"NITRO SHOCK x 405 gr"},"content":{"rendered":"<h1><strong><span style=\"font-family: helvetica; font-size: 14pt;\">NITRO SHOCK es la m\u00e1s novedosa y poderosa f\u00f3rmula de Amino\u00e1cidos de Cadena Ramificada y Glutamina jam\u00e1s desarrollada, \u00fanica en el mundo con la proporci\u00f3n exacta de sus componentes. Es una avanzada f\u00f3rmula de r\u00e1pida absorci\u00f3n que combina los amino\u00e1cidos m\u00e1s degradados por el m\u00fasculo durante la actividad f\u00edsica.<\/span><\/strong><\/h1>\n<p><strong><span style=\"font-family: helvetica; font-size: 14pt;\">Los BCAA que son transformados en energ\u00eda durante la actividad f\u00edsica y la L-Glutamina que es el 60% de la masa muscular; debido a esto es estrictamente necesario la suplementaci\u00f3n con estos elementos durante y post entrenamiento, para lograr el objetivo planteado y maximizar los resultados buscados por lo atletas.<\/span><\/strong><\/p>\n<p><strong><span style=\"font-family: helvetica; font-size: 14pt;\">NITRO SHOCK Caracter\u00edsticas Principales<\/span><\/strong><\/p>\n<p><strong><span style=\"font-family: helvetica; font-size: 14pt;\"> -Maximiza tus rutinas y recuperaci\u00f3n<\/span><\/strong><br \/><strong><span style=\"font-family: helvetica; font-size: 14pt;\"> -BCAA con proporci\u00f3n 10:5:5<\/span><\/strong><br \/><strong><span style=\"font-family: helvetica; font-size: 14pt;\"> -Contiene glutamina como valor agregado<\/span><\/strong><br \/><strong><span style=\"font-family: helvetica; font-size: 14pt;\"> -Delicioso sabor a Uva<\/span><\/strong><\/p>\n<p><strong><span style=\"font-family: helvetica; font-size: 14pt;\">NITRO SHOCK Modo de Uso: Mezcle 15 gr. (3 cucharadas) en 400 ml de agua; consuma la mitad durante la actividad y la otra mitad al finalizar el entrenamiento.<\/span><\/strong><\/p>\n","protected":false},"excerpt":{"rendered":"<p>NITRO SHOCK es la m\u00e1s novedosa y poderosa f\u00f3rmula de Amino\u00e1cidos de Cadena Ramificada y Glutamina jam\u00e1s desarrollada, \u00fanica en el mundo con la proporci\u00f3n exacta de sus componentes. Es una avanzada f\u00f3rmula de r\u00e1pida absorci\u00f3n que combina los amino\u00e1cidos m\u00e1s degradados por el m\u00fasculo durante la actividad f\u00edsica.<\/p>\n","protected":false},"featured_media":2295,"comment_status":"open","ping_status":"closed","template":"","meta":[],"product_cat":[40,29],"product_tag":[],"acf":[],"yoast_head":"<!-- This site is optimized with the Yoast SEO plugin v18.5.1 - https:\/\/yoast.com\/wordpress\/plugins\/seo\/ -->\n<title>NITRO SHOCK x 405 gr - Armonia Natural Diet Shop<\/title>\n<meta name=\"robots\" content=\"index, follow, max-snippet:-1, max-image-preview:large, max-video-preview:-1\" \/>\n<link rel=\"canonical\" href=\"https:\/\/armonianaturaldietshop.com\/en\/product\/nitro-shock-x-405-gr\/\" \/>\n<meta property=\"og:locale\" content=\"en_US\" \/>\n<meta property=\"og:type\" content=\"article\" \/>\n<meta property=\"og:title\" content=\"NITRO SHOCK x 405 gr - Armonia Natural Diet Shop\" \/>\n<meta property=\"og:description\" content=\"NITRO SHOCK es la m\u00e1s novedosa y poderosa f\u00f3rmula de Amino\u00e1cidos de Cadena Ramificada y Glutamina jam\u00e1s desarrollada, \u00fanica en el mundo con la proporci\u00f3n exacta de sus componentes. Es una avanzada f\u00f3rmula de r\u00e1pida absorci\u00f3n que combina los amino\u00e1cidos m\u00e1s degradados por el m\u00fasculo durante la actividad f\u00edsica.\" \/>\n<meta property=\"og:url\" content=\"https:\/\/armonianaturaldietshop.com\/en\/product\/nitro-shock-x-405-gr\/\" \/>\n<meta property=\"og:site_name\" content=\"Armonia Natural Diet Shop\" \/>\n<meta property=\"article:publisher\" content=\"https:\/\/www.facebook.com\/ArmoniaNaturalDietShop\/\" \/>\n<meta property=\"article:modified_time\" content=\"2018-08-17T15:49:43+00:00\" \/>\n<meta property=\"og:image\" content=\"https:\/\/armonianaturaldietshop.com\/wp-content\/uploads\/2018\/07\/1150.png\" \/>\n\t<meta property=\"og:image:width\" content=\"600\" \/>\n\t<meta property=\"og:image:height\" content=\"650\" \/>\n\t<meta property=\"og:image:type\" content=\"image\/png\" \/>\n<meta name=\"twitter:card\" content=\"summary_large_image\" \/>\n<meta name=\"twitter:label1\" content=\"Est. reading time\" \/>\n\t<meta name=\"twitter:data1\" content=\"1 minute\" \/>\n<script type=\"application\/ld+json\" class=\"yoast-schema-graph\">{\"@context\":\"https:\/\/schema.org\",\"@graph\":[{\"@type\":\"Organization\",\"@id\":\"https:\/\/armonianaturaldietshop.com\/#organization\",\"name\":\"Armonia Natural Diet Shop\",\"url\":\"https:\/\/armonianaturaldietshop.com\/\",\"sameAs\":[\"https:\/\/www.facebook.com\/ArmoniaNaturalDietShop\/\",\"https:\/\/www.instagram.com\/armonia.natural\/?hl=en\"],\"logo\":{\"@type\":\"ImageObject\",\"@id\":\"https:\/\/armonianaturaldietshop.com\/#logo\",\"inLanguage\":\"en-US\",\"url\":\"https:\/\/armonianaturaldietshop.com\/wp-content\/uploads\/2018\/01\/top-banner-1.png\",\"contentUrl\":\"https:\/\/armonianaturaldietshop.com\/wp-content\/uploads\/2018\/01\/top-banner-1.png\",\"width\":369,\"height\":116,\"caption\":\"Armonia Natural Diet Shop\"},\"image\":{\"@id\":\"https:\/\/armonianaturaldietshop.com\/#logo\"}},{\"@type\":\"WebSite\",\"@id\":\"https:\/\/armonianaturaldietshop.com\/#website\",\"url\":\"https:\/\/armonianaturaldietshop.com\/\",\"name\":\"Armonia Natural Diet Shop\",\"description\":\"Otro sitio realizado con WordPress\",\"publisher\":{\"@id\":\"https:\/\/armonianaturaldietshop.com\/#organization\"},\"potentialAction\":[{\"@type\":\"SearchAction\",\"target\":{\"@type\":\"EntryPoint\",\"urlTemplate\":\"https:\/\/armonianaturaldietshop.com\/?s={search_term_string}\"},\"query-input\":\"required name=search_term_string\"}],\"inLanguage\":\"en-US\"},{\"@type\":\"ImageObject\",\"@id\":\"https:\/\/armonianaturaldietshop.com\/en\/product\/nitro-shock-x-405-gr\/#primaryimage\",\"inLanguage\":\"en-US\",\"url\":\"https:\/\/armonianaturaldietshop.com\/wp-content\/uploads\/2018\/07\/1150.png\",\"contentUrl\":\"https:\/\/armonianaturaldietshop.com\/wp-content\/uploads\/2018\/07\/1150.png\",\"width\":600,\"height\":650},{\"@type\":\"WebPage\",\"@id\":\"https:\/\/armonianaturaldietshop.com\/en\/product\/nitro-shock-x-405-gr\/#webpage\",\"url\":\"https:\/\/armonianaturaldietshop.com\/en\/product\/nitro-shock-x-405-gr\/\",\"name\":\"NITRO SHOCK x 405 gr - Armonia Natural Diet Shop\",\"isPartOf\":{\"@id\":\"https:\/\/armonianaturaldietshop.com\/#website\"},\"primaryImageOfPage\":{\"@id\":\"https:\/\/armonianaturaldietshop.com\/en\/product\/nitro-shock-x-405-gr\/#primaryimage\"},\"datePublished\":\"2018-07-13T22:53:39+00:00\",\"dateModified\":\"2018-08-17T15:49:43+00:00\",\"breadcrumb\":{\"@id\":\"https:\/\/armonianaturaldietshop.com\/en\/product\/nitro-shock-x-405-gr\/#breadcrumb\"},\"inLanguage\":\"en-US\",\"potentialAction\":[{\"@type\":\"ReadAction\",\"target\":[\"https:\/\/armonianaturaldietshop.com\/en\/product\/nitro-shock-x-405-gr\/\"]}]},{\"@type\":\"BreadcrumbList\",\"@id\":\"https:\/\/armonianaturaldietshop.com\/en\/product\/nitro-shock-x-405-gr\/#breadcrumb\",\"itemListElement\":[{\"@type\":\"ListItem\",\"position\":1,\"name\":\"Home\",\"item\":\"https:\/\/armonianaturaldietshop.com\/en\/\"},{\"@type\":\"ListItem\",\"position\":2,\"name\":\"Shop\",\"item\":\"https:\/\/armonianaturaldietshop.com\/en\/shop\/\"},{\"@type\":\"ListItem\",\"position\":3,\"name\":\"NITRO SHOCK x 405 gr\"}]}]}<\/script>\n<!-- \/ Yoast SEO plugin. -->","yoast_head_json":{"title":"NITRO SHOCK x 405 gr - Armonia Natural Diet Shop","robots":{"index":"index","follow":"follow","max-snippet":"max-snippet:-1","max-image-preview":"max-image-preview:large","max-video-preview":"max-video-preview:-1"},"canonical":"https:\/\/armonianaturaldietshop.com\/en\/product\/nitro-shock-x-405-gr\/","og_locale":"en_US","og_type":"article","og_title":"NITRO SHOCK x 405 gr - Armonia Natural Diet Shop","og_description":"NITRO SHOCK es la m\u00e1s novedosa y poderosa f\u00f3rmula de Amino\u00e1cidos de Cadena Ramificada y Glutamina jam\u00e1s desarrollada, \u00fanica en el mundo con la proporci\u00f3n exacta de sus componentes. Es una avanzada f\u00f3rmula de r\u00e1pida absorci\u00f3n que combina los amino\u00e1cidos m\u00e1s degradados por el m\u00fasculo durante la actividad f\u00edsica.","og_url":"https:\/\/armonianaturaldietshop.com\/en\/product\/nitro-shock-x-405-gr\/","og_site_name":"Armonia Natural Diet Shop","article_publisher":"https:\/\/www.facebook.com\/ArmoniaNaturalDietShop\/","article_modified_time":"2018-08-17T15:49:43+00:00","og_image":[{"width":600,"height":650,"url":"https:\/\/armonianaturaldietshop.com\/wp-content\/uploads\/2018\/07\/1150.png","type":"image\/png"}],"twitter_card":"summary_large_image","twitter_misc":{"Est. reading time":"1 minute"},"schema":{"@context":"https:\/\/schema.org","@graph":[{"@type":"Organization","@id":"https:\/\/armonianaturaldietshop.com\/#organization","name":"Armonia Natural Diet Shop","url":"https:\/\/armonianaturaldietshop.com\/","sameAs":["https:\/\/www.facebook.com\/ArmoniaNaturalDietShop\/","https:\/\/www.instagram.com\/armonia.natural\/?hl=en"],"logo":{"@type":"ImageObject","@id":"https:\/\/armonianaturaldietshop.com\/#logo","inLanguage":"en-US","url":"https:\/\/armonianaturaldietshop.com\/wp-content\/uploads\/2018\/01\/top-banner-1.png","contentUrl":"https:\/\/armonianaturaldietshop.com\/wp-content\/uploads\/2018\/01\/top-banner-1.png","width":369,"height":116,"caption":"Armonia Natural Diet Shop"},"image":{"@id":"https:\/\/armonianaturaldietshop.com\/#logo"}},{"@type":"WebSite","@id":"https:\/\/armonianaturaldietshop.com\/#website","url":"https:\/\/armonianaturaldietshop.com\/","name":"Armonia Natural Diet Shop","description":"Otro sitio realizado con WordPress","publisher":{"@id":"https:\/\/armonianaturaldietshop.com\/#organization"},"potentialAction":[{"@type":"SearchAction","target":{"@type":"EntryPoint","urlTemplate":"https:\/\/armonianaturaldietshop.com\/?s={search_term_string}"},"query-input":"required name=search_term_string"}],"inLanguage":"en-US"},{"@type":"ImageObject","@id":"https:\/\/armonianaturaldietshop.com\/en\/product\/nitro-shock-x-405-gr\/#primaryimage","inLanguage":"en-US","url":"https:\/\/armonianaturaldietshop.com\/wp-content\/uploads\/2018\/07\/1150.png","contentUrl":"https:\/\/armonianaturaldietshop.com\/wp-content\/uploads\/2018\/07\/1150.png","width":600,"height":650},{"@type":"WebPage","@id":"https:\/\/armonianaturaldietshop.com\/en\/product\/nitro-shock-x-405-gr\/#webpage","url":"https:\/\/armonianaturaldietshop.com\/en\/product\/nitro-shock-x-405-gr\/","name":"NITRO SHOCK x 405 gr - Armonia Natural Diet Shop","isPartOf":{"@id":"https:\/\/armonianaturaldietshop.com\/#website"},"primaryImageOfPage":{"@id":"https:\/\/armonianaturaldietshop.com\/en\/product\/nitro-shock-x-405-gr\/#primaryimage"},"datePublished":"2018-07-13T22:53:39+00:00","dateModified":"2018-08-17T15:49:43+00:00","breadcrumb":{"@id":"https:\/\/armonianaturaldietshop.com\/en\/product\/nitro-shock-x-405-gr\/#breadcrumb"},"inLanguage":"en-US","potentialAction":[{"@type":"ReadAction","target":["https:\/\/armonianaturaldietshop.com\/en\/product\/nitro-shock-x-405-gr\/"]}]},{"@type":"BreadcrumbList","@id":"https:\/\/armonianaturaldietshop.com\/en\/product\/nitro-shock-x-405-gr\/#breadcrumb","itemListElement":[{"@type":"ListItem","position":1,"name":"Home","item":"https:\/\/armonianaturaldietshop.com\/en\/"},{"@type":"ListItem","position":2,"name":"Shop","item":"https:\/\/armonianaturaldietshop.com\/en\/shop\/"},{"@type":"ListItem","position":3,"name":"NITRO SHOCK x 405 gr"}]}]}},"_links":{"self":[{"href":"https:\/\/armonianaturaldietshop.com\/en\/wp-json\/wp\/v2\/product\/2461"}],"collection":[{"href":"https:\/\/armonianaturaldietshop.com\/en\/wp-json\/wp\/v2\/product"}],"about":[{"href":"https:\/\/armonianaturaldietshop.com\/en\/wp-json\/wp\/v2\/types\/product"}],"replies":[{"embeddable":true,"href":"https:\/\/armonianaturaldietshop.com\/en\/wp-json\/wp\/v2\/comments?post=2461"}],"wp:featuredmedia":[{"embeddable":true,"href":"https:\/\/armonianaturaldietshop.com\/en\/wp-json\/wp\/v2\/media\/2295"}],"wp:attachment":[{"href":"https:\/\/armonianaturaldietshop.com\/en\/wp-json\/wp\/v2\/media?parent=2461"}],"wp:term":[{"taxonomy":"product_cat","embeddable":true,"href":"https:\/\/armonianaturaldietshop.com\/en\/wp-json\/wp\/v2\/product_cat?post=2461"},{"taxonomy":"product_tag","embeddable":true,"href":"https:\/\/armonianaturaldietshop.com\/en\/wp-json\/wp\/v2\/product_tag?post=2461"}],"curies":[{"name":"wp","href":"https:\/\/api.w.org\/{rel}","templated":true}]}}