{"id":2487,"date":"2018-07-13T22:53:26","date_gmt":"2018-07-13T22:53:26","guid":{"rendered":"http:\/\/armonianaturaldietshop.com\/product\/potassium-chewable-595-mg-x-100-tabletas\/"},"modified":"2018-07-13T22:53:26","modified_gmt":"2018-07-13T22:53:26","slug":"potassium-chewable-595-mg-x-100-tabletas","status":"publish","type":"product","link":"https:\/\/armonianaturaldietshop.com\/en\/product\/potassium-chewable-595-mg-x-100-tabletas\/","title":{"rendered":"Potassium Chewable 595 MG x 100 tabletas"},"content":{"rendered":"<h1 style=\"text-align: justify;\"><span style=\"font-family: helvetica; background-image: initial; background-position: initial; background-repeat: initial; background-attachment: initial; font-size: 14pt;\">El\u00a0potasio\u00a0ocupa el tercer puesto dentro de los<strong>\u00a0<\/strong>minerales\u00a0que m\u00e1s \u201cgobiernan\u201d en nuestro organismo, despu\u00e9s del calcio y el fosforo, por sus\u00a0propiedades\u00a0y\u00a0beneficios\u00a0para nuestra salud. Este mineral es responsable de normalizar el\u00a0balance de agua en el organismo<strong>,<\/strong>\u00a0participa en el mecanismo de contracci\u00f3n y relajaci\u00f3n de los m\u00fasculos, y en su mantenimiento saludable.<\/span><\/h1>\n<h2 style=\"text-align: justify;\"><span style=\"font-family: helvetica; font-size: 14pt;\"><span style=\"background-image: initial; background-position: initial; background-repeat: initial; background-attachment: initial;\">El potasio<\/span><span style=\"text-align: start;\">se absorbe a trav\u00e9s del alimento\u00a0cuando \u00e9ste alcanza el intestino delgado, donde se asimila cerca del 90 por ciento. El restante es expulsado a trav\u00e9s de la orina.<\/span><\/span><\/h2>\n<h3 style=\"text-align: justify;\"><span style=\"font-family: helvetica; font-size: 14pt;\">El potasio es un\u00a0mineral que el cuerpo necesita para funcionar normalmente.\u00a0 Ayuda a la funci\u00f3n de los nervios y a la contracci\u00f3n de los m\u00fasculos y a que su ritmo cardiaco se mantenga constante. Tambi\u00e9n permite que los nutrientes fluyan a las c\u00e9lulas y a expulsar los desechos de estas. Una dieta rica en potasio ayuda a contrarrestar algunos de los efectos nocivos del\u00a0sodio\u00a0sobre la presi\u00f3n arterial.<\/span><\/h3>\n<h3 style=\"text-align: justify;\"><span style=\"font-family: helvetica; font-size: 14pt;\">Potasio Masticable de Medical Green, es un suplemento que te proporciona 595 mg de Potasio y mejor un masticable con un\u00a0 delicioso sabor a naranja.\u00a0<\/span><\/h3>\n<p style=\"text-align: justify;\"><span style=\"font-family: helvetica; font-size: 14pt;\"><strong>Principales beneficios:<\/strong><\/span><\/p>\n<ul style=\"list-style-type: circle;\">\n<li style=\"text-align: justify; text-indent: -18pt;\"><span style=\"font-family: helvetica; font-size: 14pt;\"><span style=\"line-height: normal;\">\u00a0 \u00a0 \u00a0<\/span>Evita los calambres musculares.<\/span><\/li>\n<li style=\"text-align: justify; text-indent: -18pt;\"><span style=\"font-family: helvetica; font-size: 14pt;\"><span style=\"line-height: normal;\">\u00a0 \u00a0 \u00a0<\/span>Combate la debilidad y fatiga muscular.<\/span><\/li>\n<li style=\"text-align: justify; text-indent: -18pt;\"><span style=\"font-family: helvetica; font-size: 14pt;\"><span style=\"line-height: normal;\">\u00a0 \u00a0 \u00a0<\/span>Favorece la eliminaci\u00f3n de l\u00edquidos.<\/span><\/li>\n<li style=\"text-align: justify; text-indent: -18pt;\"><span style=\"font-family: helvetica; font-size: 14pt;\"><span style=\"line-height: normal;\">\u00a0 \u00a0 \u00a0<\/span>Importante en la regulaci\u00f3n de la actividad de los m\u00fasculos y nervios<\/span><\/li>\n<li style=\"text-align: justify; text-indent: -18pt;\"><span style=\"font-family: helvetica; font-size: 14pt;\"><span style=\"line-height: normal;\">\u00a0 \u00a0 \u00a0<\/span>Ayuda a regular el balance de agua y del \u00e1cido-base en la sangre y los tejidos<\/span><\/li>\n<li style=\"text-align: justify; text-indent: -18pt;\"><span style=\"font-family: helvetica; font-size: 14pt;\"><span style=\"line-height: normal;\">\u00a0 \u00a0 \u00a0<\/span>Participa en la generaci\u00f3n de la contracciones musculares, el impulso nervios y la regulaci\u00f3n de la funci\u00f3n cardiaca.<\/span><\/li>\n<li style=\"text-align: justify; text-indent: -18pt;\"><span style=\"font-family: helvetica; font-size: 14pt;\"><span style=\"line-height: normal;\">\u00a0 \u00a0 \u00a0<\/span>Ayuda a mantener normal la tensi\u00f3n arterial sangu\u00ednea.<\/span><\/li>\n<li style=\"text-align: justify; text-indent: -18pt;\"><span style=\"font-family: helvetica; font-size: 14pt;\">\u00b7<span style=\"line-height: normal;\">\u00a0\u00a0\u00a0\u00a0<\/span>Mantiene la cantidad correcta de agua en nuestras c\u00e9lulas.<\/span><\/li>\n<li style=\"text-align: justify; text-indent: -18pt;\"><span style=\"font-family: helvetica; font-size: 14pt;\"><span style=\"line-height: normal;\">\u00a0 \u00a0 \u00a0<\/span>Estabiliza la estructura de las c\u00e9lulas corporales.<\/span><\/li>\n<li style=\"text-align: justify; text-indent: -18pt;\"><span style=\"font-family: helvetica; font-size: 14pt;\"><span style=\"line-height: normal;\">\u00a0 \u00a0 \u00a0<\/span>Estimula los movimientos del intestino.<\/span><\/li>\n<li style=\"text-align: justify; text-indent: -18pt;\"><span style=\"font-family: helvetica; font-size: 14pt;\"><span style=\"line-height: normal;\">\u00a0 \u00a0 \u00a0<\/span>Forma parte de los huesos, siendo esencial para el correcto crecimiento de nuestro organismo.<\/span><\/li>\n<li style=\"text-align: justify; text-indent: -18pt;\"><span style=\"font-family: helvetica; font-size: 14pt;\"><span style=\"line-height: normal;\">\u00a0 \u00a0 \u00a0<\/span>Interviene y participa en la producci\u00f3n de prote\u00ednas. Es muy importante en la s\u00edntesis de \u00e9stas y en los \u00e1cidos nucleicos.<\/span><\/li>\n<li style=\"text-indent: -18pt;\"><span style=\"font-family: helvetica; font-size: 14pt;\"><span style=\"line-height: normal;\">\u00a0 \u00a0 \u00a0<\/span>Interviene en el metabolismo de los hidratos de carbono.<\/span><\/li>\n<\/ul>\n","protected":false},"excerpt":{"rendered":"<p>El potasio ocupa el tercer puesto dentro de los minerales que m\u00e1s \u201cgobiernan\u201d en nuestro organismo, despu\u00e9s del calcio y el fosforo, por sus propiedades y beneficios para nuestra salud. Este mineral es responsable de normalizar el balance de agua en el organismo, participa en el mecanismo de contracci\u00f3n y relajaci\u00f3n de los m\u00fasculos, y en su mantenimiento saludable.<\/p>\n","protected":false},"featured_media":2279,"comment_status":"open","ping_status":"closed","template":"","meta":[],"product_cat":[47,34],"product_tag":[],"acf":[],"yoast_head":"<!-- This site is optimized with the Yoast SEO plugin v18.5.1 - https:\/\/yoast.com\/wordpress\/plugins\/seo\/ -->\n<title>Potassium Chewable 595 MG x 100 tabletas - Armonia Natural Diet Shop<\/title>\n<meta name=\"robots\" content=\"index, follow, max-snippet:-1, max-image-preview:large, max-video-preview:-1\" \/>\n<link rel=\"canonical\" href=\"https:\/\/armonianaturaldietshop.com\/en\/product\/potassium-chewable-595-mg-x-100-tabletas\/\" \/>\n<meta property=\"og:locale\" content=\"en_US\" \/>\n<meta property=\"og:type\" content=\"article\" \/>\n<meta property=\"og:title\" content=\"Potassium Chewable 595 MG x 100 tabletas - Armonia Natural Diet Shop\" \/>\n<meta property=\"og:description\" content=\"El potasio ocupa el tercer puesto dentro de los minerales que m\u00e1s \u201cgobiernan\u201d en nuestro organismo, despu\u00e9s del calcio y el fosforo, por sus propiedades y beneficios para nuestra salud. Este mineral es responsable de normalizar el balance de agua en el organismo, participa en el mecanismo de contracci\u00f3n y relajaci\u00f3n de los m\u00fasculos, y en su mantenimiento saludable.\" \/>\n<meta property=\"og:url\" content=\"https:\/\/armonianaturaldietshop.com\/en\/product\/potassium-chewable-595-mg-x-100-tabletas\/\" \/>\n<meta property=\"og:site_name\" content=\"Armonia Natural Diet Shop\" \/>\n<meta property=\"article:publisher\" content=\"https:\/\/www.facebook.com\/ArmoniaNaturalDietShop\/\" \/>\n<meta property=\"og:image\" content=\"https:\/\/armonianaturaldietshop.com\/wp-content\/uploads\/2018\/07\/1224.png\" \/>\n\t<meta property=\"og:image:width\" content=\"635\" \/>\n\t<meta property=\"og:image:height\" content=\"635\" \/>\n\t<meta property=\"og:image:type\" content=\"image\/png\" \/>\n<meta name=\"twitter:card\" content=\"summary_large_image\" \/>\n<meta name=\"twitter:label1\" content=\"Est. reading time\" \/>\n\t<meta name=\"twitter:data1\" content=\"2 minutes\" \/>\n<script type=\"application\/ld+json\" class=\"yoast-schema-graph\">{\"@context\":\"https:\/\/schema.org\",\"@graph\":[{\"@type\":\"Organization\",\"@id\":\"https:\/\/armonianaturaldietshop.com\/#organization\",\"name\":\"Armonia Natural Diet Shop\",\"url\":\"https:\/\/armonianaturaldietshop.com\/\",\"sameAs\":[\"https:\/\/www.facebook.com\/ArmoniaNaturalDietShop\/\",\"https:\/\/www.instagram.com\/armonia.natural\/?hl=en\"],\"logo\":{\"@type\":\"ImageObject\",\"@id\":\"https:\/\/armonianaturaldietshop.com\/#logo\",\"inLanguage\":\"en-US\",\"url\":\"https:\/\/armonianaturaldietshop.com\/wp-content\/uploads\/2018\/01\/top-banner-1.png\",\"contentUrl\":\"https:\/\/armonianaturaldietshop.com\/wp-content\/uploads\/2018\/01\/top-banner-1.png\",\"width\":369,\"height\":116,\"caption\":\"Armonia Natural Diet Shop\"},\"image\":{\"@id\":\"https:\/\/armonianaturaldietshop.com\/#logo\"}},{\"@type\":\"WebSite\",\"@id\":\"https:\/\/armonianaturaldietshop.com\/#website\",\"url\":\"https:\/\/armonianaturaldietshop.com\/\",\"name\":\"Armonia Natural Diet Shop\",\"description\":\"Otro sitio realizado con WordPress\",\"publisher\":{\"@id\":\"https:\/\/armonianaturaldietshop.com\/#organization\"},\"potentialAction\":[{\"@type\":\"SearchAction\",\"target\":{\"@type\":\"EntryPoint\",\"urlTemplate\":\"https:\/\/armonianaturaldietshop.com\/?s={search_term_string}\"},\"query-input\":\"required name=search_term_string\"}],\"inLanguage\":\"en-US\"},{\"@type\":\"ImageObject\",\"@id\":\"https:\/\/armonianaturaldietshop.com\/en\/product\/potassium-chewable-595-mg-x-100-tabletas\/#primaryimage\",\"inLanguage\":\"en-US\",\"url\":\"https:\/\/armonianaturaldietshop.com\/wp-content\/uploads\/2018\/07\/1224.png\",\"contentUrl\":\"https:\/\/armonianaturaldietshop.com\/wp-content\/uploads\/2018\/07\/1224.png\",\"width\":635,\"height\":635},{\"@type\":\"WebPage\",\"@id\":\"https:\/\/armonianaturaldietshop.com\/en\/product\/potassium-chewable-595-mg-x-100-tabletas\/#webpage\",\"url\":\"https:\/\/armonianaturaldietshop.com\/en\/product\/potassium-chewable-595-mg-x-100-tabletas\/\",\"name\":\"Potassium Chewable 595 MG x 100 tabletas - Armonia Natural Diet Shop\",\"isPartOf\":{\"@id\":\"https:\/\/armonianaturaldietshop.com\/#website\"},\"primaryImageOfPage\":{\"@id\":\"https:\/\/armonianaturaldietshop.com\/en\/product\/potassium-chewable-595-mg-x-100-tabletas\/#primaryimage\"},\"datePublished\":\"2018-07-13T22:53:26+00:00\",\"dateModified\":\"2018-07-13T22:53:26+00:00\",\"breadcrumb\":{\"@id\":\"https:\/\/armonianaturaldietshop.com\/en\/product\/potassium-chewable-595-mg-x-100-tabletas\/#breadcrumb\"},\"inLanguage\":\"en-US\",\"potentialAction\":[{\"@type\":\"ReadAction\",\"target\":[\"https:\/\/armonianaturaldietshop.com\/en\/product\/potassium-chewable-595-mg-x-100-tabletas\/\"]}]},{\"@type\":\"BreadcrumbList\",\"@id\":\"https:\/\/armonianaturaldietshop.com\/en\/product\/potassium-chewable-595-mg-x-100-tabletas\/#breadcrumb\",\"itemListElement\":[{\"@type\":\"ListItem\",\"position\":1,\"name\":\"Home\",\"item\":\"https:\/\/armonianaturaldietshop.com\/en\/\"},{\"@type\":\"ListItem\",\"position\":2,\"name\":\"Shop\",\"item\":\"https:\/\/armonianaturaldietshop.com\/en\/shop\/\"},{\"@type\":\"ListItem\",\"position\":3,\"name\":\"Potassium Chewable 595 MG x 100 tabletas\"}]}]}<\/script>\n<!-- \/ Yoast SEO plugin. -->","yoast_head_json":{"title":"Potassium Chewable 595 MG x 100 tabletas - Armonia Natural Diet Shop","robots":{"index":"index","follow":"follow","max-snippet":"max-snippet:-1","max-image-preview":"max-image-preview:large","max-video-preview":"max-video-preview:-1"},"canonical":"https:\/\/armonianaturaldietshop.com\/en\/product\/potassium-chewable-595-mg-x-100-tabletas\/","og_locale":"en_US","og_type":"article","og_title":"Potassium Chewable 595 MG x 100 tabletas - Armonia Natural Diet Shop","og_description":"El potasio ocupa el tercer puesto dentro de los minerales que m\u00e1s \u201cgobiernan\u201d en nuestro organismo, despu\u00e9s del calcio y el fosforo, por sus propiedades y beneficios para nuestra salud. Este mineral es responsable de normalizar el balance de agua en el organismo, participa en el mecanismo de contracci\u00f3n y relajaci\u00f3n de los m\u00fasculos, y en su mantenimiento saludable.","og_url":"https:\/\/armonianaturaldietshop.com\/en\/product\/potassium-chewable-595-mg-x-100-tabletas\/","og_site_name":"Armonia Natural Diet Shop","article_publisher":"https:\/\/www.facebook.com\/ArmoniaNaturalDietShop\/","og_image":[{"width":635,"height":635,"url":"https:\/\/armonianaturaldietshop.com\/wp-content\/uploads\/2018\/07\/1224.png","type":"image\/png"}],"twitter_card":"summary_large_image","twitter_misc":{"Est. reading time":"2 minutes"},"schema":{"@context":"https:\/\/schema.org","@graph":[{"@type":"Organization","@id":"https:\/\/armonianaturaldietshop.com\/#organization","name":"Armonia Natural Diet Shop","url":"https:\/\/armonianaturaldietshop.com\/","sameAs":["https:\/\/www.facebook.com\/ArmoniaNaturalDietShop\/","https:\/\/www.instagram.com\/armonia.natural\/?hl=en"],"logo":{"@type":"ImageObject","@id":"https:\/\/armonianaturaldietshop.com\/#logo","inLanguage":"en-US","url":"https:\/\/armonianaturaldietshop.com\/wp-content\/uploads\/2018\/01\/top-banner-1.png","contentUrl":"https:\/\/armonianaturaldietshop.com\/wp-content\/uploads\/2018\/01\/top-banner-1.png","width":369,"height":116,"caption":"Armonia Natural Diet Shop"},"image":{"@id":"https:\/\/armonianaturaldietshop.com\/#logo"}},{"@type":"WebSite","@id":"https:\/\/armonianaturaldietshop.com\/#website","url":"https:\/\/armonianaturaldietshop.com\/","name":"Armonia Natural Diet Shop","description":"Otro sitio realizado con WordPress","publisher":{"@id":"https:\/\/armonianaturaldietshop.com\/#organization"},"potentialAction":[{"@type":"SearchAction","target":{"@type":"EntryPoint","urlTemplate":"https:\/\/armonianaturaldietshop.com\/?s={search_term_string}"},"query-input":"required name=search_term_string"}],"inLanguage":"en-US"},{"@type":"ImageObject","@id":"https:\/\/armonianaturaldietshop.com\/en\/product\/potassium-chewable-595-mg-x-100-tabletas\/#primaryimage","inLanguage":"en-US","url":"https:\/\/armonianaturaldietshop.com\/wp-content\/uploads\/2018\/07\/1224.png","contentUrl":"https:\/\/armonianaturaldietshop.com\/wp-content\/uploads\/2018\/07\/1224.png","width":635,"height":635},{"@type":"WebPage","@id":"https:\/\/armonianaturaldietshop.com\/en\/product\/potassium-chewable-595-mg-x-100-tabletas\/#webpage","url":"https:\/\/armonianaturaldietshop.com\/en\/product\/potassium-chewable-595-mg-x-100-tabletas\/","name":"Potassium Chewable 595 MG x 100 tabletas - Armonia Natural Diet Shop","isPartOf":{"@id":"https:\/\/armonianaturaldietshop.com\/#website"},"primaryImageOfPage":{"@id":"https:\/\/armonianaturaldietshop.com\/en\/product\/potassium-chewable-595-mg-x-100-tabletas\/#primaryimage"},"datePublished":"2018-07-13T22:53:26+00:00","dateModified":"2018-07-13T22:53:26+00:00","breadcrumb":{"@id":"https:\/\/armonianaturaldietshop.com\/en\/product\/potassium-chewable-595-mg-x-100-tabletas\/#breadcrumb"},"inLanguage":"en-US","potentialAction":[{"@type":"ReadAction","target":["https:\/\/armonianaturaldietshop.com\/en\/product\/potassium-chewable-595-mg-x-100-tabletas\/"]}]},{"@type":"BreadcrumbList","@id":"https:\/\/armonianaturaldietshop.com\/en\/product\/potassium-chewable-595-mg-x-100-tabletas\/#breadcrumb","itemListElement":[{"@type":"ListItem","position":1,"name":"Home","item":"https:\/\/armonianaturaldietshop.com\/en\/"},{"@type":"ListItem","position":2,"name":"Shop","item":"https:\/\/armonianaturaldietshop.com\/en\/shop\/"},{"@type":"ListItem","position":3,"name":"Potassium Chewable 595 MG x 100 tabletas"}]}]}},"_links":{"self":[{"href":"https:\/\/armonianaturaldietshop.com\/en\/wp-json\/wp\/v2\/product\/2487"}],"collection":[{"href":"https:\/\/armonianaturaldietshop.com\/en\/wp-json\/wp\/v2\/product"}],"about":[{"href":"https:\/\/armonianaturaldietshop.com\/en\/wp-json\/wp\/v2\/types\/product"}],"replies":[{"embeddable":true,"href":"https:\/\/armonianaturaldietshop.com\/en\/wp-json\/wp\/v2\/comments?post=2487"}],"wp:featuredmedia":[{"embeddable":true,"href":"https:\/\/armonianaturaldietshop.com\/en\/wp-json\/wp\/v2\/media\/2279"}],"wp:attachment":[{"href":"https:\/\/armonianaturaldietshop.com\/en\/wp-json\/wp\/v2\/media?parent=2487"}],"wp:term":[{"taxonomy":"product_cat","embeddable":true,"href":"https:\/\/armonianaturaldietshop.com\/en\/wp-json\/wp\/v2\/product_cat?post=2487"},{"taxonomy":"product_tag","embeddable":true,"href":"https:\/\/armonianaturaldietshop.com\/en\/wp-json\/wp\/v2\/product_tag?post=2487"}],"curies":[{"name":"wp","href":"https:\/\/api.w.org\/{rel}","templated":true}]}}