{"id":2489,"date":"2018-07-13T22:53:21","date_gmt":"2018-07-13T22:53:21","guid":{"rendered":"http:\/\/armonianaturaldietshop.com\/product\/omega-3-1-000-mg\/"},"modified":"2018-07-13T22:53:21","modified_gmt":"2018-07-13T22:53:21","slug":"omega-3-1-000-mg","status":"publish","type":"product","link":"https:\/\/armonianaturaldietshop.com\/en\/product\/omega-3-1-000-mg\/","title":{"rendered":"Omega &#8211; 3 1.000 MG"},"content":{"rendered":"<h1><span style=\"font-family: helvetica; font-size: 14pt;\"><strong>omega-3\u00a0\u00a0<\/strong>son un grupo de\u00a0\u00e1cidos grasos\u00a0poliinsaturados de cadena larga y de cadena muy larga que se encuentran en alta proporci\u00f3n en los tejidos de ciertos\u00a0pescados y\u00a0mariscos; y en algunas fuentes\u00a0vegetales\u00a0tales como el\u00a0aceite de soja, el aceite de\u00a0canola, las\u00a0nueces y las semillas de\u00a0linaza.<\/span><\/h1>\n<h2><span style=\"font-family: helvetica; font-size: 14pt;\">Los \u00e1cidos grasos Omega-3 son un tipo de grasa poliinsaturada (como los omega-6), considerados esenciales porque el cuerpo no puede producirlos. Por lo tanto, deben incorporarse a trav\u00e9s de los alimentos, tales como el pescado, los frutos secos y los aceites vegetales como el aceite de canola y de girasol.<\/span><\/h2>\n<h3><span style=\"font-family: helvetica; font-size: 14pt;\">Algunas experiencias sugieren que el consumo de omega-3 tiene efectos beneficiosos sobre el\u00a0cerebro Tambi\u00e9n hay estudios que sugieren que el consumo de omega 3 durante del embarazo puede tener una buena influencia en el beb\u00e9. Altas cantidades podr\u00edan disminuir los efectos de la\u00a0depresi\u00f3n, e incluso grupos de ni\u00f1os en edad escolar aumentaron notablemente su rendimiento despu\u00e9s de ingerir pastillas con aceite de pescado rico en omega 3.\u00a0<\/span><\/h3>\n<p><strong><span style=\"font-family: helvetica; font-size: 14pt;\">Beneficios Principales:<\/span><\/strong><\/p>\n<ul style=\"margin-top: 0cm;\">\n<li><span style=\"font-family: helvetica; font-size: 14pt;\">Disminuye los niveles de triglic\u00e9ridos ycolesterol en la sangre.<\/span><\/li>\n<li><span style=\"font-family: helvetica; font-size: 14pt;\">Previene la formaci\u00f3n de co\u00e1gulos en las arterias al impedir la agregaci\u00f3n plaquetaria.<\/span><\/li>\n<li><span style=\"font-family: helvetica; font-size: 14pt;\">Disminuye la presi\u00f3n arterial en personas con\u00a0hipertensi\u00f3n leve.<\/span><\/li>\n<li><span style=\"font-family: helvetica; font-size: 14pt;\">Fluidifica la sangre y protege al cuerpo de ataques card\u00edacos, apoplej\u00edas, derrames cerebrales, anginas de pecho, enfermedad de Raynaud, etc.<\/span><\/li>\n<li><span style=\"font-family: helvetica; font-size: 14pt;\">Incrementa las transmisiones el\u00e9ctricas del coraz\u00f3n por lo que regulariza el ritmo card\u00edaco y previene enfermedades cardiovasculares.<\/span><\/li>\n<li><span style=\"font-family: helvetica; font-size: 14pt;\">Protege contra el c\u00e1ncer, especialmente el c\u00e1ncer de colon, de pr\u00f3stata y de mamas.<\/span><\/li>\n<li><span style=\"font-family: helvetica; font-size: 14pt;\">Una alimentaci\u00f3n rica en \u00e1cidos grasos omega-3 puede ayudar a prevenir, controlar y reducir el riesgo de enfermedades cr\u00f3nicas; por ejemplo, enfermedades coronarias, accidentes cerebrovasculares y c\u00e1ncer; tambi\u00e9n reduce el colesterol LDL o \u201cmalo\u201d.<\/span><\/li>\n<li><span style=\"font-family: helvetica; font-size: 14pt;\">Fortalece las membranas celulares contra toxinas, y virus.<\/span><\/li>\n<li><span style=\"font-family: helvetica; font-size: 14pt;\">Colabora en el correcto funcionamiento del sistema inmunol\u00f3gico.<\/span><\/li>\n<li><span style=\"font-family: helvetica; font-size: 14pt;\">Corrigen los desequilibrios en las dietas modernas que acarrean problemas de salud.<\/span><\/li>\n<li><span style=\"font-family: helvetica; font-size: 14pt;\">Posee funci\u00f3n antiinflamatoria y alivia el dolor de enfermedades como la artritis rematoidea, y la enfermedad de Crohn.<\/span><\/li>\n<li><span style=\"font-family: helvetica; font-size: 14pt;\">Salud ocular: La degeneraci\u00f3n macular es una enfermedad ocular que no tiene cura, en la que los pacientes se van quedando ciegos progresivamente. Esta patolog\u00eda est\u00e1 relacionada con la inflamaci\u00f3n cr\u00f3nica y el estr\u00e9s oxidativo. Los\u00a0estudios cl\u00ednicos\u00a0realizados al respecto han demostrado que el consumo de suplementos de omega-3 o alimentos ricos en su contenido, pueden retrasar el proceso de la degeneraci\u00f3n macular y mejorar la visi\u00f3n de las personas afectadas por esta enfermedad.<\/span>\u00a0<\/li>\n<\/ul>\n<ul style=\"margin-top: 0cm;\" type=\"disc\">\n<li class=\"MsoNormal\">Una alimentaci\u00f3n rica en \u00e1cidos grasos omega-3 puede ayudar a prevenir, controlar y reducir el riesgo de enfermedades cr\u00f3nicas; por ejemplo, enfermedades coronarias, accidentes cerebrovasculares y c\u00e1ncer; tambi\u00e9n reduce el colesterol LDL o \u201cmalo\u201d.<\/li>\n<li class=\"MsoNormal\">Fortalece las membranas celulares contra toxinas, y virus.<\/li>\n<li class=\"MsoNormal\">Colabora en el correcto funcionamiento del sistema inmunol\u00f3gico.<\/li>\n<li class=\"MsoNormal\">Corrigen los desequilibrios en las dietas modernas que acarrean problemas de salud<\/li>\n<\/ul>\n","protected":false},"excerpt":{"rendered":"<p>omega-3 son un grupo de \u00e1cidos grasos poliinsaturados de cadena larga y de cadena muy larga que se encuentran en alta proporci\u00f3n en los tejidos de ciertos pescados y mariscos; y en algunas fuentes vegetales tales como el aceite de soja, el aceite de canola, las nueces y las semillas de linaza.<\/p>\n","protected":false},"featured_media":2283,"comment_status":"open","ping_status":"closed","template":"","meta":[],"product_cat":[34],"product_tag":[],"acf":[],"yoast_head":"<!-- This site is optimized with the Yoast SEO plugin v18.5.1 - https:\/\/yoast.com\/wordpress\/plugins\/seo\/ -->\n<title>Omega - 3 1.000 MG - Armonia Natural Diet Shop<\/title>\n<meta name=\"robots\" content=\"index, follow, max-snippet:-1, max-image-preview:large, max-video-preview:-1\" \/>\n<link rel=\"canonical\" href=\"https:\/\/armonianaturaldietshop.com\/en\/product\/omega-3-1-000-mg\/\" \/>\n<meta property=\"og:locale\" content=\"en_US\" \/>\n<meta property=\"og:type\" content=\"article\" \/>\n<meta property=\"og:title\" content=\"Omega - 3 1.000 MG - Armonia Natural Diet Shop\" \/>\n<meta property=\"og:description\" content=\"omega-3 son un grupo de \u00e1cidos grasos poliinsaturados de cadena larga y de cadena muy larga que se encuentran en alta proporci\u00f3n en los tejidos de ciertos pescados y mariscos; y en algunas fuentes vegetales tales como el aceite de soja, el aceite de canola, las nueces y las semillas de linaza.\" \/>\n<meta property=\"og:url\" content=\"https:\/\/armonianaturaldietshop.com\/en\/product\/omega-3-1-000-mg\/\" \/>\n<meta property=\"og:site_name\" content=\"Armonia Natural Diet Shop\" \/>\n<meta property=\"article:publisher\" content=\"https:\/\/www.facebook.com\/ArmoniaNaturalDietShop\/\" \/>\n<meta property=\"og:image\" content=\"https:\/\/armonianaturaldietshop.com\/wp-content\/uploads\/2018\/07\/1176.jpg\" \/>\n\t<meta property=\"og:image:width\" content=\"768\" \/>\n\t<meta property=\"og:image:height\" content=\"768\" \/>\n\t<meta property=\"og:image:type\" content=\"image\/jpeg\" \/>\n<meta name=\"twitter:card\" content=\"summary_large_image\" \/>\n<meta name=\"twitter:label1\" content=\"Est. reading time\" \/>\n\t<meta name=\"twitter:data1\" content=\"3 minutes\" \/>\n<script type=\"application\/ld+json\" class=\"yoast-schema-graph\">{\"@context\":\"https:\/\/schema.org\",\"@graph\":[{\"@type\":\"Organization\",\"@id\":\"https:\/\/armonianaturaldietshop.com\/#organization\",\"name\":\"Armonia Natural Diet Shop\",\"url\":\"https:\/\/armonianaturaldietshop.com\/\",\"sameAs\":[\"https:\/\/www.facebook.com\/ArmoniaNaturalDietShop\/\",\"https:\/\/www.instagram.com\/armonia.natural\/?hl=en\"],\"logo\":{\"@type\":\"ImageObject\",\"@id\":\"https:\/\/armonianaturaldietshop.com\/#logo\",\"inLanguage\":\"en-US\",\"url\":\"https:\/\/armonianaturaldietshop.com\/wp-content\/uploads\/2018\/01\/top-banner-1.png\",\"contentUrl\":\"https:\/\/armonianaturaldietshop.com\/wp-content\/uploads\/2018\/01\/top-banner-1.png\",\"width\":369,\"height\":116,\"caption\":\"Armonia Natural Diet Shop\"},\"image\":{\"@id\":\"https:\/\/armonianaturaldietshop.com\/#logo\"}},{\"@type\":\"WebSite\",\"@id\":\"https:\/\/armonianaturaldietshop.com\/#website\",\"url\":\"https:\/\/armonianaturaldietshop.com\/\",\"name\":\"Armonia Natural Diet Shop\",\"description\":\"Otro sitio realizado con WordPress\",\"publisher\":{\"@id\":\"https:\/\/armonianaturaldietshop.com\/#organization\"},\"potentialAction\":[{\"@type\":\"SearchAction\",\"target\":{\"@type\":\"EntryPoint\",\"urlTemplate\":\"https:\/\/armonianaturaldietshop.com\/?s={search_term_string}\"},\"query-input\":\"required name=search_term_string\"}],\"inLanguage\":\"en-US\"},{\"@type\":\"ImageObject\",\"@id\":\"https:\/\/armonianaturaldietshop.com\/en\/product\/omega-3-1-000-mg\/#primaryimage\",\"inLanguage\":\"en-US\",\"url\":\"https:\/\/armonianaturaldietshop.com\/wp-content\/uploads\/2018\/07\/1176.jpg\",\"contentUrl\":\"https:\/\/armonianaturaldietshop.com\/wp-content\/uploads\/2018\/07\/1176.jpg\",\"width\":768,\"height\":768},{\"@type\":\"WebPage\",\"@id\":\"https:\/\/armonianaturaldietshop.com\/en\/product\/omega-3-1-000-mg\/#webpage\",\"url\":\"https:\/\/armonianaturaldietshop.com\/en\/product\/omega-3-1-000-mg\/\",\"name\":\"Omega - 3 1.000 MG - Armonia Natural Diet Shop\",\"isPartOf\":{\"@id\":\"https:\/\/armonianaturaldietshop.com\/#website\"},\"primaryImageOfPage\":{\"@id\":\"https:\/\/armonianaturaldietshop.com\/en\/product\/omega-3-1-000-mg\/#primaryimage\"},\"datePublished\":\"2018-07-13T22:53:21+00:00\",\"dateModified\":\"2018-07-13T22:53:21+00:00\",\"breadcrumb\":{\"@id\":\"https:\/\/armonianaturaldietshop.com\/en\/product\/omega-3-1-000-mg\/#breadcrumb\"},\"inLanguage\":\"en-US\",\"potentialAction\":[{\"@type\":\"ReadAction\",\"target\":[\"https:\/\/armonianaturaldietshop.com\/en\/product\/omega-3-1-000-mg\/\"]}]},{\"@type\":\"BreadcrumbList\",\"@id\":\"https:\/\/armonianaturaldietshop.com\/en\/product\/omega-3-1-000-mg\/#breadcrumb\",\"itemListElement\":[{\"@type\":\"ListItem\",\"position\":1,\"name\":\"Home\",\"item\":\"https:\/\/armonianaturaldietshop.com\/en\/\"},{\"@type\":\"ListItem\",\"position\":2,\"name\":\"Shop\",\"item\":\"https:\/\/armonianaturaldietshop.com\/en\/shop\/\"},{\"@type\":\"ListItem\",\"position\":3,\"name\":\"Omega &#8211; 3 1.000 MG\"}]}]}<\/script>\n<!-- \/ Yoast SEO plugin. -->","yoast_head_json":{"title":"Omega - 3 1.000 MG - Armonia Natural Diet Shop","robots":{"index":"index","follow":"follow","max-snippet":"max-snippet:-1","max-image-preview":"max-image-preview:large","max-video-preview":"max-video-preview:-1"},"canonical":"https:\/\/armonianaturaldietshop.com\/en\/product\/omega-3-1-000-mg\/","og_locale":"en_US","og_type":"article","og_title":"Omega - 3 1.000 MG - Armonia Natural Diet Shop","og_description":"omega-3 son un grupo de \u00e1cidos grasos poliinsaturados de cadena larga y de cadena muy larga que se encuentran en alta proporci\u00f3n en los tejidos de ciertos pescados y mariscos; y en algunas fuentes vegetales tales como el aceite de soja, el aceite de canola, las nueces y las semillas de linaza.","og_url":"https:\/\/armonianaturaldietshop.com\/en\/product\/omega-3-1-000-mg\/","og_site_name":"Armonia Natural Diet Shop","article_publisher":"https:\/\/www.facebook.com\/ArmoniaNaturalDietShop\/","og_image":[{"width":768,"height":768,"url":"https:\/\/armonianaturaldietshop.com\/wp-content\/uploads\/2018\/07\/1176.jpg","type":"image\/jpeg"}],"twitter_card":"summary_large_image","twitter_misc":{"Est. reading time":"3 minutes"},"schema":{"@context":"https:\/\/schema.org","@graph":[{"@type":"Organization","@id":"https:\/\/armonianaturaldietshop.com\/#organization","name":"Armonia Natural Diet Shop","url":"https:\/\/armonianaturaldietshop.com\/","sameAs":["https:\/\/www.facebook.com\/ArmoniaNaturalDietShop\/","https:\/\/www.instagram.com\/armonia.natural\/?hl=en"],"logo":{"@type":"ImageObject","@id":"https:\/\/armonianaturaldietshop.com\/#logo","inLanguage":"en-US","url":"https:\/\/armonianaturaldietshop.com\/wp-content\/uploads\/2018\/01\/top-banner-1.png","contentUrl":"https:\/\/armonianaturaldietshop.com\/wp-content\/uploads\/2018\/01\/top-banner-1.png","width":369,"height":116,"caption":"Armonia Natural Diet Shop"},"image":{"@id":"https:\/\/armonianaturaldietshop.com\/#logo"}},{"@type":"WebSite","@id":"https:\/\/armonianaturaldietshop.com\/#website","url":"https:\/\/armonianaturaldietshop.com\/","name":"Armonia Natural Diet Shop","description":"Otro sitio realizado con WordPress","publisher":{"@id":"https:\/\/armonianaturaldietshop.com\/#organization"},"potentialAction":[{"@type":"SearchAction","target":{"@type":"EntryPoint","urlTemplate":"https:\/\/armonianaturaldietshop.com\/?s={search_term_string}"},"query-input":"required name=search_term_string"}],"inLanguage":"en-US"},{"@type":"ImageObject","@id":"https:\/\/armonianaturaldietshop.com\/en\/product\/omega-3-1-000-mg\/#primaryimage","inLanguage":"en-US","url":"https:\/\/armonianaturaldietshop.com\/wp-content\/uploads\/2018\/07\/1176.jpg","contentUrl":"https:\/\/armonianaturaldietshop.com\/wp-content\/uploads\/2018\/07\/1176.jpg","width":768,"height":768},{"@type":"WebPage","@id":"https:\/\/armonianaturaldietshop.com\/en\/product\/omega-3-1-000-mg\/#webpage","url":"https:\/\/armonianaturaldietshop.com\/en\/product\/omega-3-1-000-mg\/","name":"Omega - 3 1.000 MG - Armonia Natural Diet Shop","isPartOf":{"@id":"https:\/\/armonianaturaldietshop.com\/#website"},"primaryImageOfPage":{"@id":"https:\/\/armonianaturaldietshop.com\/en\/product\/omega-3-1-000-mg\/#primaryimage"},"datePublished":"2018-07-13T22:53:21+00:00","dateModified":"2018-07-13T22:53:21+00:00","breadcrumb":{"@id":"https:\/\/armonianaturaldietshop.com\/en\/product\/omega-3-1-000-mg\/#breadcrumb"},"inLanguage":"en-US","potentialAction":[{"@type":"ReadAction","target":["https:\/\/armonianaturaldietshop.com\/en\/product\/omega-3-1-000-mg\/"]}]},{"@type":"BreadcrumbList","@id":"https:\/\/armonianaturaldietshop.com\/en\/product\/omega-3-1-000-mg\/#breadcrumb","itemListElement":[{"@type":"ListItem","position":1,"name":"Home","item":"https:\/\/armonianaturaldietshop.com\/en\/"},{"@type":"ListItem","position":2,"name":"Shop","item":"https:\/\/armonianaturaldietshop.com\/en\/shop\/"},{"@type":"ListItem","position":3,"name":"Omega &#8211; 3 1.000 MG"}]}]}},"_links":{"self":[{"href":"https:\/\/armonianaturaldietshop.com\/en\/wp-json\/wp\/v2\/product\/2489"}],"collection":[{"href":"https:\/\/armonianaturaldietshop.com\/en\/wp-json\/wp\/v2\/product"}],"about":[{"href":"https:\/\/armonianaturaldietshop.com\/en\/wp-json\/wp\/v2\/types\/product"}],"replies":[{"embeddable":true,"href":"https:\/\/armonianaturaldietshop.com\/en\/wp-json\/wp\/v2\/comments?post=2489"}],"wp:featuredmedia":[{"embeddable":true,"href":"https:\/\/armonianaturaldietshop.com\/en\/wp-json\/wp\/v2\/media\/2283"}],"wp:attachment":[{"href":"https:\/\/armonianaturaldietshop.com\/en\/wp-json\/wp\/v2\/media?parent=2489"}],"wp:term":[{"taxonomy":"product_cat","embeddable":true,"href":"https:\/\/armonianaturaldietshop.com\/en\/wp-json\/wp\/v2\/product_cat?post=2489"},{"taxonomy":"product_tag","embeddable":true,"href":"https:\/\/armonianaturaldietshop.com\/en\/wp-json\/wp\/v2\/product_tag?post=2489"}],"curies":[{"name":"wp","href":"https:\/\/api.w.org\/{rel}","templated":true}]}}