{"id":2492,"date":"2018-07-13T22:53:18","date_gmt":"2018-07-13T22:53:18","guid":{"rendered":"http:\/\/armonianaturaldietshop.com\/product\/probiophilus-plus\/"},"modified":"2024-07-15T15:00:55","modified_gmt":"2024-07-15T15:00:55","slug":"probiophilus-plus-medical-green","status":"publish","type":"product","link":"https:\/\/armonianaturaldietshop.com\/en\/product\/probiophilus-plus-medical-green\/","title":{"rendered":"Probiophilus Plus"},"content":{"rendered":"<h1><span style=\"font-family: helvetica; font-size: 14pt;\">Probiophilus Plus Medical Green , son c\u00e1psulas que nos ayudan a mantener un sano equilibrio de la flora intestinal. El Lactobacillus acidophilus es una bacteria del g\u00e9nero lactobacillus que se considera un alimento probi\u00f3tico; es decir, una bacteria beneficiosa para el ser humano. Esta clase de bacteria est\u00e1 presente en nuestros intestinos y la vagina, protegi\u00e9ndonos del efecto nocivo de otros microorganismos. El lactobacillus Acodophilus produce vitamina K, lactasa y sustancias antimicrobianas.<\/span><\/h1>\n<h2><span style=\"font-family: helvetica; font-size: 14pt;\">Una vez que se ingieren los probi\u00f3ticos permanecen en el intestino, a no ser que sean destruidos por el uso de antibi\u00f3ticos u otros factores, por lo que no es necesario tomarlos de forma regular.<\/span><\/h2>\n<h3><span style=\"font-family: helvetica; font-size: 14pt;\">Tambi\u00e9n se ha usado en casos de infecciones vaginales por hongos, diarrea por antibi\u00f3ticos o diarrea del viajero, enfermedad de Crohn, alergias, asma, intolerancia a la lactosa, estre\u00f1imiento o colitis ulcerosa.<\/span><\/h3>\n<h2><span style=\"font-family: helvetica; font-size: 14pt;\"><strong>Probiophilus Plus Medical Green principales beneficios:<\/strong><\/span><\/h2>\n<ul style=\"padding: 0px; margin: 0px 0px 10px 25px; color: #6e6e6e; font-family: Arial; font-size: 15px;\">\n<li style=\"line-height: 20px; padding: 0px; margin: 0px;\"><span style=\"line-height: 22.5px; color: #000000; font-family: helvetica; font-size: 14pt;\">La flora normal contribuye, junto con el\u00a0sistema inmunol\u00f3gico, a proteger al organismo de microorganismos que pueden causar alguna enfermedad gastrointestinal.<\/span><\/li>\n<li style=\"line-height: 20px; padding: 0px; margin: 0px;\"><span style=\"line-height: 22.5px; color: #000000; font-family: helvetica; font-size: 14pt;\">Los\u00a0lactobacilos\u00a0tambi\u00e9n ayudan a disminuir la inflamaci\u00f3n, el dolor y el estre\u00f1imiento.<\/span><\/li>\n<li style=\"line-height: 20px; padding: 0px; margin: 0px;\"><span style=\"line-height: 22.5px; color: #000000; font-family: helvetica; font-size: 14pt;\">Ayudan a las defensas del organismo; a evitar que las bacterias pat\u00f3genas se desarrollen.\u00a0 Los\u00a0lactobacilos\u00a0tienen la particularidad de adherirse sobre la pared intestinal impidiendo as\u00ed el asentamiento de bacterias da\u00f1inas.<\/span><\/li>\n<li style=\"line-height: 20px; padding: 0px; margin: 0px;\"><span style=\"line-height: 22.5px; color: #000000; font-family: helvetica; font-size: 14pt;\">La diarrea aparece como consecuencia del aumento excesivo de bacterias perjudiciales y contra las que act\u00faan los\u00a0lactobacilos\u00a0como protecci\u00f3n, de ah\u00ed la importancia de incluirlos en tu dieta<\/span><\/li>\n<li style=\"line-height: 20px; padding: 0px; margin: 0px;\"><span style=\"line-height: 22.5px; color: #000000; font-family: helvetica; font-size: 14pt;\">Inhibe el desarrollo de la salmonella y la e-coli (bacterias infecciosas).<\/span><\/li>\n<li style=\"line-height: 20px; padding: 0px; margin: 0px;\"><span style=\"line-height: 22.5px; color: #000000; font-family: helvetica; font-size: 14pt;\">\u00datil en trastornos intestinales y digestivos (flatulencia, colitis, gastritis.<\/span><\/li>\n<li style=\"line-height: 20px; padding: 0px; margin: 0px;\"><span style=\"line-height: 22.5px; color: #000000; font-family: helvetica; font-size: 14pt;\">Ayuda a tratar el exceso de levaduras intestinales.<\/span><\/li>\n<li style=\"line-height: 20px; padding: 0px; margin: 0px;\"><span style=\"line-height: 22.5px; color: #000000; font-family: helvetica; font-size: 14pt;\">Los\u00a0lactobacilos\u00a0ayudan a mejorar la digesti\u00f3n. Son microorganismos que ejercen un efecto ben\u00e9fico cuando se encuentran en el intestino.<\/span><\/li>\n<li style=\"line-height: 20px; padding: 0px; margin: 0px;\"><span style=\"line-height: 22.5px; color: #000000; font-family: helvetica; font-size: 14pt;\">El consumo de alimentos con lactobacilos, como cereales adicionados, puede tener un efecto muy positivo para la salud, como promover el equilibrio de la flora normal del intestino.<\/span><\/li>\n<\/ul>\n","protected":false},"excerpt":{"rendered":"<p>Probiophilus Plus, son c\u00e1psulas que nos ayudan a mantener un sano equilibrio de la flora intestinal. El Lactobacillus acidophilus es una bacteria del g\u00e9nero lactobacillus que se considera un alimento probi\u00f3tico; es decir, una bacteria beneficiosa para el ser humano. Esta clase de bacteria est\u00e1 presente en nuestros intestinos y la vagina, protegi\u00e9ndonos del efecto nocivo de otros microorganismos. El lactobacillus Acodophilus produce vitamina K, lactasa y sustancias antimicrobianas.<\/p>\n","protected":false},"featured_media":9238,"comment_status":"open","ping_status":"closed","template":"","meta":[],"product_cat":[34],"product_tag":[],"acf":[],"yoast_head":"<!-- This site is optimized with the Yoast SEO plugin v18.5.1 - https:\/\/yoast.com\/wordpress\/plugins\/seo\/ -->\n<title>Probiophilus Plus - Armonia Natural Diet Shop<\/title>\n<meta name=\"robots\" content=\"index, follow, max-snippet:-1, max-image-preview:large, max-video-preview:-1\" \/>\n<link rel=\"canonical\" href=\"https:\/\/armonianaturaldietshop.com\/en\/product\/probiophilus-plus-medical-green\/\" \/>\n<meta property=\"og:locale\" content=\"en_US\" \/>\n<meta property=\"og:type\" content=\"article\" \/>\n<meta property=\"og:title\" content=\"Probiophilus Plus - Armonia Natural Diet Shop\" \/>\n<meta property=\"og:description\" content=\"Probiophilus Plus, son c\u00e1psulas que nos ayudan a mantener un sano equilibrio de la flora intestinal. El Lactobacillus acidophilus es una bacteria del g\u00e9nero lactobacillus que se considera un alimento probi\u00f3tico; es decir, una bacteria beneficiosa para el ser humano. Esta clase de bacteria est\u00e1 presente en nuestros intestinos y la vagina, protegi\u00e9ndonos del efecto nocivo de otros microorganismos. El lactobacillus Acodophilus produce vitamina K, lactasa y sustancias antimicrobianas.\" \/>\n<meta property=\"og:url\" content=\"https:\/\/armonianaturaldietshop.com\/en\/product\/probiophilus-plus-medical-green\/\" \/>\n<meta property=\"og:site_name\" content=\"Armonia Natural Diet Shop\" \/>\n<meta property=\"article:publisher\" content=\"https:\/\/www.facebook.com\/ArmoniaNaturalDietShop\/\" \/>\n<meta property=\"article:modified_time\" content=\"2024-07-15T15:00:55+00:00\" \/>\n<meta name=\"twitter:card\" content=\"summary_large_image\" \/>\n<meta name=\"twitter:image\" content=\"https:\/\/armonianaturaldietshop.com\/wp-content\/uploads\/2018\/07\/ProBiophilus-medicalgreen-tiendasenforma_1.webp\" \/>\n<meta name=\"twitter:label1\" content=\"Est. reading time\" \/>\n\t<meta name=\"twitter:data1\" content=\"2 minutes\" \/>\n<script type=\"application\/ld+json\" class=\"yoast-schema-graph\">{\"@context\":\"https:\/\/schema.org\",\"@graph\":[{\"@type\":\"Organization\",\"@id\":\"https:\/\/armonianaturaldietshop.com\/#organization\",\"name\":\"Armonia Natural Diet Shop\",\"url\":\"https:\/\/armonianaturaldietshop.com\/\",\"sameAs\":[\"https:\/\/www.facebook.com\/ArmoniaNaturalDietShop\/\",\"https:\/\/www.instagram.com\/armonia.natural\/?hl=en\"],\"logo\":{\"@type\":\"ImageObject\",\"@id\":\"https:\/\/armonianaturaldietshop.com\/#logo\",\"inLanguage\":\"en-US\",\"url\":\"https:\/\/armonianaturaldietshop.com\/wp-content\/uploads\/2018\/01\/top-banner-1.png\",\"contentUrl\":\"https:\/\/armonianaturaldietshop.com\/wp-content\/uploads\/2018\/01\/top-banner-1.png\",\"width\":369,\"height\":116,\"caption\":\"Armonia Natural Diet Shop\"},\"image\":{\"@id\":\"https:\/\/armonianaturaldietshop.com\/#logo\"}},{\"@type\":\"WebSite\",\"@id\":\"https:\/\/armonianaturaldietshop.com\/#website\",\"url\":\"https:\/\/armonianaturaldietshop.com\/\",\"name\":\"Armonia Natural Diet Shop\",\"description\":\"Otro sitio realizado con WordPress\",\"publisher\":{\"@id\":\"https:\/\/armonianaturaldietshop.com\/#organization\"},\"potentialAction\":[{\"@type\":\"SearchAction\",\"target\":{\"@type\":\"EntryPoint\",\"urlTemplate\":\"https:\/\/armonianaturaldietshop.com\/?s={search_term_string}\"},\"query-input\":\"required name=search_term_string\"}],\"inLanguage\":\"en-US\"},{\"@type\":\"ImageObject\",\"@id\":\"https:\/\/armonianaturaldietshop.com\/en\/product\/probiophilus-plus-medical-green\/#primaryimage\",\"inLanguage\":\"en-US\",\"url\":\"https:\/\/armonianaturaldietshop.com\/wp-content\/uploads\/2018\/07\/ProBiophilus-medicalgreen-tiendasenforma_1.webp\",\"contentUrl\":\"https:\/\/armonianaturaldietshop.com\/wp-content\/uploads\/2018\/07\/ProBiophilus-medicalgreen-tiendasenforma_1.webp\",\"width\":1000,\"height\":1000,\"caption\":\"Probiophilus Plus Medical Green\"},{\"@type\":\"WebPage\",\"@id\":\"https:\/\/armonianaturaldietshop.com\/en\/product\/probiophilus-plus-medical-green\/#webpage\",\"url\":\"https:\/\/armonianaturaldietshop.com\/en\/product\/probiophilus-plus-medical-green\/\",\"name\":\"Probiophilus Plus - Armonia Natural Diet Shop\",\"isPartOf\":{\"@id\":\"https:\/\/armonianaturaldietshop.com\/#website\"},\"primaryImageOfPage\":{\"@id\":\"https:\/\/armonianaturaldietshop.com\/en\/product\/probiophilus-plus-medical-green\/#primaryimage\"},\"datePublished\":\"2018-07-13T22:53:18+00:00\",\"dateModified\":\"2024-07-15T15:00:55+00:00\",\"breadcrumb\":{\"@id\":\"https:\/\/armonianaturaldietshop.com\/en\/product\/probiophilus-plus-medical-green\/#breadcrumb\"},\"inLanguage\":\"en-US\",\"potentialAction\":[{\"@type\":\"ReadAction\",\"target\":[\"https:\/\/armonianaturaldietshop.com\/en\/product\/probiophilus-plus-medical-green\/\"]}]},{\"@type\":\"BreadcrumbList\",\"@id\":\"https:\/\/armonianaturaldietshop.com\/en\/product\/probiophilus-plus-medical-green\/#breadcrumb\",\"itemListElement\":[{\"@type\":\"ListItem\",\"position\":1,\"name\":\"Home\",\"item\":\"https:\/\/armonianaturaldietshop.com\/en\/\"},{\"@type\":\"ListItem\",\"position\":2,\"name\":\"Shop\",\"item\":\"https:\/\/armonianaturaldietshop.com\/en\/shop\/\"},{\"@type\":\"ListItem\",\"position\":3,\"name\":\"Probiophilus Plus\"}]}]}<\/script>\n<!-- \/ Yoast SEO plugin. -->","yoast_head_json":{"title":"Probiophilus Plus - Armonia Natural Diet Shop","robots":{"index":"index","follow":"follow","max-snippet":"max-snippet:-1","max-image-preview":"max-image-preview:large","max-video-preview":"max-video-preview:-1"},"canonical":"https:\/\/armonianaturaldietshop.com\/en\/product\/probiophilus-plus-medical-green\/","og_locale":"en_US","og_type":"article","og_title":"Probiophilus Plus - Armonia Natural Diet Shop","og_description":"Probiophilus Plus, son c\u00e1psulas que nos ayudan a mantener un sano equilibrio de la flora intestinal. El Lactobacillus acidophilus es una bacteria del g\u00e9nero lactobacillus que se considera un alimento probi\u00f3tico; es decir, una bacteria beneficiosa para el ser humano. Esta clase de bacteria est\u00e1 presente en nuestros intestinos y la vagina, protegi\u00e9ndonos del efecto nocivo de otros microorganismos. El lactobacillus Acodophilus produce vitamina K, lactasa y sustancias antimicrobianas.","og_url":"https:\/\/armonianaturaldietshop.com\/en\/product\/probiophilus-plus-medical-green\/","og_site_name":"Armonia Natural Diet Shop","article_publisher":"https:\/\/www.facebook.com\/ArmoniaNaturalDietShop\/","article_modified_time":"2024-07-15T15:00:55+00:00","twitter_card":"summary_large_image","twitter_image":"https:\/\/armonianaturaldietshop.com\/wp-content\/uploads\/2018\/07\/ProBiophilus-medicalgreen-tiendasenforma_1.webp","twitter_misc":{"Est. reading time":"2 minutes"},"schema":{"@context":"https:\/\/schema.org","@graph":[{"@type":"Organization","@id":"https:\/\/armonianaturaldietshop.com\/#organization","name":"Armonia Natural Diet Shop","url":"https:\/\/armonianaturaldietshop.com\/","sameAs":["https:\/\/www.facebook.com\/ArmoniaNaturalDietShop\/","https:\/\/www.instagram.com\/armonia.natural\/?hl=en"],"logo":{"@type":"ImageObject","@id":"https:\/\/armonianaturaldietshop.com\/#logo","inLanguage":"en-US","url":"https:\/\/armonianaturaldietshop.com\/wp-content\/uploads\/2018\/01\/top-banner-1.png","contentUrl":"https:\/\/armonianaturaldietshop.com\/wp-content\/uploads\/2018\/01\/top-banner-1.png","width":369,"height":116,"caption":"Armonia Natural Diet Shop"},"image":{"@id":"https:\/\/armonianaturaldietshop.com\/#logo"}},{"@type":"WebSite","@id":"https:\/\/armonianaturaldietshop.com\/#website","url":"https:\/\/armonianaturaldietshop.com\/","name":"Armonia Natural Diet Shop","description":"Otro sitio realizado con WordPress","publisher":{"@id":"https:\/\/armonianaturaldietshop.com\/#organization"},"potentialAction":[{"@type":"SearchAction","target":{"@type":"EntryPoint","urlTemplate":"https:\/\/armonianaturaldietshop.com\/?s={search_term_string}"},"query-input":"required name=search_term_string"}],"inLanguage":"en-US"},{"@type":"ImageObject","@id":"https:\/\/armonianaturaldietshop.com\/en\/product\/probiophilus-plus-medical-green\/#primaryimage","inLanguage":"en-US","url":"https:\/\/armonianaturaldietshop.com\/wp-content\/uploads\/2018\/07\/ProBiophilus-medicalgreen-tiendasenforma_1.webp","contentUrl":"https:\/\/armonianaturaldietshop.com\/wp-content\/uploads\/2018\/07\/ProBiophilus-medicalgreen-tiendasenforma_1.webp","width":1000,"height":1000,"caption":"Probiophilus Plus Medical Green"},{"@type":"WebPage","@id":"https:\/\/armonianaturaldietshop.com\/en\/product\/probiophilus-plus-medical-green\/#webpage","url":"https:\/\/armonianaturaldietshop.com\/en\/product\/probiophilus-plus-medical-green\/","name":"Probiophilus Plus - Armonia Natural Diet Shop","isPartOf":{"@id":"https:\/\/armonianaturaldietshop.com\/#website"},"primaryImageOfPage":{"@id":"https:\/\/armonianaturaldietshop.com\/en\/product\/probiophilus-plus-medical-green\/#primaryimage"},"datePublished":"2018-07-13T22:53:18+00:00","dateModified":"2024-07-15T15:00:55+00:00","breadcrumb":{"@id":"https:\/\/armonianaturaldietshop.com\/en\/product\/probiophilus-plus-medical-green\/#breadcrumb"},"inLanguage":"en-US","potentialAction":[{"@type":"ReadAction","target":["https:\/\/armonianaturaldietshop.com\/en\/product\/probiophilus-plus-medical-green\/"]}]},{"@type":"BreadcrumbList","@id":"https:\/\/armonianaturaldietshop.com\/en\/product\/probiophilus-plus-medical-green\/#breadcrumb","itemListElement":[{"@type":"ListItem","position":1,"name":"Home","item":"https:\/\/armonianaturaldietshop.com\/en\/"},{"@type":"ListItem","position":2,"name":"Shop","item":"https:\/\/armonianaturaldietshop.com\/en\/shop\/"},{"@type":"ListItem","position":3,"name":"Probiophilus Plus"}]}]}},"_links":{"self":[{"href":"https:\/\/armonianaturaldietshop.com\/en\/wp-json\/wp\/v2\/product\/2492"}],"collection":[{"href":"https:\/\/armonianaturaldietshop.com\/en\/wp-json\/wp\/v2\/product"}],"about":[{"href":"https:\/\/armonianaturaldietshop.com\/en\/wp-json\/wp\/v2\/types\/product"}],"replies":[{"embeddable":true,"href":"https:\/\/armonianaturaldietshop.com\/en\/wp-json\/wp\/v2\/comments?post=2492"}],"wp:featuredmedia":[{"embeddable":true,"href":"https:\/\/armonianaturaldietshop.com\/en\/wp-json\/wp\/v2\/media\/9238"}],"wp:attachment":[{"href":"https:\/\/armonianaturaldietshop.com\/en\/wp-json\/wp\/v2\/media?parent=2492"}],"wp:term":[{"taxonomy":"product_cat","embeddable":true,"href":"https:\/\/armonianaturaldietshop.com\/en\/wp-json\/wp\/v2\/product_cat?post=2492"},{"taxonomy":"product_tag","embeddable":true,"href":"https:\/\/armonianaturaldietshop.com\/en\/wp-json\/wp\/v2\/product_tag?post=2492"}],"curies":[{"name":"wp","href":"https:\/\/api.w.org\/{rel}","templated":true}]}}