{"id":2502,"date":"2018-07-13T22:51:22","date_gmt":"2018-07-13T22:51:22","guid":{"rendered":"http:\/\/armonianaturaldietshop.com\/product\/silymaxi-x-60-capsulas\/"},"modified":"2018-07-13T22:51:22","modified_gmt":"2018-07-13T22:51:22","slug":"silymaxi-x-60-capsulas","status":"publish","type":"product","link":"https:\/\/armonianaturaldietshop.com\/en\/product\/silymaxi-x-60-capsulas\/","title":{"rendered":"SilyMaxi x 60 capsulas"},"content":{"rendered":"<p><strong><span style=\"font-family: helvetica; font-size: 14pt;\">Silymaxi<\/span><span style=\"font-family: helvetica; font-size: 14pt;\"> destaca porque cuenta con unos beneficios muy importantes para la salud, ya que act\u00faa como un potente antioxidante en las c\u00e9lulas del h\u00edgado, protegi\u00e9ndolas de los diferentes da\u00f1os causados por los radicales libres.<\/span><\/strong><\/p>\n<h2><span style=\"font-family: helvetica; font-size: 14pt;\">Silymaxi<\/span><strong><span style=\"font-family: helvetica; font-size: 14pt;\"> se refiere al extracto de las semillas de la planta Silybum marianum, tambi\u00e9n llamada \u201ccardo mariano\u201d. Se ha usado durante m\u00e1s de 2,000 a\u00f1os. Durante la Edad Media la semilla del cardo mariano fue usada normalmente para tratar las enfermedades del h\u00edgado.<\/span><\/strong><\/h2>\n<h3><span style=\"font-family: helvetica; font-size: 14pt;\"><strong>Silymaxi<\/strong> a su vez incrementa la capacidad del h\u00edgado para regenerarse, a trav\u00e9s de la producci\u00f3n de nuevas c\u00e9lulas sanas, y mejora la capacidad de\u00a0eliminar toxinas del organismo.<\/span><\/h3>\n<p><span style=\"font-family: helvetica; font-size: 14pt;\">Numerosas investigaciones han confirmado los diferentes efectos beneficiosos de la silimarina, en casos de\u00a0cirrosis, hepatitis cr\u00f3nica y degeneraci\u00f3n grasa del h\u00edgado (patolog\u00eda conocida como\u00a0h\u00edgado graso).<\/span><\/p>\n<p><span style=\"font-family: helvetica; font-size: 14pt;\"><strong>Silymaxi \u00a0Beneficios:<\/strong><\/span><\/p>\n<ul style=\"margin-top: 0cm;\">\n<li><span style=\"font-family: helvetica; font-size: 14pt;\">Reduce los niveles de triglic\u00e9ridos y de colesterol alto<\/span><\/li>\n<li><span style=\"font-family: helvetica; font-size: 14pt;\">Es un potente antioxidante diez veces m\u00e1s poderoso que la vitamina E.<\/span><\/li>\n<li><span style=\"font-family: helvetica; font-size: 14pt;\">Evita los efectos de la resaca. Puedes salir de fiesta, tomar unos tragos y no sufrir las consecuencias al d\u00eda siguiente.<\/span><\/li>\n<li><span style=\"font-family: helvetica; font-size: 14pt;\">Combate la obesidad y el sobrepeso de manera segura y garantizada.<\/span><\/li>\n<li><span style=\"font-family: helvetica; font-size: 14pt;\">Act\u00faa como antioxidante, protegiendo el h\u00edgado.<\/span><\/li>\n<li><span style=\"font-family: helvetica; font-size: 14pt;\">Mejora la capacidad del h\u00edgado para\u00a0eliminar toxinas.<\/span><\/li>\n<li><span style=\"font-family: helvetica; font-size: 14pt;\">Es un buen depurador hep\u00e1tico.<\/span><\/li>\n<li><span style=\"font-family: helvetica; font-size: 14pt;\">La silimarina tambi\u00e9n ayuda con la digesti\u00f3n de grasas. Parece inhibir la entrada de substancias da\u00f1inas en las c\u00e9lulas del h\u00edgado.<\/span><\/li>\n<li><span style=\"font-family: helvetica; font-size: 14pt;\">La silimarina tambi\u00e9n ayuda con la digesti\u00f3n de grasas. Parece inhibir la entrada de substancias da\u00f1inas en las c\u00e9lulas del h\u00edgado.<\/span><\/li>\n<li><span style=\"font-family: helvetica; font-size: 14pt;\">El cardo mariano puede ayudar a prevenir o sanar el da\u00f1o al h\u00edgado causado por el alcohol, las drogas recreativas, los pesticidas, algunos venenos o hepatitis.<\/span><\/li>\n<li><span style=\"font-family: helvetica; font-size: 14pt;\">Coadyuvante en el tratamiento de cuadros de hepatoxidad e insuficiencia hepatobiliar<\/span><\/li>\n<li><span style=\"font-family: helvetica; font-size: 14pt;\">Ayuda en la protecci\u00f3n y regeneraci\u00f3n de las c\u00e9lulas hep\u00e1ticas<\/span><\/li>\n<li><span style=\"font-family: helvetica; font-size: 14pt;\">\u00datil en el tratamiento de la hepatitis cr\u00f3nica.<\/span><\/li>\n<li><span style=\"font-family: helvetica; font-size: 14pt;\">Bloquea la entrada de sustancias t\u00f3xicas en las c\u00e9lulas del h\u00edgado.<\/span><\/li>\n<li><span style=\"font-family: helvetica; font-size: 14pt;\">Facilita la recuperaci\u00f3n de inflamaciones del h\u00edgado.<\/span><\/li>\n<li><span style=\"font-family: helvetica; font-size: 14pt;\">Previene y controla la diabetes tipo I y II\u00a0regenerando las c\u00e9lulas encargadas de producir insulina.<\/span><\/li>\n<\/ul>\n","protected":false},"excerpt":{"rendered":"<p>Silymaxi destaca porque cuenta con unos beneficios muy importantes para la salud, ya que act\u00faa como un potente antioxidante en las c\u00e9lulas del h\u00edgado, protegi\u00e9ndolas de los diferentes da\u00f1os causados por los radicales libres.<\/p>\n","protected":false},"featured_media":2251,"comment_status":"open","ping_status":"closed","template":"","meta":[],"product_cat":[47,34],"product_tag":[],"acf":[],"yoast_head":"<!-- This site is optimized with the Yoast SEO plugin v18.5.1 - https:\/\/yoast.com\/wordpress\/plugins\/seo\/ -->\n<title>SilyMaxi x 60 capsulas - Armonia Natural Diet Shop<\/title>\n<meta name=\"robots\" content=\"index, follow, max-snippet:-1, max-image-preview:large, max-video-preview:-1\" \/>\n<link rel=\"canonical\" href=\"https:\/\/armonianaturaldietshop.com\/en\/product\/silymaxi-x-60-capsulas\/\" \/>\n<meta property=\"og:locale\" content=\"en_US\" \/>\n<meta property=\"og:type\" content=\"article\" \/>\n<meta property=\"og:title\" content=\"SilyMaxi x 60 capsulas - Armonia Natural Diet Shop\" \/>\n<meta property=\"og:description\" content=\"Silymaxi destaca porque cuenta con unos beneficios muy importantes para la salud, ya que act\u00faa como un potente antioxidante en las c\u00e9lulas del h\u00edgado, protegi\u00e9ndolas de los diferentes da\u00f1os causados por los radicales libres.\" \/>\n<meta property=\"og:url\" content=\"https:\/\/armonianaturaldietshop.com\/en\/product\/silymaxi-x-60-capsulas\/\" \/>\n<meta property=\"og:site_name\" content=\"Armonia Natural Diet Shop\" \/>\n<meta property=\"article:publisher\" content=\"https:\/\/www.facebook.com\/ArmoniaNaturalDietShop\/\" \/>\n<meta property=\"og:image\" content=\"https:\/\/armonianaturaldietshop.com\/wp-content\/uploads\/2018\/07\/1229.jpg\" \/>\n\t<meta property=\"og:image:width\" content=\"768\" \/>\n\t<meta property=\"og:image:height\" content=\"768\" \/>\n\t<meta property=\"og:image:type\" content=\"image\/jpeg\" \/>\n<meta name=\"twitter:card\" content=\"summary_large_image\" \/>\n<meta name=\"twitter:label1\" content=\"Est. reading time\" \/>\n\t<meta name=\"twitter:data1\" content=\"2 minutes\" \/>\n<script type=\"application\/ld+json\" class=\"yoast-schema-graph\">{\"@context\":\"https:\/\/schema.org\",\"@graph\":[{\"@type\":\"Organization\",\"@id\":\"https:\/\/armonianaturaldietshop.com\/#organization\",\"name\":\"Armonia Natural Diet Shop\",\"url\":\"https:\/\/armonianaturaldietshop.com\/\",\"sameAs\":[\"https:\/\/www.facebook.com\/ArmoniaNaturalDietShop\/\",\"https:\/\/www.instagram.com\/armonia.natural\/?hl=en\"],\"logo\":{\"@type\":\"ImageObject\",\"@id\":\"https:\/\/armonianaturaldietshop.com\/#logo\",\"inLanguage\":\"en-US\",\"url\":\"https:\/\/armonianaturaldietshop.com\/wp-content\/uploads\/2018\/01\/top-banner-1.png\",\"contentUrl\":\"https:\/\/armonianaturaldietshop.com\/wp-content\/uploads\/2018\/01\/top-banner-1.png\",\"width\":369,\"height\":116,\"caption\":\"Armonia Natural Diet Shop\"},\"image\":{\"@id\":\"https:\/\/armonianaturaldietshop.com\/#logo\"}},{\"@type\":\"WebSite\",\"@id\":\"https:\/\/armonianaturaldietshop.com\/#website\",\"url\":\"https:\/\/armonianaturaldietshop.com\/\",\"name\":\"Armonia Natural Diet Shop\",\"description\":\"Otro sitio realizado con WordPress\",\"publisher\":{\"@id\":\"https:\/\/armonianaturaldietshop.com\/#organization\"},\"potentialAction\":[{\"@type\":\"SearchAction\",\"target\":{\"@type\":\"EntryPoint\",\"urlTemplate\":\"https:\/\/armonianaturaldietshop.com\/?s={search_term_string}\"},\"query-input\":\"required name=search_term_string\"}],\"inLanguage\":\"en-US\"},{\"@type\":\"ImageObject\",\"@id\":\"https:\/\/armonianaturaldietshop.com\/en\/product\/silymaxi-x-60-capsulas\/#primaryimage\",\"inLanguage\":\"en-US\",\"url\":\"https:\/\/armonianaturaldietshop.com\/wp-content\/uploads\/2018\/07\/1229.jpg\",\"contentUrl\":\"https:\/\/armonianaturaldietshop.com\/wp-content\/uploads\/2018\/07\/1229.jpg\",\"width\":768,\"height\":768},{\"@type\":\"WebPage\",\"@id\":\"https:\/\/armonianaturaldietshop.com\/en\/product\/silymaxi-x-60-capsulas\/#webpage\",\"url\":\"https:\/\/armonianaturaldietshop.com\/en\/product\/silymaxi-x-60-capsulas\/\",\"name\":\"SilyMaxi x 60 capsulas - Armonia Natural Diet Shop\",\"isPartOf\":{\"@id\":\"https:\/\/armonianaturaldietshop.com\/#website\"},\"primaryImageOfPage\":{\"@id\":\"https:\/\/armonianaturaldietshop.com\/en\/product\/silymaxi-x-60-capsulas\/#primaryimage\"},\"datePublished\":\"2018-07-13T22:51:22+00:00\",\"dateModified\":\"2018-07-13T22:51:22+00:00\",\"breadcrumb\":{\"@id\":\"https:\/\/armonianaturaldietshop.com\/en\/product\/silymaxi-x-60-capsulas\/#breadcrumb\"},\"inLanguage\":\"en-US\",\"potentialAction\":[{\"@type\":\"ReadAction\",\"target\":[\"https:\/\/armonianaturaldietshop.com\/en\/product\/silymaxi-x-60-capsulas\/\"]}]},{\"@type\":\"BreadcrumbList\",\"@id\":\"https:\/\/armonianaturaldietshop.com\/en\/product\/silymaxi-x-60-capsulas\/#breadcrumb\",\"itemListElement\":[{\"@type\":\"ListItem\",\"position\":1,\"name\":\"Home\",\"item\":\"https:\/\/armonianaturaldietshop.com\/en\/\"},{\"@type\":\"ListItem\",\"position\":2,\"name\":\"Shop\",\"item\":\"https:\/\/armonianaturaldietshop.com\/en\/shop\/\"},{\"@type\":\"ListItem\",\"position\":3,\"name\":\"SilyMaxi x 60 capsulas\"}]}]}<\/script>\n<!-- \/ Yoast SEO plugin. -->","yoast_head_json":{"title":"SilyMaxi x 60 capsulas - Armonia Natural Diet Shop","robots":{"index":"index","follow":"follow","max-snippet":"max-snippet:-1","max-image-preview":"max-image-preview:large","max-video-preview":"max-video-preview:-1"},"canonical":"https:\/\/armonianaturaldietshop.com\/en\/product\/silymaxi-x-60-capsulas\/","og_locale":"en_US","og_type":"article","og_title":"SilyMaxi x 60 capsulas - Armonia Natural Diet Shop","og_description":"Silymaxi destaca porque cuenta con unos beneficios muy importantes para la salud, ya que act\u00faa como un potente antioxidante en las c\u00e9lulas del h\u00edgado, protegi\u00e9ndolas de los diferentes da\u00f1os causados por los radicales libres.","og_url":"https:\/\/armonianaturaldietshop.com\/en\/product\/silymaxi-x-60-capsulas\/","og_site_name":"Armonia Natural Diet Shop","article_publisher":"https:\/\/www.facebook.com\/ArmoniaNaturalDietShop\/","og_image":[{"width":768,"height":768,"url":"https:\/\/armonianaturaldietshop.com\/wp-content\/uploads\/2018\/07\/1229.jpg","type":"image\/jpeg"}],"twitter_card":"summary_large_image","twitter_misc":{"Est. reading time":"2 minutes"},"schema":{"@context":"https:\/\/schema.org","@graph":[{"@type":"Organization","@id":"https:\/\/armonianaturaldietshop.com\/#organization","name":"Armonia Natural Diet Shop","url":"https:\/\/armonianaturaldietshop.com\/","sameAs":["https:\/\/www.facebook.com\/ArmoniaNaturalDietShop\/","https:\/\/www.instagram.com\/armonia.natural\/?hl=en"],"logo":{"@type":"ImageObject","@id":"https:\/\/armonianaturaldietshop.com\/#logo","inLanguage":"en-US","url":"https:\/\/armonianaturaldietshop.com\/wp-content\/uploads\/2018\/01\/top-banner-1.png","contentUrl":"https:\/\/armonianaturaldietshop.com\/wp-content\/uploads\/2018\/01\/top-banner-1.png","width":369,"height":116,"caption":"Armonia Natural Diet Shop"},"image":{"@id":"https:\/\/armonianaturaldietshop.com\/#logo"}},{"@type":"WebSite","@id":"https:\/\/armonianaturaldietshop.com\/#website","url":"https:\/\/armonianaturaldietshop.com\/","name":"Armonia Natural Diet Shop","description":"Otro sitio realizado con WordPress","publisher":{"@id":"https:\/\/armonianaturaldietshop.com\/#organization"},"potentialAction":[{"@type":"SearchAction","target":{"@type":"EntryPoint","urlTemplate":"https:\/\/armonianaturaldietshop.com\/?s={search_term_string}"},"query-input":"required name=search_term_string"}],"inLanguage":"en-US"},{"@type":"ImageObject","@id":"https:\/\/armonianaturaldietshop.com\/en\/product\/silymaxi-x-60-capsulas\/#primaryimage","inLanguage":"en-US","url":"https:\/\/armonianaturaldietshop.com\/wp-content\/uploads\/2018\/07\/1229.jpg","contentUrl":"https:\/\/armonianaturaldietshop.com\/wp-content\/uploads\/2018\/07\/1229.jpg","width":768,"height":768},{"@type":"WebPage","@id":"https:\/\/armonianaturaldietshop.com\/en\/product\/silymaxi-x-60-capsulas\/#webpage","url":"https:\/\/armonianaturaldietshop.com\/en\/product\/silymaxi-x-60-capsulas\/","name":"SilyMaxi x 60 capsulas - Armonia Natural Diet Shop","isPartOf":{"@id":"https:\/\/armonianaturaldietshop.com\/#website"},"primaryImageOfPage":{"@id":"https:\/\/armonianaturaldietshop.com\/en\/product\/silymaxi-x-60-capsulas\/#primaryimage"},"datePublished":"2018-07-13T22:51:22+00:00","dateModified":"2018-07-13T22:51:22+00:00","breadcrumb":{"@id":"https:\/\/armonianaturaldietshop.com\/en\/product\/silymaxi-x-60-capsulas\/#breadcrumb"},"inLanguage":"en-US","potentialAction":[{"@type":"ReadAction","target":["https:\/\/armonianaturaldietshop.com\/en\/product\/silymaxi-x-60-capsulas\/"]}]},{"@type":"BreadcrumbList","@id":"https:\/\/armonianaturaldietshop.com\/en\/product\/silymaxi-x-60-capsulas\/#breadcrumb","itemListElement":[{"@type":"ListItem","position":1,"name":"Home","item":"https:\/\/armonianaturaldietshop.com\/en\/"},{"@type":"ListItem","position":2,"name":"Shop","item":"https:\/\/armonianaturaldietshop.com\/en\/shop\/"},{"@type":"ListItem","position":3,"name":"SilyMaxi x 60 capsulas"}]}]}},"_links":{"self":[{"href":"https:\/\/armonianaturaldietshop.com\/en\/wp-json\/wp\/v2\/product\/2502"}],"collection":[{"href":"https:\/\/armonianaturaldietshop.com\/en\/wp-json\/wp\/v2\/product"}],"about":[{"href":"https:\/\/armonianaturaldietshop.com\/en\/wp-json\/wp\/v2\/types\/product"}],"replies":[{"embeddable":true,"href":"https:\/\/armonianaturaldietshop.com\/en\/wp-json\/wp\/v2\/comments?post=2502"}],"wp:featuredmedia":[{"embeddable":true,"href":"https:\/\/armonianaturaldietshop.com\/en\/wp-json\/wp\/v2\/media\/2251"}],"wp:attachment":[{"href":"https:\/\/armonianaturaldietshop.com\/en\/wp-json\/wp\/v2\/media?parent=2502"}],"wp:term":[{"taxonomy":"product_cat","embeddable":true,"href":"https:\/\/armonianaturaldietshop.com\/en\/wp-json\/wp\/v2\/product_cat?post=2502"},{"taxonomy":"product_tag","embeddable":true,"href":"https:\/\/armonianaturaldietshop.com\/en\/wp-json\/wp\/v2\/product_tag?post=2502"}],"curies":[{"name":"wp","href":"https:\/\/api.w.org\/{rel}","templated":true}]}}