{"id":2503,"date":"2018-07-13T22:51:20","date_gmt":"2018-07-13T22:51:20","guid":{"rendered":"http:\/\/armonianaturaldietshop.com\/product\/sex-love-chewing-gum-x-5-gums\/"},"modified":"2021-05-21T19:38:00","modified_gmt":"2021-05-21T19:38:00","slug":"sex-love-chewing-gum-x-5-gums","status":"publish","type":"product","link":"https:\/\/armonianaturaldietshop.com\/en\/product\/sex-love-chewing-gum-x-5-gums\/","title":{"rendered":"Sex Love Chewing Gum x 2  (10 Gums)"},"content":{"rendered":"<h1>Sex Love Chewing Gum x 2 (10 Gums)<\/h1>\n<h1><span style=\"font-family: helvetica; font-size: 14pt;\">Sex love est\u00e1 indicado para mujeres que les cuesta mucho excitarse, que les cueste sentir placer y disfrutar del sexo, que les cueste lubricarse bien en el acto sexual y otros s\u00edntomas similares a estos. Este producto tiene un excelente efecto para contrarrestar todos estos s\u00edntomas y es por eso que es un producto extraordinario para magnificar y potenciar la pasi\u00f3n del amor.<\/span><\/h1>\n<h2><span style=\"font-family: helvetica; font-size: 14pt;\">Sex Love, todos los hombres y mujeres desean tener una vida sexual activa, saludable, feliz y plena a lo largo de sus vidas. El deseo sexual deber\u00eda ser algo tan natural como respirar, pero hay instancias en las vidas de las personas donde ya sea por razones fisiol\u00f3gicas o psicol\u00f3gicas como exceso de cansancio, mala alimentaci\u00f3n, estr\u00e9s o todas las anteriores, pierdan su inter\u00e9s sexual y su libido baje al m\u00ednimo.<\/span><\/h2>\n<p><span style=\"font-family: helvetica; font-size: 14pt;\"><strong> Resultados en la mujer:<\/strong> Al tener estimulo la mujer se obtienen los siguientes resultados: Permite a la mujer experimentar orgasmos m\u00faltiples. Si la mujer tiene orgasmos normales sin tomar LIBIDO POWER GUM y luego toma LIBIDO POWER GUM puede llegar a experimentar squirting. Desencadena el poder sexual de la mujer. Incrementa la sensibilidad a nivel vaginal, creando la necesidad de ser penetrada. Mejora el deseo y la vida sexual de la mujer. Aumenta el calor corporal.<\/span><\/p>\n<p><span style=\"font-family: helvetica; font-size: 14pt;\"><strong>Resultados en el hombre:<\/strong> Erecciones mucho m\u00e1s fuertes. M\u00e1s poder en los orgasmos.<\/span><\/p>\n<p><strong><span style=\"font-family: helvetica; font-size: 14pt;\">Sex Love:<\/span><\/strong><\/p>\n<ul>\n<li style=\"text-align: left;\"><span style=\"font-family: helvetica; font-size: 14pt;\"><span style=\"line-height: normal;\">\u00a0<\/span>Este producto sirve para mujeres que disfrutan del sexo y les permite superar sus expectativas de placer aumentando al m\u00e1ximo la intensidad\u00a0 \u00a0 \u00a0 \u00a0 \u00a0 \u00a0 de sus orgasmos.<\/span><\/li>\n<li style=\"text-align: left;\"><span style=\"font-family: helvetica; font-size: 14pt;\">\u00a0Sex Love no tiene ning\u00fan tipo de contraindicaci\u00f3n es por eso que es la mejor opci\u00f3n y alternativa a medicamentos.<\/span><\/li>\n<li style=\"text-align: left;\"><span style=\"font-family: helvetica; font-size: 14pt;\"><span style=\"line-height: normal;\">\u00a0<\/span>Sex Love ayuda a las mujeres con problemas de l\u00edbido baja en un corto tiempo a ser mucho m\u00e1s efectivas en su performance sexual .<\/span><\/li>\n<li style=\"text-align: left;\"><span style=\"font-family: helvetica; font-size: 14pt;\"><span style=\"line-height: normal;\">\u00a0<\/span>Permite a una mujer excitarce en un per\u00edodo de tan solo 10-20 minutos despu\u00e9s de haber masticado Sex Love.<\/span><\/li>\n<li style=\"text-align: left;\"><span style=\"font-family: helvetica; font-size: 14pt;\"><span style=\"line-height: normal;\">\u00a0<\/span>Sex Love tambi\u00e9n es conocido por aumentar las sensaciones al m\u00e1ximo y lograr as\u00ed r\u00e1pidamente orgasmos m\u00faltiples los cuales en la mayor\u00eda de\u00a0 \u00a0 \u00a0los casos son inesperados.<\/span><\/li>\n<li style=\"text-align: left;\"><span style=\"font-family: helvetica; font-size: 14pt;\"><span style=\"line-height: normal;\">\u00a0<\/span>Las mujeres que han probado Sex Love se han enamorado del producto por su abilidad de aumentar su excitaci\u00f3n m\u00e1s r\u00e1pido de lo esperado<\/span><\/li>\n<li style=\"text-align: left;\"><span style=\"font-family: helvetica; font-size: 14pt;\"><span style=\"line-height: normal;\">\u00a0<\/span>Aumenta la confianza y autoestima referente a su sexualidad, de aquellas mujeres que lo toman.<\/span><\/li>\n<li style=\"text-align: left;\"><span style=\"font-family: helvetica; font-size: 14pt;\"><span style=\"line-height: normal;\">\u00a0<\/span>Todas las Mujeres que deseen sentir el m\u00e1ximo de placer y satisfacer las expectativas sexuales de su pareja y sorprenderlos con algo diferente\u00a0 \u00a0 \u00a0 \u00a0 \u00a0deber\u00edan probar Sex Love.<\/span><\/li>\n<\/ul>\n<p><span style=\"font-family: helvetica; font-size: 14pt;\"> Los ingredientes de Sex Love son saludables y naturales por lo que no hay que preocuparse por efectos secundarios.<\/span><\/p>\n<ul>\n<li style=\"text-indent: -18pt; text-align: left;\"><span style=\"font-family: helvetica; font-size: 14pt;\"><span style=\"line-height: normal;\">\u00a0 \u00a0 \u00a0 \u00a0<\/span>Producto para mayores de 18 a\u00f1os ,<\/span><\/li>\n<li style=\"text-indent: -18pt;\"><span style=\"font-family: helvetica; font-size: 14pt;\"><span style=\"line-height: normal;\">\u00a0 \u00a0 \u00a0 \u00a0N<\/span>o consumir si estas embarazada o en periodo de lactancia.<\/span><\/li>\n<\/ul>\n<p><span style=\"font-family: helvetica; font-size: 14pt;\">El tiempo promedio de excitaci\u00f3n es de tan solo 10-20 minutos.<\/span><\/p>\n<p><span style=\"font-family: helvetica; font-size: 14pt;\">Contiene: 5 unidades (5 chicles)<\/span><\/p>\n","protected":false},"excerpt":{"rendered":"<p>Sex love est\u00e1 indicado para mujeres que les cuesta mucho excitarse, que les cueste sentir placer y disfrutar del sexo, que les cueste lubricarse bien en el acto sexual y otros s\u00edntomas similares a estos. Este producto tiene un excelente efecto para contrarrestar todos estos s\u00edntomas y es por eso que es un producto extraordinario para magnificar y potenciar la pasi\u00f3n del amor.<\/p>\n","protected":false},"featured_media":2253,"comment_status":"open","ping_status":"closed","template":"","meta":[],"product_cat":[30],"product_tag":[],"acf":[],"yoast_head":"<!-- This site is optimized with the Yoast SEO plugin v18.5.1 - https:\/\/yoast.com\/wordpress\/plugins\/seo\/ -->\n<title>Sex Love Chewing Gum x 2 (10 Gums) - Armonia Natural Diet Shop<\/title>\n<meta name=\"robots\" content=\"index, follow, max-snippet:-1, max-image-preview:large, max-video-preview:-1\" \/>\n<link rel=\"canonical\" href=\"https:\/\/armonianaturaldietshop.com\/en\/product\/sex-love-chewing-gum-x-5-gums\/\" \/>\n<meta property=\"og:locale\" content=\"en_US\" \/>\n<meta property=\"og:type\" content=\"article\" \/>\n<meta property=\"og:title\" content=\"Sex Love Chewing Gum x 2 (10 Gums) - Armonia Natural Diet Shop\" \/>\n<meta property=\"og:description\" content=\"Sex love est\u00e1 indicado para mujeres que les cuesta mucho excitarse, que les cueste sentir placer y disfrutar del sexo, que les cueste lubricarse bien en el acto sexual y otros s\u00edntomas similares a estos. Este producto tiene un excelente efecto para contrarrestar todos estos s\u00edntomas y es por eso que es un producto extraordinario para magnificar y potenciar la pasi\u00f3n del amor.\" \/>\n<meta property=\"og:url\" content=\"https:\/\/armonianaturaldietshop.com\/en\/product\/sex-love-chewing-gum-x-5-gums\/\" \/>\n<meta property=\"og:site_name\" content=\"Armonia Natural Diet Shop\" \/>\n<meta property=\"article:publisher\" content=\"https:\/\/www.facebook.com\/ArmoniaNaturalDietShop\/\" \/>\n<meta property=\"article:modified_time\" content=\"2021-05-21T19:38:00+00:00\" \/>\n<meta property=\"og:image\" content=\"https:\/\/armonianaturaldietshop.com\/wp-content\/uploads\/2018\/07\/1196.jpg\" \/>\n\t<meta property=\"og:image:width\" content=\"1200\" \/>\n\t<meta property=\"og:image:height\" content=\"1200\" \/>\n\t<meta property=\"og:image:type\" content=\"image\/jpeg\" \/>\n<meta name=\"twitter:card\" content=\"summary_large_image\" \/>\n<meta name=\"twitter:label1\" content=\"Est. reading time\" \/>\n\t<meta name=\"twitter:data1\" content=\"2 minutes\" \/>\n<script type=\"application\/ld+json\" class=\"yoast-schema-graph\">{\"@context\":\"https:\/\/schema.org\",\"@graph\":[{\"@type\":\"Organization\",\"@id\":\"https:\/\/armonianaturaldietshop.com\/#organization\",\"name\":\"Armonia Natural Diet Shop\",\"url\":\"https:\/\/armonianaturaldietshop.com\/\",\"sameAs\":[\"https:\/\/www.facebook.com\/ArmoniaNaturalDietShop\/\",\"https:\/\/www.instagram.com\/armonia.natural\/?hl=en\"],\"logo\":{\"@type\":\"ImageObject\",\"@id\":\"https:\/\/armonianaturaldietshop.com\/#logo\",\"inLanguage\":\"en-US\",\"url\":\"https:\/\/armonianaturaldietshop.com\/wp-content\/uploads\/2018\/01\/top-banner-1.png\",\"contentUrl\":\"https:\/\/armonianaturaldietshop.com\/wp-content\/uploads\/2018\/01\/top-banner-1.png\",\"width\":369,\"height\":116,\"caption\":\"Armonia Natural Diet Shop\"},\"image\":{\"@id\":\"https:\/\/armonianaturaldietshop.com\/#logo\"}},{\"@type\":\"WebSite\",\"@id\":\"https:\/\/armonianaturaldietshop.com\/#website\",\"url\":\"https:\/\/armonianaturaldietshop.com\/\",\"name\":\"Armonia Natural Diet Shop\",\"description\":\"Otro sitio realizado con WordPress\",\"publisher\":{\"@id\":\"https:\/\/armonianaturaldietshop.com\/#organization\"},\"potentialAction\":[{\"@type\":\"SearchAction\",\"target\":{\"@type\":\"EntryPoint\",\"urlTemplate\":\"https:\/\/armonianaturaldietshop.com\/?s={search_term_string}\"},\"query-input\":\"required name=search_term_string\"}],\"inLanguage\":\"en-US\"},{\"@type\":\"ImageObject\",\"@id\":\"https:\/\/armonianaturaldietshop.com\/en\/product\/sex-love-chewing-gum-x-5-gums\/#primaryimage\",\"inLanguage\":\"en-US\",\"url\":\"https:\/\/armonianaturaldietshop.com\/wp-content\/uploads\/2018\/07\/1196.jpg\",\"contentUrl\":\"https:\/\/armonianaturaldietshop.com\/wp-content\/uploads\/2018\/07\/1196.jpg\",\"width\":1200,\"height\":1200},{\"@type\":\"WebPage\",\"@id\":\"https:\/\/armonianaturaldietshop.com\/en\/product\/sex-love-chewing-gum-x-5-gums\/#webpage\",\"url\":\"https:\/\/armonianaturaldietshop.com\/en\/product\/sex-love-chewing-gum-x-5-gums\/\",\"name\":\"Sex Love Chewing Gum x 2 (10 Gums) - Armonia Natural Diet Shop\",\"isPartOf\":{\"@id\":\"https:\/\/armonianaturaldietshop.com\/#website\"},\"primaryImageOfPage\":{\"@id\":\"https:\/\/armonianaturaldietshop.com\/en\/product\/sex-love-chewing-gum-x-5-gums\/#primaryimage\"},\"datePublished\":\"2018-07-13T22:51:20+00:00\",\"dateModified\":\"2021-05-21T19:38:00+00:00\",\"breadcrumb\":{\"@id\":\"https:\/\/armonianaturaldietshop.com\/en\/product\/sex-love-chewing-gum-x-5-gums\/#breadcrumb\"},\"inLanguage\":\"en-US\",\"potentialAction\":[{\"@type\":\"ReadAction\",\"target\":[\"https:\/\/armonianaturaldietshop.com\/en\/product\/sex-love-chewing-gum-x-5-gums\/\"]}]},{\"@type\":\"BreadcrumbList\",\"@id\":\"https:\/\/armonianaturaldietshop.com\/en\/product\/sex-love-chewing-gum-x-5-gums\/#breadcrumb\",\"itemListElement\":[{\"@type\":\"ListItem\",\"position\":1,\"name\":\"Home\",\"item\":\"https:\/\/armonianaturaldietshop.com\/en\/\"},{\"@type\":\"ListItem\",\"position\":2,\"name\":\"Shop\",\"item\":\"https:\/\/armonianaturaldietshop.com\/en\/shop\/\"},{\"@type\":\"ListItem\",\"position\":3,\"name\":\"Sex Love Chewing Gum x 2 (10 Gums)\"}]}]}<\/script>\n<!-- \/ Yoast SEO plugin. -->","yoast_head_json":{"title":"Sex Love Chewing Gum x 2 (10 Gums) - Armonia Natural Diet Shop","robots":{"index":"index","follow":"follow","max-snippet":"max-snippet:-1","max-image-preview":"max-image-preview:large","max-video-preview":"max-video-preview:-1"},"canonical":"https:\/\/armonianaturaldietshop.com\/en\/product\/sex-love-chewing-gum-x-5-gums\/","og_locale":"en_US","og_type":"article","og_title":"Sex Love Chewing Gum x 2 (10 Gums) - Armonia Natural Diet Shop","og_description":"Sex love est\u00e1 indicado para mujeres que les cuesta mucho excitarse, que les cueste sentir placer y disfrutar del sexo, que les cueste lubricarse bien en el acto sexual y otros s\u00edntomas similares a estos. Este producto tiene un excelente efecto para contrarrestar todos estos s\u00edntomas y es por eso que es un producto extraordinario para magnificar y potenciar la pasi\u00f3n del amor.","og_url":"https:\/\/armonianaturaldietshop.com\/en\/product\/sex-love-chewing-gum-x-5-gums\/","og_site_name":"Armonia Natural Diet Shop","article_publisher":"https:\/\/www.facebook.com\/ArmoniaNaturalDietShop\/","article_modified_time":"2021-05-21T19:38:00+00:00","og_image":[{"width":1200,"height":1200,"url":"https:\/\/armonianaturaldietshop.com\/wp-content\/uploads\/2018\/07\/1196.jpg","type":"image\/jpeg"}],"twitter_card":"summary_large_image","twitter_misc":{"Est. reading time":"2 minutes"},"schema":{"@context":"https:\/\/schema.org","@graph":[{"@type":"Organization","@id":"https:\/\/armonianaturaldietshop.com\/#organization","name":"Armonia Natural Diet Shop","url":"https:\/\/armonianaturaldietshop.com\/","sameAs":["https:\/\/www.facebook.com\/ArmoniaNaturalDietShop\/","https:\/\/www.instagram.com\/armonia.natural\/?hl=en"],"logo":{"@type":"ImageObject","@id":"https:\/\/armonianaturaldietshop.com\/#logo","inLanguage":"en-US","url":"https:\/\/armonianaturaldietshop.com\/wp-content\/uploads\/2018\/01\/top-banner-1.png","contentUrl":"https:\/\/armonianaturaldietshop.com\/wp-content\/uploads\/2018\/01\/top-banner-1.png","width":369,"height":116,"caption":"Armonia Natural Diet Shop"},"image":{"@id":"https:\/\/armonianaturaldietshop.com\/#logo"}},{"@type":"WebSite","@id":"https:\/\/armonianaturaldietshop.com\/#website","url":"https:\/\/armonianaturaldietshop.com\/","name":"Armonia Natural Diet Shop","description":"Otro sitio realizado con WordPress","publisher":{"@id":"https:\/\/armonianaturaldietshop.com\/#organization"},"potentialAction":[{"@type":"SearchAction","target":{"@type":"EntryPoint","urlTemplate":"https:\/\/armonianaturaldietshop.com\/?s={search_term_string}"},"query-input":"required name=search_term_string"}],"inLanguage":"en-US"},{"@type":"ImageObject","@id":"https:\/\/armonianaturaldietshop.com\/en\/product\/sex-love-chewing-gum-x-5-gums\/#primaryimage","inLanguage":"en-US","url":"https:\/\/armonianaturaldietshop.com\/wp-content\/uploads\/2018\/07\/1196.jpg","contentUrl":"https:\/\/armonianaturaldietshop.com\/wp-content\/uploads\/2018\/07\/1196.jpg","width":1200,"height":1200},{"@type":"WebPage","@id":"https:\/\/armonianaturaldietshop.com\/en\/product\/sex-love-chewing-gum-x-5-gums\/#webpage","url":"https:\/\/armonianaturaldietshop.com\/en\/product\/sex-love-chewing-gum-x-5-gums\/","name":"Sex Love Chewing Gum x 2 (10 Gums) - Armonia Natural Diet Shop","isPartOf":{"@id":"https:\/\/armonianaturaldietshop.com\/#website"},"primaryImageOfPage":{"@id":"https:\/\/armonianaturaldietshop.com\/en\/product\/sex-love-chewing-gum-x-5-gums\/#primaryimage"},"datePublished":"2018-07-13T22:51:20+00:00","dateModified":"2021-05-21T19:38:00+00:00","breadcrumb":{"@id":"https:\/\/armonianaturaldietshop.com\/en\/product\/sex-love-chewing-gum-x-5-gums\/#breadcrumb"},"inLanguage":"en-US","potentialAction":[{"@type":"ReadAction","target":["https:\/\/armonianaturaldietshop.com\/en\/product\/sex-love-chewing-gum-x-5-gums\/"]}]},{"@type":"BreadcrumbList","@id":"https:\/\/armonianaturaldietshop.com\/en\/product\/sex-love-chewing-gum-x-5-gums\/#breadcrumb","itemListElement":[{"@type":"ListItem","position":1,"name":"Home","item":"https:\/\/armonianaturaldietshop.com\/en\/"},{"@type":"ListItem","position":2,"name":"Shop","item":"https:\/\/armonianaturaldietshop.com\/en\/shop\/"},{"@type":"ListItem","position":3,"name":"Sex Love Chewing Gum x 2 (10 Gums)"}]}]}},"_links":{"self":[{"href":"https:\/\/armonianaturaldietshop.com\/en\/wp-json\/wp\/v2\/product\/2503"}],"collection":[{"href":"https:\/\/armonianaturaldietshop.com\/en\/wp-json\/wp\/v2\/product"}],"about":[{"href":"https:\/\/armonianaturaldietshop.com\/en\/wp-json\/wp\/v2\/types\/product"}],"replies":[{"embeddable":true,"href":"https:\/\/armonianaturaldietshop.com\/en\/wp-json\/wp\/v2\/comments?post=2503"}],"wp:featuredmedia":[{"embeddable":true,"href":"https:\/\/armonianaturaldietshop.com\/en\/wp-json\/wp\/v2\/media\/2253"}],"wp:attachment":[{"href":"https:\/\/armonianaturaldietshop.com\/en\/wp-json\/wp\/v2\/media?parent=2503"}],"wp:term":[{"taxonomy":"product_cat","embeddable":true,"href":"https:\/\/armonianaturaldietshop.com\/en\/wp-json\/wp\/v2\/product_cat?post=2503"},{"taxonomy":"product_tag","embeddable":true,"href":"https:\/\/armonianaturaldietshop.com\/en\/wp-json\/wp\/v2\/product_tag?post=2503"}],"curies":[{"name":"wp","href":"https:\/\/api.w.org\/{rel}","templated":true}]}}