{"id":2541,"date":"2018-07-13T22:49:38","date_gmt":"2018-07-13T22:49:38","guid":{"rendered":"http:\/\/armonianaturaldietshop.com\/product\/zinc-50-mg\/"},"modified":"2018-07-13T22:49:38","modified_gmt":"2018-07-13T22:49:38","slug":"zinc-50-mg","status":"publish","type":"product","link":"https:\/\/armonianaturaldietshop.com\/en\/product\/zinc-50-mg\/","title":{"rendered":"Zinc 50 MG"},"content":{"rendered":"<h1><span style=\"font-family: helvetica; font-size: 14pt;\"><strong>El zinc<\/strong> es importante para su cuerpo de muchas maneras, incluyendo la inmunidad, el crecimiento y divisi\u00f3n celular, el sue\u00f1o, el estado de \u00e1nimo, sus sentidos del gusto y el olfato, para la salud de su piel y de sus ojos, para la regulaci\u00f3n de insulina y para la funci\u00f3n sexual masculina.<\/span><\/h1>\n<h2><span style=\"font-family: helvetica; font-size: 14pt;\"><strong>Zinc<\/strong> es un mineral presente en la naturaleza. El zinc es importante para el crecimiento y el desarrollo y la salud de los tejidos del cuerpo. Igualmente, en&nbsp; la s\u00edntesis de prote\u00ednas, as\u00ed como para la formaci\u00f3n de col\u00e1geno. Interviene en el buen funcionamiento de la pr\u00f3stata. Est\u00e1 presente en todas las c\u00e9lulas e interviene en cerca de 200 relaciones enzim\u00e1ticas.<\/span><\/h2>\n<h3><span style=\"font-family: helvetica; font-size: 14pt;\"><strong>Zinc<\/strong> gluconate se usa para tratar y prevenir las insuficiencias de zinc. Las deficiencias de zinc son comunes hoy en d\u00eda y todav\u00eda pocas personas son conscientes de que este nutriente es imprescindible para gozar de una buena salud. El zinc es un&nbsp;mineral esencial,&nbsp;es decir,&nbsp;que nuestro cuerpo no lo sintetiza,&nbsp;y se requiere para la actividad metab\u00f3lica de 300 de las enzimas del cuerpo y se considera esencial para la divisi\u00f3n celular y la s\u00edntesis de ADN y prote\u00ednas. Estas enzimas est\u00e1n implicadas en el metabolismo de prote\u00ednas, carbohidratos, grasas y alcohol. El zinc posee la labor de regular la producci\u00f3n de las c\u00e9lulas T o linfocitos, funci\u00f3n hepatoprotectora, y apoyo para la salud de la pr\u00f3stata. Es esencial para el correcto mantenimiento del \u00f3rgano reproductivo.<\/span><\/h3>\n<p><span style=\"font-family: helvetica; font-size: 14pt;\">La deficiencia del zinc est\u00e1 relacionada con un aumento de gripes y resfriados, fatiga cr\u00f3nica, depresi\u00f3n, acn\u00e9, beb\u00e9s con bajo peso al nacer, problemas de aprendizaje y el bajo rendimiento escolar en los ni\u00f1os, entre otros<\/span><\/p>\n<p><strong><span style=\"font-family: helvetica; font-size: 14pt;\">Principales Beneficios:<\/span><\/strong><\/p>\n<ul style=\"margin-top: 0cm;\">\n<li><span style=\"font-family: helvetica; font-size: 14pt;\">Ayuda en el tratamiento de infecciones en la piel. El zinc tambi\u00e9n promueve una piel saludable y puede ayudar a reducir el acn\u00e9.&nbsp;Los suplementos de gluconato de zinc pueden entonces ayudar a curar las lesiones de acn\u00e9 y evitar su recurrencia. El zinc puede actuar regulando la actividad de las gl\u00e1ndulas seb\u00e1ceas de la piel o reduciendo la inflamaci\u00f3n.<\/span><\/li>\n<\/ul>\n<ul style=\"margin-top: 0cm;\">\n<li><span style=\"font-family: helvetica; font-size: 14pt;\">Ayuda al control de la anorexia.<\/span><\/li>\n<\/ul>\n<ul style=\"margin-top: 0cm;\">\n<li><span style=\"font-family: helvetica; font-size: 14pt;\">El zinc permite obtener un mejor y profundo sue\u00f1o&nbsp;lo que se traduce en incrementar la sensaci\u00f3n de descanso. Esto se debe a que el mineral es&nbsp;capaz de actuar sobre el metabolismo de la melatonina, la hormona conocida como del descanso<\/span><\/li>\n<\/ul>\n<ul style=\"margin-top: 0cm;\">\n<li><span style=\"font-family: helvetica; font-size: 14pt;\">Previene la aparici\u00f3n de problemas prost\u00e1ticos. Adem\u00e1s del impacto en los niveles hormonales, el zinc tambi\u00e9n se ha demostrado que ayuda al cuerpo a producir espermatozoides sanos, aumentando su conteo y movilidad. El zinc tambi\u00e9n puede ser muy \u00fatil en el tratamiento e incluso&nbsp;prevenir algunos problemas de pr\u00f3stata.&nbsp;<\/span><\/li>\n<\/ul>\n<ul style=\"margin-top: 0cm;\">\n<li><span style=\"font-family: helvetica; font-size: 14pt;\">El zinc es un factor cr\u00edtico para el crecimiento de tejidos.<\/span><\/li>\n<\/ul>\n<ul style=\"margin-top: 0cm;\">\n<li><span style=\"font-family: helvetica; font-size: 14pt;\">El zinc tambi\u00e9n interviene en la regulaci\u00f3n de los neurotransmisores, en concreto, con la dopamina, que influye sobre la funci\u00f3n cognitiva, estado de \u00e1nimo, enfoque y claridad mental.<\/span><\/li>\n<\/ul>\n<ul style=\"margin-top: 0cm;\">\n<li><span style=\"font-family: helvetica; font-size: 14pt;\">El zinc sirve para el crecimiento y mantenimiento del tejido conjuntivo.<\/span><\/li>\n<\/ul>\n<ul style=\"margin-top: 0cm;\">\n<li><span style=\"font-family: helvetica; font-size: 14pt;\">La funci\u00f3n del sistema inmune saludable. Nuestro sistema inmune es la primera l\u00ednea de defensa frente a posibles infecciones, enfermedades o cualquier otro agente da\u00f1ino externo. Por lo tanto, si somos capaces de mantener en \u00f3ptimas condiciones la funci\u00f3n de este sistema, menor riesgo para padecer alg\u00fan tipo de patolog\u00eda o enfermedad. Las deficiencias de zinc van en contra de la producci\u00f3n de gl\u00f3bulos blancos, que son las c\u00e9lulas que genera nuestro organismo para protegerlo frente las agresiones externas.<\/span><\/li>\n<\/ul>\n<p>&nbsp;<\/p>\n","protected":false},"excerpt":{"rendered":"<p>El zinc es importante para su cuerpo de muchas maneras, incluyendo la inmunidad, el crecimiento y divisi\u00f3n celular, el sue\u00f1o, el estado de \u00e1nimo, sus sentidos del gusto y el olfato, para la salud de su piel y de sus ojos, para la regulaci\u00f3n de insulina y para la funci\u00f3n sexual masculina.<\/p>\n","protected":false},"featured_media":2217,"comment_status":"open","ping_status":"closed","template":"","meta":[],"product_cat":[34],"product_tag":[],"acf":[],"yoast_head":"<!-- This site is optimized with the Yoast SEO plugin v18.5.1 - https:\/\/yoast.com\/wordpress\/plugins\/seo\/ -->\n<title>Zinc 50 MG - Armonia Natural Diet Shop<\/title>\n<meta name=\"robots\" content=\"index, follow, max-snippet:-1, max-image-preview:large, max-video-preview:-1\" \/>\n<link rel=\"canonical\" href=\"https:\/\/armonianaturaldietshop.com\/en\/product\/zinc-50-mg\/\" \/>\n<meta property=\"og:locale\" content=\"en_US\" \/>\n<meta property=\"og:type\" content=\"article\" \/>\n<meta property=\"og:title\" content=\"Zinc 50 MG - Armonia Natural Diet Shop\" \/>\n<meta property=\"og:description\" content=\"El zinc es importante para su cuerpo de muchas maneras, incluyendo la inmunidad, el crecimiento y divisi\u00f3n celular, el sue\u00f1o, el estado de \u00e1nimo, sus sentidos del gusto y el olfato, para la salud de su piel y de sus ojos, para la regulaci\u00f3n de insulina y para la funci\u00f3n sexual masculina.\" \/>\n<meta property=\"og:url\" content=\"https:\/\/armonianaturaldietshop.com\/en\/product\/zinc-50-mg\/\" \/>\n<meta property=\"og:site_name\" content=\"Armonia Natural Diet Shop\" \/>\n<meta property=\"article:publisher\" content=\"https:\/\/www.facebook.com\/ArmoniaNaturalDietShop\/\" \/>\n<meta property=\"og:image\" content=\"https:\/\/armonianaturaldietshop.com\/wp-content\/uploads\/2018\/07\/1172.jpg\" \/>\n\t<meta property=\"og:image:width\" content=\"768\" \/>\n\t<meta property=\"og:image:height\" content=\"768\" \/>\n\t<meta property=\"og:image:type\" content=\"image\/jpeg\" \/>\n<meta name=\"twitter:card\" content=\"summary_large_image\" \/>\n<meta name=\"twitter:label1\" content=\"Est. reading time\" \/>\n\t<meta name=\"twitter:data1\" content=\"3 minutes\" \/>\n<script type=\"application\/ld+json\" class=\"yoast-schema-graph\">{\"@context\":\"https:\/\/schema.org\",\"@graph\":[{\"@type\":\"Organization\",\"@id\":\"https:\/\/armonianaturaldietshop.com\/#organization\",\"name\":\"Armonia Natural Diet Shop\",\"url\":\"https:\/\/armonianaturaldietshop.com\/\",\"sameAs\":[\"https:\/\/www.facebook.com\/ArmoniaNaturalDietShop\/\",\"https:\/\/www.instagram.com\/armonia.natural\/?hl=en\"],\"logo\":{\"@type\":\"ImageObject\",\"@id\":\"https:\/\/armonianaturaldietshop.com\/#logo\",\"inLanguage\":\"en-US\",\"url\":\"https:\/\/armonianaturaldietshop.com\/wp-content\/uploads\/2018\/01\/top-banner-1.png\",\"contentUrl\":\"https:\/\/armonianaturaldietshop.com\/wp-content\/uploads\/2018\/01\/top-banner-1.png\",\"width\":369,\"height\":116,\"caption\":\"Armonia Natural Diet Shop\"},\"image\":{\"@id\":\"https:\/\/armonianaturaldietshop.com\/#logo\"}},{\"@type\":\"WebSite\",\"@id\":\"https:\/\/armonianaturaldietshop.com\/#website\",\"url\":\"https:\/\/armonianaturaldietshop.com\/\",\"name\":\"Armonia Natural Diet Shop\",\"description\":\"Otro sitio realizado con WordPress\",\"publisher\":{\"@id\":\"https:\/\/armonianaturaldietshop.com\/#organization\"},\"potentialAction\":[{\"@type\":\"SearchAction\",\"target\":{\"@type\":\"EntryPoint\",\"urlTemplate\":\"https:\/\/armonianaturaldietshop.com\/?s={search_term_string}\"},\"query-input\":\"required name=search_term_string\"}],\"inLanguage\":\"en-US\"},{\"@type\":\"ImageObject\",\"@id\":\"https:\/\/armonianaturaldietshop.com\/en\/product\/zinc-50-mg\/#primaryimage\",\"inLanguage\":\"en-US\",\"url\":\"https:\/\/armonianaturaldietshop.com\/wp-content\/uploads\/2018\/07\/1172.jpg\",\"contentUrl\":\"https:\/\/armonianaturaldietshop.com\/wp-content\/uploads\/2018\/07\/1172.jpg\",\"width\":768,\"height\":768},{\"@type\":\"WebPage\",\"@id\":\"https:\/\/armonianaturaldietshop.com\/en\/product\/zinc-50-mg\/#webpage\",\"url\":\"https:\/\/armonianaturaldietshop.com\/en\/product\/zinc-50-mg\/\",\"name\":\"Zinc 50 MG - Armonia Natural Diet Shop\",\"isPartOf\":{\"@id\":\"https:\/\/armonianaturaldietshop.com\/#website\"},\"primaryImageOfPage\":{\"@id\":\"https:\/\/armonianaturaldietshop.com\/en\/product\/zinc-50-mg\/#primaryimage\"},\"datePublished\":\"2018-07-13T22:49:38+00:00\",\"dateModified\":\"2018-07-13T22:49:38+00:00\",\"breadcrumb\":{\"@id\":\"https:\/\/armonianaturaldietshop.com\/en\/product\/zinc-50-mg\/#breadcrumb\"},\"inLanguage\":\"en-US\",\"potentialAction\":[{\"@type\":\"ReadAction\",\"target\":[\"https:\/\/armonianaturaldietshop.com\/en\/product\/zinc-50-mg\/\"]}]},{\"@type\":\"BreadcrumbList\",\"@id\":\"https:\/\/armonianaturaldietshop.com\/en\/product\/zinc-50-mg\/#breadcrumb\",\"itemListElement\":[{\"@type\":\"ListItem\",\"position\":1,\"name\":\"Home\",\"item\":\"https:\/\/armonianaturaldietshop.com\/en\/\"},{\"@type\":\"ListItem\",\"position\":2,\"name\":\"Shop\",\"item\":\"https:\/\/armonianaturaldietshop.com\/en\/shop\/\"},{\"@type\":\"ListItem\",\"position\":3,\"name\":\"Zinc 50 MG\"}]}]}<\/script>\n<!-- \/ Yoast SEO plugin. -->","yoast_head_json":{"title":"Zinc 50 MG - Armonia Natural Diet Shop","robots":{"index":"index","follow":"follow","max-snippet":"max-snippet:-1","max-image-preview":"max-image-preview:large","max-video-preview":"max-video-preview:-1"},"canonical":"https:\/\/armonianaturaldietshop.com\/en\/product\/zinc-50-mg\/","og_locale":"en_US","og_type":"article","og_title":"Zinc 50 MG - Armonia Natural Diet Shop","og_description":"El zinc es importante para su cuerpo de muchas maneras, incluyendo la inmunidad, el crecimiento y divisi\u00f3n celular, el sue\u00f1o, el estado de \u00e1nimo, sus sentidos del gusto y el olfato, para la salud de su piel y de sus ojos, para la regulaci\u00f3n de insulina y para la funci\u00f3n sexual masculina.","og_url":"https:\/\/armonianaturaldietshop.com\/en\/product\/zinc-50-mg\/","og_site_name":"Armonia Natural Diet Shop","article_publisher":"https:\/\/www.facebook.com\/ArmoniaNaturalDietShop\/","og_image":[{"width":768,"height":768,"url":"https:\/\/armonianaturaldietshop.com\/wp-content\/uploads\/2018\/07\/1172.jpg","type":"image\/jpeg"}],"twitter_card":"summary_large_image","twitter_misc":{"Est. reading time":"3 minutes"},"schema":{"@context":"https:\/\/schema.org","@graph":[{"@type":"Organization","@id":"https:\/\/armonianaturaldietshop.com\/#organization","name":"Armonia Natural Diet Shop","url":"https:\/\/armonianaturaldietshop.com\/","sameAs":["https:\/\/www.facebook.com\/ArmoniaNaturalDietShop\/","https:\/\/www.instagram.com\/armonia.natural\/?hl=en"],"logo":{"@type":"ImageObject","@id":"https:\/\/armonianaturaldietshop.com\/#logo","inLanguage":"en-US","url":"https:\/\/armonianaturaldietshop.com\/wp-content\/uploads\/2018\/01\/top-banner-1.png","contentUrl":"https:\/\/armonianaturaldietshop.com\/wp-content\/uploads\/2018\/01\/top-banner-1.png","width":369,"height":116,"caption":"Armonia Natural Diet Shop"},"image":{"@id":"https:\/\/armonianaturaldietshop.com\/#logo"}},{"@type":"WebSite","@id":"https:\/\/armonianaturaldietshop.com\/#website","url":"https:\/\/armonianaturaldietshop.com\/","name":"Armonia Natural Diet Shop","description":"Otro sitio realizado con WordPress","publisher":{"@id":"https:\/\/armonianaturaldietshop.com\/#organization"},"potentialAction":[{"@type":"SearchAction","target":{"@type":"EntryPoint","urlTemplate":"https:\/\/armonianaturaldietshop.com\/?s={search_term_string}"},"query-input":"required name=search_term_string"}],"inLanguage":"en-US"},{"@type":"ImageObject","@id":"https:\/\/armonianaturaldietshop.com\/en\/product\/zinc-50-mg\/#primaryimage","inLanguage":"en-US","url":"https:\/\/armonianaturaldietshop.com\/wp-content\/uploads\/2018\/07\/1172.jpg","contentUrl":"https:\/\/armonianaturaldietshop.com\/wp-content\/uploads\/2018\/07\/1172.jpg","width":768,"height":768},{"@type":"WebPage","@id":"https:\/\/armonianaturaldietshop.com\/en\/product\/zinc-50-mg\/#webpage","url":"https:\/\/armonianaturaldietshop.com\/en\/product\/zinc-50-mg\/","name":"Zinc 50 MG - Armonia Natural Diet Shop","isPartOf":{"@id":"https:\/\/armonianaturaldietshop.com\/#website"},"primaryImageOfPage":{"@id":"https:\/\/armonianaturaldietshop.com\/en\/product\/zinc-50-mg\/#primaryimage"},"datePublished":"2018-07-13T22:49:38+00:00","dateModified":"2018-07-13T22:49:38+00:00","breadcrumb":{"@id":"https:\/\/armonianaturaldietshop.com\/en\/product\/zinc-50-mg\/#breadcrumb"},"inLanguage":"en-US","potentialAction":[{"@type":"ReadAction","target":["https:\/\/armonianaturaldietshop.com\/en\/product\/zinc-50-mg\/"]}]},{"@type":"BreadcrumbList","@id":"https:\/\/armonianaturaldietshop.com\/en\/product\/zinc-50-mg\/#breadcrumb","itemListElement":[{"@type":"ListItem","position":1,"name":"Home","item":"https:\/\/armonianaturaldietshop.com\/en\/"},{"@type":"ListItem","position":2,"name":"Shop","item":"https:\/\/armonianaturaldietshop.com\/en\/shop\/"},{"@type":"ListItem","position":3,"name":"Zinc 50 MG"}]}]}},"_links":{"self":[{"href":"https:\/\/armonianaturaldietshop.com\/en\/wp-json\/wp\/v2\/product\/2541"}],"collection":[{"href":"https:\/\/armonianaturaldietshop.com\/en\/wp-json\/wp\/v2\/product"}],"about":[{"href":"https:\/\/armonianaturaldietshop.com\/en\/wp-json\/wp\/v2\/types\/product"}],"replies":[{"embeddable":true,"href":"https:\/\/armonianaturaldietshop.com\/en\/wp-json\/wp\/v2\/comments?post=2541"}],"wp:featuredmedia":[{"embeddable":true,"href":"https:\/\/armonianaturaldietshop.com\/en\/wp-json\/wp\/v2\/media\/2217"}],"wp:attachment":[{"href":"https:\/\/armonianaturaldietshop.com\/en\/wp-json\/wp\/v2\/media?parent=2541"}],"wp:term":[{"taxonomy":"product_cat","embeddable":true,"href":"https:\/\/armonianaturaldietshop.com\/en\/wp-json\/wp\/v2\/product_cat?post=2541"},{"taxonomy":"product_tag","embeddable":true,"href":"https:\/\/armonianaturaldietshop.com\/en\/wp-json\/wp\/v2\/product_tag?post=2541"}],"curies":[{"name":"wp","href":"https:\/\/api.w.org\/{rel}","templated":true}]}}