{"id":2545,"date":"2018-07-13T22:49:34","date_gmt":"2018-07-13T22:49:34","guid":{"rendered":"http:\/\/armonianaturaldietshop.com\/product\/beta-caroteno-10000-i-u\/"},"modified":"2018-08-16T15:01:11","modified_gmt":"2018-08-16T15:01:11","slug":"beta-caroteno-10000-i-u","status":"publish","type":"product","link":"https:\/\/armonianaturaldietshop.com\/en\/product\/beta-caroteno-10000-i-u\/","title":{"rendered":"Beta Caroteno 10,000 I.U."},"content":{"rendered":"<p>&nbsp;<\/p>\n<h1><span style=\"font-family: helvetica; font-size: 14pt;\">El Beta Caroteno es uno de los pigmentos de un grupo de pigmentos rojos, anaranjados y amarillos llamados carotenoides. El beta caroteno es la principal\u00a0fuente de\u00a0vitamina A\u00a0segura, esencial para el crecimiento y desarrollo normales, el funcionamiento de sistema inmunitario y la vista. Se encuentra en los alimentos de origen vegetal y cumple importantes funciones en distintos campos.<\/span><\/h1>\n<h2><span style=\"font-family: helvetica; font-size: 14pt;\">El beta-caroteno se utiliza para disminuir los s\u00edntomas de asma producida por el ejercicio, para prevenir ciertos c\u00e1nceres, las enfermedades del coraz\u00f3n, las cataratas, y la degeneraci\u00f3n macular senil (DMS), y para el tratamiento del SIDA, el alcoholismo, la enfermedad de Alzheimer, la depresi\u00f3n, la epilepsia, el dolor de cabeza, el reflujo, la presi\u00f3n arterial alta, la infertilidad, la enfermedad de Parkinson, la artritis reum\u00e1tica, la esquizofrenia y trastornos a la piel que incluyen soriasis y vitiligo.<\/span><\/h2>\n<h2><span style=\"font-family: helvetica; font-size: 14pt;\"> El beta-caroteno est\u00e1 presente en las frutas, verduras y granos. Tambi\u00e9n se puede hacer en el laboratorio.<\/span><\/h2>\n<h3><span style=\"font-family: helvetica; font-size: 14pt;\">\u00a0<\/span><\/h3>\n<p><strong><span style=\"font-family: helvetica; font-size: 14pt;\">Principales Beneficios:<\/span><\/strong><\/p>\n<ul style=\"margin-top: 0cm;\">\n<li><span style=\"font-family: helvetica; font-size: 14pt;\">Necesario para la salud de la piel y las membranas mucosa<\/span><\/li>\n<\/ul>\n<ul style=\"margin-top: 0cm;\">\n<li><span style=\"font-family: helvetica; font-size: 14pt;\">Excelente protector en problemas de cerebro vasculares<\/span><\/li>\n<\/ul>\n<ul style=\"margin-top: 0cm;\">\n<li><span style=\"font-family: helvetica; font-size: 14pt;\">Vital para mantener una buena visi\u00f3n<\/span><\/li>\n<\/ul>\n<ul style=\"margin-top: 0cm;\">\n<li><span style=\"font-family: helvetica; font-size: 14pt;\">Para aumentar la resistencia en el esfuerzo f\u00edsico ya que las dietas que contienen una mayor cantidad de betacaroteno parecen mejorar el rendimiento f\u00edsico y la fuerza muscular en personas mayores..<\/span><\/li>\n<\/ul>\n<ul style=\"margin-top: 0cm;\">\n<li><span style=\"font-family: helvetica; font-size: 14pt;\">En el tratamiento de c\u00e1ncer de mama, disminuye el riesgo de c\u00e1ncer de mama en mujeres premenop\u00e1usicas, y para aquellas personas que ingieren alcohol en forma excesiva<\/span><\/li>\n<li><span style=\"font-family: helvetica; font-size: 14pt;\">Aumento en el n\u00famero de globulos rojos, y diversos par\u00e1metros de la funci\u00f3n inmunitaria del cuerpo.<\/span><\/li>\n<\/ul>\n<ul style=\"margin-top: 0cm;\">\n<li><span style=\"font-family: helvetica; font-size: 14pt;\">La ingesta de m\u00e1s betacaroteno en la dieta parece ayudar a prevenir la bronquitis y la dificultad para respirar en fumadores con EPOC.<\/span><\/li>\n<\/ul>\n<ul style=\"margin-top: 0cm;\">\n<li><span style=\"font-family: helvetica; font-size: 14pt;\">En pacientes con ataques de asma, la ingesta de betacaroteno parece disminuir los ataques de asma desencadenados por el ejercicio.<\/span><\/li>\n<\/ul>\n<ul style=\"margin-top: 0cm;\">\n<li><span style=\"font-family: helvetica; font-size: 14pt;\">En mujeres con c\u00e1ncer de ovario, la ingesta de dieta rica en carotenoides, incluidos betacarotenos, disminuyen el riesgo de c\u00e1ncer de ovario en mujeres posmenop\u00e1usicas.<\/span><\/li>\n<li><span style=\"font-family: helvetica; font-size: 14pt;\">Antioxidante: El betacaroteno tiene propiedades antioxidantes que ayudan a neutralizar los radicales libres, mol\u00e9culas reactivas del oxigeno, que pueden llegar a da\u00f1ar los l\u00edpidos de las membranas celulares y el material gen\u00e9tico, lo cual puede conducir a desarrollar enfermedades cardiovasculares y c\u00e1ncer.<\/span><\/li>\n<\/ul>\n","protected":false},"excerpt":{"rendered":"<p>Beta Caroteno es uno de los pigmentos de un grupo de pigmentos rojos, anaranjados y amarillos llamados carotenoides. El beta caroteno es la principal fuente de vitamina A segura, esencial para el crecimiento y desarrollo normales, el funcionamiento de sistema inmunitario y la vista. Se encuentra en los alimentos de origen vegetal y cumple importantes funciones en distintos campos.<\/p>\n","protected":false},"featured_media":2201,"comment_status":"open","ping_status":"closed","template":"","meta":[],"product_cat":[34],"product_tag":[],"acf":[],"yoast_head":"<!-- This site is optimized with the Yoast SEO plugin v18.5.1 - https:\/\/yoast.com\/wordpress\/plugins\/seo\/ -->\n<title>Beta Caroteno 10,000 I.U. - Armonia Natural Diet Shop<\/title>\n<meta name=\"robots\" content=\"index, follow, max-snippet:-1, max-image-preview:large, max-video-preview:-1\" \/>\n<link rel=\"canonical\" href=\"https:\/\/armonianaturaldietshop.com\/en\/product\/beta-caroteno-10000-i-u\/\" \/>\n<meta property=\"og:locale\" content=\"en_US\" \/>\n<meta property=\"og:type\" content=\"article\" \/>\n<meta property=\"og:title\" content=\"Beta Caroteno 10,000 I.U. - Armonia Natural Diet Shop\" \/>\n<meta property=\"og:description\" content=\"Beta Caroteno es uno de los pigmentos de un grupo de pigmentos rojos, anaranjados y amarillos llamados carotenoides. El beta caroteno es la principal fuente de vitamina A segura, esencial para el crecimiento y desarrollo normales, el funcionamiento de sistema inmunitario y la vista. Se encuentra en los alimentos de origen vegetal y cumple importantes funciones en distintos campos.\" \/>\n<meta property=\"og:url\" content=\"https:\/\/armonianaturaldietshop.com\/en\/product\/beta-caroteno-10000-i-u\/\" \/>\n<meta property=\"og:site_name\" content=\"Armonia Natural Diet Shop\" \/>\n<meta property=\"article:publisher\" content=\"https:\/\/www.facebook.com\/ArmoniaNaturalDietShop\/\" \/>\n<meta property=\"article:modified_time\" content=\"2018-08-16T15:01:11+00:00\" \/>\n<meta property=\"og:image\" content=\"https:\/\/armonianaturaldietshop.com\/wp-content\/uploads\/2018\/07\/1166.png\" \/>\n\t<meta property=\"og:image:width\" content=\"768\" \/>\n\t<meta property=\"og:image:height\" content=\"766\" \/>\n\t<meta property=\"og:image:type\" content=\"image\/png\" \/>\n<meta name=\"twitter:card\" content=\"summary_large_image\" \/>\n<meta name=\"twitter:label1\" content=\"Est. reading time\" \/>\n\t<meta name=\"twitter:data1\" content=\"2 minutes\" \/>\n<script type=\"application\/ld+json\" class=\"yoast-schema-graph\">{\"@context\":\"https:\/\/schema.org\",\"@graph\":[{\"@type\":\"Organization\",\"@id\":\"https:\/\/armonianaturaldietshop.com\/#organization\",\"name\":\"Armonia Natural Diet Shop\",\"url\":\"https:\/\/armonianaturaldietshop.com\/\",\"sameAs\":[\"https:\/\/www.facebook.com\/ArmoniaNaturalDietShop\/\",\"https:\/\/www.instagram.com\/armonia.natural\/?hl=en\"],\"logo\":{\"@type\":\"ImageObject\",\"@id\":\"https:\/\/armonianaturaldietshop.com\/#logo\",\"inLanguage\":\"en-US\",\"url\":\"https:\/\/armonianaturaldietshop.com\/wp-content\/uploads\/2018\/01\/top-banner-1.png\",\"contentUrl\":\"https:\/\/armonianaturaldietshop.com\/wp-content\/uploads\/2018\/01\/top-banner-1.png\",\"width\":369,\"height\":116,\"caption\":\"Armonia Natural Diet Shop\"},\"image\":{\"@id\":\"https:\/\/armonianaturaldietshop.com\/#logo\"}},{\"@type\":\"WebSite\",\"@id\":\"https:\/\/armonianaturaldietshop.com\/#website\",\"url\":\"https:\/\/armonianaturaldietshop.com\/\",\"name\":\"Armonia Natural Diet Shop\",\"description\":\"Otro sitio realizado con WordPress\",\"publisher\":{\"@id\":\"https:\/\/armonianaturaldietshop.com\/#organization\"},\"potentialAction\":[{\"@type\":\"SearchAction\",\"target\":{\"@type\":\"EntryPoint\",\"urlTemplate\":\"https:\/\/armonianaturaldietshop.com\/?s={search_term_string}\"},\"query-input\":\"required name=search_term_string\"}],\"inLanguage\":\"en-US\"},{\"@type\":\"ImageObject\",\"@id\":\"https:\/\/armonianaturaldietshop.com\/en\/product\/beta-caroteno-10000-i-u\/#primaryimage\",\"inLanguage\":\"en-US\",\"url\":\"https:\/\/armonianaturaldietshop.com\/wp-content\/uploads\/2018\/07\/1166.png\",\"contentUrl\":\"https:\/\/armonianaturaldietshop.com\/wp-content\/uploads\/2018\/07\/1166.png\",\"width\":768,\"height\":766},{\"@type\":\"WebPage\",\"@id\":\"https:\/\/armonianaturaldietshop.com\/en\/product\/beta-caroteno-10000-i-u\/#webpage\",\"url\":\"https:\/\/armonianaturaldietshop.com\/en\/product\/beta-caroteno-10000-i-u\/\",\"name\":\"Beta Caroteno 10,000 I.U. - Armonia Natural Diet Shop\",\"isPartOf\":{\"@id\":\"https:\/\/armonianaturaldietshop.com\/#website\"},\"primaryImageOfPage\":{\"@id\":\"https:\/\/armonianaturaldietshop.com\/en\/product\/beta-caroteno-10000-i-u\/#primaryimage\"},\"datePublished\":\"2018-07-13T22:49:34+00:00\",\"dateModified\":\"2018-08-16T15:01:11+00:00\",\"breadcrumb\":{\"@id\":\"https:\/\/armonianaturaldietshop.com\/en\/product\/beta-caroteno-10000-i-u\/#breadcrumb\"},\"inLanguage\":\"en-US\",\"potentialAction\":[{\"@type\":\"ReadAction\",\"target\":[\"https:\/\/armonianaturaldietshop.com\/en\/product\/beta-caroteno-10000-i-u\/\"]}]},{\"@type\":\"BreadcrumbList\",\"@id\":\"https:\/\/armonianaturaldietshop.com\/en\/product\/beta-caroteno-10000-i-u\/#breadcrumb\",\"itemListElement\":[{\"@type\":\"ListItem\",\"position\":1,\"name\":\"Home\",\"item\":\"https:\/\/armonianaturaldietshop.com\/en\/\"},{\"@type\":\"ListItem\",\"position\":2,\"name\":\"Shop\",\"item\":\"https:\/\/armonianaturaldietshop.com\/en\/shop\/\"},{\"@type\":\"ListItem\",\"position\":3,\"name\":\"Beta Caroteno 10,000 I.U.\"}]}]}<\/script>\n<!-- \/ Yoast SEO plugin. -->","yoast_head_json":{"title":"Beta Caroteno 10,000 I.U. - Armonia Natural Diet Shop","robots":{"index":"index","follow":"follow","max-snippet":"max-snippet:-1","max-image-preview":"max-image-preview:large","max-video-preview":"max-video-preview:-1"},"canonical":"https:\/\/armonianaturaldietshop.com\/en\/product\/beta-caroteno-10000-i-u\/","og_locale":"en_US","og_type":"article","og_title":"Beta Caroteno 10,000 I.U. - Armonia Natural Diet Shop","og_description":"Beta Caroteno es uno de los pigmentos de un grupo de pigmentos rojos, anaranjados y amarillos llamados carotenoides. El beta caroteno es la principal fuente de vitamina A segura, esencial para el crecimiento y desarrollo normales, el funcionamiento de sistema inmunitario y la vista. Se encuentra en los alimentos de origen vegetal y cumple importantes funciones en distintos campos.","og_url":"https:\/\/armonianaturaldietshop.com\/en\/product\/beta-caroteno-10000-i-u\/","og_site_name":"Armonia Natural Diet Shop","article_publisher":"https:\/\/www.facebook.com\/ArmoniaNaturalDietShop\/","article_modified_time":"2018-08-16T15:01:11+00:00","og_image":[{"width":768,"height":766,"url":"https:\/\/armonianaturaldietshop.com\/wp-content\/uploads\/2018\/07\/1166.png","type":"image\/png"}],"twitter_card":"summary_large_image","twitter_misc":{"Est. reading time":"2 minutes"},"schema":{"@context":"https:\/\/schema.org","@graph":[{"@type":"Organization","@id":"https:\/\/armonianaturaldietshop.com\/#organization","name":"Armonia Natural Diet Shop","url":"https:\/\/armonianaturaldietshop.com\/","sameAs":["https:\/\/www.facebook.com\/ArmoniaNaturalDietShop\/","https:\/\/www.instagram.com\/armonia.natural\/?hl=en"],"logo":{"@type":"ImageObject","@id":"https:\/\/armonianaturaldietshop.com\/#logo","inLanguage":"en-US","url":"https:\/\/armonianaturaldietshop.com\/wp-content\/uploads\/2018\/01\/top-banner-1.png","contentUrl":"https:\/\/armonianaturaldietshop.com\/wp-content\/uploads\/2018\/01\/top-banner-1.png","width":369,"height":116,"caption":"Armonia Natural Diet Shop"},"image":{"@id":"https:\/\/armonianaturaldietshop.com\/#logo"}},{"@type":"WebSite","@id":"https:\/\/armonianaturaldietshop.com\/#website","url":"https:\/\/armonianaturaldietshop.com\/","name":"Armonia Natural Diet Shop","description":"Otro sitio realizado con WordPress","publisher":{"@id":"https:\/\/armonianaturaldietshop.com\/#organization"},"potentialAction":[{"@type":"SearchAction","target":{"@type":"EntryPoint","urlTemplate":"https:\/\/armonianaturaldietshop.com\/?s={search_term_string}"},"query-input":"required name=search_term_string"}],"inLanguage":"en-US"},{"@type":"ImageObject","@id":"https:\/\/armonianaturaldietshop.com\/en\/product\/beta-caroteno-10000-i-u\/#primaryimage","inLanguage":"en-US","url":"https:\/\/armonianaturaldietshop.com\/wp-content\/uploads\/2018\/07\/1166.png","contentUrl":"https:\/\/armonianaturaldietshop.com\/wp-content\/uploads\/2018\/07\/1166.png","width":768,"height":766},{"@type":"WebPage","@id":"https:\/\/armonianaturaldietshop.com\/en\/product\/beta-caroteno-10000-i-u\/#webpage","url":"https:\/\/armonianaturaldietshop.com\/en\/product\/beta-caroteno-10000-i-u\/","name":"Beta Caroteno 10,000 I.U. - Armonia Natural Diet Shop","isPartOf":{"@id":"https:\/\/armonianaturaldietshop.com\/#website"},"primaryImageOfPage":{"@id":"https:\/\/armonianaturaldietshop.com\/en\/product\/beta-caroteno-10000-i-u\/#primaryimage"},"datePublished":"2018-07-13T22:49:34+00:00","dateModified":"2018-08-16T15:01:11+00:00","breadcrumb":{"@id":"https:\/\/armonianaturaldietshop.com\/en\/product\/beta-caroteno-10000-i-u\/#breadcrumb"},"inLanguage":"en-US","potentialAction":[{"@type":"ReadAction","target":["https:\/\/armonianaturaldietshop.com\/en\/product\/beta-caroteno-10000-i-u\/"]}]},{"@type":"BreadcrumbList","@id":"https:\/\/armonianaturaldietshop.com\/en\/product\/beta-caroteno-10000-i-u\/#breadcrumb","itemListElement":[{"@type":"ListItem","position":1,"name":"Home","item":"https:\/\/armonianaturaldietshop.com\/en\/"},{"@type":"ListItem","position":2,"name":"Shop","item":"https:\/\/armonianaturaldietshop.com\/en\/shop\/"},{"@type":"ListItem","position":3,"name":"Beta Caroteno 10,000 I.U."}]}]}},"_links":{"self":[{"href":"https:\/\/armonianaturaldietshop.com\/en\/wp-json\/wp\/v2\/product\/2545"}],"collection":[{"href":"https:\/\/armonianaturaldietshop.com\/en\/wp-json\/wp\/v2\/product"}],"about":[{"href":"https:\/\/armonianaturaldietshop.com\/en\/wp-json\/wp\/v2\/types\/product"}],"replies":[{"embeddable":true,"href":"https:\/\/armonianaturaldietshop.com\/en\/wp-json\/wp\/v2\/comments?post=2545"}],"wp:featuredmedia":[{"embeddable":true,"href":"https:\/\/armonianaturaldietshop.com\/en\/wp-json\/wp\/v2\/media\/2201"}],"wp:attachment":[{"href":"https:\/\/armonianaturaldietshop.com\/en\/wp-json\/wp\/v2\/media?parent=2545"}],"wp:term":[{"taxonomy":"product_cat","embeddable":true,"href":"https:\/\/armonianaturaldietshop.com\/en\/wp-json\/wp\/v2\/product_cat?post=2545"},{"taxonomy":"product_tag","embeddable":true,"href":"https:\/\/armonianaturaldietshop.com\/en\/wp-json\/wp\/v2\/product_tag?post=2545"}],"curies":[{"name":"wp","href":"https:\/\/api.w.org\/{rel}","templated":true}]}}