{"id":2547,"date":"2018-07-13T22:49:09","date_gmt":"2018-07-13T22:49:09","guid":{"rendered":"http:\/\/armonianaturaldietshop.com\/product\/b-complex-maxi\/"},"modified":"2018-08-16T14:48:28","modified_gmt":"2018-08-16T14:48:28","slug":"b-complex-maxi","status":"publish","type":"product","link":"https:\/\/armonianaturaldietshop.com\/en\/product\/b-complex-maxi\/","title":{"rendered":"B &#8211; Complex MAXI"},"content":{"rendered":"<h1><span style=\"font-family: helvetica; font-size: 14pt;\">B \u2013 complex maxi, e<\/span><span style=\"font-family: helvetica; font-size: 14pt;\">l suplemento de complejo es una combinaci\u00f3n de\u00a0vitaminas esenciales para el cuerpo , tales como:\u00a0tiamina, riboflavina, niacina, Vitamina B6, \u00c1cido F\u00f3lico, Vitamina B12, biotina y \u00e1cido pantotenico, junto con Vitamina C.\u00a0Tiamina es primordialmente implicada en la energ\u00eda \u00a0del cuerpo, especialmente en el cerebro la cual nos da confianza en una parte importante para nuestro cuerpo.<\/span><\/h1>\n<h2><span style=\"font-family: helvetica; font-size: 14pt;\">Riboflavina y\u00a0niacina son tambi\u00e9n involucradas en la producci\u00f3n de energ\u00eda y ayudan a regular mecanismos antioxidantes en el cuerpo, La Vitamina B6 es particularmente importante en la formaci\u00f3n de prote\u00ednas y en los\u00a0 componentes estructurales. \u00c1cido F\u00f3lico, tambi\u00e9n conocido como folato y folac\u00edn, es esencial en la divisi\u00f3n celular, en la s\u00edntesis del DNA,\u00a0y en la fabricaci\u00f3n\u00a0 de qu\u00edmicos cerebrales, o neurotransmitidores en el cuerpo. Vitamina B12, o cobalamina, es involucrada en muchos procesos del cuerpo y trabaja muy cerca con otra Vitamina B, \u00e1cido f\u00f3lico.<\/span><\/h2>\n<p><span style=\"font-family: helvetica; font-size: 14pt;\">Biotina es una Vitamina B que ayuda a la fabricaci\u00f3n de grasas y amino\u00e1cidos (prote\u00edna), que son utilizados por el cuerpo.<\/span><\/p>\n<p><span style=\"font-family: helvetica; font-size: 14pt;\">\u00c1cido Pantot\u00e9nico es otra Vitamina B que ayuda a utilizar las grasas y los carbohidratos en energ\u00eda de producci\u00f3n. Vitamina C es a\u00f1adida para proporcionar protecci\u00f3n antioxidante para los tejidos\u00a0 del cuerpo a base de agua, tales como: pulmones, y los lentes de los ojos, y ayuda a estimular el sistema inmune.\u00a0<\/span><\/p>\n<p><span style=\"font-family: helvetica; font-size: 14pt;\"><strong>Ingredientes:<\/strong> Celulosa microcristalina, celulosa vegetal, S\u00edlice, esterato de magnesio.<\/span><\/p>\n<p><span style=\"font-family: helvetica; font-size: 14pt;\"><strong>Advertencias:<\/strong> No consumir en estado de embarazo o lactancia<\/span><\/p>\n<p>&nbsp;<\/p>\n<p><span style=\"font-family: helvetica; font-size: 14pt;\">\u00a0<\/span><\/p>\n","protected":false},"excerpt":{"rendered":"<p>B \u2013 complex maxi<br \/>\nEl suplemento de complejo es una combinaci\u00f3n de vitaminas esenciales para el cuerpo ,tales como: tiamina, riboflavina, niacina, Vitamina B6, \u00c1cido F\u00f3lico, Vitamina B12, biotina y \u00e1cido pantotenico, junto con Vitamina C. Tiamina es primordialmente implicada en la energ\u00eda del cuerpo, especialmente en el cerebro la cual nos da confianza en una parte importante para nuestro cuerpo.<\/p>\n","protected":false},"featured_media":2207,"comment_status":"open","ping_status":"closed","template":"","meta":[],"product_cat":[34],"product_tag":[],"acf":[],"yoast_head":"<!-- This site is optimized with the Yoast SEO plugin v18.5.1 - https:\/\/yoast.com\/wordpress\/plugins\/seo\/ -->\n<title>B - Complex MAXI - Armonia Natural Diet Shop<\/title>\n<meta name=\"robots\" content=\"index, follow, max-snippet:-1, max-image-preview:large, max-video-preview:-1\" \/>\n<link rel=\"canonical\" href=\"https:\/\/armonianaturaldietshop.com\/en\/product\/b-complex-maxi\/\" \/>\n<meta property=\"og:locale\" content=\"en_US\" \/>\n<meta property=\"og:type\" content=\"article\" \/>\n<meta property=\"og:title\" content=\"B - Complex MAXI - Armonia Natural Diet Shop\" \/>\n<meta property=\"og:description\" content=\"B \u2013 complex maxi El suplemento de complejo es una combinaci\u00f3n de vitaminas esenciales para el cuerpo ,tales como: tiamina, riboflavina, niacina, Vitamina B6, \u00c1cido F\u00f3lico, Vitamina B12, biotina y \u00e1cido pantotenico, junto con Vitamina C. Tiamina es primordialmente implicada en la energ\u00eda del cuerpo, especialmente en el cerebro la cual nos da confianza en una parte importante para nuestro cuerpo.\" \/>\n<meta property=\"og:url\" content=\"https:\/\/armonianaturaldietshop.com\/en\/product\/b-complex-maxi\/\" \/>\n<meta property=\"og:site_name\" content=\"Armonia Natural Diet Shop\" \/>\n<meta property=\"article:publisher\" content=\"https:\/\/www.facebook.com\/ArmoniaNaturalDietShop\/\" \/>\n<meta property=\"article:modified_time\" content=\"2018-08-16T14:48:28+00:00\" \/>\n<meta property=\"og:image\" content=\"https:\/\/armonianaturaldietshop.com\/wp-content\/uploads\/2018\/07\/1154.png\" \/>\n\t<meta property=\"og:image:width\" content=\"635\" \/>\n\t<meta property=\"og:image:height\" content=\"635\" \/>\n\t<meta property=\"og:image:type\" content=\"image\/png\" \/>\n<meta name=\"twitter:card\" content=\"summary_large_image\" \/>\n<meta name=\"twitter:label1\" content=\"Est. reading time\" \/>\n\t<meta name=\"twitter:data1\" content=\"1 minute\" \/>\n<script type=\"application\/ld+json\" class=\"yoast-schema-graph\">{\"@context\":\"https:\/\/schema.org\",\"@graph\":[{\"@type\":\"Organization\",\"@id\":\"https:\/\/armonianaturaldietshop.com\/#organization\",\"name\":\"Armonia Natural Diet Shop\",\"url\":\"https:\/\/armonianaturaldietshop.com\/\",\"sameAs\":[\"https:\/\/www.facebook.com\/ArmoniaNaturalDietShop\/\",\"https:\/\/www.instagram.com\/armonia.natural\/?hl=en\"],\"logo\":{\"@type\":\"ImageObject\",\"@id\":\"https:\/\/armonianaturaldietshop.com\/#logo\",\"inLanguage\":\"en-US\",\"url\":\"https:\/\/armonianaturaldietshop.com\/wp-content\/uploads\/2018\/01\/top-banner-1.png\",\"contentUrl\":\"https:\/\/armonianaturaldietshop.com\/wp-content\/uploads\/2018\/01\/top-banner-1.png\",\"width\":369,\"height\":116,\"caption\":\"Armonia Natural Diet Shop\"},\"image\":{\"@id\":\"https:\/\/armonianaturaldietshop.com\/#logo\"}},{\"@type\":\"WebSite\",\"@id\":\"https:\/\/armonianaturaldietshop.com\/#website\",\"url\":\"https:\/\/armonianaturaldietshop.com\/\",\"name\":\"Armonia Natural Diet Shop\",\"description\":\"Otro sitio realizado con WordPress\",\"publisher\":{\"@id\":\"https:\/\/armonianaturaldietshop.com\/#organization\"},\"potentialAction\":[{\"@type\":\"SearchAction\",\"target\":{\"@type\":\"EntryPoint\",\"urlTemplate\":\"https:\/\/armonianaturaldietshop.com\/?s={search_term_string}\"},\"query-input\":\"required name=search_term_string\"}],\"inLanguage\":\"en-US\"},{\"@type\":\"ImageObject\",\"@id\":\"https:\/\/armonianaturaldietshop.com\/en\/product\/b-complex-maxi\/#primaryimage\",\"inLanguage\":\"en-US\",\"url\":\"https:\/\/armonianaturaldietshop.com\/wp-content\/uploads\/2018\/07\/1154.png\",\"contentUrl\":\"https:\/\/armonianaturaldietshop.com\/wp-content\/uploads\/2018\/07\/1154.png\",\"width\":635,\"height\":635},{\"@type\":\"WebPage\",\"@id\":\"https:\/\/armonianaturaldietshop.com\/en\/product\/b-complex-maxi\/#webpage\",\"url\":\"https:\/\/armonianaturaldietshop.com\/en\/product\/b-complex-maxi\/\",\"name\":\"B - Complex MAXI - Armonia Natural Diet Shop\",\"isPartOf\":{\"@id\":\"https:\/\/armonianaturaldietshop.com\/#website\"},\"primaryImageOfPage\":{\"@id\":\"https:\/\/armonianaturaldietshop.com\/en\/product\/b-complex-maxi\/#primaryimage\"},\"datePublished\":\"2018-07-13T22:49:09+00:00\",\"dateModified\":\"2018-08-16T14:48:28+00:00\",\"breadcrumb\":{\"@id\":\"https:\/\/armonianaturaldietshop.com\/en\/product\/b-complex-maxi\/#breadcrumb\"},\"inLanguage\":\"en-US\",\"potentialAction\":[{\"@type\":\"ReadAction\",\"target\":[\"https:\/\/armonianaturaldietshop.com\/en\/product\/b-complex-maxi\/\"]}]},{\"@type\":\"BreadcrumbList\",\"@id\":\"https:\/\/armonianaturaldietshop.com\/en\/product\/b-complex-maxi\/#breadcrumb\",\"itemListElement\":[{\"@type\":\"ListItem\",\"position\":1,\"name\":\"Home\",\"item\":\"https:\/\/armonianaturaldietshop.com\/en\/\"},{\"@type\":\"ListItem\",\"position\":2,\"name\":\"Shop\",\"item\":\"https:\/\/armonianaturaldietshop.com\/en\/shop\/\"},{\"@type\":\"ListItem\",\"position\":3,\"name\":\"B &#8211; Complex MAXI\"}]}]}<\/script>\n<!-- \/ Yoast SEO plugin. -->","yoast_head_json":{"title":"B - Complex MAXI - Armonia Natural Diet Shop","robots":{"index":"index","follow":"follow","max-snippet":"max-snippet:-1","max-image-preview":"max-image-preview:large","max-video-preview":"max-video-preview:-1"},"canonical":"https:\/\/armonianaturaldietshop.com\/en\/product\/b-complex-maxi\/","og_locale":"en_US","og_type":"article","og_title":"B - Complex MAXI - Armonia Natural Diet Shop","og_description":"B \u2013 complex maxi El suplemento de complejo es una combinaci\u00f3n de vitaminas esenciales para el cuerpo ,tales como: tiamina, riboflavina, niacina, Vitamina B6, \u00c1cido F\u00f3lico, Vitamina B12, biotina y \u00e1cido pantotenico, junto con Vitamina C. Tiamina es primordialmente implicada en la energ\u00eda del cuerpo, especialmente en el cerebro la cual nos da confianza en una parte importante para nuestro cuerpo.","og_url":"https:\/\/armonianaturaldietshop.com\/en\/product\/b-complex-maxi\/","og_site_name":"Armonia Natural Diet Shop","article_publisher":"https:\/\/www.facebook.com\/ArmoniaNaturalDietShop\/","article_modified_time":"2018-08-16T14:48:28+00:00","og_image":[{"width":635,"height":635,"url":"https:\/\/armonianaturaldietshop.com\/wp-content\/uploads\/2018\/07\/1154.png","type":"image\/png"}],"twitter_card":"summary_large_image","twitter_misc":{"Est. reading time":"1 minute"},"schema":{"@context":"https:\/\/schema.org","@graph":[{"@type":"Organization","@id":"https:\/\/armonianaturaldietshop.com\/#organization","name":"Armonia Natural Diet Shop","url":"https:\/\/armonianaturaldietshop.com\/","sameAs":["https:\/\/www.facebook.com\/ArmoniaNaturalDietShop\/","https:\/\/www.instagram.com\/armonia.natural\/?hl=en"],"logo":{"@type":"ImageObject","@id":"https:\/\/armonianaturaldietshop.com\/#logo","inLanguage":"en-US","url":"https:\/\/armonianaturaldietshop.com\/wp-content\/uploads\/2018\/01\/top-banner-1.png","contentUrl":"https:\/\/armonianaturaldietshop.com\/wp-content\/uploads\/2018\/01\/top-banner-1.png","width":369,"height":116,"caption":"Armonia Natural Diet Shop"},"image":{"@id":"https:\/\/armonianaturaldietshop.com\/#logo"}},{"@type":"WebSite","@id":"https:\/\/armonianaturaldietshop.com\/#website","url":"https:\/\/armonianaturaldietshop.com\/","name":"Armonia Natural Diet Shop","description":"Otro sitio realizado con WordPress","publisher":{"@id":"https:\/\/armonianaturaldietshop.com\/#organization"},"potentialAction":[{"@type":"SearchAction","target":{"@type":"EntryPoint","urlTemplate":"https:\/\/armonianaturaldietshop.com\/?s={search_term_string}"},"query-input":"required name=search_term_string"}],"inLanguage":"en-US"},{"@type":"ImageObject","@id":"https:\/\/armonianaturaldietshop.com\/en\/product\/b-complex-maxi\/#primaryimage","inLanguage":"en-US","url":"https:\/\/armonianaturaldietshop.com\/wp-content\/uploads\/2018\/07\/1154.png","contentUrl":"https:\/\/armonianaturaldietshop.com\/wp-content\/uploads\/2018\/07\/1154.png","width":635,"height":635},{"@type":"WebPage","@id":"https:\/\/armonianaturaldietshop.com\/en\/product\/b-complex-maxi\/#webpage","url":"https:\/\/armonianaturaldietshop.com\/en\/product\/b-complex-maxi\/","name":"B - Complex MAXI - Armonia Natural Diet Shop","isPartOf":{"@id":"https:\/\/armonianaturaldietshop.com\/#website"},"primaryImageOfPage":{"@id":"https:\/\/armonianaturaldietshop.com\/en\/product\/b-complex-maxi\/#primaryimage"},"datePublished":"2018-07-13T22:49:09+00:00","dateModified":"2018-08-16T14:48:28+00:00","breadcrumb":{"@id":"https:\/\/armonianaturaldietshop.com\/en\/product\/b-complex-maxi\/#breadcrumb"},"inLanguage":"en-US","potentialAction":[{"@type":"ReadAction","target":["https:\/\/armonianaturaldietshop.com\/en\/product\/b-complex-maxi\/"]}]},{"@type":"BreadcrumbList","@id":"https:\/\/armonianaturaldietshop.com\/en\/product\/b-complex-maxi\/#breadcrumb","itemListElement":[{"@type":"ListItem","position":1,"name":"Home","item":"https:\/\/armonianaturaldietshop.com\/en\/"},{"@type":"ListItem","position":2,"name":"Shop","item":"https:\/\/armonianaturaldietshop.com\/en\/shop\/"},{"@type":"ListItem","position":3,"name":"B &#8211; Complex MAXI"}]}]}},"_links":{"self":[{"href":"https:\/\/armonianaturaldietshop.com\/en\/wp-json\/wp\/v2\/product\/2547"}],"collection":[{"href":"https:\/\/armonianaturaldietshop.com\/en\/wp-json\/wp\/v2\/product"}],"about":[{"href":"https:\/\/armonianaturaldietshop.com\/en\/wp-json\/wp\/v2\/types\/product"}],"replies":[{"embeddable":true,"href":"https:\/\/armonianaturaldietshop.com\/en\/wp-json\/wp\/v2\/comments?post=2547"}],"wp:featuredmedia":[{"embeddable":true,"href":"https:\/\/armonianaturaldietshop.com\/en\/wp-json\/wp\/v2\/media\/2207"}],"wp:attachment":[{"href":"https:\/\/armonianaturaldietshop.com\/en\/wp-json\/wp\/v2\/media?parent=2547"}],"wp:term":[{"taxonomy":"product_cat","embeddable":true,"href":"https:\/\/armonianaturaldietshop.com\/en\/wp-json\/wp\/v2\/product_cat?post=2547"},{"taxonomy":"product_tag","embeddable":true,"href":"https:\/\/armonianaturaldietshop.com\/en\/wp-json\/wp\/v2\/product_tag?post=2547"}],"curies":[{"name":"wp","href":"https:\/\/api.w.org\/{rel}","templated":true}]}}