{"id":2557,"date":"2018-07-13T22:49:09","date_gmt":"2018-07-13T22:49:09","guid":{"rendered":"http:\/\/armonianaturaldietshop.com\/product\/be-one-1-6-lb\/"},"modified":"2018-08-16T14:56:30","modified_gmt":"2018-08-16T14:56:30","slug":"be-one-1-6-lb","status":"publish","type":"product","link":"https:\/\/armonianaturaldietshop.com\/en\/product\/be-one-1-6-lb\/","title":{"rendered":"Be One 1.6 lb"},"content":{"rendered":"<h1><strong><span style=\"background-color: #ffff00;\">BE ONE<\/span>\u00a0es una prote\u00edna de suero aislada de alta pureza, r\u00e1pida y avanzada que ha desarrollado GMN, sus componentes apoyan la construcci\u00f3n de masa muscular, protegen los m\u00fasculos y ayudan a recuperar de forma r\u00e1pida. Puedes tomar un scoop que aporta 24 g de prote\u00edna, o dos scoop que aportan 48 g de prote\u00edna. Con sabores deliciosos de vainilla y chocolate.<\/strong><\/h1>\n<p>&nbsp;<\/p>\n<p><strong><span style=\"font-family: arial, helvetica, sans-serif; font-size: 14pt;\">\u00bfQu\u00e9 es el aislado prote\u00edna de suero?<\/span><\/strong><\/p>\n<p>&nbsp;<\/p>\n<p style=\"font-family: myriad-pro, sans-serif; margin: 0px 0px 10px; color: #333333; font-size: 14px;\"><strong><span style=\"font-family: arial, helvetica, sans-serif; font-size: 14pt;\">La\u00a0<span style=\"color: #000000;\"><a style=\"background: 0px center; color: #314c7b;\" title=\"proteina de suero\" href=\"https:\/\/www.lifeextensioneurope.es\/content\/suplementos\/energia-deporte\/proteina-de-suero\" target=\"_self\"><span style=\"color: #000000;\">prote\u00edna de suero<\/span><\/a><\/span>\u00a0es un suplemento diet\u00e9tico derivado de la leche despu\u00e9s del proceso de hacer queso. El significado del aislado de prote\u00edna de suero es, como su nombre indica, una forma muy enriquecida de la\u00a0<span style=\"color: #000000;\"><a style=\"background: 0px center; color: #314c7b;\" title=\"proteina\" href=\"https:\/\/www.lifeextensioneurope.es\/content\/suplementos\/energia-deporte\/proteina\" target=\"_self\"><span style=\"color: #000000;\">prote\u00edna<\/span><\/a><\/span>, que se a\u00edsla de otros componentes que son m\u00e1s dif\u00edciles de digerir. Como los\u00a0<span style=\"color: #000000;\"><a style=\"background: 0px center; color: #314c7b;\" title=\"aminoacidos\" href=\"https:\/\/www.lifeextensioneurope.es\/categorias-de-productos\/aminoacidos\" target=\"_self\"><span style=\"color: #000000;\">amino\u00e1cidos<\/span><\/a><\/span>\u00a0est\u00e1n separados de otras sustancias que se encuentran en otras prote\u00ednas generales, esta mezcla tiende a no contener ning\u00fan producto qu\u00edmico que impida la correcta absorci\u00f3n de las prote\u00ednas. De esta forma, el aislado de prote\u00edna de suero est\u00e1 casi libre de grasas y carbohidratos y no contiene lactosa (muy importante para los intolerantes a la lactosa).<\/span><\/strong><\/p>\n<p>&nbsp;<\/p>\n<h3 style=\"font-size: 20px; font-family: myriad-pro, sans-serif; line-height: 1.1; color: #0072bc; margin: 0px; padding-bottom: 5px; padding-top: 15px;\"><span style=\"color: #000000;\"><strong><span style=\"font-family: arial, helvetica, sans-serif; font-size: 14pt;\">\u00bfPor qu\u00e9 es importante el aislado de prote\u00edna de suero?<\/span><\/strong><\/span><\/h3>\n<h3><\/h3>\n<h3 style=\"font-size: 14px; font-family: myriad-pro, sans-serif; margin: 0px 0px 10px; color: #333333;\"><strong><span style=\"font-family: arial, helvetica, sans-serif; font-size: 14pt;\">La prote\u00edna es tan \u00fatil como el cuerpo sea capaz de digerirla. Tal y como se ha confirmado en varios art\u00edculos en l\u00ednea, el aislado de prote\u00edna de suero es la forma de prote\u00edna que se considera m\u00e1s f\u00e1cil de absorber. Como esta sustancia casi (o nada) no contiene grasas ni carbohidratos, es una elecci\u00f3n excelente para las personas que siguen una dieta y desean eliminar la mayor parte de la grasa de su r\u00e9gimen alimenticio. Adem\u00e1s, es bien sabido que el aislado de prote\u00edna de suero es de f\u00e1cil digesti\u00f3n en el est\u00f3mago. Produce menor hinchaz\u00f3n que cualquier otro tipo de prote\u00edna (como huevo o soja) y a cambio ofrece una experiencia m\u00e1s placentera al tomarlo. El aislado de prote\u00edna de suero no suele contener sabores artificiales y se puede mezclar con una gran variedad de l\u00edquidos para agradar a nuestro paladar.<\/span><\/strong><\/h3>\n<p>&nbsp;<\/p>\n<p><strong><span style=\"font-family: arial, helvetica, sans-serif; font-size: 14pt;\">BE ONE Presentaci\u00f3n: 1,6 libras que contienen 25 servicios con 24 gramos de prote\u00edna y sin casi calor\u00edas ni az\u00facar a\u00f1adida.<\/span><\/strong><br style=\"color: #666666; font-family: 'Proxima Nova', -apple-system, 'Helvetica Neue', Helvetica, Roboto, Arial, sans-serif; font-size: 20px;\" \/><br style=\"color: #666666; font-family: 'Proxima Nova', -apple-system, 'Helvetica Neue', Helvetica, Roboto, Arial, sans-serif; font-size: 20px;\" \/><strong><span style=\"font-family: arial, helvetica, sans-serif; font-size: 14pt;\">BENEFICIOS:<\/span><\/strong><\/p>\n<p><strong><span style=\"font-family: arial, helvetica, sans-serif; font-size: 14pt;\">BE ONE es una prote\u00edna que contiene todos los amino\u00e1cidos esenciales y gran numero de los no esenciales, se digiere f\u00e1cil y se absorbe muy r\u00e1pido, s<\/span><\/strong><strong><span style=\"font-family: arial, helvetica, sans-serif; font-size: 14pt;\">u alto contenido de glutamina ayuda a incrementar la recuperaci\u00f3n muscular despu\u00e9s del entrenamiento.<\/span><\/strong><\/p>\n<p><span style=\"color: #666666; font-family: 'Proxima Nova', -apple-system, 'Helvetica Neue', Helvetica, Roboto, Arial, sans-serif; font-size: 14pt;\"><span style=\"color: #000000;\"><strong><span style=\"font-family: arial, helvetica, sans-serif;\">SABORES: CHOCOLATE Y VAINILLA.<\/span><\/strong><\/span><\/span><\/p>\n","protected":false},"excerpt":{"rendered":"<p>BE ONE es una prote\u00edna de suero aislada de alta pureza, r\u00e1pida y avanzada que ha desarrollado GMN, sus componentes apoyan la construcci\u00f3n de masa muscular, protegen los m\u00fasculos y ayudan a recuperar de forma r\u00e1pida. Puedes tomar un scoop que aporta 24 g de prote\u00edna, o dos scoop que aportan 48 g de prote\u00edna. Con sabores deliciosos de vainilla y chocolate.<\/p>\n","protected":false},"featured_media":2205,"comment_status":"open","ping_status":"closed","template":"","meta":[],"product_cat":[40,29],"product_tag":[],"acf":[],"yoast_head":"<!-- This site is optimized with the Yoast SEO plugin v18.5.1 - https:\/\/yoast.com\/wordpress\/plugins\/seo\/ -->\n<title>Be One 1.6 lb - Armonia Natural Diet Shop<\/title>\n<meta name=\"robots\" content=\"index, follow, max-snippet:-1, max-image-preview:large, max-video-preview:-1\" \/>\n<link rel=\"canonical\" href=\"https:\/\/armonianaturaldietshop.com\/en\/product\/be-one-1-6-lb\/\" \/>\n<meta property=\"og:locale\" content=\"en_US\" \/>\n<meta property=\"og:type\" content=\"article\" \/>\n<meta property=\"og:title\" content=\"Be One 1.6 lb - Armonia Natural Diet Shop\" \/>\n<meta property=\"og:description\" content=\"BE ONE es una prote\u00edna de suero aislada de alta pureza, r\u00e1pida y avanzada que ha desarrollado GMN, sus componentes apoyan la construcci\u00f3n de masa muscular, protegen los m\u00fasculos y ayudan a recuperar de forma r\u00e1pida. Puedes tomar un scoop que aporta 24 g de prote\u00edna, o dos scoop que aportan 48 g de prote\u00edna. Con sabores deliciosos de vainilla y chocolate.\" \/>\n<meta property=\"og:url\" content=\"https:\/\/armonianaturaldietshop.com\/en\/product\/be-one-1-6-lb\/\" \/>\n<meta property=\"og:site_name\" content=\"Armonia Natural Diet Shop\" \/>\n<meta property=\"article:publisher\" content=\"https:\/\/www.facebook.com\/ArmoniaNaturalDietShop\/\" \/>\n<meta property=\"article:modified_time\" content=\"2018-08-16T14:56:30+00:00\" \/>\n<meta property=\"og:image\" content=\"https:\/\/armonianaturaldietshop.com\/wp-content\/uploads\/2018\/07\/1062.png\" \/>\n\t<meta property=\"og:image:width\" content=\"720\" \/>\n\t<meta property=\"og:image:height\" content=\"720\" \/>\n\t<meta property=\"og:image:type\" content=\"image\/png\" \/>\n<meta name=\"twitter:card\" content=\"summary_large_image\" \/>\n<meta name=\"twitter:label1\" content=\"Est. reading time\" \/>\n\t<meta name=\"twitter:data1\" content=\"2 minutes\" \/>\n<script type=\"application\/ld+json\" class=\"yoast-schema-graph\">{\"@context\":\"https:\/\/schema.org\",\"@graph\":[{\"@type\":\"Organization\",\"@id\":\"https:\/\/armonianaturaldietshop.com\/#organization\",\"name\":\"Armonia Natural Diet Shop\",\"url\":\"https:\/\/armonianaturaldietshop.com\/\",\"sameAs\":[\"https:\/\/www.facebook.com\/ArmoniaNaturalDietShop\/\",\"https:\/\/www.instagram.com\/armonia.natural\/?hl=en\"],\"logo\":{\"@type\":\"ImageObject\",\"@id\":\"https:\/\/armonianaturaldietshop.com\/#logo\",\"inLanguage\":\"en-US\",\"url\":\"https:\/\/armonianaturaldietshop.com\/wp-content\/uploads\/2018\/01\/top-banner-1.png\",\"contentUrl\":\"https:\/\/armonianaturaldietshop.com\/wp-content\/uploads\/2018\/01\/top-banner-1.png\",\"width\":369,\"height\":116,\"caption\":\"Armonia Natural Diet Shop\"},\"image\":{\"@id\":\"https:\/\/armonianaturaldietshop.com\/#logo\"}},{\"@type\":\"WebSite\",\"@id\":\"https:\/\/armonianaturaldietshop.com\/#website\",\"url\":\"https:\/\/armonianaturaldietshop.com\/\",\"name\":\"Armonia Natural Diet Shop\",\"description\":\"Otro sitio realizado con WordPress\",\"publisher\":{\"@id\":\"https:\/\/armonianaturaldietshop.com\/#organization\"},\"potentialAction\":[{\"@type\":\"SearchAction\",\"target\":{\"@type\":\"EntryPoint\",\"urlTemplate\":\"https:\/\/armonianaturaldietshop.com\/?s={search_term_string}\"},\"query-input\":\"required name=search_term_string\"}],\"inLanguage\":\"en-US\"},{\"@type\":\"ImageObject\",\"@id\":\"https:\/\/armonianaturaldietshop.com\/en\/product\/be-one-1-6-lb\/#primaryimage\",\"inLanguage\":\"en-US\",\"url\":\"https:\/\/armonianaturaldietshop.com\/wp-content\/uploads\/2018\/07\/1062.png\",\"contentUrl\":\"https:\/\/armonianaturaldietshop.com\/wp-content\/uploads\/2018\/07\/1062.png\",\"width\":720,\"height\":720},{\"@type\":\"WebPage\",\"@id\":\"https:\/\/armonianaturaldietshop.com\/en\/product\/be-one-1-6-lb\/#webpage\",\"url\":\"https:\/\/armonianaturaldietshop.com\/en\/product\/be-one-1-6-lb\/\",\"name\":\"Be One 1.6 lb - Armonia Natural Diet Shop\",\"isPartOf\":{\"@id\":\"https:\/\/armonianaturaldietshop.com\/#website\"},\"primaryImageOfPage\":{\"@id\":\"https:\/\/armonianaturaldietshop.com\/en\/product\/be-one-1-6-lb\/#primaryimage\"},\"datePublished\":\"2018-07-13T22:49:09+00:00\",\"dateModified\":\"2018-08-16T14:56:30+00:00\",\"breadcrumb\":{\"@id\":\"https:\/\/armonianaturaldietshop.com\/en\/product\/be-one-1-6-lb\/#breadcrumb\"},\"inLanguage\":\"en-US\",\"potentialAction\":[{\"@type\":\"ReadAction\",\"target\":[\"https:\/\/armonianaturaldietshop.com\/en\/product\/be-one-1-6-lb\/\"]}]},{\"@type\":\"BreadcrumbList\",\"@id\":\"https:\/\/armonianaturaldietshop.com\/en\/product\/be-one-1-6-lb\/#breadcrumb\",\"itemListElement\":[{\"@type\":\"ListItem\",\"position\":1,\"name\":\"Home\",\"item\":\"https:\/\/armonianaturaldietshop.com\/en\/\"},{\"@type\":\"ListItem\",\"position\":2,\"name\":\"Shop\",\"item\":\"https:\/\/armonianaturaldietshop.com\/en\/shop\/\"},{\"@type\":\"ListItem\",\"position\":3,\"name\":\"Be One 1.6 lb\"}]}]}<\/script>\n<!-- \/ Yoast SEO plugin. -->","yoast_head_json":{"title":"Be One 1.6 lb - Armonia Natural Diet Shop","robots":{"index":"index","follow":"follow","max-snippet":"max-snippet:-1","max-image-preview":"max-image-preview:large","max-video-preview":"max-video-preview:-1"},"canonical":"https:\/\/armonianaturaldietshop.com\/en\/product\/be-one-1-6-lb\/","og_locale":"en_US","og_type":"article","og_title":"Be One 1.6 lb - Armonia Natural Diet Shop","og_description":"BE ONE es una prote\u00edna de suero aislada de alta pureza, r\u00e1pida y avanzada que ha desarrollado GMN, sus componentes apoyan la construcci\u00f3n de masa muscular, protegen los m\u00fasculos y ayudan a recuperar de forma r\u00e1pida. Puedes tomar un scoop que aporta 24 g de prote\u00edna, o dos scoop que aportan 48 g de prote\u00edna. Con sabores deliciosos de vainilla y chocolate.","og_url":"https:\/\/armonianaturaldietshop.com\/en\/product\/be-one-1-6-lb\/","og_site_name":"Armonia Natural Diet Shop","article_publisher":"https:\/\/www.facebook.com\/ArmoniaNaturalDietShop\/","article_modified_time":"2018-08-16T14:56:30+00:00","og_image":[{"width":720,"height":720,"url":"https:\/\/armonianaturaldietshop.com\/wp-content\/uploads\/2018\/07\/1062.png","type":"image\/png"}],"twitter_card":"summary_large_image","twitter_misc":{"Est. reading time":"2 minutes"},"schema":{"@context":"https:\/\/schema.org","@graph":[{"@type":"Organization","@id":"https:\/\/armonianaturaldietshop.com\/#organization","name":"Armonia Natural Diet Shop","url":"https:\/\/armonianaturaldietshop.com\/","sameAs":["https:\/\/www.facebook.com\/ArmoniaNaturalDietShop\/","https:\/\/www.instagram.com\/armonia.natural\/?hl=en"],"logo":{"@type":"ImageObject","@id":"https:\/\/armonianaturaldietshop.com\/#logo","inLanguage":"en-US","url":"https:\/\/armonianaturaldietshop.com\/wp-content\/uploads\/2018\/01\/top-banner-1.png","contentUrl":"https:\/\/armonianaturaldietshop.com\/wp-content\/uploads\/2018\/01\/top-banner-1.png","width":369,"height":116,"caption":"Armonia Natural Diet Shop"},"image":{"@id":"https:\/\/armonianaturaldietshop.com\/#logo"}},{"@type":"WebSite","@id":"https:\/\/armonianaturaldietshop.com\/#website","url":"https:\/\/armonianaturaldietshop.com\/","name":"Armonia Natural Diet Shop","description":"Otro sitio realizado con WordPress","publisher":{"@id":"https:\/\/armonianaturaldietshop.com\/#organization"},"potentialAction":[{"@type":"SearchAction","target":{"@type":"EntryPoint","urlTemplate":"https:\/\/armonianaturaldietshop.com\/?s={search_term_string}"},"query-input":"required name=search_term_string"}],"inLanguage":"en-US"},{"@type":"ImageObject","@id":"https:\/\/armonianaturaldietshop.com\/en\/product\/be-one-1-6-lb\/#primaryimage","inLanguage":"en-US","url":"https:\/\/armonianaturaldietshop.com\/wp-content\/uploads\/2018\/07\/1062.png","contentUrl":"https:\/\/armonianaturaldietshop.com\/wp-content\/uploads\/2018\/07\/1062.png","width":720,"height":720},{"@type":"WebPage","@id":"https:\/\/armonianaturaldietshop.com\/en\/product\/be-one-1-6-lb\/#webpage","url":"https:\/\/armonianaturaldietshop.com\/en\/product\/be-one-1-6-lb\/","name":"Be One 1.6 lb - Armonia Natural Diet Shop","isPartOf":{"@id":"https:\/\/armonianaturaldietshop.com\/#website"},"primaryImageOfPage":{"@id":"https:\/\/armonianaturaldietshop.com\/en\/product\/be-one-1-6-lb\/#primaryimage"},"datePublished":"2018-07-13T22:49:09+00:00","dateModified":"2018-08-16T14:56:30+00:00","breadcrumb":{"@id":"https:\/\/armonianaturaldietshop.com\/en\/product\/be-one-1-6-lb\/#breadcrumb"},"inLanguage":"en-US","potentialAction":[{"@type":"ReadAction","target":["https:\/\/armonianaturaldietshop.com\/en\/product\/be-one-1-6-lb\/"]}]},{"@type":"BreadcrumbList","@id":"https:\/\/armonianaturaldietshop.com\/en\/product\/be-one-1-6-lb\/#breadcrumb","itemListElement":[{"@type":"ListItem","position":1,"name":"Home","item":"https:\/\/armonianaturaldietshop.com\/en\/"},{"@type":"ListItem","position":2,"name":"Shop","item":"https:\/\/armonianaturaldietshop.com\/en\/shop\/"},{"@type":"ListItem","position":3,"name":"Be One 1.6 lb"}]}]}},"_links":{"self":[{"href":"https:\/\/armonianaturaldietshop.com\/en\/wp-json\/wp\/v2\/product\/2557"}],"collection":[{"href":"https:\/\/armonianaturaldietshop.com\/en\/wp-json\/wp\/v2\/product"}],"about":[{"href":"https:\/\/armonianaturaldietshop.com\/en\/wp-json\/wp\/v2\/types\/product"}],"replies":[{"embeddable":true,"href":"https:\/\/armonianaturaldietshop.com\/en\/wp-json\/wp\/v2\/comments?post=2557"}],"wp:featuredmedia":[{"embeddable":true,"href":"https:\/\/armonianaturaldietshop.com\/en\/wp-json\/wp\/v2\/media\/2205"}],"wp:attachment":[{"href":"https:\/\/armonianaturaldietshop.com\/en\/wp-json\/wp\/v2\/media?parent=2557"}],"wp:term":[{"taxonomy":"product_cat","embeddable":true,"href":"https:\/\/armonianaturaldietshop.com\/en\/wp-json\/wp\/v2\/product_cat?post=2557"},{"taxonomy":"product_tag","embeddable":true,"href":"https:\/\/armonianaturaldietshop.com\/en\/wp-json\/wp\/v2\/product_tag?post=2557"}],"curies":[{"name":"wp","href":"https:\/\/api.w.org\/{rel}","templated":true}]}}