{"id":2558,"date":"2018-07-13T22:49:07","date_gmt":"2018-07-13T22:49:07","guid":{"rendered":"http:\/\/armonianaturaldietshop.com\/product\/body-ripped-x-2-lb-bolsa\/"},"modified":"2018-08-16T15:24:19","modified_gmt":"2018-08-16T15:24:19","slug":"body-ripped-x-2-lb-bolsa","status":"publish","type":"product","link":"https:\/\/armonianaturaldietshop.com\/en\/product\/body-ripped-x-2-lb-bolsa\/","title":{"rendered":"BODY RIPPED X 2 lb bolsa"},"content":{"rendered":"<h1 style=\"margin: 0px 0px 6px; font-family: 'Open Sans', Arial, Helvetica, sans-serif; font-weight: 300; line-height: 1.2em; color: #353535; font-size: 22px; padding: 0px;\"><strong><span style=\"font-family: helvetica; font-size: 18pt;\"><span style=\"background: fuchsia;\">BODY RIPPED.<\/span>\u00a0Ideal para mujeres que desean perder peso, que quieren tomar una batido con alto aporte de prote\u00edna y baja en calor\u00edas, contiene adicional T\u00e9 Verde y Col\u00e1geno. Ayuda a minimizar el envejecimiento de las c\u00e9lulas y ayuda a mejora la apariencia de la piel<\/span><\/strong><\/h1>\n<h2 style=\"margin: 10px 0px 20px; font-family: 'Open Sans', Arial, Helvetica, sans-serif; font-weight: 300; line-height: 1.2em; color: #353535; font-size: 19.2px;\"><\/h2>\n<h2 style=\"margin: 10px 0px 20px; font-family: 'Open Sans', Arial, Helvetica, sans-serif; font-weight: 300; line-height: 1.2em; color: #353535; font-size: 19.2px;\"><strong><span style=\"font-family: helvetica; font-size: 18pt;\"><span style=\"background: fuchsia;\">BODY RIPPED.<\/span>\u00a0Baja en calor\u00edas + L Carnitina Body Ripped es un batido de nutrici\u00f3n complementaria ideal para personas que desean reducir calor\u00edas de su dieta, manteniendo alto el consumo de prote\u00ednas, vitaminas y minerales; nutrientes que garantizan un \u00f3ptimo resultado en un programa de p\u00e9rdida de peso.<\/span><\/strong><\/h2>\n<p style=\"margin: 0px 0px 0.9em; color: #353535; font-family: 'Open Sans', Arial, Helvetica, sans-serif; font-size: 12px;\"><strong><span style=\"font-family: helvetica; font-size: 18pt;\"><span style=\"background: fuchsia;\">BODY RIPPED<\/span>\u00a0es un reemplazante de comidas para p\u00e9rdida de peso, que te ofrece 20g. De prote\u00edna de alta calidad por toma. Una persona sana en condiciones normales requiere 50g. De prote\u00edna al d\u00eda (FDA USA) para mantenerse saludable; esto significa 16.6g. De prote\u00edna 3 veces al d\u00eda (16.6X3=50). Recuerda que en nuestro cuerpo prote\u00edna es: la piel, m\u00fasculos, sangre, hormonas, etc.<\/span><\/strong><\/p>\n<p><strong><span style=\"font-family: helvetica; font-size: 18pt;\">El objetivo de adelgazar, es perder grasa, no musculo ni tonicidad<\/span><\/strong><\/p>\n<p style=\"margin: 0px 0px 0.9em; color: #353535; font-family: 'Open Sans', Arial, Helvetica, sans-serif; font-size: 12px;\"><strong><span style=\"font-family: helvetica; font-size: 18pt;\"><span style=\"background: fuchsia;\">BODY RIPPED<\/span>, su exclusiva f\u00f3rmula con Picolinato de Cromo y Acetil L-Carnitina, garantiza la mejor utilizaci\u00f3n de los nutrientes, moderando la ansiedad de comer y obteniendo la energ\u00eda requerida a partir de la grasa acumulada.<\/span><\/strong><\/p>\n<p style=\"margin: 0px 0px 0.9em; color: #353535; font-family: 'Open Sans', Arial, Helvetica, sans-serif; font-size: 12px;\"><strong><span style=\"font-family: helvetica; font-size: 18pt;\"><span style=\"background: fuchsia;\">BODY RIPPED<\/span>\u00a0por ser una prote\u00edna de bajo \u00edndice glic\u00e9mico, es adecuada para personas que requieran tener una apariencia delgada.\u00a0<\/span><\/strong><\/p>\n<p style=\"margin: 0px 0px 0.9em; color: #353535; font-family: 'Open Sans', Arial, Helvetica, sans-serif; font-size: 12px;\"><strong><span style=\"font-family: helvetica; font-size: 18pt;\"><span style=\"background: fuchsia;\">BODY RIPPED<\/span>\u00a0reemplazante de comidas que satisface los requerimientos proteicos.\u00a0<\/span><\/strong><\/p>\n<p style=\"margin: 0px 0px 0.9em; color: #353535; font-family: 'Open Sans', Arial, Helvetica, sans-serif; font-size: 12px;\"><strong><span style=\"font-family: helvetica; font-size: 18pt;\"><span style=\"background: fuchsia;\">BODY RIPPED<\/span>\u00a0contiene 20 gramos de prote\u00edna por toma.<\/span><\/strong><\/p>\n<p style=\"margin: 0px 0px 0.9em; color: #353535; font-family: 'Open Sans', Arial, Helvetica, sans-serif; font-size: 12px;\"><strong><span style=\"font-family: helvetica; font-size: 18pt;\">Si en nuestra dieta reemplazamos una comida o m\u00e1s (desayuno y cena) con productos bajos de prote\u00edna, nuestro organismo utilizara las prote\u00ednas de los diferentes tejidos corporales para suplir los faltantes de nuestra alimentaci\u00f3n: perderemos gran cantidad de masa muscular y en general empezaremos a desnutrirnos, la piel y cabello tendr\u00e1n un aspecto opaco, presentaremos bajo rendimiento f\u00edsico e intelectual, falta de energ\u00eda, etc.<\/span><\/strong><\/p>\n<p style=\"margin: 0px 0px 0.9em; color: #353535; font-family: 'Open Sans', Arial, Helvetica, sans-serif; font-size: 12px;\"><strong><span style=\"font-family: helvetica; font-size: 18pt;\">Propiedades<\/span><\/strong><br \/>\n<strong><span style=\"font-family: helvetica; font-size: 18pt;\">1. Alto contenido de prote\u00edna y baja en calor\u00edas.<\/span><\/strong><br \/>\n<strong><span style=\"font-family: helvetica; font-size: 18pt;\">2. Contiene Te Verde, ayuda para la quema de grasa.<\/span><\/strong><br \/>\n<strong><span style=\"font-family: helvetica; font-size: 18pt;\">3. Aporta solo 160 calor\u00edas por servicio.<\/span><\/strong><br \/>\n<strong><span style=\"font-family: helvetica; font-size: 18pt;\">4. Aporta 20 g de prote\u00edna por servicio, ideales para la ganancia de masa muscular limpia de grasa.<\/span><\/strong><br \/>\n<strong><span style=\"font-family: helvetica; font-size: 18pt;\">5. De f\u00e1cil digesti\u00f3n y r\u00e1pida asimilaci\u00f3n.<\/span><\/strong><br \/>\n<strong><span style=\"font-family: helvetica; font-size: 18pt;\">6. Contiene Col\u00e1geno, ayuda a tonificar y para la elasticidad de la piel.<\/span><\/strong><\/p>\n<p style=\"margin: 0px 0px 0.9em; color: #353535; font-family: 'Open Sans', Arial, Helvetica, sans-serif; font-size: 12px;\"><strong><span style=\"font-family: helvetica; font-size: 18pt;\">RECOMENDADO PARA:<\/span><\/strong><\/p>\n<p><strong><span style=\"font-family: helvetica; font-size: 18pt;\">1. Ideal para mujeres que desean tener una imagen delgada.<\/span><\/strong><br \/>\n<strong><span style=\"font-family: helvetica; font-size: 18pt;\">2. Personas que practican alg\u00fan deporte y necesitan una Prote\u00edna ganadora para despu\u00e9s del ejercicio y que no los engorde.<\/span><\/strong><br \/>\n<strong><span style=\"font-family: helvetica; font-size: 18pt;\">3. Deportistas de alto rendimiento que requieren para mejorar su rendimiento una prote\u00edna de bajas calor\u00edas y alta en prote\u00edna.<\/span><\/strong><br \/>\n<strong><span style=\"font-family: helvetica; font-size: 18pt;\">4. Ideal para personas activas y deportistas que desean ganar peso y masa muscular limpia de grasa.<\/span><\/strong><\/p>\n<p style=\"margin: 0px 0px 0.9em; color: #353535; font-family: 'Open Sans', Arial, Helvetica, sans-serif; font-size: 12px;\"><strong><span style=\"font-family: helvetica; font-size: 18pt;\">FORMA DE CONSUMO: Consuma un servicio despu\u00e9s de la rutina de ejercicios, mezclando 3 copas de medida en 250 ml de leche descremada o agua y disfrute del mas delicioso batido.<\/span><\/strong><\/p>\n","protected":false},"excerpt":{"rendered":"<p>BODY RIPPED. Ideal para mujeres que desean perder peso, que quieren tomar una batido con alto aporte de prote\u00edna y baja en calor\u00edas, contiene adicional T\u00e9 Verde y Col\u00e1geno. Ayuda a minimizar el envejecimiento de las c\u00e9lulas y ayuda a mejora la apariencia de la piel<\/p>\n","protected":false},"featured_media":2193,"comment_status":"open","ping_status":"closed","template":"","meta":[],"product_cat":[32,40,29],"product_tag":[],"acf":[],"yoast_head":"<!-- This site is optimized with the Yoast SEO plugin v18.5.1 - https:\/\/yoast.com\/wordpress\/plugins\/seo\/ -->\n<title>BODY RIPPED X 2 lb bolsa - Armonia Natural Diet Shop<\/title>\n<meta name=\"robots\" content=\"index, follow, max-snippet:-1, max-image-preview:large, max-video-preview:-1\" \/>\n<link rel=\"canonical\" href=\"https:\/\/armonianaturaldietshop.com\/en\/product\/body-ripped-x-2-lb-bolsa\/\" \/>\n<meta property=\"og:locale\" content=\"en_US\" \/>\n<meta property=\"og:type\" content=\"article\" \/>\n<meta property=\"og:title\" content=\"BODY RIPPED X 2 lb bolsa - Armonia Natural Diet Shop\" \/>\n<meta property=\"og:description\" content=\"BODY RIPPED. Ideal para mujeres que desean perder peso, que quieren tomar una batido con alto aporte de prote\u00edna y baja en calor\u00edas, contiene adicional T\u00e9 Verde y Col\u00e1geno. Ayuda a minimizar el envejecimiento de las c\u00e9lulas y ayuda a mejora la apariencia de la piel\" \/>\n<meta property=\"og:url\" content=\"https:\/\/armonianaturaldietshop.com\/en\/product\/body-ripped-x-2-lb-bolsa\/\" \/>\n<meta property=\"og:site_name\" content=\"Armonia Natural Diet Shop\" \/>\n<meta property=\"article:publisher\" content=\"https:\/\/www.facebook.com\/ArmoniaNaturalDietShop\/\" \/>\n<meta property=\"article:modified_time\" content=\"2018-08-16T15:24:19+00:00\" \/>\n<meta property=\"og:image\" content=\"https:\/\/armonianaturaldietshop.com\/wp-content\/uploads\/2018\/07\/1094.png\" \/>\n\t<meta property=\"og:image:width\" content=\"720\" \/>\n\t<meta property=\"og:image:height\" content=\"720\" \/>\n\t<meta property=\"og:image:type\" content=\"image\/png\" \/>\n<meta name=\"twitter:card\" content=\"summary_large_image\" \/>\n<meta name=\"twitter:label1\" content=\"Est. reading time\" \/>\n\t<meta name=\"twitter:data1\" content=\"2 minutes\" \/>\n<script type=\"application\/ld+json\" class=\"yoast-schema-graph\">{\"@context\":\"https:\/\/schema.org\",\"@graph\":[{\"@type\":\"Organization\",\"@id\":\"https:\/\/armonianaturaldietshop.com\/#organization\",\"name\":\"Armonia Natural Diet Shop\",\"url\":\"https:\/\/armonianaturaldietshop.com\/\",\"sameAs\":[\"https:\/\/www.facebook.com\/ArmoniaNaturalDietShop\/\",\"https:\/\/www.instagram.com\/armonia.natural\/?hl=en\"],\"logo\":{\"@type\":\"ImageObject\",\"@id\":\"https:\/\/armonianaturaldietshop.com\/#logo\",\"inLanguage\":\"en-US\",\"url\":\"https:\/\/armonianaturaldietshop.com\/wp-content\/uploads\/2018\/01\/top-banner-1.png\",\"contentUrl\":\"https:\/\/armonianaturaldietshop.com\/wp-content\/uploads\/2018\/01\/top-banner-1.png\",\"width\":369,\"height\":116,\"caption\":\"Armonia Natural Diet Shop\"},\"image\":{\"@id\":\"https:\/\/armonianaturaldietshop.com\/#logo\"}},{\"@type\":\"WebSite\",\"@id\":\"https:\/\/armonianaturaldietshop.com\/#website\",\"url\":\"https:\/\/armonianaturaldietshop.com\/\",\"name\":\"Armonia Natural Diet Shop\",\"description\":\"Otro sitio realizado con WordPress\",\"publisher\":{\"@id\":\"https:\/\/armonianaturaldietshop.com\/#organization\"},\"potentialAction\":[{\"@type\":\"SearchAction\",\"target\":{\"@type\":\"EntryPoint\",\"urlTemplate\":\"https:\/\/armonianaturaldietshop.com\/?s={search_term_string}\"},\"query-input\":\"required name=search_term_string\"}],\"inLanguage\":\"en-US\"},{\"@type\":\"ImageObject\",\"@id\":\"https:\/\/armonianaturaldietshop.com\/en\/product\/body-ripped-x-2-lb-bolsa\/#primaryimage\",\"inLanguage\":\"en-US\",\"url\":\"https:\/\/armonianaturaldietshop.com\/wp-content\/uploads\/2018\/07\/1094.png\",\"contentUrl\":\"https:\/\/armonianaturaldietshop.com\/wp-content\/uploads\/2018\/07\/1094.png\",\"width\":720,\"height\":720},{\"@type\":\"WebPage\",\"@id\":\"https:\/\/armonianaturaldietshop.com\/en\/product\/body-ripped-x-2-lb-bolsa\/#webpage\",\"url\":\"https:\/\/armonianaturaldietshop.com\/en\/product\/body-ripped-x-2-lb-bolsa\/\",\"name\":\"BODY RIPPED X 2 lb bolsa - Armonia Natural Diet Shop\",\"isPartOf\":{\"@id\":\"https:\/\/armonianaturaldietshop.com\/#website\"},\"primaryImageOfPage\":{\"@id\":\"https:\/\/armonianaturaldietshop.com\/en\/product\/body-ripped-x-2-lb-bolsa\/#primaryimage\"},\"datePublished\":\"2018-07-13T22:49:07+00:00\",\"dateModified\":\"2018-08-16T15:24:19+00:00\",\"breadcrumb\":{\"@id\":\"https:\/\/armonianaturaldietshop.com\/en\/product\/body-ripped-x-2-lb-bolsa\/#breadcrumb\"},\"inLanguage\":\"en-US\",\"potentialAction\":[{\"@type\":\"ReadAction\",\"target\":[\"https:\/\/armonianaturaldietshop.com\/en\/product\/body-ripped-x-2-lb-bolsa\/\"]}]},{\"@type\":\"BreadcrumbList\",\"@id\":\"https:\/\/armonianaturaldietshop.com\/en\/product\/body-ripped-x-2-lb-bolsa\/#breadcrumb\",\"itemListElement\":[{\"@type\":\"ListItem\",\"position\":1,\"name\":\"Home\",\"item\":\"https:\/\/armonianaturaldietshop.com\/en\/\"},{\"@type\":\"ListItem\",\"position\":2,\"name\":\"Shop\",\"item\":\"https:\/\/armonianaturaldietshop.com\/en\/shop\/\"},{\"@type\":\"ListItem\",\"position\":3,\"name\":\"BODY RIPPED X 2 lb bolsa\"}]}]}<\/script>\n<!-- \/ Yoast SEO plugin. -->","yoast_head_json":{"title":"BODY RIPPED X 2 lb bolsa - Armonia Natural Diet Shop","robots":{"index":"index","follow":"follow","max-snippet":"max-snippet:-1","max-image-preview":"max-image-preview:large","max-video-preview":"max-video-preview:-1"},"canonical":"https:\/\/armonianaturaldietshop.com\/en\/product\/body-ripped-x-2-lb-bolsa\/","og_locale":"en_US","og_type":"article","og_title":"BODY RIPPED X 2 lb bolsa - Armonia Natural Diet Shop","og_description":"BODY RIPPED. Ideal para mujeres que desean perder peso, que quieren tomar una batido con alto aporte de prote\u00edna y baja en calor\u00edas, contiene adicional T\u00e9 Verde y Col\u00e1geno. Ayuda a minimizar el envejecimiento de las c\u00e9lulas y ayuda a mejora la apariencia de la piel","og_url":"https:\/\/armonianaturaldietshop.com\/en\/product\/body-ripped-x-2-lb-bolsa\/","og_site_name":"Armonia Natural Diet Shop","article_publisher":"https:\/\/www.facebook.com\/ArmoniaNaturalDietShop\/","article_modified_time":"2018-08-16T15:24:19+00:00","og_image":[{"width":720,"height":720,"url":"https:\/\/armonianaturaldietshop.com\/wp-content\/uploads\/2018\/07\/1094.png","type":"image\/png"}],"twitter_card":"summary_large_image","twitter_misc":{"Est. reading time":"2 minutes"},"schema":{"@context":"https:\/\/schema.org","@graph":[{"@type":"Organization","@id":"https:\/\/armonianaturaldietshop.com\/#organization","name":"Armonia Natural Diet Shop","url":"https:\/\/armonianaturaldietshop.com\/","sameAs":["https:\/\/www.facebook.com\/ArmoniaNaturalDietShop\/","https:\/\/www.instagram.com\/armonia.natural\/?hl=en"],"logo":{"@type":"ImageObject","@id":"https:\/\/armonianaturaldietshop.com\/#logo","inLanguage":"en-US","url":"https:\/\/armonianaturaldietshop.com\/wp-content\/uploads\/2018\/01\/top-banner-1.png","contentUrl":"https:\/\/armonianaturaldietshop.com\/wp-content\/uploads\/2018\/01\/top-banner-1.png","width":369,"height":116,"caption":"Armonia Natural Diet Shop"},"image":{"@id":"https:\/\/armonianaturaldietshop.com\/#logo"}},{"@type":"WebSite","@id":"https:\/\/armonianaturaldietshop.com\/#website","url":"https:\/\/armonianaturaldietshop.com\/","name":"Armonia Natural Diet Shop","description":"Otro sitio realizado con WordPress","publisher":{"@id":"https:\/\/armonianaturaldietshop.com\/#organization"},"potentialAction":[{"@type":"SearchAction","target":{"@type":"EntryPoint","urlTemplate":"https:\/\/armonianaturaldietshop.com\/?s={search_term_string}"},"query-input":"required name=search_term_string"}],"inLanguage":"en-US"},{"@type":"ImageObject","@id":"https:\/\/armonianaturaldietshop.com\/en\/product\/body-ripped-x-2-lb-bolsa\/#primaryimage","inLanguage":"en-US","url":"https:\/\/armonianaturaldietshop.com\/wp-content\/uploads\/2018\/07\/1094.png","contentUrl":"https:\/\/armonianaturaldietshop.com\/wp-content\/uploads\/2018\/07\/1094.png","width":720,"height":720},{"@type":"WebPage","@id":"https:\/\/armonianaturaldietshop.com\/en\/product\/body-ripped-x-2-lb-bolsa\/#webpage","url":"https:\/\/armonianaturaldietshop.com\/en\/product\/body-ripped-x-2-lb-bolsa\/","name":"BODY RIPPED X 2 lb bolsa - Armonia Natural Diet Shop","isPartOf":{"@id":"https:\/\/armonianaturaldietshop.com\/#website"},"primaryImageOfPage":{"@id":"https:\/\/armonianaturaldietshop.com\/en\/product\/body-ripped-x-2-lb-bolsa\/#primaryimage"},"datePublished":"2018-07-13T22:49:07+00:00","dateModified":"2018-08-16T15:24:19+00:00","breadcrumb":{"@id":"https:\/\/armonianaturaldietshop.com\/en\/product\/body-ripped-x-2-lb-bolsa\/#breadcrumb"},"inLanguage":"en-US","potentialAction":[{"@type":"ReadAction","target":["https:\/\/armonianaturaldietshop.com\/en\/product\/body-ripped-x-2-lb-bolsa\/"]}]},{"@type":"BreadcrumbList","@id":"https:\/\/armonianaturaldietshop.com\/en\/product\/body-ripped-x-2-lb-bolsa\/#breadcrumb","itemListElement":[{"@type":"ListItem","position":1,"name":"Home","item":"https:\/\/armonianaturaldietshop.com\/en\/"},{"@type":"ListItem","position":2,"name":"Shop","item":"https:\/\/armonianaturaldietshop.com\/en\/shop\/"},{"@type":"ListItem","position":3,"name":"BODY RIPPED X 2 lb bolsa"}]}]}},"_links":{"self":[{"href":"https:\/\/armonianaturaldietshop.com\/en\/wp-json\/wp\/v2\/product\/2558"}],"collection":[{"href":"https:\/\/armonianaturaldietshop.com\/en\/wp-json\/wp\/v2\/product"}],"about":[{"href":"https:\/\/armonianaturaldietshop.com\/en\/wp-json\/wp\/v2\/types\/product"}],"replies":[{"embeddable":true,"href":"https:\/\/armonianaturaldietshop.com\/en\/wp-json\/wp\/v2\/comments?post=2558"}],"wp:featuredmedia":[{"embeddable":true,"href":"https:\/\/armonianaturaldietshop.com\/en\/wp-json\/wp\/v2\/media\/2193"}],"wp:attachment":[{"href":"https:\/\/armonianaturaldietshop.com\/en\/wp-json\/wp\/v2\/media?parent=2558"}],"wp:term":[{"taxonomy":"product_cat","embeddable":true,"href":"https:\/\/armonianaturaldietshop.com\/en\/wp-json\/wp\/v2\/product_cat?post=2558"},{"taxonomy":"product_tag","embeddable":true,"href":"https:\/\/armonianaturaldietshop.com\/en\/wp-json\/wp\/v2\/product_tag?post=2558"}],"curies":[{"name":"wp","href":"https:\/\/api.w.org\/{rel}","templated":true}]}}