{"id":2560,"date":"2018-07-13T22:49:04","date_gmt":"2018-07-13T22:49:04","guid":{"rendered":"http:\/\/armonianaturaldietshop.com\/product\/biotin-900-mcg\/"},"modified":"2018-08-16T15:12:31","modified_gmt":"2018-08-16T15:12:31","slug":"biotin-900-mcg","status":"publish","type":"product","link":"https:\/\/armonianaturaldietshop.com\/en\/product\/biotin-900-mcg\/","title":{"rendered":"Biotin 900 MCG"},"content":{"rendered":"<h1 style=\"margin: 0px 0px 15px; color: #6e6e6e; font-family: Arial; font-size: 15px;\"><span style=\"color: #000000; font-family: helvetica; font-size: 14pt;\">la biotina, conocida tambi\u00e9n como Vitamina B8, B7 o Vitamina H (conocida como biotin), se encarga de transformar la glucosa en energ\u00eda, mantener saludables c\u00e9lulas de tejidos como la piel, el cabello o las u\u00f1as, as\u00ed como la creaci\u00f3n de hemoglobina. Como vemos es muy importante tener un aporte de Biotina correcto.<\/span><\/h1>\n<h2 style=\"margin: 0px 0px 15px; color: #6e6e6e; font-family: Arial; font-size: 15px;\"><span style=\"color: #000000; font-family: helvetica; font-size: 14pt;\">Debido a estas propiedades beneficiosas,\u00a0la biotina\u00a0se emplea en diferentes tratamientos, como por ejemplo la diabetes de tipo II, la dermatitis seborreica y en especial en tratamientos para el cabello con biotina, utilizando champ\u00fas y comprimidos para paliar la debilidad del pelo y su posterior ca\u00edda.<\/span><\/h2>\n<p style=\"margin: 0px 0px 15px; color: #6e6e6e; font-family: Arial; font-size: 15px;\"><span style=\"font-size: 14pt; font-family: helvetica; color: #000000;\"><strong>Principales Beneficios:<\/strong><\/span><\/p>\n<ul style=\"padding: 0px; margin: 0px 0px 10px 25px; color: #6e6e6e; font-family: Arial; font-size: 15px;\">\n<li style=\"line-height: 20px; padding: 0px; margin: 0px;\"><span style=\"line-height: 22.5px; color: #000000; font-family: helvetica; font-size: 14pt;\">Nutre el fol\u00edculo piloso (cabello), y retarda la aparici\u00f3n de canas.<\/span><\/li>\n<li style=\"line-height: 20px; padding: 0px; margin: 0px;\"><span style=\"line-height: 22.5px; color: #000000; font-family: helvetica; font-size: 14pt;\">La biotina es muy conocida debido a las propiedades que tiene para mejorar nuestro pelo. Esta vitamina aporta un mayor brillo y fortaleza al pelo. Pero para que esta vitamina haga mejorar nuestro pelo deberemos ingerir la biotina con suplementos de biotina.<\/span><\/li>\n<li style=\"line-height: 20px; padding: 0px; margin: 0px;\"><span style=\"line-height: 22.5px; color: #000000; font-family: helvetica; font-size: 14pt;\">Se utiliza tambi\u00e9n para tratar u\u00f1as quebradizas y piel reseca. Los dermat\u00f3logos la recomiendan para conseguir brillo y fortaleza.<\/span><\/li>\n<li style=\"line-height: 20px; padding: 0px; margin: 0px;\"><span style=\"line-height: 22.5px; color: #000000; font-family: helvetica; font-size: 14pt;\">Disminuye la ansiedad y el estr\u00e9s.<\/span><\/li>\n<li style=\"line-height: 20px; padding: 0px; margin: 0px;\"><span style=\"line-height: 22.5px; color: #000000; font-family: helvetica; font-size: 14pt;\">En personas con diabetes tipo II, estudios recientes sugieren que una combinaci\u00f3n debiot\u00edn con cromio<em>\u00a0<\/em>puede mejorar el az\u00facar en la sangre.<\/span><\/li>\n<li style=\"line-height: 20px; padding: 0px; margin: 0px;\"><span style=\"line-height: 22.5px; color: #000000; font-family: helvetica; font-size: 14pt;\">El biot\u00edn, se utiliza para mantener la piel hidratada.<\/span><\/li>\n<li style=\"line-height: 20px; padding: 0px; margin: 0px;\"><span style=\"line-height: 22.5px; color: #000000; font-family: helvetica; font-size: 14pt;\">Las\u00a0gl\u00e1ndulas sudor\u00edparas, el tejido nervioso y la m\u00e9dula \u00f3seafuncionan a su\u00a0m\u00e1xima eficiencia\u00a0cuando se tiene niveles adecuados de biotina.<\/span><\/li>\n<li style=\"line-height: 20px; padding: 0px; margin: 0px;\"><span style=\"line-height: 22.5px; color: #000000; font-family: helvetica; font-size: 14pt;\">Mejora el metabolismo y el estado an\u00edmico en general.<\/span><\/li>\n<li style=\"line-height: 20px; padding: 0px; margin: 0px;\"><span style=\"line-height: 22.5px; color: #000000; font-family: helvetica; font-size: 14pt;\">La biotina previene la depresi\u00f3n, estr\u00e9s \u00a0(uno de losfactores que influye en la p\u00e9rdida de cabello<em>)<\/em>\u00a0y ansiedad.<\/span><\/li>\n<li style=\"line-height: 20px; padding: 0px; margin: 0px;\"><span style=\"line-height: 22.5px; color: #000000; font-family: helvetica; font-size: 14pt;\">Se cree que el biot\u00edn juega cierto papel en la disminuci\u00f3n del colesterol malo (LDL).<\/span><\/li>\n<li style=\"line-height: 20px; padding: 0px; margin: 0px;\"><span style=\"line-height: 22.5px; color: #000000; font-family: helvetica; font-size: 14pt;\">Ayuda a tratar la psoriasis, la dermatitis y la caspa.<\/span><\/li>\n<li style=\"line-height: 20px; padding: 0px; margin: 0px;\"><span style=\"line-height: 22.5px; color: #000000; font-family: helvetica; font-size: 14pt;\">Mantiene fuerte el sistema inmunol\u00f3gico.<\/span><\/li>\n<li style=\"line-height: 20px; padding: 0px; margin: 0px;\"><span style=\"line-height: 22.5px; color: #000000; font-family: helvetica; font-size: 14pt;\">Mejora el procesamiento de la energ\u00eda, facilitando el transporte del di\u00f3xido de carbono a trav\u00e9s del organismo.<\/span><\/li>\n<li style=\"line-height: 20px; padding: 0px; margin: 0px;\"><span style=\"line-height: 22.5px; color: #000000; font-family: helvetica; font-size: 14pt;\">Ayuda a mantener una piel sana.<\/span><\/li>\n<li style=\"line-height: 20px; padding: 0px; margin: 0px;\"><span style=\"line-height: 22.5px; color: #000000; font-family: helvetica; font-size: 14pt;\">Permite mantener m\u00e1s fuerte el pelo.<\/span><\/li>\n<\/ul>\n","protected":false},"excerpt":{"rendered":"<p>la biotina, conocida tambi\u00e9n como Vitamina B8, B7 o Vitamina H (conocida como biotin), se encarga de transformar la glucosa en energ\u00eda, mantener saludables c\u00e9lulas de tejidos como la piel, el cabello o las u\u00f1as, as\u00ed como la creaci\u00f3n de hemoglobina. Como vemos es muy importante tener un aporte de Biotina correcto.<\/p>\n","protected":false},"featured_media":2197,"comment_status":"open","ping_status":"closed","template":"","meta":[],"product_cat":[34],"product_tag":[],"acf":[],"yoast_head":"<!-- This site is optimized with the Yoast SEO plugin v18.5.1 - https:\/\/yoast.com\/wordpress\/plugins\/seo\/ -->\n<title>Biotin 900 MCG - Armonia Natural Diet Shop<\/title>\n<meta name=\"robots\" content=\"index, follow, max-snippet:-1, max-image-preview:large, max-video-preview:-1\" \/>\n<link rel=\"canonical\" href=\"https:\/\/armonianaturaldietshop.com\/en\/product\/biotin-900-mcg\/\" \/>\n<meta property=\"og:locale\" content=\"en_US\" \/>\n<meta property=\"og:type\" content=\"article\" \/>\n<meta property=\"og:title\" content=\"Biotin 900 MCG - Armonia Natural Diet Shop\" \/>\n<meta property=\"og:description\" content=\"la biotina, conocida tambi\u00e9n como Vitamina B8, B7 o Vitamina H (conocida como biotin), se encarga de transformar la glucosa en energ\u00eda, mantener saludables c\u00e9lulas de tejidos como la piel, el cabello o las u\u00f1as, as\u00ed como la creaci\u00f3n de hemoglobina. Como vemos es muy importante tener un aporte de Biotina correcto.\" \/>\n<meta property=\"og:url\" content=\"https:\/\/armonianaturaldietshop.com\/en\/product\/biotin-900-mcg\/\" \/>\n<meta property=\"og:site_name\" content=\"Armonia Natural Diet Shop\" \/>\n<meta property=\"article:publisher\" content=\"https:\/\/www.facebook.com\/ArmoniaNaturalDietShop\/\" \/>\n<meta property=\"article:modified_time\" content=\"2018-08-16T15:12:31+00:00\" \/>\n<meta property=\"og:image\" content=\"https:\/\/armonianaturaldietshop.com\/wp-content\/uploads\/2018\/07\/1170.png\" \/>\n\t<meta property=\"og:image:width\" content=\"635\" \/>\n\t<meta property=\"og:image:height\" content=\"635\" \/>\n\t<meta property=\"og:image:type\" content=\"image\/png\" \/>\n<meta name=\"twitter:card\" content=\"summary_large_image\" \/>\n<meta name=\"twitter:label1\" content=\"Est. reading time\" \/>\n\t<meta name=\"twitter:data1\" content=\"2 minutes\" \/>\n<script type=\"application\/ld+json\" class=\"yoast-schema-graph\">{\"@context\":\"https:\/\/schema.org\",\"@graph\":[{\"@type\":\"Organization\",\"@id\":\"https:\/\/armonianaturaldietshop.com\/#organization\",\"name\":\"Armonia Natural Diet Shop\",\"url\":\"https:\/\/armonianaturaldietshop.com\/\",\"sameAs\":[\"https:\/\/www.facebook.com\/ArmoniaNaturalDietShop\/\",\"https:\/\/www.instagram.com\/armonia.natural\/?hl=en\"],\"logo\":{\"@type\":\"ImageObject\",\"@id\":\"https:\/\/armonianaturaldietshop.com\/#logo\",\"inLanguage\":\"en-US\",\"url\":\"https:\/\/armonianaturaldietshop.com\/wp-content\/uploads\/2018\/01\/top-banner-1.png\",\"contentUrl\":\"https:\/\/armonianaturaldietshop.com\/wp-content\/uploads\/2018\/01\/top-banner-1.png\",\"width\":369,\"height\":116,\"caption\":\"Armonia Natural Diet Shop\"},\"image\":{\"@id\":\"https:\/\/armonianaturaldietshop.com\/#logo\"}},{\"@type\":\"WebSite\",\"@id\":\"https:\/\/armonianaturaldietshop.com\/#website\",\"url\":\"https:\/\/armonianaturaldietshop.com\/\",\"name\":\"Armonia Natural Diet Shop\",\"description\":\"Otro sitio realizado con WordPress\",\"publisher\":{\"@id\":\"https:\/\/armonianaturaldietshop.com\/#organization\"},\"potentialAction\":[{\"@type\":\"SearchAction\",\"target\":{\"@type\":\"EntryPoint\",\"urlTemplate\":\"https:\/\/armonianaturaldietshop.com\/?s={search_term_string}\"},\"query-input\":\"required name=search_term_string\"}],\"inLanguage\":\"en-US\"},{\"@type\":\"ImageObject\",\"@id\":\"https:\/\/armonianaturaldietshop.com\/en\/product\/biotin-900-mcg\/#primaryimage\",\"inLanguage\":\"en-US\",\"url\":\"https:\/\/armonianaturaldietshop.com\/wp-content\/uploads\/2018\/07\/1170.png\",\"contentUrl\":\"https:\/\/armonianaturaldietshop.com\/wp-content\/uploads\/2018\/07\/1170.png\",\"width\":635,\"height\":635},{\"@type\":\"WebPage\",\"@id\":\"https:\/\/armonianaturaldietshop.com\/en\/product\/biotin-900-mcg\/#webpage\",\"url\":\"https:\/\/armonianaturaldietshop.com\/en\/product\/biotin-900-mcg\/\",\"name\":\"Biotin 900 MCG - Armonia Natural Diet Shop\",\"isPartOf\":{\"@id\":\"https:\/\/armonianaturaldietshop.com\/#website\"},\"primaryImageOfPage\":{\"@id\":\"https:\/\/armonianaturaldietshop.com\/en\/product\/biotin-900-mcg\/#primaryimage\"},\"datePublished\":\"2018-07-13T22:49:04+00:00\",\"dateModified\":\"2018-08-16T15:12:31+00:00\",\"breadcrumb\":{\"@id\":\"https:\/\/armonianaturaldietshop.com\/en\/product\/biotin-900-mcg\/#breadcrumb\"},\"inLanguage\":\"en-US\",\"potentialAction\":[{\"@type\":\"ReadAction\",\"target\":[\"https:\/\/armonianaturaldietshop.com\/en\/product\/biotin-900-mcg\/\"]}]},{\"@type\":\"BreadcrumbList\",\"@id\":\"https:\/\/armonianaturaldietshop.com\/en\/product\/biotin-900-mcg\/#breadcrumb\",\"itemListElement\":[{\"@type\":\"ListItem\",\"position\":1,\"name\":\"Home\",\"item\":\"https:\/\/armonianaturaldietshop.com\/en\/\"},{\"@type\":\"ListItem\",\"position\":2,\"name\":\"Shop\",\"item\":\"https:\/\/armonianaturaldietshop.com\/en\/shop\/\"},{\"@type\":\"ListItem\",\"position\":3,\"name\":\"Biotin 900 MCG\"}]}]}<\/script>\n<!-- \/ Yoast SEO plugin. -->","yoast_head_json":{"title":"Biotin 900 MCG - Armonia Natural Diet Shop","robots":{"index":"index","follow":"follow","max-snippet":"max-snippet:-1","max-image-preview":"max-image-preview:large","max-video-preview":"max-video-preview:-1"},"canonical":"https:\/\/armonianaturaldietshop.com\/en\/product\/biotin-900-mcg\/","og_locale":"en_US","og_type":"article","og_title":"Biotin 900 MCG - Armonia Natural Diet Shop","og_description":"la biotina, conocida tambi\u00e9n como Vitamina B8, B7 o Vitamina H (conocida como biotin), se encarga de transformar la glucosa en energ\u00eda, mantener saludables c\u00e9lulas de tejidos como la piel, el cabello o las u\u00f1as, as\u00ed como la creaci\u00f3n de hemoglobina. Como vemos es muy importante tener un aporte de Biotina correcto.","og_url":"https:\/\/armonianaturaldietshop.com\/en\/product\/biotin-900-mcg\/","og_site_name":"Armonia Natural Diet Shop","article_publisher":"https:\/\/www.facebook.com\/ArmoniaNaturalDietShop\/","article_modified_time":"2018-08-16T15:12:31+00:00","og_image":[{"width":635,"height":635,"url":"https:\/\/armonianaturaldietshop.com\/wp-content\/uploads\/2018\/07\/1170.png","type":"image\/png"}],"twitter_card":"summary_large_image","twitter_misc":{"Est. reading time":"2 minutes"},"schema":{"@context":"https:\/\/schema.org","@graph":[{"@type":"Organization","@id":"https:\/\/armonianaturaldietshop.com\/#organization","name":"Armonia Natural Diet Shop","url":"https:\/\/armonianaturaldietshop.com\/","sameAs":["https:\/\/www.facebook.com\/ArmoniaNaturalDietShop\/","https:\/\/www.instagram.com\/armonia.natural\/?hl=en"],"logo":{"@type":"ImageObject","@id":"https:\/\/armonianaturaldietshop.com\/#logo","inLanguage":"en-US","url":"https:\/\/armonianaturaldietshop.com\/wp-content\/uploads\/2018\/01\/top-banner-1.png","contentUrl":"https:\/\/armonianaturaldietshop.com\/wp-content\/uploads\/2018\/01\/top-banner-1.png","width":369,"height":116,"caption":"Armonia Natural Diet Shop"},"image":{"@id":"https:\/\/armonianaturaldietshop.com\/#logo"}},{"@type":"WebSite","@id":"https:\/\/armonianaturaldietshop.com\/#website","url":"https:\/\/armonianaturaldietshop.com\/","name":"Armonia Natural Diet Shop","description":"Otro sitio realizado con WordPress","publisher":{"@id":"https:\/\/armonianaturaldietshop.com\/#organization"},"potentialAction":[{"@type":"SearchAction","target":{"@type":"EntryPoint","urlTemplate":"https:\/\/armonianaturaldietshop.com\/?s={search_term_string}"},"query-input":"required name=search_term_string"}],"inLanguage":"en-US"},{"@type":"ImageObject","@id":"https:\/\/armonianaturaldietshop.com\/en\/product\/biotin-900-mcg\/#primaryimage","inLanguage":"en-US","url":"https:\/\/armonianaturaldietshop.com\/wp-content\/uploads\/2018\/07\/1170.png","contentUrl":"https:\/\/armonianaturaldietshop.com\/wp-content\/uploads\/2018\/07\/1170.png","width":635,"height":635},{"@type":"WebPage","@id":"https:\/\/armonianaturaldietshop.com\/en\/product\/biotin-900-mcg\/#webpage","url":"https:\/\/armonianaturaldietshop.com\/en\/product\/biotin-900-mcg\/","name":"Biotin 900 MCG - Armonia Natural Diet Shop","isPartOf":{"@id":"https:\/\/armonianaturaldietshop.com\/#website"},"primaryImageOfPage":{"@id":"https:\/\/armonianaturaldietshop.com\/en\/product\/biotin-900-mcg\/#primaryimage"},"datePublished":"2018-07-13T22:49:04+00:00","dateModified":"2018-08-16T15:12:31+00:00","breadcrumb":{"@id":"https:\/\/armonianaturaldietshop.com\/en\/product\/biotin-900-mcg\/#breadcrumb"},"inLanguage":"en-US","potentialAction":[{"@type":"ReadAction","target":["https:\/\/armonianaturaldietshop.com\/en\/product\/biotin-900-mcg\/"]}]},{"@type":"BreadcrumbList","@id":"https:\/\/armonianaturaldietshop.com\/en\/product\/biotin-900-mcg\/#breadcrumb","itemListElement":[{"@type":"ListItem","position":1,"name":"Home","item":"https:\/\/armonianaturaldietshop.com\/en\/"},{"@type":"ListItem","position":2,"name":"Shop","item":"https:\/\/armonianaturaldietshop.com\/en\/shop\/"},{"@type":"ListItem","position":3,"name":"Biotin 900 MCG"}]}]}},"_links":{"self":[{"href":"https:\/\/armonianaturaldietshop.com\/en\/wp-json\/wp\/v2\/product\/2560"}],"collection":[{"href":"https:\/\/armonianaturaldietshop.com\/en\/wp-json\/wp\/v2\/product"}],"about":[{"href":"https:\/\/armonianaturaldietshop.com\/en\/wp-json\/wp\/v2\/types\/product"}],"replies":[{"embeddable":true,"href":"https:\/\/armonianaturaldietshop.com\/en\/wp-json\/wp\/v2\/comments?post=2560"}],"wp:featuredmedia":[{"embeddable":true,"href":"https:\/\/armonianaturaldietshop.com\/en\/wp-json\/wp\/v2\/media\/2197"}],"wp:attachment":[{"href":"https:\/\/armonianaturaldietshop.com\/en\/wp-json\/wp\/v2\/media?parent=2560"}],"wp:term":[{"taxonomy":"product_cat","embeddable":true,"href":"https:\/\/armonianaturaldietshop.com\/en\/wp-json\/wp\/v2\/product_cat?post=2560"},{"taxonomy":"product_tag","embeddable":true,"href":"https:\/\/armonianaturaldietshop.com\/en\/wp-json\/wp\/v2\/product_tag?post=2560"}],"curies":[{"name":"wp","href":"https:\/\/api.w.org\/{rel}","templated":true}]}}