{"id":2561,"date":"2018-07-13T22:49:03","date_gmt":"2018-07-13T22:49:03","guid":{"rendered":"http:\/\/armonianaturaldietshop.com\/product\/bilberry-plus-550-mg-x-100-cap\/"},"modified":"2018-08-16T15:09:32","modified_gmt":"2018-08-16T15:09:32","slug":"bilberry-plus-550-mg-x-100-cap","status":"publish","type":"product","link":"https:\/\/armonianaturaldietshop.com\/en\/product\/bilberry-plus-550-mg-x-100-cap\/","title":{"rendered":"Bilberry Plus 550 MG x 100 cap"},"content":{"rendered":"<h1 style=\"margin-bottom: 11.25pt; line-height: 16.9pt; background-image: initial; background-position: initial; background-repeat: initial; background-attachment: initial;\"><span style=\"font-family: helvetica; font-size: 14pt;\"><strong>Bilberry<\/strong> la hoja del ar\u00e1ndano, adem\u00e1s de la fruta, se utiliza para otras condiciones, incluyendo diabetes.\u00a0El fruto de la planta de ar\u00e1ndano se puede comer como un ar\u00e1ndano o en extractos.\u00a0Del mismo modo, las hojas de la planta de ar\u00e1ndano se pueden hacer en extractos o se utilizan para hacer t\u00e9 de ar\u00e1ndano.<\/span><\/h1>\n<h2 style=\"margin-bottom: 11.25pt; line-height: 16.9pt; background-image: initial; background-position: initial; background-repeat: initial; background-attachment: initial;\"><span style=\"font-family: helvetica; font-size: 14pt;\">Hist\u00f3ricamente, el <strong>Bilberry<\/strong> o ar\u00e1ndano se utiliz\u00f3 para tratar la diarrea, el escorbuto y otras condiciones.\u00a0Hoy en d\u00eda, la fruta se utiliza como un remedio\u00a0tradicional\u00a0para la diarrea, problemas oculares, venas varicosas, mala circulaci\u00f3n e incluso la prevenci\u00f3n del c\u00e1ncer.<\/span><\/h2>\n<h2 style=\"margin-bottom: 11.25pt; line-height: 16.9pt; background-image: initial; background-position: initial; background-repeat: initial; background-attachment: initial;\"><span style=\"font-family: helvetica; font-size: 14pt;\"><strong>Bilberry<\/strong> contiene productos qu\u00edmicos de producci\u00f3n natural conocidos como\u00a0antocian\u00f3sidos.\u00a0Los antocian\u00f3sidos son pigmentos vegetales que tienen potentes propiedades antioxidantes.\u00a0Estos antioxidantes limpian el cuerpo de los radicales libres, con la intenci\u00f3n de ayudar a prevenir o revertir las c\u00e9lulas da\u00f1adas.<\/span><\/h2>\n<h3 style=\"margin-bottom: 11.25pt; line-height: 16.9pt; background-image: initial; background-position: initial; background-repeat: initial; background-attachment: initial;\"><span style=\"font-family: helvetica; font-size: 14pt;\"><strong>Bilberry <\/strong>tambi\u00e9n posee la propiedad de reducir el riesgo de enfermedades cardiovasculares, apoplej\u00eda, c\u00e1ncer y degeneraci\u00f3n macular. Posee igualmente buenas cantidades de vitamina C, la cual tiene propiedades\u00a0 ben\u00e9ficas en nuestro sistema inmunitario.<\/span><\/h3>\n<p style=\"margin-bottom: 11.25pt; line-height: 22.5pt; background-image: initial; background-position: initial; background-repeat: initial; background-attachment: initial;\"><span style=\"font-family: helvetica; font-size: 14pt;\"><strong>Bilberry Principales Beneficios:<\/strong><\/span><\/p>\n<ul>\n<li style=\"margin-top: 0cm; margin-right: 0cm; margin-bottom: 0.0001pt; text-indent: -18pt; line-height: 15pt; background-image: initial; background-position: initial; background-repeat: initial; background-attachment: initial; text-align: justify;\"><span style=\"font-family: helvetica; font-size: 14pt;\"><span style=\"line-height: normal;\">\u00a0 \u00a0 \u00a0 \u00a0 \u00a0<\/span>\u00a0El ar\u00e1ndano puede reducir el riesgo de infecciones del tracto urinario en los hombres que se encuentran bajo tratamiento de radiaci\u00f3n por c\u00e1ncer de pr\u00f3stata, y la prostatitis, una infecci\u00f3n m\u00e1s com\u00fan en hombres con pr\u00f3statas grandes. Posee fitoqu\u00edmicos que inducen a la muerte de las c\u00e9lulas cancer\u00edgenas de la pr\u00f3stata, haci\u00e9ndolas efectivas en la prevenci\u00f3n del c\u00e1ncer de pr\u00f3stata, seg\u00fan un estudio realizado sobre nutrici\u00f3n y c\u00e1ncer.<\/span><\/li>\n<li style=\"margin-top: 0cm; margin-right: 0cm; margin-bottom: 0.0001pt; text-indent: -18pt; line-height: 15pt; background-image: initial; background-position: initial; background-repeat: initial; background-attachment: initial; text-align: justify;\"><span style=\"font-family: helvetica; font-size: 14pt;\"><span style=\"line-height: normal;\">\u00a0 \u00a0 \u00a0 \u00a0 \u00a0<\/span>Posee efectos antitumorales y antimicrobianos.<\/span><\/li>\n<li style=\"margin-top: 0cm; margin-right: 0cm; margin-bottom: 0.0001pt; text-indent: -18pt; line-height: 15pt; background-image: initial; background-position: initial; background-repeat: initial; background-attachment: initial; text-align: justify;\"><span style=\"font-family: helvetica; font-size: 14pt;\"><span style=\"line-height: normal;\">\u00a0 \u00a0 \u00a0 \u00a0 \u00a0<\/span>Utilizado en enfermedades como el c\u00e1ncer y demencia, y muchas enfermedades relacionadas con la edad.<\/span><\/li>\n<li style=\"margin-top: 0cm; margin-right: 0cm; margin-bottom: 0.0001pt; text-indent: -18pt; line-height: 15pt; background-image: initial; background-position: initial; background-repeat: initial; background-attachment: initial; text-align: justify;\"><span style=\"font-family: helvetica; font-size: 14pt;\"><span style=\"line-height: normal;\">\u00a0 \u00a0 \u00a0 \u00a0 \u00a0<\/span>En diab\u00e9ticos, reduce la retinopat\u00eda,\u00a0y los niveles de glucosa en la sangre. Promueve las defensas antioxidantes, y reduce el estr\u00e9s oxidativo, lo\u00a0 \u00a0 \u00a0 \u00a0 que lo hace muy beneficioso para el tratamiento de la diabetes.<\/span><\/li>\n<li style=\"margin-top: 0cm; margin-right: 0cm; margin-bottom: 0.0001pt; text-indent: -18pt; line-height: 15pt; background-image: initial; background-position: initial; background-repeat: initial; background-attachment: initial; text-align: justify;\"><span style=\"font-family: helvetica; font-size: 14pt;\"><span style=\"line-height: normal;\">\u00a0 \u00a0 \u00a0 \u00a0 \u00a0<\/span>Previene la ceguera nocturna y problemas visuales, y es muy famoso por su capacidad para mejorar la visi\u00f3n. Bilberry de Medical Green refuerza su acci\u00f3n con Bioflavonoides que son los que previenen las cataratas y ayudan en su tratamiento. Y por otro lado el Betacaroteno que fortalece la visi\u00f3n d\u00e9bil, y por \u00faltimo la Vitamina B-2 la cual evita los ojos lacrimosos y enrojecidos<\/span><\/li>\n<li style=\"margin-top: 0cm; margin-right: 0cm; margin-bottom: 0.0001pt; text-indent: -18pt; line-height: 15pt; background-image: initial; background-position: initial; background-repeat: initial; background-attachment: initial; text-align: justify;\"><span style=\"font-family: helvetica; font-size: 14pt;\"><span style=\"line-height: normal;\">\u00a0 \u00a0 \u00a0 \u00a0 \u00a0<\/span>Ayudan a eliminar los metales pesados de nuestro cuerpo que se utilizan en terapias de quelaci\u00f3n.<\/span><\/li>\n<li style=\"text-indent: -18pt; line-height: 15pt; background-image: initial; background-position: initial; background-repeat: initial; background-attachment: initial; text-align: justify;\"><span style=\"font-family: helvetica; font-size: 14pt;\">\u00b7<span style=\"line-height: normal;\">\u00a0\u00a0\u00a0\u00a0\u00a0\u00a0\u00a0\u00a0 <\/span>Utilizado en las enfermedades del ri\u00f1\u00f3n y de las v\u00edas urinarias.<\/span><\/li>\n<\/ul>\n","protected":false},"excerpt":{"rendered":"<p>Bilberry la hoja del ar\u00e1ndano, adem\u00e1s de la fruta, se utiliza para otras condiciones, incluyendo diabetes. El fruto de la planta de ar\u00e1ndano se puede comer como un ar\u00e1ndano o en extractos. Del mismo modo, las hojas de la planta de ar\u00e1ndano se pueden hacer en extractos o se utilizan para hacer t\u00e9 de ar\u00e1ndano.<\/p>\n","protected":false},"featured_media":2199,"comment_status":"open","ping_status":"closed","template":"","meta":[],"product_cat":[47,34],"product_tag":[],"acf":[],"yoast_head":"<!-- This site is optimized with the Yoast SEO plugin v18.5.1 - https:\/\/yoast.com\/wordpress\/plugins\/seo\/ -->\n<title>Bilberry Plus 550 MG x 100 cap - Armonia Natural Diet Shop<\/title>\n<meta name=\"robots\" content=\"index, follow, max-snippet:-1, max-image-preview:large, max-video-preview:-1\" \/>\n<link rel=\"canonical\" href=\"https:\/\/armonianaturaldietshop.com\/en\/product\/bilberry-plus-550-mg-x-100-cap\/\" \/>\n<meta property=\"og:locale\" content=\"en_US\" \/>\n<meta property=\"og:type\" content=\"article\" \/>\n<meta property=\"og:title\" content=\"Bilberry Plus 550 MG x 100 cap - Armonia Natural Diet Shop\" \/>\n<meta property=\"og:description\" content=\"Bilberry la hoja del ar\u00e1ndano, adem\u00e1s de la fruta, se utiliza para otras condiciones, incluyendo diabetes. El fruto de la planta de ar\u00e1ndano se puede comer como un ar\u00e1ndano o en extractos. Del mismo modo, las hojas de la planta de ar\u00e1ndano se pueden hacer en extractos o se utilizan para hacer t\u00e9 de ar\u00e1ndano.\" \/>\n<meta property=\"og:url\" content=\"https:\/\/armonianaturaldietshop.com\/en\/product\/bilberry-plus-550-mg-x-100-cap\/\" \/>\n<meta property=\"og:site_name\" content=\"Armonia Natural Diet Shop\" \/>\n<meta property=\"article:publisher\" content=\"https:\/\/www.facebook.com\/ArmoniaNaturalDietShop\/\" \/>\n<meta property=\"article:modified_time\" content=\"2018-08-16T15:09:32+00:00\" \/>\n<meta property=\"og:image\" content=\"https:\/\/armonianaturaldietshop.com\/wp-content\/uploads\/2018\/07\/1231.png\" \/>\n\t<meta property=\"og:image:width\" content=\"768\" \/>\n\t<meta property=\"og:image:height\" content=\"768\" \/>\n\t<meta property=\"og:image:type\" content=\"image\/png\" \/>\n<meta name=\"twitter:card\" content=\"summary_large_image\" \/>\n<meta name=\"twitter:label1\" content=\"Est. reading time\" \/>\n\t<meta name=\"twitter:data1\" content=\"2 minutes\" \/>\n<script type=\"application\/ld+json\" class=\"yoast-schema-graph\">{\"@context\":\"https:\/\/schema.org\",\"@graph\":[{\"@type\":\"Organization\",\"@id\":\"https:\/\/armonianaturaldietshop.com\/#organization\",\"name\":\"Armonia Natural Diet Shop\",\"url\":\"https:\/\/armonianaturaldietshop.com\/\",\"sameAs\":[\"https:\/\/www.facebook.com\/ArmoniaNaturalDietShop\/\",\"https:\/\/www.instagram.com\/armonia.natural\/?hl=en\"],\"logo\":{\"@type\":\"ImageObject\",\"@id\":\"https:\/\/armonianaturaldietshop.com\/#logo\",\"inLanguage\":\"en-US\",\"url\":\"https:\/\/armonianaturaldietshop.com\/wp-content\/uploads\/2018\/01\/top-banner-1.png\",\"contentUrl\":\"https:\/\/armonianaturaldietshop.com\/wp-content\/uploads\/2018\/01\/top-banner-1.png\",\"width\":369,\"height\":116,\"caption\":\"Armonia Natural Diet Shop\"},\"image\":{\"@id\":\"https:\/\/armonianaturaldietshop.com\/#logo\"}},{\"@type\":\"WebSite\",\"@id\":\"https:\/\/armonianaturaldietshop.com\/#website\",\"url\":\"https:\/\/armonianaturaldietshop.com\/\",\"name\":\"Armonia Natural Diet Shop\",\"description\":\"Otro sitio realizado con WordPress\",\"publisher\":{\"@id\":\"https:\/\/armonianaturaldietshop.com\/#organization\"},\"potentialAction\":[{\"@type\":\"SearchAction\",\"target\":{\"@type\":\"EntryPoint\",\"urlTemplate\":\"https:\/\/armonianaturaldietshop.com\/?s={search_term_string}\"},\"query-input\":\"required name=search_term_string\"}],\"inLanguage\":\"en-US\"},{\"@type\":\"ImageObject\",\"@id\":\"https:\/\/armonianaturaldietshop.com\/en\/product\/bilberry-plus-550-mg-x-100-cap\/#primaryimage\",\"inLanguage\":\"en-US\",\"url\":\"https:\/\/armonianaturaldietshop.com\/wp-content\/uploads\/2018\/07\/1231.png\",\"contentUrl\":\"https:\/\/armonianaturaldietshop.com\/wp-content\/uploads\/2018\/07\/1231.png\",\"width\":768,\"height\":768},{\"@type\":\"WebPage\",\"@id\":\"https:\/\/armonianaturaldietshop.com\/en\/product\/bilberry-plus-550-mg-x-100-cap\/#webpage\",\"url\":\"https:\/\/armonianaturaldietshop.com\/en\/product\/bilberry-plus-550-mg-x-100-cap\/\",\"name\":\"Bilberry Plus 550 MG x 100 cap - Armonia Natural Diet Shop\",\"isPartOf\":{\"@id\":\"https:\/\/armonianaturaldietshop.com\/#website\"},\"primaryImageOfPage\":{\"@id\":\"https:\/\/armonianaturaldietshop.com\/en\/product\/bilberry-plus-550-mg-x-100-cap\/#primaryimage\"},\"datePublished\":\"2018-07-13T22:49:03+00:00\",\"dateModified\":\"2018-08-16T15:09:32+00:00\",\"breadcrumb\":{\"@id\":\"https:\/\/armonianaturaldietshop.com\/en\/product\/bilberry-plus-550-mg-x-100-cap\/#breadcrumb\"},\"inLanguage\":\"en-US\",\"potentialAction\":[{\"@type\":\"ReadAction\",\"target\":[\"https:\/\/armonianaturaldietshop.com\/en\/product\/bilberry-plus-550-mg-x-100-cap\/\"]}]},{\"@type\":\"BreadcrumbList\",\"@id\":\"https:\/\/armonianaturaldietshop.com\/en\/product\/bilberry-plus-550-mg-x-100-cap\/#breadcrumb\",\"itemListElement\":[{\"@type\":\"ListItem\",\"position\":1,\"name\":\"Home\",\"item\":\"https:\/\/armonianaturaldietshop.com\/en\/\"},{\"@type\":\"ListItem\",\"position\":2,\"name\":\"Shop\",\"item\":\"https:\/\/armonianaturaldietshop.com\/en\/shop\/\"},{\"@type\":\"ListItem\",\"position\":3,\"name\":\"Bilberry Plus 550 MG x 100 cap\"}]}]}<\/script>\n<!-- \/ Yoast SEO plugin. -->","yoast_head_json":{"title":"Bilberry Plus 550 MG x 100 cap - Armonia Natural Diet Shop","robots":{"index":"index","follow":"follow","max-snippet":"max-snippet:-1","max-image-preview":"max-image-preview:large","max-video-preview":"max-video-preview:-1"},"canonical":"https:\/\/armonianaturaldietshop.com\/en\/product\/bilberry-plus-550-mg-x-100-cap\/","og_locale":"en_US","og_type":"article","og_title":"Bilberry Plus 550 MG x 100 cap - Armonia Natural Diet Shop","og_description":"Bilberry la hoja del ar\u00e1ndano, adem\u00e1s de la fruta, se utiliza para otras condiciones, incluyendo diabetes. El fruto de la planta de ar\u00e1ndano se puede comer como un ar\u00e1ndano o en extractos. Del mismo modo, las hojas de la planta de ar\u00e1ndano se pueden hacer en extractos o se utilizan para hacer t\u00e9 de ar\u00e1ndano.","og_url":"https:\/\/armonianaturaldietshop.com\/en\/product\/bilberry-plus-550-mg-x-100-cap\/","og_site_name":"Armonia Natural Diet Shop","article_publisher":"https:\/\/www.facebook.com\/ArmoniaNaturalDietShop\/","article_modified_time":"2018-08-16T15:09:32+00:00","og_image":[{"width":768,"height":768,"url":"https:\/\/armonianaturaldietshop.com\/wp-content\/uploads\/2018\/07\/1231.png","type":"image\/png"}],"twitter_card":"summary_large_image","twitter_misc":{"Est. reading time":"2 minutes"},"schema":{"@context":"https:\/\/schema.org","@graph":[{"@type":"Organization","@id":"https:\/\/armonianaturaldietshop.com\/#organization","name":"Armonia Natural Diet Shop","url":"https:\/\/armonianaturaldietshop.com\/","sameAs":["https:\/\/www.facebook.com\/ArmoniaNaturalDietShop\/","https:\/\/www.instagram.com\/armonia.natural\/?hl=en"],"logo":{"@type":"ImageObject","@id":"https:\/\/armonianaturaldietshop.com\/#logo","inLanguage":"en-US","url":"https:\/\/armonianaturaldietshop.com\/wp-content\/uploads\/2018\/01\/top-banner-1.png","contentUrl":"https:\/\/armonianaturaldietshop.com\/wp-content\/uploads\/2018\/01\/top-banner-1.png","width":369,"height":116,"caption":"Armonia Natural Diet Shop"},"image":{"@id":"https:\/\/armonianaturaldietshop.com\/#logo"}},{"@type":"WebSite","@id":"https:\/\/armonianaturaldietshop.com\/#website","url":"https:\/\/armonianaturaldietshop.com\/","name":"Armonia Natural Diet Shop","description":"Otro sitio realizado con WordPress","publisher":{"@id":"https:\/\/armonianaturaldietshop.com\/#organization"},"potentialAction":[{"@type":"SearchAction","target":{"@type":"EntryPoint","urlTemplate":"https:\/\/armonianaturaldietshop.com\/?s={search_term_string}"},"query-input":"required name=search_term_string"}],"inLanguage":"en-US"},{"@type":"ImageObject","@id":"https:\/\/armonianaturaldietshop.com\/en\/product\/bilberry-plus-550-mg-x-100-cap\/#primaryimage","inLanguage":"en-US","url":"https:\/\/armonianaturaldietshop.com\/wp-content\/uploads\/2018\/07\/1231.png","contentUrl":"https:\/\/armonianaturaldietshop.com\/wp-content\/uploads\/2018\/07\/1231.png","width":768,"height":768},{"@type":"WebPage","@id":"https:\/\/armonianaturaldietshop.com\/en\/product\/bilberry-plus-550-mg-x-100-cap\/#webpage","url":"https:\/\/armonianaturaldietshop.com\/en\/product\/bilberry-plus-550-mg-x-100-cap\/","name":"Bilberry Plus 550 MG x 100 cap - Armonia Natural Diet Shop","isPartOf":{"@id":"https:\/\/armonianaturaldietshop.com\/#website"},"primaryImageOfPage":{"@id":"https:\/\/armonianaturaldietshop.com\/en\/product\/bilberry-plus-550-mg-x-100-cap\/#primaryimage"},"datePublished":"2018-07-13T22:49:03+00:00","dateModified":"2018-08-16T15:09:32+00:00","breadcrumb":{"@id":"https:\/\/armonianaturaldietshop.com\/en\/product\/bilberry-plus-550-mg-x-100-cap\/#breadcrumb"},"inLanguage":"en-US","potentialAction":[{"@type":"ReadAction","target":["https:\/\/armonianaturaldietshop.com\/en\/product\/bilberry-plus-550-mg-x-100-cap\/"]}]},{"@type":"BreadcrumbList","@id":"https:\/\/armonianaturaldietshop.com\/en\/product\/bilberry-plus-550-mg-x-100-cap\/#breadcrumb","itemListElement":[{"@type":"ListItem","position":1,"name":"Home","item":"https:\/\/armonianaturaldietshop.com\/en\/"},{"@type":"ListItem","position":2,"name":"Shop","item":"https:\/\/armonianaturaldietshop.com\/en\/shop\/"},{"@type":"ListItem","position":3,"name":"Bilberry Plus 550 MG x 100 cap"}]}]}},"_links":{"self":[{"href":"https:\/\/armonianaturaldietshop.com\/en\/wp-json\/wp\/v2\/product\/2561"}],"collection":[{"href":"https:\/\/armonianaturaldietshop.com\/en\/wp-json\/wp\/v2\/product"}],"about":[{"href":"https:\/\/armonianaturaldietshop.com\/en\/wp-json\/wp\/v2\/types\/product"}],"replies":[{"embeddable":true,"href":"https:\/\/armonianaturaldietshop.com\/en\/wp-json\/wp\/v2\/comments?post=2561"}],"wp:featuredmedia":[{"embeddable":true,"href":"https:\/\/armonianaturaldietshop.com\/en\/wp-json\/wp\/v2\/media\/2199"}],"wp:attachment":[{"href":"https:\/\/armonianaturaldietshop.com\/en\/wp-json\/wp\/v2\/media?parent=2561"}],"wp:term":[{"taxonomy":"product_cat","embeddable":true,"href":"https:\/\/armonianaturaldietshop.com\/en\/wp-json\/wp\/v2\/product_cat?post=2561"},{"taxonomy":"product_tag","embeddable":true,"href":"https:\/\/armonianaturaldietshop.com\/en\/wp-json\/wp\/v2\/product_tag?post=2561"}],"curies":[{"name":"wp","href":"https:\/\/api.w.org\/{rel}","templated":true}]}}