{"id":2564,"date":"2018-07-13T22:48:59","date_gmt":"2018-07-13T22:48:59","guid":{"rendered":"http:\/\/armonianaturaldietshop.com\/product\/acido-folico-plus\/"},"modified":"2018-08-16T14:34:06","modified_gmt":"2018-08-16T14:34:06","slug":"acido-folico-plus","status":"publish","type":"product","link":"https:\/\/armonianaturaldietshop.com\/en\/product\/acido-folico-plus\/","title":{"rendered":"Acido Folico Plus"},"content":{"rendered":"<h1><span style=\"font-family: helvetica; font-size: 14pt;\">\u00c1CIDO F\u00d3LICO PLUS es una vitamina del grupo B.\u00a0 Ayuda al organismo a crear c\u00e9lulas nuevas y recuperar da\u00f1os. Todas las personas necesitan \u00e1cido f\u00f3lico. Es muy importante para las mujeres en edad f\u00e9rtil. Obtener suficiente \u00e1cido f\u00f3lico antes y durante el embarazo puede prevenir defectos\u00a0cong\u00e9nitos importantes en el cerebro y la columna vertebral del beb\u00e9.<\/span><\/h1>\n<ul style=\"list-style-type: disc;\">\n<li style=\"text-indent: -18pt;\"><span style=\"font-family: helvetica; font-size: 14pt;\"><span style=\"line-height: normal;\">\u00a0 \u00a0 \u00a0 <\/span>Alivia los s\u00edntomas de la gota<\/span><\/li>\n<li style=\"text-indent: -18pt;\"><span style=\"font-family: helvetica; font-size: 14pt;\"><span style=\"line-height: normal;\">\u00a0 \u00a0 \u00a0 <\/span>Evita malformaciones gen\u00e9ticas<\/span><\/li>\n<li style=\"text-indent: -18pt;\"><span style=\"font-family: helvetica; font-size: 14pt;\"><span style=\"line-height: normal;\">\u00a0 \u00a0 \u00a0<\/span>Ayuda en la impotencia o falta de deseo sexual.<\/span><\/li>\n<\/ul>\n<h2><span style=\"font-family: helvetica; font-size: 14pt;\">ACIDO F\u00d3LICO de Medical Green adiciona vitamina B12, que es una vitamina hidrosoluble esencial para el funcionamiento normal del cerebro, del sistema nervioso, y para la formaci\u00f3n de la sangre y de varias prote\u00ednas. Es una de las ocho vitaminas del grupo B.<\/span><\/h2>\n<p><span style=\"font-family: helvetica; font-size: 14pt;\">\u00c1CIDO F\u00d3LICO, folacina o \u00e1cido pteroil-L-glut\u00e1mico, conocida tambi\u00e9n como vitamina B9, \u200b es una vitamina hidrosoluble del complejo de vitaminas B, necesaria para la formaci\u00f3n de prote\u00ednas<\/span><\/p>\n<p><span style=\"font-family: helvetica; font-size: 14pt;\">Es la forma artificial (sint\u00e9tica) del folato que se encuentra en suplementos y se le agrega a los alimentos fortificados.<\/span><\/p>\n<p><span style=\"font-family: helvetica; font-size: 14pt;\">Folato es un t\u00e9rmino gen\u00e9rico para el folato que se encuentra de manera natural en los alimentos y el \u00e1cido f\u00f3lico.<\/span><\/p>\n<p><span style=\"font-family: helvetica; font-size: 14pt;\">\u00c1CIDO F\u00d3LICO es hidrosoluble. Las cantidades sobrantes de la vitamina salen del cuerpo a trav\u00e9s de la orina. Eso quiere decir que el cuerpo no\u00a0<\/span><span style=\"font-family: helvetica; font-size: 14pt;\">almacena el \u00e1cido f\u00f3lico y usted necesita un suministro regular de dicha vitamina en los alimentos que consume<\/span><\/p>\n","protected":false},"excerpt":{"rendered":"<p>\u00c1CIDO F\u00d3LICO PLUS es una vitamina del grupo B. Ayuda al organismo a crear c\u00e9lulas nuevas y recuperar da\u00f1os. Todas las personas necesitan \u00e1cido f\u00f3lico. Es muy importante para las mujeres en edad f\u00e9rtil. Obtener suficiente \u00e1cido f\u00f3lico antes y durante el embarazo puede prevenir defectos cong\u00e9nitos importantes en el cerebro y la columna vertebral del beb\u00e9.<\/p>\n","protected":false},"featured_media":2189,"comment_status":"open","ping_status":"closed","template":"","meta":[],"product_cat":[34],"product_tag":[],"acf":[],"yoast_head":"<!-- This site is optimized with the Yoast SEO plugin v18.5.1 - https:\/\/yoast.com\/wordpress\/plugins\/seo\/ -->\n<title>Acido Folico Plus - Armonia Natural Diet Shop<\/title>\n<meta name=\"robots\" content=\"index, follow, max-snippet:-1, max-image-preview:large, max-video-preview:-1\" \/>\n<link rel=\"canonical\" href=\"https:\/\/armonianaturaldietshop.com\/en\/product\/acido-folico-plus\/\" \/>\n<meta property=\"og:locale\" content=\"en_US\" \/>\n<meta property=\"og:type\" content=\"article\" \/>\n<meta property=\"og:title\" content=\"Acido Folico Plus - Armonia Natural Diet Shop\" \/>\n<meta property=\"og:description\" content=\"\u00c1CIDO F\u00d3LICO PLUS es una vitamina del grupo B. Ayuda al organismo a crear c\u00e9lulas nuevas y recuperar da\u00f1os. Todas las personas necesitan \u00e1cido f\u00f3lico. Es muy importante para las mujeres en edad f\u00e9rtil. Obtener suficiente \u00e1cido f\u00f3lico antes y durante el embarazo puede prevenir defectos cong\u00e9nitos importantes en el cerebro y la columna vertebral del beb\u00e9.\" \/>\n<meta property=\"og:url\" content=\"https:\/\/armonianaturaldietshop.com\/en\/product\/acido-folico-plus\/\" \/>\n<meta property=\"og:site_name\" content=\"Armonia Natural Diet Shop\" \/>\n<meta property=\"article:publisher\" content=\"https:\/\/www.facebook.com\/ArmoniaNaturalDietShop\/\" \/>\n<meta property=\"article:modified_time\" content=\"2018-08-16T14:34:06+00:00\" \/>\n<meta property=\"og:image\" content=\"https:\/\/armonianaturaldietshop.com\/wp-content\/uploads\/2018\/07\/1152-3.png\" \/>\n\t<meta property=\"og:image:width\" content=\"635\" \/>\n\t<meta property=\"og:image:height\" content=\"635\" \/>\n\t<meta property=\"og:image:type\" content=\"image\/png\" \/>\n<meta name=\"twitter:card\" content=\"summary_large_image\" \/>\n<meta name=\"twitter:label1\" content=\"Est. reading time\" \/>\n\t<meta name=\"twitter:data1\" content=\"1 minute\" \/>\n<script type=\"application\/ld+json\" class=\"yoast-schema-graph\">{\"@context\":\"https:\/\/schema.org\",\"@graph\":[{\"@type\":\"Organization\",\"@id\":\"https:\/\/armonianaturaldietshop.com\/#organization\",\"name\":\"Armonia Natural Diet Shop\",\"url\":\"https:\/\/armonianaturaldietshop.com\/\",\"sameAs\":[\"https:\/\/www.facebook.com\/ArmoniaNaturalDietShop\/\",\"https:\/\/www.instagram.com\/armonia.natural\/?hl=en\"],\"logo\":{\"@type\":\"ImageObject\",\"@id\":\"https:\/\/armonianaturaldietshop.com\/#logo\",\"inLanguage\":\"en-US\",\"url\":\"https:\/\/armonianaturaldietshop.com\/wp-content\/uploads\/2018\/01\/top-banner-1.png\",\"contentUrl\":\"https:\/\/armonianaturaldietshop.com\/wp-content\/uploads\/2018\/01\/top-banner-1.png\",\"width\":369,\"height\":116,\"caption\":\"Armonia Natural Diet Shop\"},\"image\":{\"@id\":\"https:\/\/armonianaturaldietshop.com\/#logo\"}},{\"@type\":\"WebSite\",\"@id\":\"https:\/\/armonianaturaldietshop.com\/#website\",\"url\":\"https:\/\/armonianaturaldietshop.com\/\",\"name\":\"Armonia Natural Diet Shop\",\"description\":\"Otro sitio realizado con WordPress\",\"publisher\":{\"@id\":\"https:\/\/armonianaturaldietshop.com\/#organization\"},\"potentialAction\":[{\"@type\":\"SearchAction\",\"target\":{\"@type\":\"EntryPoint\",\"urlTemplate\":\"https:\/\/armonianaturaldietshop.com\/?s={search_term_string}\"},\"query-input\":\"required name=search_term_string\"}],\"inLanguage\":\"en-US\"},{\"@type\":\"ImageObject\",\"@id\":\"https:\/\/armonianaturaldietshop.com\/en\/product\/acido-folico-plus\/#primaryimage\",\"inLanguage\":\"en-US\",\"url\":\"https:\/\/armonianaturaldietshop.com\/wp-content\/uploads\/2018\/07\/1152-3.png\",\"contentUrl\":\"https:\/\/armonianaturaldietshop.com\/wp-content\/uploads\/2018\/07\/1152-3.png\",\"width\":635,\"height\":635},{\"@type\":\"WebPage\",\"@id\":\"https:\/\/armonianaturaldietshop.com\/en\/product\/acido-folico-plus\/#webpage\",\"url\":\"https:\/\/armonianaturaldietshop.com\/en\/product\/acido-folico-plus\/\",\"name\":\"Acido Folico Plus - Armonia Natural Diet Shop\",\"isPartOf\":{\"@id\":\"https:\/\/armonianaturaldietshop.com\/#website\"},\"primaryImageOfPage\":{\"@id\":\"https:\/\/armonianaturaldietshop.com\/en\/product\/acido-folico-plus\/#primaryimage\"},\"datePublished\":\"2018-07-13T22:48:59+00:00\",\"dateModified\":\"2018-08-16T14:34:06+00:00\",\"breadcrumb\":{\"@id\":\"https:\/\/armonianaturaldietshop.com\/en\/product\/acido-folico-plus\/#breadcrumb\"},\"inLanguage\":\"en-US\",\"potentialAction\":[{\"@type\":\"ReadAction\",\"target\":[\"https:\/\/armonianaturaldietshop.com\/en\/product\/acido-folico-plus\/\"]}]},{\"@type\":\"BreadcrumbList\",\"@id\":\"https:\/\/armonianaturaldietshop.com\/en\/product\/acido-folico-plus\/#breadcrumb\",\"itemListElement\":[{\"@type\":\"ListItem\",\"position\":1,\"name\":\"Home\",\"item\":\"https:\/\/armonianaturaldietshop.com\/en\/\"},{\"@type\":\"ListItem\",\"position\":2,\"name\":\"Shop\",\"item\":\"https:\/\/armonianaturaldietshop.com\/en\/shop\/\"},{\"@type\":\"ListItem\",\"position\":3,\"name\":\"Acido Folico Plus\"}]}]}<\/script>\n<!-- \/ Yoast SEO plugin. -->","yoast_head_json":{"title":"Acido Folico Plus - Armonia Natural Diet Shop","robots":{"index":"index","follow":"follow","max-snippet":"max-snippet:-1","max-image-preview":"max-image-preview:large","max-video-preview":"max-video-preview:-1"},"canonical":"https:\/\/armonianaturaldietshop.com\/en\/product\/acido-folico-plus\/","og_locale":"en_US","og_type":"article","og_title":"Acido Folico Plus - Armonia Natural Diet Shop","og_description":"\u00c1CIDO F\u00d3LICO PLUS es una vitamina del grupo B. Ayuda al organismo a crear c\u00e9lulas nuevas y recuperar da\u00f1os. Todas las personas necesitan \u00e1cido f\u00f3lico. Es muy importante para las mujeres en edad f\u00e9rtil. Obtener suficiente \u00e1cido f\u00f3lico antes y durante el embarazo puede prevenir defectos cong\u00e9nitos importantes en el cerebro y la columna vertebral del beb\u00e9.","og_url":"https:\/\/armonianaturaldietshop.com\/en\/product\/acido-folico-plus\/","og_site_name":"Armonia Natural Diet Shop","article_publisher":"https:\/\/www.facebook.com\/ArmoniaNaturalDietShop\/","article_modified_time":"2018-08-16T14:34:06+00:00","og_image":[{"width":635,"height":635,"url":"https:\/\/armonianaturaldietshop.com\/wp-content\/uploads\/2018\/07\/1152-3.png","type":"image\/png"}],"twitter_card":"summary_large_image","twitter_misc":{"Est. reading time":"1 minute"},"schema":{"@context":"https:\/\/schema.org","@graph":[{"@type":"Organization","@id":"https:\/\/armonianaturaldietshop.com\/#organization","name":"Armonia Natural Diet Shop","url":"https:\/\/armonianaturaldietshop.com\/","sameAs":["https:\/\/www.facebook.com\/ArmoniaNaturalDietShop\/","https:\/\/www.instagram.com\/armonia.natural\/?hl=en"],"logo":{"@type":"ImageObject","@id":"https:\/\/armonianaturaldietshop.com\/#logo","inLanguage":"en-US","url":"https:\/\/armonianaturaldietshop.com\/wp-content\/uploads\/2018\/01\/top-banner-1.png","contentUrl":"https:\/\/armonianaturaldietshop.com\/wp-content\/uploads\/2018\/01\/top-banner-1.png","width":369,"height":116,"caption":"Armonia Natural Diet Shop"},"image":{"@id":"https:\/\/armonianaturaldietshop.com\/#logo"}},{"@type":"WebSite","@id":"https:\/\/armonianaturaldietshop.com\/#website","url":"https:\/\/armonianaturaldietshop.com\/","name":"Armonia Natural Diet Shop","description":"Otro sitio realizado con WordPress","publisher":{"@id":"https:\/\/armonianaturaldietshop.com\/#organization"},"potentialAction":[{"@type":"SearchAction","target":{"@type":"EntryPoint","urlTemplate":"https:\/\/armonianaturaldietshop.com\/?s={search_term_string}"},"query-input":"required name=search_term_string"}],"inLanguage":"en-US"},{"@type":"ImageObject","@id":"https:\/\/armonianaturaldietshop.com\/en\/product\/acido-folico-plus\/#primaryimage","inLanguage":"en-US","url":"https:\/\/armonianaturaldietshop.com\/wp-content\/uploads\/2018\/07\/1152-3.png","contentUrl":"https:\/\/armonianaturaldietshop.com\/wp-content\/uploads\/2018\/07\/1152-3.png","width":635,"height":635},{"@type":"WebPage","@id":"https:\/\/armonianaturaldietshop.com\/en\/product\/acido-folico-plus\/#webpage","url":"https:\/\/armonianaturaldietshop.com\/en\/product\/acido-folico-plus\/","name":"Acido Folico Plus - Armonia Natural Diet Shop","isPartOf":{"@id":"https:\/\/armonianaturaldietshop.com\/#website"},"primaryImageOfPage":{"@id":"https:\/\/armonianaturaldietshop.com\/en\/product\/acido-folico-plus\/#primaryimage"},"datePublished":"2018-07-13T22:48:59+00:00","dateModified":"2018-08-16T14:34:06+00:00","breadcrumb":{"@id":"https:\/\/armonianaturaldietshop.com\/en\/product\/acido-folico-plus\/#breadcrumb"},"inLanguage":"en-US","potentialAction":[{"@type":"ReadAction","target":["https:\/\/armonianaturaldietshop.com\/en\/product\/acido-folico-plus\/"]}]},{"@type":"BreadcrumbList","@id":"https:\/\/armonianaturaldietshop.com\/en\/product\/acido-folico-plus\/#breadcrumb","itemListElement":[{"@type":"ListItem","position":1,"name":"Home","item":"https:\/\/armonianaturaldietshop.com\/en\/"},{"@type":"ListItem","position":2,"name":"Shop","item":"https:\/\/armonianaturaldietshop.com\/en\/shop\/"},{"@type":"ListItem","position":3,"name":"Acido Folico Plus"}]}]}},"_links":{"self":[{"href":"https:\/\/armonianaturaldietshop.com\/en\/wp-json\/wp\/v2\/product\/2564"}],"collection":[{"href":"https:\/\/armonianaturaldietshop.com\/en\/wp-json\/wp\/v2\/product"}],"about":[{"href":"https:\/\/armonianaturaldietshop.com\/en\/wp-json\/wp\/v2\/types\/product"}],"replies":[{"embeddable":true,"href":"https:\/\/armonianaturaldietshop.com\/en\/wp-json\/wp\/v2\/comments?post=2564"}],"wp:featuredmedia":[{"embeddable":true,"href":"https:\/\/armonianaturaldietshop.com\/en\/wp-json\/wp\/v2\/media\/2189"}],"wp:attachment":[{"href":"https:\/\/armonianaturaldietshop.com\/en\/wp-json\/wp\/v2\/media?parent=2564"}],"wp:term":[{"taxonomy":"product_cat","embeddable":true,"href":"https:\/\/armonianaturaldietshop.com\/en\/wp-json\/wp\/v2\/product_cat?post=2564"},{"taxonomy":"product_tag","embeddable":true,"href":"https:\/\/armonianaturaldietshop.com\/en\/wp-json\/wp\/v2\/product_tag?post=2564"}],"curies":[{"name":"wp","href":"https:\/\/api.w.org\/{rel}","templated":true}]}}