{"id":2565,"date":"2018-07-13T22:38:41","date_gmt":"2018-07-13T22:38:41","guid":{"rendered":"http:\/\/armonianaturaldietshop.com\/product\/zole-x-900g\/"},"modified":"2018-07-13T22:38:41","modified_gmt":"2018-07-13T22:38:41","slug":"zole-x-900g","status":"publish","type":"product","link":"https:\/\/armonianaturaldietshop.com\/en\/product\/zole-x-900g\/","title":{"rendered":"ZOLE x 900g"},"content":{"rendered":"<p style=\"margin: 0px 0px 0.9em; color: #353535; font-family: 'Open Sans', Arial, Helvetica, sans-serif; font-size: 12px;\"><span style=\"font-family: helvetica; font-size: 14pt;\"><strong>LECHE A BASE DE SOYA ZOL\u00c9<\/strong><\/span><\/p>\n<p style=\"margin: 0px 0px 0.9em; color: #353535; font-family: 'Open Sans', Arial, Helvetica, sans-serif; font-size: 12px;\"><span style=\"font-family: helvetica; font-size: 14pt;\"><strong>La leche de soya zole es un producto dise\u00f1ado para sustituir la leche de la vaca, cuenta con un alto nivel de nutrientes y prote\u00ednas esenciales para el cuerpo. Esta leche es una de las m\u00e1s consumidas actualmente por sus propiedades y virtudes, cuenta con 24 vitaminas, grasas, vegetales, e ingredientes derivados del ma\u00edz.&nbsp; Excelente para aquellas personas que deseen disminuir el consumo de lactosa en su&nbsp; dieta.<\/strong><\/span><\/p>\n<p style=\"margin: 0px 0px 0.9em; color: #353535; font-family: 'Open Sans', Arial, Helvetica, sans-serif; font-size: 12px;\">&nbsp;<\/p>\n<p style=\"margin: 0px 0px 0.9em; color: #353535; font-family: 'Open Sans', Arial, Helvetica, sans-serif; font-size: 12px;\"><span style=\"font-family: helvetica; font-size: 14pt;\"><strong>BENEFICIOS PRINCIPALES:<\/strong><\/span><\/p>\n<p style=\"margin: 0px 0px 0.9em; color: #353535; font-family: 'Open Sans', Arial, Helvetica, sans-serif; font-size: 12px;\"><span style=\"font-family: helvetica; font-size: 14pt;\"><strong>\u2022 Por ser rica en amino\u00e1cidos esenciales, es necesaria para el crecimiento y desarrollo<\/strong><\/span><\/p>\n<p style=\"margin: 0px 0px 0.9em; color: #353535; font-family: 'Open Sans', Arial, Helvetica, sans-serif; font-size: 12px;\"><span style=\"font-family: helvetica; font-size: 14pt;\"><strong>\u2022 Es rica en prote\u00ednas, calcio, fosforo y vitaminas del grupo B.<\/strong><\/span><\/p>\n<p style=\"margin: 0px 0px 0.9em; color: #353535; font-family: 'Open Sans', Arial, Helvetica, sans-serif; font-size: 12px;\"><span style=\"font-family: helvetica; font-size: 14pt;\"><strong>\u2022 \u00datil en personas hipertensas, con problemas cardiacos y artrosis.<\/strong><\/span><\/p>\n<p style=\"margin: 0px 0px 0.9em; color: #353535; font-family: 'Open Sans', Arial, Helvetica, sans-serif; font-size: 12px;\"><span style=\"font-family: helvetica; font-size: 14pt;\"><strong>\u2022 Ayuda a la asimilaci\u00f3n del calcio.<\/strong><\/span><\/p>\n<p style=\"margin: 0px 0px 0.9em; color: #353535; font-family: 'Open Sans', Arial, Helvetica, sans-serif; font-size: 12px;\"><span style=\"font-family: helvetica; font-size: 14pt;\"><strong>\u2022 Contiene isoflavonas, lo cual ofrece una acci\u00f3n protectora frente al c\u00e1ncer de mama en las mujeres.<\/strong><\/span><\/p>\n<p style=\"margin: 0px 0px 0.9em; color: #353535; font-family: 'Open Sans', Arial, Helvetica, sans-serif; font-size: 12px;\"><span style=\"font-family: helvetica; font-size: 14pt;\"><strong>\u2022 Reduce el colesterol y los triglic\u00e9ridos altos<\/strong><\/span><\/p>\n<p style=\"margin: 0px 0px 0.9em; color: #353535; font-family: 'Open Sans', Arial, Helvetica, sans-serif; font-size: 12px;\"><span style=\"font-family: helvetica; font-size: 14pt;\"><strong>\u2022 ZOL\u00c9 es un delicioso sustituto de la leche de vaca elaborada a base de prote\u00edna de soya, grasas vegetales y derivados del ma\u00edz, adicionada con fibra, 24 vitaminas y minerales.<\/strong><\/span><\/p>\n<p style=\"margin: 0px 0px 0.9em; color: #353535; font-family: 'Open Sans', Arial, Helvetica, sans-serif; font-size: 12px;\"><span style=\"font-family: helvetica; font-size: 14pt;\"><strong>\u2022 ZOL\u00c9 posee un valor nutricional superior a la leche de vaca y es de f\u00e1cil preparaci\u00f3n.<\/strong><\/span><\/p>\n<p style=\"margin: 0px 0px 0.9em; color: #353535; font-family: 'Open Sans', Arial, Helvetica, sans-serif; font-size: 12px;\"><span style=\"font-family: helvetica; font-size: 14pt;\"><strong>\u2022 Utiliza ZOL\u00c9 tal cual como la leche de vaca con una ventaja insuperable \u201cIdeal para todas las personas que deseen eliminar la lactosa de sus dietas\u201d<\/strong><\/span><\/p>\n<p style=\"margin: 0px 0px 0.9em; color: #353535; font-family: 'Open Sans', Arial, Helvetica, sans-serif; font-size: 12px;\"><span style=\"font-family: helvetica; font-size: 14pt;\"><strong>\u2022 La leche a base de soya puede ser disfrutada en jugos de fruta, chocolate, caf\u00e9 en leche, reposter\u00eda entre otros.<\/strong><\/span><\/p>\n<p style=\"margin: 0px 0px 0.9em; color: #353535; font-family: 'Open Sans', Arial, Helvetica, sans-serif; font-size: 12px;\">&nbsp;<\/p>\n<p style=\"margin: 0px 0px 0.9em; color: #353535; font-family: 'Open Sans', Arial, Helvetica, sans-serif; font-size: 12px;\"><span style=\"font-family: helvetica; font-size: 14pt;\"><strong>PREPARACI\u00d3N:<\/strong><\/span><\/p>\n<p style=\"margin: 0px 0px 0.9em; color: #353535; font-family: 'Open Sans', Arial, Helvetica, sans-serif; font-size: 12px;\"><span style=\"font-family: helvetica; font-size: 14pt;\"><strong>Esta leche no requiere ser licuada y contiene dosificador.&nbsp; Incluir en cada vaso de 300ml una medida de ZOL\u00c9, para preparar un litro use 3 medidas y 1\/3 de ZOL\u00c9.<\/strong><\/span><\/p>\n","protected":false},"excerpt":{"rendered":"<p>ZOLE es un producto dise\u00f1ado para sustituir la leche de la vaca, cuenta con un alto nivel de nutrientes y prote\u00ednas esenciales para el cuerpo. Esta leche es una de las m\u00e1s consumidas actualmente por sus propiedades y virtudes, cuenta con 24 vitaminas, grasas, vegetales, e ingredientes derivados del ma\u00edz. Excelente para aquellas personas que deseen disminuir el consumo de lactosa en su dieta.<\/p>\n","protected":false},"featured_media":2213,"comment_status":"open","ping_status":"closed","template":"","meta":[],"product_cat":[40,29],"product_tag":[],"acf":[],"yoast_head":"<!-- This site is optimized with the Yoast SEO plugin v18.5.1 - https:\/\/yoast.com\/wordpress\/plugins\/seo\/ -->\n<title>ZOLE x 900g - Armonia Natural Diet Shop<\/title>\n<meta name=\"robots\" content=\"index, follow, max-snippet:-1, max-image-preview:large, max-video-preview:-1\" \/>\n<link rel=\"canonical\" href=\"https:\/\/armonianaturaldietshop.com\/en\/product\/zole-x-900g\/\" \/>\n<meta property=\"og:locale\" content=\"en_US\" \/>\n<meta property=\"og:type\" content=\"article\" \/>\n<meta property=\"og:title\" content=\"ZOLE x 900g - Armonia Natural Diet Shop\" \/>\n<meta property=\"og:description\" content=\"ZOLE es un producto dise\u00f1ado para sustituir la leche de la vaca, cuenta con un alto nivel de nutrientes y prote\u00ednas esenciales para el cuerpo. Esta leche es una de las m\u00e1s consumidas actualmente por sus propiedades y virtudes, cuenta con 24 vitaminas, grasas, vegetales, e ingredientes derivados del ma\u00edz. Excelente para aquellas personas que deseen disminuir el consumo de lactosa en su dieta.\" \/>\n<meta property=\"og:url\" content=\"https:\/\/armonianaturaldietshop.com\/en\/product\/zole-x-900g\/\" \/>\n<meta property=\"og:site_name\" content=\"Armonia Natural Diet Shop\" \/>\n<meta property=\"article:publisher\" content=\"https:\/\/www.facebook.com\/ArmoniaNaturalDietShop\/\" \/>\n<meta property=\"og:image\" content=\"https:\/\/armonianaturaldietshop.com\/wp-content\/uploads\/2018\/07\/1148.png\" \/>\n\t<meta property=\"og:image:width\" content=\"600\" \/>\n\t<meta property=\"og:image:height\" content=\"650\" \/>\n\t<meta property=\"og:image:type\" content=\"image\/png\" \/>\n<meta name=\"twitter:card\" content=\"summary_large_image\" \/>\n<meta name=\"twitter:label1\" content=\"Est. reading time\" \/>\n\t<meta name=\"twitter:data1\" content=\"1 minute\" \/>\n<script type=\"application\/ld+json\" class=\"yoast-schema-graph\">{\"@context\":\"https:\/\/schema.org\",\"@graph\":[{\"@type\":\"Organization\",\"@id\":\"https:\/\/armonianaturaldietshop.com\/#organization\",\"name\":\"Armonia Natural Diet Shop\",\"url\":\"https:\/\/armonianaturaldietshop.com\/\",\"sameAs\":[\"https:\/\/www.facebook.com\/ArmoniaNaturalDietShop\/\",\"https:\/\/www.instagram.com\/armonia.natural\/?hl=en\"],\"logo\":{\"@type\":\"ImageObject\",\"@id\":\"https:\/\/armonianaturaldietshop.com\/#logo\",\"inLanguage\":\"en-US\",\"url\":\"https:\/\/armonianaturaldietshop.com\/wp-content\/uploads\/2018\/01\/top-banner-1.png\",\"contentUrl\":\"https:\/\/armonianaturaldietshop.com\/wp-content\/uploads\/2018\/01\/top-banner-1.png\",\"width\":369,\"height\":116,\"caption\":\"Armonia Natural Diet Shop\"},\"image\":{\"@id\":\"https:\/\/armonianaturaldietshop.com\/#logo\"}},{\"@type\":\"WebSite\",\"@id\":\"https:\/\/armonianaturaldietshop.com\/#website\",\"url\":\"https:\/\/armonianaturaldietshop.com\/\",\"name\":\"Armonia Natural Diet Shop\",\"description\":\"Otro sitio realizado con WordPress\",\"publisher\":{\"@id\":\"https:\/\/armonianaturaldietshop.com\/#organization\"},\"potentialAction\":[{\"@type\":\"SearchAction\",\"target\":{\"@type\":\"EntryPoint\",\"urlTemplate\":\"https:\/\/armonianaturaldietshop.com\/?s={search_term_string}\"},\"query-input\":\"required name=search_term_string\"}],\"inLanguage\":\"en-US\"},{\"@type\":\"ImageObject\",\"@id\":\"https:\/\/armonianaturaldietshop.com\/en\/product\/zole-x-900g\/#primaryimage\",\"inLanguage\":\"en-US\",\"url\":\"https:\/\/armonianaturaldietshop.com\/wp-content\/uploads\/2018\/07\/1148.png\",\"contentUrl\":\"https:\/\/armonianaturaldietshop.com\/wp-content\/uploads\/2018\/07\/1148.png\",\"width\":600,\"height\":650},{\"@type\":\"WebPage\",\"@id\":\"https:\/\/armonianaturaldietshop.com\/en\/product\/zole-x-900g\/#webpage\",\"url\":\"https:\/\/armonianaturaldietshop.com\/en\/product\/zole-x-900g\/\",\"name\":\"ZOLE x 900g - Armonia Natural Diet Shop\",\"isPartOf\":{\"@id\":\"https:\/\/armonianaturaldietshop.com\/#website\"},\"primaryImageOfPage\":{\"@id\":\"https:\/\/armonianaturaldietshop.com\/en\/product\/zole-x-900g\/#primaryimage\"},\"datePublished\":\"2018-07-13T22:38:41+00:00\",\"dateModified\":\"2018-07-13T22:38:41+00:00\",\"breadcrumb\":{\"@id\":\"https:\/\/armonianaturaldietshop.com\/en\/product\/zole-x-900g\/#breadcrumb\"},\"inLanguage\":\"en-US\",\"potentialAction\":[{\"@type\":\"ReadAction\",\"target\":[\"https:\/\/armonianaturaldietshop.com\/en\/product\/zole-x-900g\/\"]}]},{\"@type\":\"BreadcrumbList\",\"@id\":\"https:\/\/armonianaturaldietshop.com\/en\/product\/zole-x-900g\/#breadcrumb\",\"itemListElement\":[{\"@type\":\"ListItem\",\"position\":1,\"name\":\"Home\",\"item\":\"https:\/\/armonianaturaldietshop.com\/en\/\"},{\"@type\":\"ListItem\",\"position\":2,\"name\":\"Shop\",\"item\":\"https:\/\/armonianaturaldietshop.com\/en\/shop\/\"},{\"@type\":\"ListItem\",\"position\":3,\"name\":\"ZOLE x 900g\"}]}]}<\/script>\n<!-- \/ Yoast SEO plugin. -->","yoast_head_json":{"title":"ZOLE x 900g - Armonia Natural Diet Shop","robots":{"index":"index","follow":"follow","max-snippet":"max-snippet:-1","max-image-preview":"max-image-preview:large","max-video-preview":"max-video-preview:-1"},"canonical":"https:\/\/armonianaturaldietshop.com\/en\/product\/zole-x-900g\/","og_locale":"en_US","og_type":"article","og_title":"ZOLE x 900g - Armonia Natural Diet Shop","og_description":"ZOLE es un producto dise\u00f1ado para sustituir la leche de la vaca, cuenta con un alto nivel de nutrientes y prote\u00ednas esenciales para el cuerpo. Esta leche es una de las m\u00e1s consumidas actualmente por sus propiedades y virtudes, cuenta con 24 vitaminas, grasas, vegetales, e ingredientes derivados del ma\u00edz. Excelente para aquellas personas que deseen disminuir el consumo de lactosa en su dieta.","og_url":"https:\/\/armonianaturaldietshop.com\/en\/product\/zole-x-900g\/","og_site_name":"Armonia Natural Diet Shop","article_publisher":"https:\/\/www.facebook.com\/ArmoniaNaturalDietShop\/","og_image":[{"width":600,"height":650,"url":"https:\/\/armonianaturaldietshop.com\/wp-content\/uploads\/2018\/07\/1148.png","type":"image\/png"}],"twitter_card":"summary_large_image","twitter_misc":{"Est. reading time":"1 minute"},"schema":{"@context":"https:\/\/schema.org","@graph":[{"@type":"Organization","@id":"https:\/\/armonianaturaldietshop.com\/#organization","name":"Armonia Natural Diet Shop","url":"https:\/\/armonianaturaldietshop.com\/","sameAs":["https:\/\/www.facebook.com\/ArmoniaNaturalDietShop\/","https:\/\/www.instagram.com\/armonia.natural\/?hl=en"],"logo":{"@type":"ImageObject","@id":"https:\/\/armonianaturaldietshop.com\/#logo","inLanguage":"en-US","url":"https:\/\/armonianaturaldietshop.com\/wp-content\/uploads\/2018\/01\/top-banner-1.png","contentUrl":"https:\/\/armonianaturaldietshop.com\/wp-content\/uploads\/2018\/01\/top-banner-1.png","width":369,"height":116,"caption":"Armonia Natural Diet Shop"},"image":{"@id":"https:\/\/armonianaturaldietshop.com\/#logo"}},{"@type":"WebSite","@id":"https:\/\/armonianaturaldietshop.com\/#website","url":"https:\/\/armonianaturaldietshop.com\/","name":"Armonia Natural Diet Shop","description":"Otro sitio realizado con WordPress","publisher":{"@id":"https:\/\/armonianaturaldietshop.com\/#organization"},"potentialAction":[{"@type":"SearchAction","target":{"@type":"EntryPoint","urlTemplate":"https:\/\/armonianaturaldietshop.com\/?s={search_term_string}"},"query-input":"required name=search_term_string"}],"inLanguage":"en-US"},{"@type":"ImageObject","@id":"https:\/\/armonianaturaldietshop.com\/en\/product\/zole-x-900g\/#primaryimage","inLanguage":"en-US","url":"https:\/\/armonianaturaldietshop.com\/wp-content\/uploads\/2018\/07\/1148.png","contentUrl":"https:\/\/armonianaturaldietshop.com\/wp-content\/uploads\/2018\/07\/1148.png","width":600,"height":650},{"@type":"WebPage","@id":"https:\/\/armonianaturaldietshop.com\/en\/product\/zole-x-900g\/#webpage","url":"https:\/\/armonianaturaldietshop.com\/en\/product\/zole-x-900g\/","name":"ZOLE x 900g - Armonia Natural Diet Shop","isPartOf":{"@id":"https:\/\/armonianaturaldietshop.com\/#website"},"primaryImageOfPage":{"@id":"https:\/\/armonianaturaldietshop.com\/en\/product\/zole-x-900g\/#primaryimage"},"datePublished":"2018-07-13T22:38:41+00:00","dateModified":"2018-07-13T22:38:41+00:00","breadcrumb":{"@id":"https:\/\/armonianaturaldietshop.com\/en\/product\/zole-x-900g\/#breadcrumb"},"inLanguage":"en-US","potentialAction":[{"@type":"ReadAction","target":["https:\/\/armonianaturaldietshop.com\/en\/product\/zole-x-900g\/"]}]},{"@type":"BreadcrumbList","@id":"https:\/\/armonianaturaldietshop.com\/en\/product\/zole-x-900g\/#breadcrumb","itemListElement":[{"@type":"ListItem","position":1,"name":"Home","item":"https:\/\/armonianaturaldietshop.com\/en\/"},{"@type":"ListItem","position":2,"name":"Shop","item":"https:\/\/armonianaturaldietshop.com\/en\/shop\/"},{"@type":"ListItem","position":3,"name":"ZOLE x 900g"}]}]}},"_links":{"self":[{"href":"https:\/\/armonianaturaldietshop.com\/en\/wp-json\/wp\/v2\/product\/2565"}],"collection":[{"href":"https:\/\/armonianaturaldietshop.com\/en\/wp-json\/wp\/v2\/product"}],"about":[{"href":"https:\/\/armonianaturaldietshop.com\/en\/wp-json\/wp\/v2\/types\/product"}],"replies":[{"embeddable":true,"href":"https:\/\/armonianaturaldietshop.com\/en\/wp-json\/wp\/v2\/comments?post=2565"}],"wp:featuredmedia":[{"embeddable":true,"href":"https:\/\/armonianaturaldietshop.com\/en\/wp-json\/wp\/v2\/media\/2213"}],"wp:attachment":[{"href":"https:\/\/armonianaturaldietshop.com\/en\/wp-json\/wp\/v2\/media?parent=2565"}],"wp:term":[{"taxonomy":"product_cat","embeddable":true,"href":"https:\/\/armonianaturaldietshop.com\/en\/wp-json\/wp\/v2\/product_cat?post=2565"},{"taxonomy":"product_tag","embeddable":true,"href":"https:\/\/armonianaturaldietshop.com\/en\/wp-json\/wp\/v2\/product_tag?post=2565"}],"curies":[{"name":"wp","href":"https:\/\/api.w.org\/{rel}","templated":true}]}}