{"id":6439,"date":"2021-08-10T14:20:41","date_gmt":"2021-08-10T14:20:41","guid":{"rendered":"https:\/\/armonianaturaldietshop.com\/?post_type=product&#038;p=6439"},"modified":"2021-08-10T14:21:23","modified_gmt":"2021-08-10T14:21:23","slug":"p-full-multivitaminico","status":"publish","type":"product","link":"https:\/\/armonianaturaldietshop.com\/en\/product\/p-full-multivitaminico\/","title":{"rendered":"P-Full Multivitaminico"},"content":{"rendered":"<h1 style=\"text-align: center;\">P-Full Multivitaminico<\/h1>\n<p>&nbsp;<\/p>\n<p>Que es P-Full Multivitaminico?<\/p>\n<p>&nbsp;<\/p>\n<p>&nbsp;<\/p>\n<p>El P Full es una Bebida revitalizante y un complemento multivitam\u00ednico que te ayudar\u00e1 a tener excelente rendimiento f\u00edsico y mental cuando lo necesites. Es un alimento a base de chontaduro, Boroj\u00f3, <a href=\"https:\/\/armonianaturaldietshop.com\/product\/vitamina-c-polvo-250g\/\">vitaminas<\/a> y minerales que aportar\u00e1 energ\u00eda y vitalidad a tus d\u00edas.<\/p>\n<p>&nbsp;<\/p>\n<p>Componentes:<\/p>\n<p>&nbsp;<\/p>\n<p>Contiene ingredientes naturales tales como el Jugo de chontaduro y de borojo , tambien tiene vitaminas A, E , B1 Y B2, esta receta act\u00faa como un potenciador de energ\u00eda que aporta Hierro, Zinc, <a href=\"https:\/\/www.mayoclinic.org\/es-es\/drugs-supplements-niacin\/art-20364984\">Niacina<\/a> y es recomendado para ni\u00f1os mayores de 10 a\u00f1os y para adultos.<\/p>\n<p>&nbsp;<\/p>\n<h2>P-Full Multivitaminico<\/h2>\n<p>&nbsp;<\/p>\n<p><strong>Dosificacion:<\/strong><\/p>\n<p>&nbsp;<\/p>\n<p>tomar 2 copas diaras despues de comidas, (1) una en la ma\u00f1ana despues del desayuno y (1) despues de almorzar.<\/p>\n<p>&nbsp;<\/p>\n<p>Con esta excelente formula natural, alimentaras y tendras una mejor calidad de vida, ademas tiene un delicioso sabor que les encantara.<\/p>\n<p>&nbsp;<\/p>\n<p>LABORATORIOS FITOCOL<\/p>\n<p>Registro INVIMA: RSAV03I1013.<\/p>\n<p>&nbsp;<\/p>\n<p>&nbsp;<\/p>\n<p>DILE ADI\u00d3S AL AGOTAMIENTO F\u00cdSICO PIDE TU TRATAMIENTO YA<\/p>\n<p>&nbsp;<\/p>\n<p>&nbsp;<\/p>\n<p>&nbsp;<\/p>\n","protected":false},"excerpt":{"rendered":"<p>El P Full Multivitaminico es una Bebida revitalizante y un complemento multivitam\u00ednico que te ayudar\u00e1 a tener excelente rendimiento f\u00edsico y mental cuando lo necesites. Es un alimento a base de chontaduro, Boroj\u00f3, vitaminas y minerales que aportar\u00e1 energ\u00eda y vitalidad a tus d\u00edas.<\/p>\n","protected":false},"featured_media":6440,"comment_status":"open","ping_status":"closed","template":"","meta":[],"product_cat":[34],"product_tag":[],"acf":[],"yoast_head":"<!-- This site is optimized with the Yoast SEO plugin v18.5.1 - https:\/\/yoast.com\/wordpress\/plugins\/seo\/ -->\n<title>P-Full Multivitaminico - Armonia Natural Diet Shop .<\/title>\n<meta name=\"description\" content=\"P-Full Multivitaminico es un revitalizante y un complemento multivitam\u00ednico que te ayudar\u00e1 a tener excelente rendimiento f\u00edsico y mental.\" \/>\n<meta name=\"robots\" content=\"index, follow, max-snippet:-1, max-image-preview:large, max-video-preview:-1\" \/>\n<link rel=\"canonical\" href=\"https:\/\/armonianaturaldietshop.com\/en\/product\/p-full-multivitaminico\/\" \/>\n<meta property=\"og:locale\" content=\"en_US\" \/>\n<meta property=\"og:type\" content=\"article\" \/>\n<meta property=\"og:title\" content=\"P-Full Multivitaminico - Armonia Natural Diet Shop .\" \/>\n<meta property=\"og:description\" content=\"P-Full Multivitaminico es un revitalizante y un complemento multivitam\u00ednico que te ayudar\u00e1 a tener excelente rendimiento f\u00edsico y mental.\" \/>\n<meta property=\"og:url\" content=\"https:\/\/armonianaturaldietshop.com\/en\/product\/p-full-multivitaminico\/\" \/>\n<meta property=\"og:site_name\" content=\"Armonia Natural Diet Shop\" \/>\n<meta property=\"article:publisher\" content=\"https:\/\/www.facebook.com\/ArmoniaNaturalDietShop\/\" \/>\n<meta property=\"article:modified_time\" content=\"2021-08-10T14:21:23+00:00\" \/>\n<meta property=\"og:image\" content=\"https:\/\/armonianaturaldietshop.com\/wp-content\/uploads\/2021\/08\/pfull-frente.jpg\" \/>\n\t<meta property=\"og:image:width\" content=\"216\" \/>\n\t<meta property=\"og:image:height\" content=\"320\" \/>\n\t<meta property=\"og:image:type\" content=\"image\/jpeg\" \/>\n<meta name=\"twitter:card\" content=\"summary_large_image\" \/>\n<meta name=\"twitter:label1\" content=\"Est. reading time\" \/>\n\t<meta name=\"twitter:data1\" content=\"1 minute\" \/>\n<script type=\"application\/ld+json\" class=\"yoast-schema-graph\">{\"@context\":\"https:\/\/schema.org\",\"@graph\":[{\"@type\":\"Organization\",\"@id\":\"https:\/\/armonianaturaldietshop.com\/#organization\",\"name\":\"Armonia Natural Diet Shop\",\"url\":\"https:\/\/armonianaturaldietshop.com\/\",\"sameAs\":[\"https:\/\/www.facebook.com\/ArmoniaNaturalDietShop\/\",\"https:\/\/www.instagram.com\/armonia.natural\/?hl=en\"],\"logo\":{\"@type\":\"ImageObject\",\"@id\":\"https:\/\/armonianaturaldietshop.com\/#logo\",\"inLanguage\":\"en-US\",\"url\":\"https:\/\/armonianaturaldietshop.com\/wp-content\/uploads\/2018\/01\/top-banner-1.png\",\"contentUrl\":\"https:\/\/armonianaturaldietshop.com\/wp-content\/uploads\/2018\/01\/top-banner-1.png\",\"width\":369,\"height\":116,\"caption\":\"Armonia Natural Diet Shop\"},\"image\":{\"@id\":\"https:\/\/armonianaturaldietshop.com\/#logo\"}},{\"@type\":\"WebSite\",\"@id\":\"https:\/\/armonianaturaldietshop.com\/#website\",\"url\":\"https:\/\/armonianaturaldietshop.com\/\",\"name\":\"Armonia Natural Diet Shop\",\"description\":\"Otro sitio realizado con WordPress\",\"publisher\":{\"@id\":\"https:\/\/armonianaturaldietshop.com\/#organization\"},\"potentialAction\":[{\"@type\":\"SearchAction\",\"target\":{\"@type\":\"EntryPoint\",\"urlTemplate\":\"https:\/\/armonianaturaldietshop.com\/?s={search_term_string}\"},\"query-input\":\"required name=search_term_string\"}],\"inLanguage\":\"en-US\"},{\"@type\":\"ImageObject\",\"@id\":\"https:\/\/armonianaturaldietshop.com\/en\/product\/p-full-multivitaminico\/#primaryimage\",\"inLanguage\":\"en-US\",\"url\":\"https:\/\/armonianaturaldietshop.com\/wp-content\/uploads\/2021\/08\/pfull-frente.jpg\",\"contentUrl\":\"https:\/\/armonianaturaldietshop.com\/wp-content\/uploads\/2021\/08\/pfull-frente.jpg\",\"width\":216,\"height\":320,\"caption\":\"P-Full Multivitaminico\"},{\"@type\":\"WebPage\",\"@id\":\"https:\/\/armonianaturaldietshop.com\/en\/product\/p-full-multivitaminico\/#webpage\",\"url\":\"https:\/\/armonianaturaldietshop.com\/en\/product\/p-full-multivitaminico\/\",\"name\":\"P-Full Multivitaminico - Armonia Natural Diet Shop .\",\"isPartOf\":{\"@id\":\"https:\/\/armonianaturaldietshop.com\/#website\"},\"primaryImageOfPage\":{\"@id\":\"https:\/\/armonianaturaldietshop.com\/en\/product\/p-full-multivitaminico\/#primaryimage\"},\"datePublished\":\"2021-08-10T14:20:41+00:00\",\"dateModified\":\"2021-08-10T14:21:23+00:00\",\"description\":\"P-Full Multivitaminico es un revitalizante y un complemento multivitam\u00ednico que te ayudar\u00e1 a tener excelente rendimiento f\u00edsico y mental.\",\"breadcrumb\":{\"@id\":\"https:\/\/armonianaturaldietshop.com\/en\/product\/p-full-multivitaminico\/#breadcrumb\"},\"inLanguage\":\"en-US\",\"potentialAction\":[{\"@type\":\"ReadAction\",\"target\":[\"https:\/\/armonianaturaldietshop.com\/en\/product\/p-full-multivitaminico\/\"]}]},{\"@type\":\"BreadcrumbList\",\"@id\":\"https:\/\/armonianaturaldietshop.com\/en\/product\/p-full-multivitaminico\/#breadcrumb\",\"itemListElement\":[{\"@type\":\"ListItem\",\"position\":1,\"name\":\"Home\",\"item\":\"https:\/\/armonianaturaldietshop.com\/en\/\"},{\"@type\":\"ListItem\",\"position\":2,\"name\":\"Shop\",\"item\":\"https:\/\/armonianaturaldietshop.com\/en\/shop\/\"},{\"@type\":\"ListItem\",\"position\":3,\"name\":\"P-Full Multivitaminico\"}]}]}<\/script>\n<!-- \/ Yoast SEO plugin. -->","yoast_head_json":{"title":"P-Full Multivitaminico - Armonia Natural Diet Shop .","description":"P-Full Multivitaminico es un revitalizante y un complemento multivitam\u00ednico que te ayudar\u00e1 a tener excelente rendimiento f\u00edsico y mental.","robots":{"index":"index","follow":"follow","max-snippet":"max-snippet:-1","max-image-preview":"max-image-preview:large","max-video-preview":"max-video-preview:-1"},"canonical":"https:\/\/armonianaturaldietshop.com\/en\/product\/p-full-multivitaminico\/","og_locale":"en_US","og_type":"article","og_title":"P-Full Multivitaminico - Armonia Natural Diet Shop .","og_description":"P-Full Multivitaminico es un revitalizante y un complemento multivitam\u00ednico que te ayudar\u00e1 a tener excelente rendimiento f\u00edsico y mental.","og_url":"https:\/\/armonianaturaldietshop.com\/en\/product\/p-full-multivitaminico\/","og_site_name":"Armonia Natural Diet Shop","article_publisher":"https:\/\/www.facebook.com\/ArmoniaNaturalDietShop\/","article_modified_time":"2021-08-10T14:21:23+00:00","og_image":[{"width":216,"height":320,"url":"https:\/\/armonianaturaldietshop.com\/wp-content\/uploads\/2021\/08\/pfull-frente.jpg","type":"image\/jpeg"}],"twitter_card":"summary_large_image","twitter_misc":{"Est. reading time":"1 minute"},"schema":{"@context":"https:\/\/schema.org","@graph":[{"@type":"Organization","@id":"https:\/\/armonianaturaldietshop.com\/#organization","name":"Armonia Natural Diet Shop","url":"https:\/\/armonianaturaldietshop.com\/","sameAs":["https:\/\/www.facebook.com\/ArmoniaNaturalDietShop\/","https:\/\/www.instagram.com\/armonia.natural\/?hl=en"],"logo":{"@type":"ImageObject","@id":"https:\/\/armonianaturaldietshop.com\/#logo","inLanguage":"en-US","url":"https:\/\/armonianaturaldietshop.com\/wp-content\/uploads\/2018\/01\/top-banner-1.png","contentUrl":"https:\/\/armonianaturaldietshop.com\/wp-content\/uploads\/2018\/01\/top-banner-1.png","width":369,"height":116,"caption":"Armonia Natural Diet Shop"},"image":{"@id":"https:\/\/armonianaturaldietshop.com\/#logo"}},{"@type":"WebSite","@id":"https:\/\/armonianaturaldietshop.com\/#website","url":"https:\/\/armonianaturaldietshop.com\/","name":"Armonia Natural Diet Shop","description":"Otro sitio realizado con WordPress","publisher":{"@id":"https:\/\/armonianaturaldietshop.com\/#organization"},"potentialAction":[{"@type":"SearchAction","target":{"@type":"EntryPoint","urlTemplate":"https:\/\/armonianaturaldietshop.com\/?s={search_term_string}"},"query-input":"required name=search_term_string"}],"inLanguage":"en-US"},{"@type":"ImageObject","@id":"https:\/\/armonianaturaldietshop.com\/en\/product\/p-full-multivitaminico\/#primaryimage","inLanguage":"en-US","url":"https:\/\/armonianaturaldietshop.com\/wp-content\/uploads\/2021\/08\/pfull-frente.jpg","contentUrl":"https:\/\/armonianaturaldietshop.com\/wp-content\/uploads\/2021\/08\/pfull-frente.jpg","width":216,"height":320,"caption":"P-Full Multivitaminico"},{"@type":"WebPage","@id":"https:\/\/armonianaturaldietshop.com\/en\/product\/p-full-multivitaminico\/#webpage","url":"https:\/\/armonianaturaldietshop.com\/en\/product\/p-full-multivitaminico\/","name":"P-Full Multivitaminico - Armonia Natural Diet Shop .","isPartOf":{"@id":"https:\/\/armonianaturaldietshop.com\/#website"},"primaryImageOfPage":{"@id":"https:\/\/armonianaturaldietshop.com\/en\/product\/p-full-multivitaminico\/#primaryimage"},"datePublished":"2021-08-10T14:20:41+00:00","dateModified":"2021-08-10T14:21:23+00:00","description":"P-Full Multivitaminico es un revitalizante y un complemento multivitam\u00ednico que te ayudar\u00e1 a tener excelente rendimiento f\u00edsico y mental.","breadcrumb":{"@id":"https:\/\/armonianaturaldietshop.com\/en\/product\/p-full-multivitaminico\/#breadcrumb"},"inLanguage":"en-US","potentialAction":[{"@type":"ReadAction","target":["https:\/\/armonianaturaldietshop.com\/en\/product\/p-full-multivitaminico\/"]}]},{"@type":"BreadcrumbList","@id":"https:\/\/armonianaturaldietshop.com\/en\/product\/p-full-multivitaminico\/#breadcrumb","itemListElement":[{"@type":"ListItem","position":1,"name":"Home","item":"https:\/\/armonianaturaldietshop.com\/en\/"},{"@type":"ListItem","position":2,"name":"Shop","item":"https:\/\/armonianaturaldietshop.com\/en\/shop\/"},{"@type":"ListItem","position":3,"name":"P-Full Multivitaminico"}]}]}},"_links":{"self":[{"href":"https:\/\/armonianaturaldietshop.com\/en\/wp-json\/wp\/v2\/product\/6439"}],"collection":[{"href":"https:\/\/armonianaturaldietshop.com\/en\/wp-json\/wp\/v2\/product"}],"about":[{"href":"https:\/\/armonianaturaldietshop.com\/en\/wp-json\/wp\/v2\/types\/product"}],"replies":[{"embeddable":true,"href":"https:\/\/armonianaturaldietshop.com\/en\/wp-json\/wp\/v2\/comments?post=6439"}],"wp:featuredmedia":[{"embeddable":true,"href":"https:\/\/armonianaturaldietshop.com\/en\/wp-json\/wp\/v2\/media\/6440"}],"wp:attachment":[{"href":"https:\/\/armonianaturaldietshop.com\/en\/wp-json\/wp\/v2\/media?parent=6439"}],"wp:term":[{"taxonomy":"product_cat","embeddable":true,"href":"https:\/\/armonianaturaldietshop.com\/en\/wp-json\/wp\/v2\/product_cat?post=6439"},{"taxonomy":"product_tag","embeddable":true,"href":"https:\/\/armonianaturaldietshop.com\/en\/wp-json\/wp\/v2\/product_tag?post=6439"}],"curies":[{"name":"wp","href":"https:\/\/api.w.org\/{rel}","templated":true}]}}