{"id":9655,"date":"2025-03-22T18:14:26","date_gmt":"2025-03-22T18:14:26","guid":{"rendered":"https:\/\/armonianaturaldietshop.com\/?post_type=product&#038;p=9655"},"modified":"2025-03-22T18:17:01","modified_gmt":"2025-03-22T18:17:01","slug":"f7-fullpower-500ml","status":"publish","type":"product","link":"https:\/\/armonianaturaldietshop.com\/en\/product\/f7-fullpower-500ml\/","title":{"rendered":"F7 FullPower"},"content":{"rendered":"<h1 style=\"text-align: center;\" data-start=\"131\" data-end=\"193\"><strong data-start=\"131\" data-end=\"193\">Bebida Energ\u00e9tica y Estimulante Sexual<\/strong><\/h1>\n<p>&nbsp;<\/p>\n<p data-start=\"195\" data-end=\"662\"><strong data-start=\"195\" data-end=\"217\">F7 FullPower 500ml<\/strong> no es solo otra bebida energ\u00e9tica. Esta f\u00f3rmula avanzada est\u00e1 especialmente creada para mejorar tu rendimiento f\u00edsico y mental, mientras potencia tu energ\u00eda sexual. Combinando los beneficios naturales del <strong data-start=\"423\" data-end=\"437\">chontaduro<\/strong>, <strong data-start=\"439\" data-end=\"449\">borojo<\/strong>, el <strong data-start=\"454\" data-end=\"468\">complejo B<\/strong>, y las vitaminas <strong data-start=\"486\" data-end=\"491\">B<\/strong>, <strong data-start=\"493\" data-end=\"498\">C<\/strong> y <strong data-start=\"501\" data-end=\"506\">D<\/strong>, esta bebida se convierte en tu aliada perfecta para mantenerte energizado, enfocado y con un impulso sexual renovado, todo de forma completamente natural.<\/p>\n<p data-start=\"664\" data-end=\"886\">Ya sea que busques aumentar tu rendimiento en el gimnasio, mejorar tu productividad diaria o disfrutar de una vida sexual m\u00e1s activa, <strong data-start=\"798\" data-end=\"814\">F7 FullPower<\/strong> te proporciona todo lo que necesitas para alcanzar tu m\u00e1ximo potencial.<\/p>\n<h3 data-start=\"888\" data-end=\"927\"><strong data-start=\"892\" data-end=\"927\">Ventajas de F7 FullPower 500ml:<\/strong><\/h3>\n<h4 data-start=\"929\" data-end=\"958\">1. <strong data-start=\"937\" data-end=\"958\">Energ\u00eda Sostenida<\/strong><\/h4>\n<p data-start=\"959\" data-end=\"1390\">Las frutas tropicales como el <strong data-start=\"989\" data-end=\"1003\">chontaduro<\/strong> y el <strong data-start=\"1009\" data-end=\"1019\">borojo<\/strong> son ricas en nutrientes naturales que ofrecen un aumento de energ\u00eda constante durante el d\u00eda. A diferencia de otras bebidas energ\u00e9ticas, <strong data-start=\"1157\" data-end=\"1173\">F7 FullPower<\/strong> garantiza que tu energ\u00eda se mantenga estable, sin los altibajos comunes que suelen generar cansancio o nerviosismo. \u00a1Con F7 FullPower, sentir\u00e1s un aumento instant\u00e1neo de energ\u00eda y rendimiento sin efectos secundarios!<\/p>\n<h4 data-start=\"1392\" data-end=\"1440\">2. <strong data-start=\"1400\" data-end=\"1440\">Rendimiento F\u00edsico y Mental Mejorado<\/strong><\/h4>\n<p data-start=\"1441\" data-end=\"1858\">Las <strong data-start=\"1445\" data-end=\"1473\">vitaminas del complejo B<\/strong> son fundamentales para la conversi\u00f3n de nutrientes en energ\u00eda. Gracias a estas vitaminas y a la combinaci\u00f3n de <strong data-start=\"1585\" data-end=\"1599\">vitamina C<\/strong> y <strong data-start=\"1602\" data-end=\"1616\">vitamina D<\/strong>, tu cuerpo obtiene los elementos necesarios para reducir la fatiga y aumentar tu capacidad de concentraci\u00f3n y memoria. Adem\u00e1s, estas vitaminas contribuyen a una mejora en el estado de \u00e1nimo y en el fortalecimiento de tu sistema inmunol\u00f3gico.<\/p>\n<h4 data-start=\"1860\" data-end=\"1898\">3. <strong data-start=\"1868\" data-end=\"1898\">Estimulante Sexual Natural<\/strong><\/h4>\n<p data-start=\"1899\" data-end=\"2287\">Si lo que buscas es mejorar tu rendimiento en la intimidad, el <strong data-start=\"1962\" data-end=\"1972\">borojo<\/strong> y el <strong data-start=\"1978\" data-end=\"1992\">chontaduro<\/strong> son conocidos por sus propiedades afrodis\u00edacas. Estos ingredientes favorecen la circulaci\u00f3n sangu\u00ednea, lo que ayuda a mejorar la libido y la energ\u00eda sexual. Al consumir <strong data-start=\"2162\" data-end=\"2178\">F7 FullPower<\/strong>, notar\u00e1s una mejora significativa en tu deseo y rendimiento sexual, d\u00e1ndote una mayor confianza y vitalidad.<\/p>\n<h4 data-start=\"2289\" data-end=\"2334\">4. <strong data-start=\"2297\" data-end=\"2334\">Refuerzo del Sistema Inmunol\u00f3gico<\/strong><\/h4>\n<p data-start=\"2335\" data-end=\"2630\">Las <strong data-start=\"2339\" data-end=\"2354\">vitaminas C<\/strong> y <strong data-start=\"2357\" data-end=\"2362\">D<\/strong> son esenciales para mantener un sistema inmunol\u00f3gico fuerte. Con <strong data-start=\"2428\" data-end=\"2444\">F7 FullPower<\/strong>, no solo recibir\u00e1s un impulso de energ\u00eda, sino que tambi\u00e9n ayudar\u00e1s a fortalecer tus defensas, contribuyendo a tu bienestar general y protegiendo tu cuerpo contra posibles enfermedades.<\/p>\n<h4 data-start=\"2632\" data-end=\"2665\">5. <strong data-start=\"2640\" data-end=\"2665\">Vitalidad Todo el D\u00eda<\/strong><\/h4>\n<p>&nbsp;<\/p>\n<p>&nbsp;<\/p>\n<p data-start=\"2666\" data-end=\"2924\">Gracias a su f\u00f3rmula \u00fanica y natural, <strong data-start=\"2704\" data-end=\"2720\">F7 FullPower<\/strong> no solo mejora tu energ\u00eda f\u00edsica, sino que tambi\u00e9n optimiza tu vitalidad sexual. Con cada sorbo, experimentar\u00e1s una recarga completa para mantenerte activo, enfocado y en plena forma durante todo el d\u00eda.<\/p>\n<h3 data-start=\"2926\" data-end=\"2963\"><strong data-start=\"2930\" data-end=\"2963\">\u00bfPor qu\u00e9 elegir F7 FullPower?<\/strong><\/h3>\n<ul data-start=\"2964\" data-end=\"3592\">\n<li data-start=\"2964\" data-end=\"3144\"><strong data-start=\"2966\" data-end=\"2995\">Energ\u00eda natural constante<\/strong>: A diferencia de otras bebidas energ\u00e9ticas, su f\u00f3rmula natural con <strong data-start=\"3063\" data-end=\"3077\">chontaduro<\/strong> y <strong data-start=\"3080\" data-end=\"3090\">borojo<\/strong> asegura un aumento de energ\u00eda equilibrado y duradero.<\/li>\n<li data-start=\"3145\" data-end=\"3297\"><strong data-start=\"3147\" data-end=\"3182\">Mejora integral del rendimiento<\/strong>: Con <strong data-start=\"3188\" data-end=\"3209\">vitaminas B, C, D<\/strong> y el <strong data-start=\"3215\" data-end=\"3229\">complejo B<\/strong>, <strong data-start=\"3231\" data-end=\"3247\">F7 FullPower<\/strong> potencia tu rendimiento tanto f\u00edsico como mental.<\/li>\n<li data-start=\"3298\" data-end=\"3475\"><strong data-start=\"3300\" data-end=\"3329\">Estimulante sexual eficaz<\/strong>: Con ingredientes afrodis\u00edacos como el <strong data-start=\"3369\" data-end=\"3379\">borojo<\/strong> y el <strong data-start=\"3385\" data-end=\"3399\">chontaduro<\/strong>, esta bebida te ayuda a mejorar tu deseo y energ\u00eda sexual de forma natural.<\/li>\n<li data-start=\"3476\" data-end=\"3592\"><strong data-start=\"3478\" data-end=\"3515\">Fortalece tu sistema inmunol\u00f3gico<\/strong>: Con cada dosis, estar\u00e1s apoyando tus defensas y mejorando tu salud general.<\/li>\n<\/ul>\n<h3 data-start=\"3594\" data-end=\"3636\"><strong data-start=\"3598\" data-end=\"3636\">\u00bfA qui\u00e9n va dirigido F7 FullPower?<\/strong><\/h3>\n<ul data-start=\"3637\" data-end=\"4188\">\n<li data-start=\"3637\" data-end=\"3751\"><strong data-start=\"3639\" data-end=\"3669\">Deportistas y entrenadores<\/strong>: Para aumentar la resistencia y mantener un rendimiento m\u00e1ximo en entrenamientos.<\/li>\n<li data-start=\"3752\" data-end=\"3881\"><strong data-start=\"3754\" data-end=\"3785\">Profesionales y estudiantes<\/strong>: Para mantener la concentraci\u00f3n y productividad durante largas jornadas laborales o de estudio.<\/li>\n<li data-start=\"3882\" data-end=\"4039\"><strong data-start=\"3884\" data-end=\"3935\">Personas que desean mejorar su vitalidad sexual<\/strong>: Si buscas un impulsor natural para tu deseo y rendimiento sexual, <strong data-start=\"4003\" data-end=\"4019\">F7 FullPower<\/strong> es la opci\u00f3n ideal.<\/li>\n<li data-start=\"4040\" data-end=\"4188\"><strong data-start=\"4042\" data-end=\"4062\">Personas activas<\/strong>: Si tu d\u00eda est\u00e1 lleno de actividades y necesitas energ\u00eda, esta bebida energ\u00e9tica te ayudar\u00e1 a mantenerte en\u00e9rgico y en forma.<\/li>\n<\/ul>\n<p>&nbsp;<\/p>\n<h3 data-start=\"4190\" data-end=\"4219\"><strong data-start=\"4194\" data-end=\"4219\">Instrucciones de Uso:<\/strong><\/h3>\n<p data-start=\"4220\" data-end=\"4488\">Para disfrutar de sus beneficios, simplemente consume <strong data-start=\"4274\" data-end=\"4296\">F7 FullPower 500ml<\/strong> cuando necesites un aumento de energ\u00eda o desees mejorar tu rendimiento sexual. Puedes tomarla antes de hacer ejercicio, durante tu jornada laboral, o siempre que necesites un empuj\u00f3n natural.<\/p>\n<h3 data-start=\"4490\" data-end=\"4516\"><strong data-start=\"4494\" data-end=\"4516\">Dosis Recomendada:<\/strong><\/h3>\n<p data-start=\"4517\" data-end=\"4706\">Agitar bien antes de usar. Toma una copa de <strong data-start=\"4561\" data-end=\"4569\">30ml<\/strong> directamente o dil\u00fayela en un l\u00edquido. \u00a1Disfruta del delicioso sabor a fresa y siente el poder de <strong data-start=\"4668\" data-end=\"4684\">F7 FullPower<\/strong> en tu cuerpo y mente!<\/p>\n","protected":false},"excerpt":{"rendered":"<p><strong data-start=\"131\" data-end=\"193\">Bebida Energ\u00e9tica y Estimulante Sexual<\/strong><\/p>\n<p>&nbsp;<\/p>\n<p data-start=\"195\" data-end=\"662\"><strong data-start=\"195\" data-end=\"217\">F7 FullPower 500ml<\/strong> no es solo otra bebida energ\u00e9tica. Esta f\u00f3rmula avanzada est\u00e1 especialmente creada para mejorar tu rendimiento f\u00edsico y mental, mientras potencia tu energ\u00eda sexual. Combinando los beneficios naturales del <strong data-start=\"423\" data-end=\"437\">chontaduro<\/strong>, <strong data-start=\"439\" data-end=\"449\">borojo<\/strong>, el <strong data-start=\"454\" data-end=\"468\">complejo B<\/strong>, y las [&#8230;]<\/p>\n","protected":false},"featured_media":9656,"comment_status":"open","ping_status":"closed","template":"","meta":[],"product_cat":[30],"product_tag":[],"acf":[],"yoast_head":"<!-- This site is optimized with the Yoast SEO plugin v18.5.1 - https:\/\/yoast.com\/wordpress\/plugins\/seo\/ -->\n<title>F7 FullPower 500ml - Armonia Natural Diet Shop<\/title>\n<meta name=\"description\" content=\"F7 FullPower 500ml\" \/>\n<meta name=\"robots\" content=\"index, follow, max-snippet:-1, max-image-preview:large, max-video-preview:-1\" \/>\n<link rel=\"canonical\" href=\"https:\/\/armonianaturaldietshop.com\/en\/product\/f7-fullpower-500ml\/\" \/>\n<meta property=\"og:locale\" content=\"en_US\" \/>\n<meta property=\"og:type\" content=\"article\" \/>\n<meta property=\"og:title\" content=\"F7 FullPower 500ml - Armonia Natural Diet Shop\" \/>\n<meta property=\"og:description\" content=\"F7 FullPower 500ml\" \/>\n<meta property=\"og:url\" content=\"https:\/\/armonianaturaldietshop.com\/en\/product\/f7-fullpower-500ml\/\" \/>\n<meta property=\"og:site_name\" content=\"Armonia Natural Diet Shop\" \/>\n<meta property=\"article:publisher\" content=\"https:\/\/www.facebook.com\/ArmoniaNaturalDietShop\/\" \/>\n<meta property=\"article:modified_time\" content=\"2025-03-22T18:17:01+00:00\" \/>\n<meta property=\"og:image\" content=\"https:\/\/armonianaturaldietshop.com\/wp-content\/uploads\/2025\/03\/WhatsApp-Image-2025-03-19-at-5.52.11-PM.jpeg\" \/>\n\t<meta property=\"og:image:width\" content=\"1414\" \/>\n\t<meta property=\"og:image:height\" content=\"1390\" \/>\n\t<meta property=\"og:image:type\" content=\"image\/jpeg\" \/>\n<meta name=\"twitter:card\" content=\"summary_large_image\" \/>\n<meta name=\"twitter:label1\" content=\"Est. reading time\" \/>\n\t<meta name=\"twitter:data1\" content=\"3 minutes\" \/>\n<script type=\"application\/ld+json\" class=\"yoast-schema-graph\">{\"@context\":\"https:\/\/schema.org\",\"@graph\":[{\"@type\":\"Organization\",\"@id\":\"https:\/\/armonianaturaldietshop.com\/#organization\",\"name\":\"Armonia Natural Diet Shop\",\"url\":\"https:\/\/armonianaturaldietshop.com\/\",\"sameAs\":[\"https:\/\/www.facebook.com\/ArmoniaNaturalDietShop\/\",\"https:\/\/www.instagram.com\/armonia.natural\/?hl=en\"],\"logo\":{\"@type\":\"ImageObject\",\"@id\":\"https:\/\/armonianaturaldietshop.com\/#logo\",\"inLanguage\":\"en-US\",\"url\":\"https:\/\/armonianaturaldietshop.com\/wp-content\/uploads\/2018\/01\/top-banner-1.png\",\"contentUrl\":\"https:\/\/armonianaturaldietshop.com\/wp-content\/uploads\/2018\/01\/top-banner-1.png\",\"width\":369,\"height\":116,\"caption\":\"Armonia Natural Diet Shop\"},\"image\":{\"@id\":\"https:\/\/armonianaturaldietshop.com\/#logo\"}},{\"@type\":\"WebSite\",\"@id\":\"https:\/\/armonianaturaldietshop.com\/#website\",\"url\":\"https:\/\/armonianaturaldietshop.com\/\",\"name\":\"Armonia Natural Diet Shop\",\"description\":\"Otro sitio realizado con WordPress\",\"publisher\":{\"@id\":\"https:\/\/armonianaturaldietshop.com\/#organization\"},\"potentialAction\":[{\"@type\":\"SearchAction\",\"target\":{\"@type\":\"EntryPoint\",\"urlTemplate\":\"https:\/\/armonianaturaldietshop.com\/?s={search_term_string}\"},\"query-input\":\"required name=search_term_string\"}],\"inLanguage\":\"en-US\"},{\"@type\":\"ImageObject\",\"@id\":\"https:\/\/armonianaturaldietshop.com\/en\/product\/f7-fullpower-500ml\/#primaryimage\",\"inLanguage\":\"en-US\",\"url\":\"https:\/\/armonianaturaldietshop.com\/wp-content\/uploads\/2025\/03\/WhatsApp-Image-2025-03-19-at-5.52.11-PM.jpeg\",\"contentUrl\":\"https:\/\/armonianaturaldietshop.com\/wp-content\/uploads\/2025\/03\/WhatsApp-Image-2025-03-19-at-5.52.11-PM.jpeg\",\"width\":1414,\"height\":1390,\"caption\":\"F7 FullPower 500ml\"},{\"@type\":\"WebPage\",\"@id\":\"https:\/\/armonianaturaldietshop.com\/en\/product\/f7-fullpower-500ml\/#webpage\",\"url\":\"https:\/\/armonianaturaldietshop.com\/en\/product\/f7-fullpower-500ml\/\",\"name\":\"F7 FullPower 500ml - Armonia Natural Diet Shop\",\"isPartOf\":{\"@id\":\"https:\/\/armonianaturaldietshop.com\/#website\"},\"primaryImageOfPage\":{\"@id\":\"https:\/\/armonianaturaldietshop.com\/en\/product\/f7-fullpower-500ml\/#primaryimage\"},\"datePublished\":\"2025-03-22T18:14:26+00:00\",\"dateModified\":\"2025-03-22T18:17:01+00:00\",\"description\":\"F7 FullPower 500ml\",\"breadcrumb\":{\"@id\":\"https:\/\/armonianaturaldietshop.com\/en\/product\/f7-fullpower-500ml\/#breadcrumb\"},\"inLanguage\":\"en-US\",\"potentialAction\":[{\"@type\":\"ReadAction\",\"target\":[\"https:\/\/armonianaturaldietshop.com\/en\/product\/f7-fullpower-500ml\/\"]}]},{\"@type\":\"BreadcrumbList\",\"@id\":\"https:\/\/armonianaturaldietshop.com\/en\/product\/f7-fullpower-500ml\/#breadcrumb\",\"itemListElement\":[{\"@type\":\"ListItem\",\"position\":1,\"name\":\"Home\",\"item\":\"https:\/\/armonianaturaldietshop.com\/en\/\"},{\"@type\":\"ListItem\",\"position\":2,\"name\":\"Shop\",\"item\":\"https:\/\/armonianaturaldietshop.com\/en\/shop\/\"},{\"@type\":\"ListItem\",\"position\":3,\"name\":\"F7 FullPower\"}]}]}<\/script>\n<!-- \/ Yoast SEO plugin. -->","yoast_head_json":{"title":"F7 FullPower 500ml - Armonia Natural Diet Shop","description":"F7 FullPower 500ml","robots":{"index":"index","follow":"follow","max-snippet":"max-snippet:-1","max-image-preview":"max-image-preview:large","max-video-preview":"max-video-preview:-1"},"canonical":"https:\/\/armonianaturaldietshop.com\/en\/product\/f7-fullpower-500ml\/","og_locale":"en_US","og_type":"article","og_title":"F7 FullPower 500ml - Armonia Natural Diet Shop","og_description":"F7 FullPower 500ml","og_url":"https:\/\/armonianaturaldietshop.com\/en\/product\/f7-fullpower-500ml\/","og_site_name":"Armonia Natural Diet Shop","article_publisher":"https:\/\/www.facebook.com\/ArmoniaNaturalDietShop\/","article_modified_time":"2025-03-22T18:17:01+00:00","og_image":[{"width":1414,"height":1390,"url":"https:\/\/armonianaturaldietshop.com\/wp-content\/uploads\/2025\/03\/WhatsApp-Image-2025-03-19-at-5.52.11-PM.jpeg","type":"image\/jpeg"}],"twitter_card":"summary_large_image","twitter_misc":{"Est. reading time":"3 minutes"},"schema":{"@context":"https:\/\/schema.org","@graph":[{"@type":"Organization","@id":"https:\/\/armonianaturaldietshop.com\/#organization","name":"Armonia Natural Diet Shop","url":"https:\/\/armonianaturaldietshop.com\/","sameAs":["https:\/\/www.facebook.com\/ArmoniaNaturalDietShop\/","https:\/\/www.instagram.com\/armonia.natural\/?hl=en"],"logo":{"@type":"ImageObject","@id":"https:\/\/armonianaturaldietshop.com\/#logo","inLanguage":"en-US","url":"https:\/\/armonianaturaldietshop.com\/wp-content\/uploads\/2018\/01\/top-banner-1.png","contentUrl":"https:\/\/armonianaturaldietshop.com\/wp-content\/uploads\/2018\/01\/top-banner-1.png","width":369,"height":116,"caption":"Armonia Natural Diet Shop"},"image":{"@id":"https:\/\/armonianaturaldietshop.com\/#logo"}},{"@type":"WebSite","@id":"https:\/\/armonianaturaldietshop.com\/#website","url":"https:\/\/armonianaturaldietshop.com\/","name":"Armonia Natural Diet Shop","description":"Otro sitio realizado con WordPress","publisher":{"@id":"https:\/\/armonianaturaldietshop.com\/#organization"},"potentialAction":[{"@type":"SearchAction","target":{"@type":"EntryPoint","urlTemplate":"https:\/\/armonianaturaldietshop.com\/?s={search_term_string}"},"query-input":"required name=search_term_string"}],"inLanguage":"en-US"},{"@type":"ImageObject","@id":"https:\/\/armonianaturaldietshop.com\/en\/product\/f7-fullpower-500ml\/#primaryimage","inLanguage":"en-US","url":"https:\/\/armonianaturaldietshop.com\/wp-content\/uploads\/2025\/03\/WhatsApp-Image-2025-03-19-at-5.52.11-PM.jpeg","contentUrl":"https:\/\/armonianaturaldietshop.com\/wp-content\/uploads\/2025\/03\/WhatsApp-Image-2025-03-19-at-5.52.11-PM.jpeg","width":1414,"height":1390,"caption":"F7 FullPower 500ml"},{"@type":"WebPage","@id":"https:\/\/armonianaturaldietshop.com\/en\/product\/f7-fullpower-500ml\/#webpage","url":"https:\/\/armonianaturaldietshop.com\/en\/product\/f7-fullpower-500ml\/","name":"F7 FullPower 500ml - Armonia Natural Diet Shop","isPartOf":{"@id":"https:\/\/armonianaturaldietshop.com\/#website"},"primaryImageOfPage":{"@id":"https:\/\/armonianaturaldietshop.com\/en\/product\/f7-fullpower-500ml\/#primaryimage"},"datePublished":"2025-03-22T18:14:26+00:00","dateModified":"2025-03-22T18:17:01+00:00","description":"F7 FullPower 500ml","breadcrumb":{"@id":"https:\/\/armonianaturaldietshop.com\/en\/product\/f7-fullpower-500ml\/#breadcrumb"},"inLanguage":"en-US","potentialAction":[{"@type":"ReadAction","target":["https:\/\/armonianaturaldietshop.com\/en\/product\/f7-fullpower-500ml\/"]}]},{"@type":"BreadcrumbList","@id":"https:\/\/armonianaturaldietshop.com\/en\/product\/f7-fullpower-500ml\/#breadcrumb","itemListElement":[{"@type":"ListItem","position":1,"name":"Home","item":"https:\/\/armonianaturaldietshop.com\/en\/"},{"@type":"ListItem","position":2,"name":"Shop","item":"https:\/\/armonianaturaldietshop.com\/en\/shop\/"},{"@type":"ListItem","position":3,"name":"F7 FullPower"}]}]}},"_links":{"self":[{"href":"https:\/\/armonianaturaldietshop.com\/en\/wp-json\/wp\/v2\/product\/9655"}],"collection":[{"href":"https:\/\/armonianaturaldietshop.com\/en\/wp-json\/wp\/v2\/product"}],"about":[{"href":"https:\/\/armonianaturaldietshop.com\/en\/wp-json\/wp\/v2\/types\/product"}],"replies":[{"embeddable":true,"href":"https:\/\/armonianaturaldietshop.com\/en\/wp-json\/wp\/v2\/comments?post=9655"}],"wp:featuredmedia":[{"embeddable":true,"href":"https:\/\/armonianaturaldietshop.com\/en\/wp-json\/wp\/v2\/media\/9656"}],"wp:attachment":[{"href":"https:\/\/armonianaturaldietshop.com\/en\/wp-json\/wp\/v2\/media?parent=9655"}],"wp:term":[{"taxonomy":"product_cat","embeddable":true,"href":"https:\/\/armonianaturaldietshop.com\/en\/wp-json\/wp\/v2\/product_cat?post=9655"},{"taxonomy":"product_tag","embeddable":true,"href":"https:\/\/armonianaturaldietshop.com\/en\/wp-json\/wp\/v2\/product_tag?post=9655"}],"curies":[{"name":"wp","href":"https:\/\/api.w.org\/{rel}","templated":true}]}}